{"id":462,"date":"2021-06-23T16:20:54","date_gmt":"2021-06-23T19:20:54","guid":{"rendered":"https:\/\/www.ufmg.br\/prograd\/?page_id=462"},"modified":"2024-01-05T10:45:55","modified_gmt":"2024-01-05T12:45:55","slug":"caed","status":"publish","type":"page","link":"https:\/\/www.ufmg.br\/prograd\/caed\/","title":{"rendered":"Centro de Apoio \u00e0 Educa\u00e7\u00e3o a Dist\u00e2ncia (Caed)"},"content":{"rendered":"<p>A UFMG oferece cursos de gradua\u00e7\u00e3o, especializa\u00e7\u00e3o, aperfei\u00e7oamento e atualiza\u00e7\u00e3o na modalidade de Educa\u00e7\u00e3o a Dist\u00e2ncia, por meio do Centro de Apoio a Educa\u00e7\u00e3o a Dist\u00e2ncia (Caed\/UFMG), criado em 2003.<\/p>\n<div>\n<p>As atividades desenvolvidas por essa Diretoria envolvem elabora\u00e7\u00e3o de material did\u00e1tico; implanta\u00e7\u00e3o de plataforma para auxiliar a oferta de cursos; cursos de capacita\u00e7\u00e3o e gest\u00e3o de recursos, entre outros.<\/p>\n<p>Acesse o <a href=\"http:\/\/www.ufmg.br\/ead\">site<\/a> para saber mais sobre as iniciativas do Caed.<\/p>\n<p><strong>Diretora:<\/strong> Vilma L\u00facia Macagnan Carvalho<\/p>\n<p><strong>Contatos:<br \/>\n<\/strong>Telefone: 3409-4638<br \/>\nE-mail: ead@ufmg.br<\/p>\n<p>&nbsp;<\/p>\n<p>&nbsp;<\/p>\n<p>&nbsp;<\/p>\n<p>&nbsp;<\/p>\n<\/div>\n<p>&nbsp;<\/p>\n","protected":false},"excerpt":{"rendered":"<p>A UFMG oferece cursos de gradua\u00e7\u00e3o, especializa\u00e7\u00e3o, aperfei\u00e7oamento e atualiza\u00e7\u00e3o [&hellip;]<\/p>\n","protected":false},"author":1,"featured_media":0,"parent":0,"menu_order":0,"comment_status":"closed","ping_status":"closed","template":"","meta":{"_acf_changed":false,"footnotes":""},"tags":[],"class_list":["post-462","page","type-page","status-publish","hentry"],"acf":[],"_links":{"self":[{"href":"https:\/\/www.ufmg.br\/prograd\/wp-json\/wp\/v2\/pages\/462","targetHints":{"allow":["GET"]}}],"collection":[{"href":"https:\/\/www.ufmg.br\/prograd\/wp-json\/wp\/v2\/pages"}],"about":[{"href":"https:\/\/www.ufmg.br\/prograd\/wp-json\/wp\/v2\/types\/page"}],"author":[{"embeddable":true,"href":"https:\/\/www.ufmg.br\/prograd\/wp-json\/wp\/v2\/users\/1"}],"replies":[{"embeddable":true,"href":"https:\/\/www.ufmg.br\/prograd\/wp-json\/wp\/v2\/comments?post=462"}],"version-history":[{"count":17,"href":"https:\/\/www.ufmg.br\/prograd\/wp-json\/wp\/v2\/pages\/462\/revisions"}],"predecessor-version":[{"id":3647,"href":"https:\/\/www.ufmg.br\/prograd\/wp-json\/wp\/v2\/pages\/462\/revisions\/3647"}],"wp:attachment":[{"href":"https:\/\/www.ufmg.br\/prograd\/wp-json\/wp\/v2\/media?parent=462"}],"wp:term":[{"taxonomy":"post_tag","embeddable":true,"href":"https:\/\/www.ufmg.br\/prograd\/wp-json\/wp\/v2\/tags?post=462"}],"curies":[{"name":"wp","href":"https:\/\/api.w.org\/{rel}","templated":true}]}}