{"id":480,"date":"2021-06-25T14:24:07","date_gmt":"2021-06-25T17:24:07","guid":{"rendered":"https:\/\/www.ufmg.br\/prograd\/?page_id=480"},"modified":"2022-01-12T12:27:52","modified_gmt":"2022-01-12T15:27:52","slug":"matriculas","status":"publish","type":"page","link":"https:\/\/www.ufmg.br\/prograd\/matriculas\/","title":{"rendered":"Matr\u00edcula"},"content":{"rendered":"<p><strong>Novos estudantes<\/strong><\/p>\n<p>Os candidatos selecionados para os cursos de gradua\u00e7\u00e3o da UFMG devem realizar os procedimentos de registro acad\u00eamico e matr\u00edcula, conforme orienta\u00e7\u00f5es que constam no <a href=\"https:\/\/www.ufmg.br\/sisu\">site do SiSU\/UFMG<\/a>.\u00a0Ap\u00f3s conclus\u00e3o do ato de registro, os ingressantes\u00a0 s\u00e3o automaticamente matriculados em todas as atividades acad\u00eamicas curriculares previstas para o 1\u00b0 per\u00edodo curricular do curso.<\/p>\n<p>Para dispensa de disciplina(s), aproveitando-se de estudos cursados antes do ingresso no curso na UFMG, os interessados dever\u00e3o protocolizar os requerimentos de aproveitamento de estudos nos Colegiados dos Cursos para os quais foram selecionados, apresentando o hist\u00f3rico escolar e os programas das disciplinas cursadas, fornecidos pela Institui\u00e7\u00e3o de origem. Os candidatos que obtiverem a dispensa de disciplinas por aproveitamento de estudos poder\u00e3o efetuar a reformula\u00e7\u00e3o de sua matr\u00edcula nos Colegiados dos Cursos.<\/p>\n<p><strong>Veteranos<\/strong><\/p>\n<p>A matr\u00edcula em atividades acad\u00eamicas curriculares dever\u00e1 ser realizada a cada per\u00edodo letivo de acordo com <a href=\"https:\/\/www2.ufmg.br\/drca\/drca\/Home\/Graduacao\/Matricula-da-Graduacao\/Cronograma-de-Oferta-e-Matricula-para-2022-1\">cronograma<\/a> e <a href=\"https:\/\/www2.ufmg.br\/sods\/content\/download\/2311\/15820\/version\/1\/file\/01rescepe2018+regulamenta+processo+matr%C3%ADcula.pdf\">regras<\/a> definidas pela Universidade.<\/p>\n<p>A matr\u00edcula na UFMG \u00e9\u00a0<i>on-line<\/i>, realizada por meio do Sistema Acad\u00eamico da Gradua\u00e7\u00e3o (SiGA), sendo de inteira responsabilidade do(a) aluno(a).<\/p>\n<p>O acesso ao SiGA se d\u00e1 por meio do aplicativo pr\u00f3prio (dispon\u00edvel para os sistemas Android e iOS por meio do\u00a0<a href=\"https:\/\/play.google.com\/store\/apps\/details?id=br.ufmg.ddp.cecom.academico.sigaufmg\" target=\"_blank\" rel=\"noopener\">Google Play<\/a>\u00a0e da\u00a0<a href=\"https:\/\/apps.apple.com\/br\/app\/siga-ufmg\/id1456022680\" target=\"_blank\" rel=\"noopener\">App Store<\/a>. O login e a senha requisitados para acessar o Sistema Acad\u00eamico da Gradua\u00e7\u00e3o s\u00e3o os mesmos da plataforma MinhaUFMG) ou pelo Portal MinhaUFMG (Sistemas \u2192 Aplica\u00e7\u00f5es Acad\u00eamicas \u2192 SiGA UFMG: acesso para alunos da Gradua\u00e7\u00e3o\u2192 \u00edcone<i>\u00a0Meu requerimento de matr\u00edcula<\/i>).<\/p>\n<p>O (a) estudante deve, primeiro, preencher o question\u00e1rio de avalia\u00e7\u00e3o do desempenho did\u00e1tico dos(as) docentes das atividades acad\u00eamicas curriculares cursadas no per\u00edodo letivo anterior para conseguir acessar o\u00a0 requerimento de matr\u00edcula. Ao preench\u00ea-lo, o(a) aluno(a) deve estar atento \u00e0 exig\u00eancia de pr\u00e9-requisitos, \u00e0 sequ\u00eancia de atividades previstas no seu curr\u00edculo, bem como aos limites m\u00ednimo e m\u00e1ximo de cr\u00e9ditos exigidos por seu curso, de acordo com <a href=\"https:\/\/www2.ufmg.br\/drca\/content\/download\/27501\/184450\/file\/Resolu%C3%A7%C3%A3o_01_2018_CEPE_regulamenta_processo_matr%C3%ADcula.pdf\" target=\"_blank\" rel=\"noopener\">Resolu\u00e7\u00e3o CEPE no. 01\/2018<\/a>, de 20 de fevereiro de 2018.<\/p>\n<p>A matr\u00edcula, para os(as) alunos(as) veteranos(as) de Gradua\u00e7\u00e3o, poder\u00e1 ser realizada em at\u00e9 quatro fases:<\/p>\n<p><b>1\u00aa Fase da Matr\u00edcula<\/b>:<b>\u00a0<\/b>etapa obrigat\u00f3ria para todos(as) os(as) alunos(as) de Gradua\u00e7\u00e3o, com exce\u00e7\u00e3o dos(as) calouros(as). Nessa fase, o(a) estudante poder\u00e1 requerer matr\u00edcula para as atividades do n\u00facleo espec\u00edfico do curso, de natureza obrigat\u00f3ria e optativa, como tamb\u00e9m as atividades de Forma\u00e7\u00e3o Complementar Aberta (n\u00facleo complementar). Nessa fase, somente ser\u00e1 poss\u00edvel requerer matr\u00edcula nas atividades de Forma\u00e7\u00e3o Complementar Aberta:<\/p>\n<ul>\n<li>Se a atividade estiver prevista no Plano de Estudos do(a) estudante;<\/li>\n<li>Se houver turma ofertada para a atividade.<\/li>\n<\/ul>\n<p><b>2\u00aa Fase da Matr\u00edcula (opcional)<\/b>: o(a) estudante poder\u00e1 requerer a inclus\u00e3o de novas atividades (n\u00facleo espec\u00edfico), obrigat\u00f3rias e optativas, em turmas com vagas n\u00e3o preenchidas.<\/p>\n<p><b>3\u00aa Fase da Matr\u00edcula (opcional)<\/b>: o(a) estudante poder\u00e1 requerer matr\u00edcula para atividades de Forma\u00e7\u00e3o Livre (n\u00facleo geral) e Forma\u00e7\u00e3o Transversal (n\u00facleo complementar).<\/p>\n<p><b>4\u00aa Fase da Matr\u00edcula (opcional)<\/b>: o(a) estudante poder\u00e1 requerer, presencialmente, matr\u00edcula em atividades de P\u00f3s-Gradua\u00e7\u00e3o (n\u00facleo avan\u00e7ado) nos Colegiados de Cursos de P\u00f3s-Gradua\u00e7\u00e3o.<\/p>\n<p class=\" text-justify\">Em caso de d\u00favidas, consulte o Colegiado do seu Curso ou o Manual do Aluno &#8211; Matr\u00edcula, dispon\u00edvel no link abaixo<b>*<\/b><\/p>\n<p><b><a href=\"https:\/\/www2.ufmg.br\/drca\/content\/download\/28481\/190325\/file\/Manual%20do%20estudante%20-%20Matr%C3%ADcula.pdf\" target=\"_self\" rel=\"noopener\">MANUAL DO ALUNO\u00a0(MATR\u00cdCULA)<\/a><\/b><\/p>\n<p>(Informa\u00e7\u00f5es adaptadas do <a href=\"https:\/\/www2.ufmg.br\/drca\/drca\/Home\/Graduacao\/Matricula-da-Graduacao\/Informacoes-Gerais\">site<\/a> do Departamento de Registro e Controle Acad\u00eamico, respons\u00e1vel pela coordena\u00e7\u00e3o da matr\u00edcula).<\/p>\n<p>&nbsp;<\/p>\n<p>&nbsp;<\/p>\n","protected":false},"excerpt":{"rendered":"<p>Novos estudantes Os candidatos selecionados para os cursos de gradua\u00e7\u00e3o [&hellip;]<\/p>\n","protected":false},"author":1,"featured_media":0,"parent":0,"menu_order":0,"comment_status":"closed","ping_status":"closed","template":"","meta":{"_acf_changed":false,"footnotes":""},"tags":[],"class_list":["post-480","page","type-page","status-publish","hentry"],"acf":[],"_links":{"self":[{"href":"https:\/\/www.ufmg.br\/prograd\/wp-json\/wp\/v2\/pages\/480","targetHints":{"allow":["GET"]}}],"collection":[{"href":"https:\/\/www.ufmg.br\/prograd\/wp-json\/wp\/v2\/pages"}],"about":[{"href":"https:\/\/www.ufmg.br\/prograd\/wp-json\/wp\/v2\/types\/page"}],"author":[{"embeddable":true,"href":"https:\/\/www.ufmg.br\/prograd\/wp-json\/wp\/v2\/users\/1"}],"replies":[{"embeddable":true,"href":"https:\/\/www.ufmg.br\/prograd\/wp-json\/wp\/v2\/comments?post=480"}],"version-history":[{"count":19,"href":"https:\/\/www.ufmg.br\/prograd\/wp-json\/wp\/v2\/pages\/480\/revisions"}],"predecessor-version":[{"id":1635,"href":"https:\/\/www.ufmg.br\/prograd\/wp-json\/wp\/v2\/pages\/480\/revisions\/1635"}],"wp:attachment":[{"href":"https:\/\/www.ufmg.br\/prograd\/wp-json\/wp\/v2\/media?parent=480"}],"wp:term":[{"taxonomy":"post_tag","embeddable":true,"href":"https:\/\/www.ufmg.br\/prograd\/wp-json\/wp\/v2\/tags?post=480"}],"curies":[{"name":"wp","href":"https:\/\/api.w.org\/{rel}","templated":true}]}}