{"id":484,"date":"2021-06-25T14:44:53","date_gmt":"2021-06-25T17:44:53","guid":{"rendered":"https:\/\/www.ufmg.br\/prograd\/?page_id=484"},"modified":"2022-05-27T15:30:01","modified_gmt":"2022-05-27T18:30:01","slug":"programa-de-bolsas","status":"publish","type":"page","link":"https:\/\/www.ufmg.br\/prograd\/programa-de-bolsas\/","title":{"rendered":"Programa de Bolsas"},"content":{"rendered":"<p>O Setor de Bolsas \u00e9 o respons\u00e1vel pela coordena\u00e7\u00e3o dos programas de bolsas acad\u00eamicas da Prograd. O gerenciamento \u00e9 feito por meio do <a href=\"https:\/\/aplicativos.ufmg.br\/prograd\/fomento\/\">Sistema de Fomento<\/a>, onde s\u00e3o cadastradas informa\u00e7\u00f5es como os editais de sele\u00e7\u00e3o, os nomes dos coordenadores, tutores e bolsistas e as avalia\u00e7\u00f5es feitas por todos os envolvidos.<\/p>\n<p>A C\u00e2mara de Gradua\u00e7\u00e3o aprovou em 24\/09\/2020 os programas acad\u00eamicos vinculados \u00e0 Prograd; veja documento <a href=\"https:\/\/www.ufmg.br\/prograd\/wp-content\/uploads\/2021\/09\/Programas.pdf\">aqui<\/a>. Abaixo, temos uma descri\u00e7\u00e3o resumida de cada um dos Programas e, <a href=\"https:\/\/www.ufmg.br\/prograd\/formulariosbolsas\/\" target=\"_blank\" rel=\"noopener\">aqui<\/a>, os links para formul\u00e1rios utilizados para a gest\u00e3o dos programas e as <a href=\"https:\/\/www.ufmg.br\/prograd\/wp-content\/uploads\/2022\/05\/Diretrizesensinoaprendizagem.pdf\">diretrizes para elabora\u00e7\u00e3o dos projetos de ensino-aprendizagem<\/a>\u00a0 aprovadas pela C\u00e2mara de Gradua\u00e7\u00e3o em 28 de janeiro de 2021.<\/p>\n<ul>\n<li><strong>Programa de Monitoria da Gradua\u00e7\u00e3o (PMG)<\/strong><\/li>\n<\/ul>\n<p>Busca promover a inicia\u00e7\u00e3o \u00e0 doc\u00eancia de estudantes de gradua\u00e7\u00e3o, sob a orienta\u00e7\u00e3o do corpo docente, por meio da vincula\u00e7\u00e3o do estudante \u00e0s atividades acad\u00eamicas curriculares dos cursos de gradua\u00e7\u00e3o, do tipo disciplina, ofertadas pelos departamentos acad\u00eamicos. Engloba as modalidades: Licenciaturas, Forma\u00e7\u00e3o Transversal, Ensino T\u00e9cnico e A\u00e7\u00f5es de Apoio ao Ensino de Gradua\u00e7\u00e3o.<\/p>\n<ul>\n<li><strong>Programa Especial de Bolsas Acad\u00eamicas para Estudantes dos Cursos Noturnos de Gradua\u00e7\u00e3o (Pronoturno)<\/strong><\/li>\n<\/ul>\n<p>Possibilita a estudantes dos cursos noturnos e que demonstrem potencial para ter destacado desempenho acad\u00eamico, dedicarem-se prioritariamente aos estudos. O planejamento das atividades prev\u00ea um conjunto de atividades nas \u00e1reas do ensino, extens\u00e3o e pesquisa e outras n\u00e3o vinculadas diretamente aos cursos do estudante, tais como a leitura e a discuss\u00e3o de obras liter\u00e1rias, a frequ\u00eancia a atividades art\u00edsticas (cinema, teatro e outras), a pr\u00e1tica de esportes e o exerc\u00edcio de atividades de assist\u00eancia social.<\/p>\n<ul>\n<li><strong>Programa de Inova\u00e7\u00e3o e Metodologias de Ensino (Pime)<\/strong><\/li>\n<\/ul>\n<p>Neste programa, os estudantes colaboram na oferta de processos formativos comprometidos com a melhoria do ensino de gradua\u00e7\u00e3o direcionados \u00e0 doc\u00eancia do ensino na universidade e em a\u00e7\u00f5es como: colabora\u00e7\u00e3o em assessorias pedag\u00f3gicas, percursos formativos para alunos da gradua\u00e7\u00e3o e na sistematiza\u00e7\u00e3o da Revista Doc\u00eancia do Ensino Superior e Congresso de Inova\u00e7\u00e3o e Metodologias.<\/p>\n<ul>\n<li><strong>Programa de imers\u00e3o docente do Centro Pedag\u00f3gico (PID &#8211; CP) da Escola de Ensino B\u00e1sico e Profissional (Ebap)<\/strong><\/li>\n<\/ul>\n<p>O PID-CP tem como objetivo geral propiciar a forma\u00e7\u00e3o de profissionais que possam atuar no ambiente escolar, tendo em vista a sua experi\u00eancia de imers\u00e3o em uma escola de ensino fundamental \u2013 Centro Pedag\u00f3gico \u2013, com o exerc\u00edcio de atividades integradas ao cotidiano da escola e com a viv\u00eancia de tempos e espa\u00e7os que promovam a reflex\u00e3o coletiva sobre essas atividades. No PID-CP, os estudantes de gradua\u00e7\u00e3o da UFMG experimentam a articula\u00e7\u00e3o entre as aprendizagens dos seus cursos de gradua\u00e7\u00e3o e os desafios cotidianos da escola.<\/p>\n<ul>\n<li><strong>Programa para o Desenvolvimento do Ensino da Gradua\u00e7\u00e3o (Pdeg)<\/strong><\/li>\n<\/ul>\n<p>Visa\u00a0 promover a qualidade e a inova\u00e7\u00e3o do processo de ensino-aprendizagem-avalia\u00e7\u00e3o nos cursos de gradua\u00e7\u00e3o da UFMG por meio da utiliza\u00e7\u00e3o de estrat\u00e9gias pedag\u00f3gicas e ou a\u00e7\u00f5es para a redu\u00e7\u00e3o da reten\u00e7\u00e3o, da evas\u00e3o, do tempo de integraliza\u00e7\u00e3o e aumento do rendimento m\u00e9dio na gradua\u00e7\u00e3o.<\/p>\n<p>&nbsp;<\/p>\n<p>&nbsp;<\/p>\n<p>&nbsp;<\/p>\n","protected":false},"excerpt":{"rendered":"<p>O Setor de Bolsas \u00e9 o respons\u00e1vel pela coordena\u00e7\u00e3o dos [&hellip;]<\/p>\n","protected":false},"author":1,"featured_media":0,"parent":0,"menu_order":0,"comment_status":"closed","ping_status":"closed","template":"","meta":{"_acf_changed":false,"footnotes":""},"tags":[],"class_list":["post-484","page","type-page","status-publish","hentry"],"acf":[],"_links":{"self":[{"href":"https:\/\/www.ufmg.br\/prograd\/wp-json\/wp\/v2\/pages\/484","targetHints":{"allow":["GET"]}}],"collection":[{"href":"https:\/\/www.ufmg.br\/prograd\/wp-json\/wp\/v2\/pages"}],"about":[{"href":"https:\/\/www.ufmg.br\/prograd\/wp-json\/wp\/v2\/types\/page"}],"author":[{"embeddable":true,"href":"https:\/\/www.ufmg.br\/prograd\/wp-json\/wp\/v2\/users\/1"}],"replies":[{"embeddable":true,"href":"https:\/\/www.ufmg.br\/prograd\/wp-json\/wp\/v2\/comments?post=484"}],"version-history":[{"count":17,"href":"https:\/\/www.ufmg.br\/prograd\/wp-json\/wp\/v2\/pages\/484\/revisions"}],"predecessor-version":[{"id":2355,"href":"https:\/\/www.ufmg.br\/prograd\/wp-json\/wp\/v2\/pages\/484\/revisions\/2355"}],"wp:attachment":[{"href":"https:\/\/www.ufmg.br\/prograd\/wp-json\/wp\/v2\/media?parent=484"}],"wp:term":[{"taxonomy":"post_tag","embeddable":true,"href":"https:\/\/www.ufmg.br\/prograd\/wp-json\/wp\/v2\/tags?post=484"}],"curies":[{"name":"wp","href":"https:\/\/api.w.org\/{rel}","templated":true}]}}