{"id":511,"date":"2021-06-29T23:05:24","date_gmt":"2021-06-30T02:05:24","guid":{"rendered":"https:\/\/www.ufmg.br\/prograd\/?page_id=511"},"modified":"2026-03-26T10:02:09","modified_gmt":"2026-03-26T13:02:09","slug":"atividades-academicas-complementares","status":"publish","type":"page","link":"https:\/\/www.ufmg.br\/prograd\/atividades-academicas-complementares\/","title":{"rendered":"Atividades Acad\u00eamicas Complementares do Noturno"},"content":{"rendered":"<p>As Atividades Acad\u00eamicas Complementares do Noturno s\u00e3o palestras, mesas redondas, cursos, oficinas, entre outras. S\u00e3o promovidas para assegurar acesso aos estudantes dos cursos noturnos a atividades complementares a sua forma\u00e7\u00e3o, cuja oferta \u00e9, em compara\u00e7\u00e3o com a do turno diurno, geralmente muito reduzida.<\/p>\n<p>Atividades que aconte\u00e7am no formato on-line, ainda que sejam no per\u00edodo noturno, n\u00e3o ser\u00e3o aceitas para cadastro.<\/p>\n<p>&nbsp;<\/p>\n<p><strong>CONTATOS:<\/strong><\/p>\n<p>Para tirar d\u00favidas sobre as Atividades, inscri\u00e7\u00f5es, envio de formul\u00e1rio de cadastro, listas de presen\u00e7a e outros, <strong>entrar em contato com a Diretoria PENSE:<\/strong><\/p>\n<p>***E-mail: bolsas@prograd.ufmg.br<\/p>\n<p>*** Telefones: (31) 3409-4058\/6449\/6453<\/p>\n<p>&nbsp;<\/p>\n<p><strong>ORIENTA\u00c7\u00d5ES PARA OS PROPONENTES DE ATIVIDADES ACAD\u00caMICAS COMPLEMENTARES:<\/strong><\/p>\n<p><a href=\"https:\/\/www.ufmg.br\/prograd\/wp-content\/uploads\/2026\/02\/OfCirc2026.pdf\">Of\u00edcio Circular N\u00ba 5\/2026\/PROGRAD-SGE\/UFMG &#8211; Orienta\u00e7\u00f5es relativas ao cadastro de atividades acad\u00eamicas complementares no turno noturno em 2026<\/a><\/p>\n<p><a href=\"https:\/\/www.ufmg.br\/prograd\/arquivos\/atividades\/PassoapassoSubmissaoIndico\">Passo a passo para o proponente da Atividade Complementar<\/a><\/p>\n<p>&nbsp;<\/p>\n<p><strong>ORIENTA\u00c7\u00d5ES PARA OS ESTUDANTES DE GRADUA\u00c7\u00c3O QUE QUEIRAM SE INSCREVER NAS ATIVIDADES E TER DIREITO AO CERTIFICADO:<\/strong><\/p>\n<p><a href=\"https:\/\/www.ufmg.br\/prograd\/arquivos\/atividades\/PassoapassoEstudanteSistemaIndico\">Passo a passo para efetuar a inscri\u00e7\u00e3o na Atividade Complementar do Noturno<\/a><\/p>\n<p>&nbsp;<\/p>\n<p><strong>CRONOGRAMA:<\/strong><\/p>\n<ul>\n<li><strong>ATIVIDADES DO DIA 29 DE ABRIL DE 2026:<\/strong><\/li>\n<\/ul>\n<p>Para os organizadores:<\/p>\n<p>Data de submiss\u00e3o da atividade complementar no Sistema Indico: 26\/03\/2026 a 22\/04\/2026.<\/p>\n<p>Envio da lista de presen\u00e7a: At\u00e9 dia 09 de maio de 2026.<\/p>\n<ul>\n<li><strong>ATIVIDADES DO DIA 9 DE MAR\u00c7O DE 2026:<\/strong><\/li>\n<\/ul>\n<p>Para os organizadores:<\/p>\n<p>Data de submiss\u00e3o da atividade complementar no Sistema Indico: 11\/02 a 01\/03\/2026<\/p>\n<p>Envio da lista de presen\u00e7a: At\u00e9 dia 19 de mar\u00e7o de 2026<\/p>\n<p>&nbsp;<\/p>\n<p><strong>MODELOS DE DOCUMENTOS:\u00a0<\/strong><\/p>\n<p><a href=\"http:\/\/www.ufmg.br\/prograd\/wp-content\/uploads\/2025\/08\/ModAnuencia.odt\">Modelo de anu\u00eancia para a realiza\u00e7\u00e3o da Atividade<\/a><\/p>\n<p><a href=\"https:\/\/www.ufmg.br\/prograd\/wp-content\/uploads\/2026\/02\/ModeloPresenca.odt\">Modelo de lista de presen\u00e7a<\/a><\/p>\n<p>&nbsp;<\/p>\n<p><strong>SOLICITA\u00c7\u00c3O DE CERTIFICADOS:\u00a0<\/strong><\/p>\n<p>Para acessar os certificados de atividades que ocorreram at\u00e9 31\/12\/2025, acesse o <a href=\"http:\/\/aplicativos.ufmg.br\/conhecimento\/atividades\">Sistema de Gest\u00e3o de Eventos<\/a> .<\/p>\n<p>A partir de 2026, os certificados podem ser acessados no <a href=\"https:\/\/eventos.ufmg.br\/register\">Sistema Indico.<\/a><\/p>\n<p>&nbsp;<\/p>\n<p>&nbsp;<\/p>\n<p>&nbsp;<\/p>\n<p>&nbsp;<\/p>\n<p>&nbsp;<\/p>\n","protected":false},"excerpt":{"rendered":"<p>As Atividades Acad\u00eamicas Complementares do Noturno s\u00e3o palestras, mesas redondas, [&hellip;]<\/p>\n","protected":false},"author":1,"featured_media":0,"parent":0,"menu_order":0,"comment_status":"closed","ping_status":"closed","template":"","meta":{"_acf_changed":false,"footnotes":""},"tags":[],"class_list":["post-511","page","type-page","status-publish","hentry"],"acf":[],"_links":{"self":[{"href":"https:\/\/www.ufmg.br\/prograd\/wp-json\/wp\/v2\/pages\/511","targetHints":{"allow":["GET"]}}],"collection":[{"href":"https:\/\/www.ufmg.br\/prograd\/wp-json\/wp\/v2\/pages"}],"about":[{"href":"https:\/\/www.ufmg.br\/prograd\/wp-json\/wp\/v2\/types\/page"}],"author":[{"embeddable":true,"href":"https:\/\/www.ufmg.br\/prograd\/wp-json\/wp\/v2\/users\/1"}],"replies":[{"embeddable":true,"href":"https:\/\/www.ufmg.br\/prograd\/wp-json\/wp\/v2\/comments?post=511"}],"version-history":[{"count":117,"href":"https:\/\/www.ufmg.br\/prograd\/wp-json\/wp\/v2\/pages\/511\/revisions"}],"predecessor-version":[{"id":5589,"href":"https:\/\/www.ufmg.br\/prograd\/wp-json\/wp\/v2\/pages\/511\/revisions\/5589"}],"wp:attachment":[{"href":"https:\/\/www.ufmg.br\/prograd\/wp-json\/wp\/v2\/media?parent=511"}],"wp:term":[{"taxonomy":"post_tag","embeddable":true,"href":"https:\/\/www.ufmg.br\/prograd\/wp-json\/wp\/v2\/tags?post=511"}],"curies":[{"name":"wp","href":"https:\/\/api.w.org\/{rel}","templated":true}]}}