{"id":514,"date":"2021-06-29T23:18:38","date_gmt":"2021-06-30T02:18:38","guid":{"rendered":"https:\/\/www.ufmg.br\/prograd\/?page_id=514"},"modified":"2025-03-18T13:04:54","modified_gmt":"2025-03-18T16:04:54","slug":"formacao-transversal","status":"publish","type":"page","link":"https:\/\/www.ufmg.br\/prograd\/formacao-transversal\/","title":{"rendered":"Forma\u00e7\u00e3o Transversal"},"content":{"rendered":"<p>As Forma\u00e7\u00f5es Transversais s\u00e3o estruturas formativas de forma\u00e7\u00e3o complementar organizadas em torno de grandes tem\u00e1ticas, que oportunizam o aprofundamento dos estudos em uma perspectiva cr\u00edtica e multifacetada, envolvendo diversos campos do saber. Ao curs\u00e1-las, os estudantes podem participar de atividades oferecidas por professores de diferentes Unidades Acad\u00eamicas da Universidade, que trabalham com perspectivas diversificadas e, ao mesmo tempo, convergentes em rela\u00e7\u00e3o \u00e0 tem\u00e1tica da Forma\u00e7\u00e3o. Esses trabalhos procuram transpor poss\u00edveis fronteiras entre \u00e1reas do conhecimento, dialogando com grandes quest\u00f5es acad\u00eamico-cient\u00edficas e sociais, que s\u00e3o de relev\u00e2ncia para o pa\u00eds e para a humanidade.<\/p>\n<p><a href=\"https:\/\/www.ufmg.br\/prograd\/apresentacaoft\/\">Apresenta\u00e7\u00e3o<\/a><\/p>\n<p><a href=\"https:\/\/www.ufmg.br\/prograd\/matricula-nas-atividades-academicas-curriculares-de-formacao-transversal\/\">Matr\u00edcula<\/a><\/p>\n<p><a href=\"https:\/\/www.ufmg.br\/prograd\/oferta\/\">Oferta<\/a><\/p>\n<p><a href=\"https:\/\/www.ufmg.br\/prograd\/certificado-de-conclusao\/\">Certificado de Conclus\u00e3o<\/a><\/p>\n<p><a href=\"https:\/\/www.ufmg.br\/prograd\/projetos-das-formacoes-transversais\/\">Projetos das Forma\u00e7\u00f5es Transversais<\/a><\/p>\n<p><a href=\"https:\/\/www.ufmg.br\/prograd\/documentos-normativos\/\">Documentos Normativos<\/a><\/p>\n<p><a href=\"https:\/\/www.ufmg.br\/prograd\/colegiado-especial-das-formacoes-transversais\/\">Colegiado Especial das Forma\u00e7\u00f5es Transversais<\/a><\/p>\n<p><a href=\"https:\/\/www.ufmg.br\/prograd\/10-anos-das-formacoes-tranversais-na-ufmg-uma-universidade-aberta-a-relacoes-coletivas-dialogos-intermundos-e-justica-epistemica\/\">10 anos das Forma\u00e7\u00f5es Transversais &#8211; programa\u00e7\u00e3o e inscri\u00e7\u00e3o<\/a><\/p>\n<p>&nbsp;<\/p>\n<p><b><span style=\"font-size: 11.0pt; line-height: 150%; font-family: 'Arial','sans-serif';\">Contatos:<\/span><\/b><\/p>\n<p><b><span style=\"font-size: 11.0pt; line-height: 150%; font-family: 'Arial','sans-serif';\">E-mail<\/span><\/b><span style=\"font-size: 11.0pt; line-height: 150%; font-family: 'Arial','sans-serif';\">: transversal@prograd.ufmg.br<br \/>\n<u><\/u><\/span><b><span style=\"font-size: 11.0pt; line-height: 150%; font-family: 'Arial','sans-serif';\">Telefone:<\/span><\/b><span style=\"font-size: 11.0pt; line-height: 150%; font-family: 'Arial','sans-serif';\"> (31)3409-6590<br \/>\n<\/span><b><span style=\"font-size: 11.0pt; line-height: 115%; font-family: 'Arial','sans-serif';\">Endere\u00e7o<\/span><\/b><span style=\"font-size: 11.0pt; line-height: 115%; font-family: 'Arial','sans-serif';\">: Sala A305 do CAD III &#8211; UFMG Campus Pampulha<br \/>\n<\/span><span style=\"font-size: 11.0pt; line-height: 115%; font-family: 'Arial','sans-serif';\">Av. Pres. Ant\u00f4nio Carlos, 6627 &#8211; Pampulha, Belo Horizonte &#8211; MG, 31270-901<\/span><\/p>\n<p><span style=\"font-size: 11.0pt; line-height: 115%; font-family: 'Arial','sans-serif';\"><strong>Redes Sociais:<\/strong><\/span><\/p>\n<p><span style=\"font-size: 11.0pt; line-height: 115%; font-family: 'Arial','sans-serif';\"><strong><a href=\"https:\/\/www.youtube.com\/@Transversais-UFMG\">YouTube<\/a><\/strong><br \/>\n<a href=\"https:\/\/www.instagram.com\/transversais.ufmg\/\"><strong>Instagram<\/strong><\/a><br \/>\n<\/span><\/p>\n<p>&nbsp;<\/p>\n<p class=\"Textbody\" style=\"margin-bottom: .0001pt; text-align: justify; text-justify: inter-ideograph; line-height: normal;\"><span style=\"font-size: 11.0pt; font-family: 'Arial','sans-serif';\">\u00a0<\/span><\/p>\n<p>&nbsp;<\/p>\n<p>&nbsp;<\/p>\n","protected":false},"excerpt":{"rendered":"<p>As Forma\u00e7\u00f5es Transversais s\u00e3o estruturas formativas de forma\u00e7\u00e3o complementar organizadas [&hellip;]<\/p>\n","protected":false},"author":1,"featured_media":0,"parent":0,"menu_order":0,"comment_status":"closed","ping_status":"closed","template":"","meta":{"_acf_changed":false,"footnotes":""},"tags":[],"class_list":["post-514","page","type-page","status-publish","hentry"],"acf":[],"_links":{"self":[{"href":"https:\/\/www.ufmg.br\/prograd\/wp-json\/wp\/v2\/pages\/514","targetHints":{"allow":["GET"]}}],"collection":[{"href":"https:\/\/www.ufmg.br\/prograd\/wp-json\/wp\/v2\/pages"}],"about":[{"href":"https:\/\/www.ufmg.br\/prograd\/wp-json\/wp\/v2\/types\/page"}],"author":[{"embeddable":true,"href":"https:\/\/www.ufmg.br\/prograd\/wp-json\/wp\/v2\/users\/1"}],"replies":[{"embeddable":true,"href":"https:\/\/www.ufmg.br\/prograd\/wp-json\/wp\/v2\/comments?post=514"}],"version-history":[{"count":34,"href":"https:\/\/www.ufmg.br\/prograd\/wp-json\/wp\/v2\/pages\/514\/revisions"}],"predecessor-version":[{"id":4791,"href":"https:\/\/www.ufmg.br\/prograd\/wp-json\/wp\/v2\/pages\/514\/revisions\/4791"}],"wp:attachment":[{"href":"https:\/\/www.ufmg.br\/prograd\/wp-json\/wp\/v2\/media?parent=514"}],"wp:term":[{"taxonomy":"post_tag","embeddable":true,"href":"https:\/\/www.ufmg.br\/prograd\/wp-json\/wp\/v2\/tags?post=514"}],"curies":[{"name":"wp","href":"https:\/\/api.w.org\/{rel}","templated":true}]}}