{"id":517,"date":"2021-06-29T23:21:12","date_gmt":"2021-06-30T02:21:12","guid":{"rendered":"https:\/\/www.ufmg.br\/prograd\/?page_id=517"},"modified":"2025-07-29T13:59:42","modified_gmt":"2025-07-29T16:59:42","slug":"mobilidade-academica","status":"publish","type":"page","link":"https:\/\/www.ufmg.br\/prograd\/mobilidade-academica\/","title":{"rendered":"Mobilidade Acad\u00eamica"},"content":{"rendered":"<p align=\"justify\"><span style=\"color: #212529;\"><span style=\"font-family: Open Sans, serif;\"><span style=\"font-size: large;\">A Universidade Federal de Minas Gerais oferece aos estudantes de gradua\u00e7\u00e3o a possibilidade de realiza\u00e7\u00e3o de estudos em outras Institui\u00e7\u00f5es Federais de Ensino Superior (Ifes) no Brasil, assim como permite que estudantes de outras Ifes desenvolvam atividades de ensino na UFMG. <\/span><\/span><\/span><\/p>\n<p align=\"justify\"><span style=\"color: #212529;\"><span style=\"font-family: Open Sans, serif;\"><span style=\"font-size: large;\">H\u00e1 ainda a possibilidade de realizar a mobilidade nacional <em>intercampi<\/em>. Esta prev\u00ea a realiza\u00e7\u00e3o de atividades acad\u00eamicas curriculares ofertadas em um dos <em>campi<\/em> da UFMG em Belo Horizonte, para alunos do <em>campus<\/em> de Montes Claros, ou ofertadas no <em>campus<\/em> de Montes Claros, para alunos dos <em>campi<\/em> de Belo Horizonte.<\/span><\/span><\/span><\/p>\n<p align=\"justify\"><span style=\"color: #212529;\"><span style=\"font-family: Open Sans, serif;\"><span style=\"font-size: large;\">Os processos de mobilidade acad\u00eamica nacional s\u00e3o geridos pela Diretoria de Programas Acad\u00eamicos para Desenvolvimento do Ensino (Pense) &#8211; antiga Diretoria de Mobilidade, Est\u00e1gio e Bolsas (Dmeb).<\/span><\/span><\/span><\/p>\n<p align=\"justify\"><span style=\"color: #212529;\"><span style=\"font-family: Open Sans, serif;\"><span style=\"font-size: large;\"><strong>Mudan\u00e7as<\/strong><\/span><\/span><\/span><\/p>\n<p align=\"justify\"><span style=\"color: #212529;\"><span style=\"font-family: Open Sans, serif;\"><span style=\"font-size: large;\">A partir de abril de 2024, as candidaturas ao Programa Andifes de Mobilidade Acad\u00eamica dever\u00e3o ser iniciadas pelo pr\u00f3prio estudante interessado, a partir do Peticionamento Eletr\u00f4nico via SEI <strong>(exclusivamente para estudantes da UFMG)<\/strong>. Para iniciar o Peticionamento o aluno dever estar cadastrado como usu\u00e1rios externo do SEI. Fique atento aos prazos, pois o cadastro poder\u00e1 ser liberado em at\u00e9 tr\u00eas (3) dias \u00fateis.<\/span><\/span><\/span><\/p>\n<p align=\"justify\"><span style=\"color: #212529;\"><span style=\"font-family: Open Sans, serif;\"><span style=\"font-size: large;\">Clique <a href=\"https:\/\/www.ufmg.br\/prograd\/wp-content\/uploads\/2024\/03\/Manual.pdf\">aqui<\/a>\u00a0 para acessar o manual com o passo a passo para o cadastro como usu\u00e1rio externo e preenchimento do peticionamento eletr\u00f4nico para inscri\u00e7\u00e3o no programa de mobilidade acad\u00eamica\/Andifes e <em>intercampi<\/em>.<\/span><\/span><\/span><\/p>\n<p align=\"justify\"><span style=\"color: #212529;\"><span style=\"font-family: Open Sans, serif;\"><span style=\"font-size: large;\"><strong>Conhe\u00e7a o Fluxo<\/strong><\/span><\/span><\/span><\/p>\n<p align=\"justify\"><img loading=\"lazy\" decoding=\"async\" class=\"alignnone wp-image-3820 size-full\" src=\"https:\/\/www.ufmg.br\/prograd\/wp-content\/uploads\/2024\/03\/imagem1.png\" alt=\"\" width=\"702\" height=\"520\" srcset=\"https:\/\/www.ufmg.br\/prograd\/wp-content\/uploads\/2024\/03\/imagem1.png 702w, https:\/\/www.ufmg.br\/prograd\/wp-content\/uploads\/2024\/03\/imagem1-300x222.png 300w\" sizes=\"auto, (max-width: 702px) 100vw, 702px\" \/><\/p>\n<p align=\"justify\"><span style=\"color: #212529;\"><span style=\"font-family: Open Sans, serif;\"><span style=\"font-size: large;\"><strong>PERGUNTAS FREQUENTES:<\/strong><\/span><\/span><\/span><\/p>\n<p align=\"justify\"><span style=\"color: #212529;\"><span style=\"font-family: Open Sans, serif;\"><span style=\"font-size: large;\"><strong>1) O que \u00e9 mobilidade acad\u00eamica nacional?<\/strong><\/span><\/span><\/span><\/p>\n<p align=\"justify\"><span style=\"color: #212529;\"><span style=\"font-family: Open Sans, serif;\"><span style=\"font-size: large;\">As Institui\u00e7\u00f5es Federais de Ensino Superior (Ifes), atrav\u00e9s da Associa\u00e7\u00e3o Nacional dos Dirigentes das Institui\u00e7\u00f5es Federais de Ensino Superior (Andifes), firmaram conv\u00eanio com o objetivo de regular a rela\u00e7\u00e3o de reciprocidade entre as Ifes proporcionando a mobilidade de alunos de gradua\u00e7\u00e3o, por meio do Programa Andifes de Mobilidade Estudantil.<\/span><\/span><\/span><\/p>\n<p align=\"justify\"><span style=\"color: #212529;\"><span style=\"font-family: Open Sans, serif;\"><span style=\"font-size: large;\"><b>2) Quem pode participar?<\/b><\/span><\/span><\/span><\/p>\n<p align=\"justify\"><span style=\"color: #212529;\"><span style=\"font-family: Open Sans, serif;\"><span style=\"font-size: large;\">Poder\u00e3o participar do Programa de Mobilidade Acad\u00eamica alunos regularmente matriculados em cursos de gradua\u00e7\u00e3o de Institui\u00e7\u00f5es Federais de Ensino Superior brasileiras, que tenham integralizado todas as disciplinas previstas para o primeiro ano ou 1\u00ba e 2\u00ba semestres letivos do curso, na Institui\u00e7\u00e3o de origem (remetente), e possuam, <b>no m\u00e1ximo<\/b>, 2 (duas) reprova\u00e7\u00f5es acumuladas nos dois per\u00edodos letivos que antecedem o pedido de mobilidade. N\u00e3o estar, no ato da solicita\u00e7\u00e3o, usufruindo de nenhuma modalidade de trancamento total de matr\u00edcula.<\/span><\/span><\/span><\/p>\n<p align=\"justify\"><span style=\"color: #212529;\"><span style=\"font-family: Open Sans, serif;\"><span style=\"font-size: large;\"><b>3) Qual o per\u00edodo m\u00e1ximo que o estudante pode ficar em outra Ifes?<\/b><\/span><\/span><\/span><\/p>\n<p align=\"justify\"><span style=\"color: #212529;\"><span style=\"font-family: Open Sans, serif;\"><span style=\"font-size: large;\">O aluno n\u00e3o poder\u00e1 se afastar da Institui\u00e7\u00e3o de origem, sob o amparo do conv\u00eanio, por prazo superior a 1 (um) ano letivo. Em car\u00e1ter excepcional, a crit\u00e9rio da Institui\u00e7\u00e3o receptora, poder\u00e1 haver renova\u00e7\u00e3o, sucessiva ou intercalada, do v\u00ednculo tempor\u00e1rio, por at\u00e9 mais um per\u00edodo letivo, perfazendo o total de 1 (um) ano e meio.<\/span><\/span><\/span><\/p>\n<p align=\"justify\"><span style=\"color: #212529;\"><span style=\"font-family: Open Sans, serif;\"><span style=\"font-size: large;\">O aluno participante desse Conv\u00eanio ter\u00e1 v\u00ednculo tempor\u00e1rio com a Institui\u00e7\u00e3o receptora, dependendo, para isto, da exist\u00eancia de disponibilidade de vaga e da possibilidade de inscri\u00e7\u00e3o na(s) disciplina(s) pretendida(s).<\/span><\/span><\/span><\/p>\n<p align=\"justify\"><span style=\"color: #212529;\"><span style=\"font-family: Open Sans, serif;\"><span style=\"font-size: large;\"><b>4) Quais s\u00e3o os procedimentos para os estudantes de gradua\u00e7\u00e3o da UFMG e qual a documenta\u00e7\u00e3o necess\u00e1ria ?<\/b><\/span><\/span><\/span><\/p>\n<p align=\"justify\"><span style=\"color: #212529;\"><span style=\"font-family: Open Sans, serif;\"><span style=\"font-size: large;\">Para alunos da UFMG, o processo \u00e9 iniciado pelo pr\u00f3prio estudante interessado a partir do Peticionamento Eletr\u00f4nico via SEI. <strong>Para iniciar o Peticionamento o aluno dever estar cadastrado como usu\u00e1rio externo do SEI. Fique atento aos prazos, pois o cadastro poder\u00e1 ser liberado em at\u00e9 tr\u00eas dias \u00fateis &#8211; <a href=\"https:\/\/www.ufmg.br\/prograd\/wp-content\/uploads\/2024\/03\/Manual.pdf\">leia aqui o manual do sistema<\/a>.<\/strong><strong>\u00a0Para outras informa\u00e7\u00f5es acesse a <a href=\"https:\/\/sei.ufmg.br\/index.php\/2019\/08\/28\/base-de-conhecimento\/?id_procedimento=100000572&amp;id_base=1424\">Base de Conhecimento<\/a> dispon\u00edvel no site do SEI.<\/strong><\/span><\/span><\/span><\/p>\n<p align=\"justify\"><span style=\"color: #212529;\"><span style=\"font-family: Open Sans, serif;\"><span style=\"font-size: large;\">O aluno dever\u00e1 realizar o peticionamento do processo e anexar ao mesmo os seguintes documentos:<\/span><\/span><\/span><\/p>\n<ol type=\"a\">\n<li>\n<p align=\"justify\"><span style=\"color: #212529;\"><span style=\"font-family: Open Sans, serif;\"><span style=\"font-size: large;\">Documentos pessoais (c\u00f3pia do RG, CPF e t\u00edtulo eleitoral) e comprovante de endere\u00e7o;<\/span><\/span><\/span><\/p>\n<\/li>\n<li>\n<p align=\"justify\"><span style=\"color: #212529;\"><span style=\"font-family: Open Sans, serif;\"><span style=\"font-size: large;\">Ementas e programas das disciplinas que pretende cursar na Universidade Federal de destino;<\/span><\/span><\/span><\/p>\n<\/li>\n<li>\n<p align=\"justify\"><span style=\"color: #212529;\"><span style=\"font-family: Open Sans, serif;\"><span style=\"font-size: large;\">Hist\u00f3rico escolar atualizado<\/span><\/span><\/span><\/p>\n<\/li>\n<li>\n<p align=\"justify\"><span style=\"color: #212529;\"><span style=\"font-family: Open Sans, serif;\"><span style=\"font-size: large;\">Aproveitamento acad\u00eamico ou declara\u00e7\u00e3o do curso de origem indicando a carga hor\u00e1ria de integraliza\u00e7\u00e3o conclu\u00edda<\/span><\/span><\/span><\/p>\n<\/li>\n<li>\n<p align=\"justify\"><span style=\"color: #212529;\"><span style=\"font-family: Open Sans, serif;\"><span style=\"font-size: large;\">Comprovante\/Atestado de matr\u00edcula do semestre em curso<\/span><\/span><\/span><\/p>\n<\/li>\n<\/ol>\n<p align=\"justify\"><span style=\"color: #212529;\"><span style=\"font-family: Open Sans, serif;\"><span style=\"font-size: large;\">Algumas Universidades podem exigir outros documentos que tamb\u00e9m dever\u00e3o ser anexados ao processo (ex. matriz curricular das disciplinas do Curso da Institui\u00e7\u00e3o de Origem do estudante; atestado de sa\u00fade f\u00edsica e mental, emitido nos \u00faltimos 30 dias; entre outros). <b>Ressaltamos que \u00e9 de INTEIRA responsabilidade do aluno a confer\u00eancia dos documentos exigidos pelas Ifes de destinos, bem como os prazos estabelecidos por estas Universidades.<\/b><\/span><\/span><\/span><\/p>\n<p align=\"justify\"><span style=\"color: #212529;\"><span style=\"font-family: Open Sans, serif;\"><span style=\"font-size: large;\">A peti\u00e7\u00e3o ser\u00e1 recebida pela Diretoria de Programas Acad\u00eamicos para Desenvolvimento do Ensino (Pense) da Prograd, que far\u00e1 a identifica\u00e7\u00e3o do colegiado do curso do aluno demandante e far\u00e1 o despacho para o mesmo. O coordenador do curso dever\u00e1 analisar o pedido do aluno, com especial aten\u00e7\u00e3o \u00e0(s) ementas\/programas da(s) disciplina(s) a ser(em) cursada(s) pelo aluno na Institui\u00e7\u00e3o receptora, de modo a subsidiar a posterior e obrigat\u00f3ria concess\u00e3o de equival\u00eancia\/aproveitamento de estudo, em caso de aprova\u00e7\u00e3o do aluno. Ap\u00f3s an\u00e1lise e decis\u00e3o do colegiado, este deve responder ao despacho incluindo o of\u00edcio de anu\u00eancia no processo, respeitando os prazos solicitados pela Prograd. <!-- Inclu\u00ed aqui para que possamos estabelecer prazos -->O processo ser\u00e1 encaminhado pela Pense\/Prograd \u00e0 Ifes de escolha do aluno para an\u00e1lise de viabilidade da mobilidade. O resultado do processo na Ifes de destino \u00e9 comunicado \u00e0 Pense\/Prograd, que se responsabiliza por divulg\u00e1-lo ao aluno e ao colegiado de seu curso.<\/span><\/span><\/span><\/p>\n<p align=\"justify\"><span style=\"color: #212529;\"><span style=\"font-family: Open Sans, serif;\"><span style=\"font-size: large;\">Ao final da perman\u00eancia do aluno, a Ifes receptora dever\u00e1 emitir certificado comprobat\u00f3rio da(s) disciplina(s) cursada(s) por ele, com notas, frequ\u00eancia e resultados finais obtidos, para envio \u00e0 UFMG.<\/span><\/span><\/span><\/p>\n<p align=\"justify\"><span style=\"color: #212529;\"><span style=\"font-family: Open Sans, serif;\"><span style=\"font-size: large;\">De acordo com o conv\u00eanio, a UFMG n\u00e3o se responsabilizar\u00e1 pelas despesas dos participantes do Programa.<\/span><\/span><\/span><\/p>\n<p align=\"justify\"><span style=\"color: #212529;\"><span style=\"font-family: Open Sans, serif;\"><span style=\"font-size: large;\"><b>5) Quais s\u00e3o os procedimentos para os estudantes de outras Ifes conveniadas?<\/b><\/span><\/span><\/span><\/p>\n<p align=\"justify\"><strong>Aten\u00e7\u00e3o: estudantes de outras Ifes n\u00e3o poder\u00e3o fazer peticionamento eletr\u00f4nico, via SEI-UFMG, para tramitar seu pedido de mobilidade acad\u00eamica nacional Andifes. O processo de mobilidade de estudantes de outras Ifes deve ser enviado pela Universidade de origem do estudante, para o e-mail &#8211; estagio@prograd.ufmg.br<\/strong><\/p>\n<p align=\"justify\"><span style=\"color: #212529;\"><span style=\"font-family: Open Sans, serif;\"><span style=\"font-size: large;\">Os alunos das demais Ifes conveniadas interessados em participar do Programa de Mobilidade Acad\u00eamica, dever\u00e3o procurar as informa\u00e7\u00f5es iniciais junto \u00e0s Institui\u00e7\u00f5es Federais de Ensino Superior de origem.<\/span><\/span><\/span><\/p>\n<p align=\"justify\"><span style=\"color: #212529;\"><span style=\"font-family: Open Sans, serif;\"><span style=\"font-size: large;\">Atendidas as exig\u00eancias do Conv\u00eanio, a Institui\u00e7\u00e3o de origem dever\u00e1 encaminhar \u00e0 Pense\/Prograd, <b>dentro dos prazos por ela estabelecidos<\/b>, os seguintes documentos:<\/span><\/span><\/span><\/p>\n<p align=\"justify\"><span style=\"color: #212529;\"><span style=\"font-family: Open Sans, serif;\"><span style=\"font-size: large;\">a) Of\u00edcio com os dados do aluno, emitido pelo Colegiado de Curso da Universidade de Origem, encaminhando o processo de mobilidade acad\u00eamica do estudante para a UFMG;<\/span><\/span><\/span><\/p>\n<p align=\"justify\"><span style=\"color: #212529;\"><span style=\"font-family: Open Sans, serif;\"><span style=\"font-size: large;\">b) Requerimento de participa\u00e7\u00e3o (de sua Ifes de origem e informar a cor\/ra\u00e7a do estudante e se possui alguma defici\u00eancia);<\/span><\/span><\/span><\/p>\n<p align=\"justify\"><span style=\"color: #212529;\"><span style=\"font-family: Open Sans, serif;\"><span style=\"font-size: large;\">c) Hist\u00f3rico Escolar original atualizado, carimbado e assinado pelo Coordenador do Colegiado de Curso;<\/span><\/span><\/span><\/p>\n<p align=\"justify\"><span style=\"color: #212529;\"><span style=\"font-family: Open Sans, serif;\"><span style=\"font-size: large;\">d) C\u00f3pia do RG, CPF, comprovante de resid\u00eancia e t\u00edtulo eleitoral;<\/span><\/span><\/span><\/p>\n<p align=\"justify\"><span style=\"color: #212529;\"><span style=\"font-family: Open Sans, serif;\"><span style=\"font-size: large;\">e) Ementa (s) e programa (s) das disciplinas pleiteadas.<\/span><\/span><\/span><\/p>\n<p align=\"justify\"><span style=\"color: #212529;\"><span style=\"font-family: Open Sans, serif;\"><span style=\"font-size: large;\">f) Documento que comprove a quita\u00e7\u00e3o com as obriga\u00e7\u00f5es do servi\u00e7o militar para o candidato homem maior de 18 anos (exceto para candidatos com idade superior a 46 anos).<\/span><\/span><\/span><\/p>\n<p align=\"justify\"><span style=\"color: #212529;\"><span style=\"font-family: Open Sans, serif;\"><span style=\"font-size: large;\">Ser\u00e1 aberto um processo em nome do aluno. A documenta\u00e7\u00e3o ser\u00e1 enviada ao colegiado do curso pleiteado para verifica\u00e7\u00e3o de possibilidade de matr\u00edcula na(s) disciplina(s) pretendida(s) (exist\u00eancia de vagas). Ap\u00f3s an\u00e1lise do Colegiado de Curso, ser\u00e1 enviada correspond\u00eancia \u00e0 Institui\u00e7\u00e3o remetente com a carta de resposta do aluno. A referida carta tamb\u00e9m ser\u00e1 enviada ao e-mail do estudante.<\/span><\/span><\/span><\/p>\n<p align=\"justify\"><span style=\"color: #212529;\"><span style=\"font-family: Open Sans, serif;\"><span style=\"font-size: large;\">Ao final do Programa de Mobilidade Acad\u00eamica, o colegiado de curso emitir\u00e1 certificado comprobat\u00f3rio da(s) disciplina(s) cursada(s) pelo aluno, com notas, frequ\u00eancia e resultados finais obtidos, para envio \u00e0 Institui\u00e7\u00e3o de origem.<\/span><\/span><\/span><\/p>\n<p align=\"justify\"><span style=\"color: #212529;\"><span style=\"font-family: Open Sans, serif;\"><span style=\"font-size: large;\">\u00c9 de inteira responsabilidade do(s) estudante(s) de mobilidade de outras Ifes, ao final de sua participa\u00e7\u00e3o no Programa de Mobilidade Acad\u00eamica Andifes, providenciar as ementas\/programas, devidamente oficializadas, das disciplinas efetivamente cursadas na UFMG, para o devido aproveitamento dos estudos, se for o caso.<\/span><\/span><\/span><\/p>\n<p align=\"justify\"><span style=\"color: #212529;\"><span style=\"font-family: Open Sans, serif;\"><span style=\"font-size: large;\"><strong>6) Qual \u00e9 o per\u00edodo de solicita\u00e7\u00e3o para participar do Programa de Mobilidade<\/strong> <strong>Acad\u00eamica?<\/strong><\/span><\/span><\/span><\/p>\n<p align=\"justify\"><span style=\"color: #212529;\"><span style=\"font-family: Open Sans, serif;\"><span style=\"font-size: large;\"><strong><u>Alunos da UFMG<\/u><\/strong><\/span><\/span><\/span><\/p>\n<p align=\"justify\"><span style=\"color: #212529;\"><span style=\"font-family: Open Sans, serif;\"><span style=\"font-size: large;\">As documenta\u00e7\u00f5es de inscri\u00e7\u00e3o dos alunos da UFMG que desejam realizar mobilidade acad\u00eamica em outras Institui\u00e7\u00f5es Federais de Ensino (Ifes) devem seguir os prazos estabelecidos pela Ifes onde o estudante pretende ir. As inscri\u00e7\u00f5es com a devida documenta\u00e7\u00e3o devem seguir o fluxo descrito acima, exclusivamente via SEI UFMG.<\/span><\/span><\/span><\/p>\n<p align=\"justify\"><span style=\"color: #212529;\"><span style=\"font-family: Open Sans, serif;\"><span style=\"font-size: large;\"><strong><u>Alunos de outras Ifes<\/u><\/strong><\/span><\/span><\/span><\/p>\n<p align=\"justify\"><span style=\"color: #212529;\"><span style=\"font-family: Open Sans, serif;\"><span style=\"font-size: large;\">As documenta\u00e7\u00f5es dos alunos de outras Institui\u00e7\u00f5es Federais de Ensino (Ifes) que desejam realizar mobilidade acad\u00eamica na UFMG devem ser enviadas nos seguintes prazos:<\/span><\/span><\/span><\/p>\n<p align=\"justify\"><span style=\"color: #212529;\"><span style=\"font-family: Open Sans, serif;\"><span style=\"font-size: large;\">Para mobilidade na UFMG no segundo semestre \u2013 o per\u00edodo de inscri\u00e7\u00e3o \u00e9 <strong>1\u00ba de abril a 31 de maio.<\/strong><\/span><\/span><\/span><\/p>\n<p align=\"justify\"><span style=\"color: #212529;\"><span style=\"font-family: Open Sans, serif;\"><span style=\"font-size: large;\">Para mobilidade na UFMG no primeiro semestre \u2013 o per\u00edodo de inscri\u00e7\u00e3o \u00e9 <strong>1\u00ba de agosto a 31 de outubro.<\/strong><\/span><\/span><\/span><\/p>\n<p align=\"justify\"><span style=\"color: #212529;\"><span style=\"font-family: Open Sans, serif;\"><span style=\"font-size: large;\"><b>N\u00e3o aceitaremos pedidos de mobilidades enviados diretamente pelo aluno.<\/b> As documenta\u00e7\u00f5es devem ser encaminhas exclusivamente pela universidade de origem e ter\u00e3o tramita\u00e7\u00e3o, preferencialmente, via SEI ou via e-mail da Ifes de origem.<\/span><\/span><\/span><\/p>\n<p align=\"justify\"><span style=\"color: #212529;\"><span style=\"font-family: Open Sans, serif;\"><span style=\"font-size: large;\"><b>Obs.: o acesso ao peticionamento via SEI-UFMG, \u00e9 exclusivo para alunos da UFMG que pretendem realizar a mobilidade acad\u00eamica em outra Institui\u00e7\u00e3o Federal de Ensino.<\/b><\/span><\/span><\/span><\/p>\n<p align=\"justify\"><span style=\"color: #212529;\"><span style=\"font-family: Open Sans, serif;\"><span style=\"font-size: large;\"><strong>7) O que \u00e9 <em>intercampi<\/em>?<\/strong><\/span><\/span><\/span><\/p>\n<p align=\"justify\"><span style=\"color: #212529;\"><span style=\"font-family: Open Sans, serif;\"><span style=\"font-size: large;\">Trata-se do cumprimento de um Plano de Estudos aprovado pelo Colegiado de Gradua\u00e7\u00e3o prevendo a realiza\u00e7\u00e3o de atividades acad\u00eamicas curriculares ofertadas em um dos <em>campi<\/em> da UFMG em Belo Horizonte, para alunos do <em>campus<\/em> de Montes Claros, ou ofertadas no <em>campus<\/em> de Montes Claros , para alunos dos <em>campi<\/em> de Belo Horizonte.<\/span><\/span><\/span><\/p>\n<p align=\"justify\"><span style=\"color: #212529;\"><span style=\"font-family: Open Sans, serif;\"><span style=\"font-size: large;\"><strong>8) Requisitos para inscri\u00e7\u00e3o \u00e0 bolsa para <em>intercampi<\/em>?<\/strong><\/span><\/span><\/span><\/p>\n<ul>\n<li>\n<p align=\"justify\"><span style=\"color: #212529;\"><span style=\"font-family: Open Sans, serif;\"><span style=\"font-size: large;\">Ser aluno regularmente matriculado em curso de gradua\u00e7\u00e3o da UFMG<\/span><\/span><\/span><\/p>\n<\/li>\n<li>\n<p align=\"justify\"><span style=\"color: #212529;\"><span style=\"font-family: Open Sans, serif;\"><span style=\"font-size: large;\">Ter sido aprovado em todas as atividades acad\u00eamicas curriculares do 1\u00ba e 2\u00ba per\u00edodos curriculares do curso.<\/span><\/span><\/span><\/p>\n<\/li>\n<li>\n<p align=\"justify\"><span style=\"color: #212529;\"><span style=\"font-family: Open Sans, serif;\"><span style=\"font-size: large;\">Ter no m\u00e1ximo 2 (duas) reprova\u00e7\u00f5es acumuladas nos dois per\u00edodos letivos que antecedem o pedido.<\/span><\/span><\/span><\/p>\n<\/li>\n<li>\n<p align=\"justify\"><span style=\"color: #212529;\"><span style=\"font-family: Open Sans, serif;\"><span style=\"font-size: large;\">N\u00e3o ter realizado trancamento total de matr\u00edcula nos 2 (dois) per\u00edodos letivos que antecedem o pedido.<\/span><\/span><\/span><\/p>\n<\/li>\n<li>\n<p align=\"justify\"><span style=\"color: #212529;\"><span style=\"font-family: Open Sans, serif;\"><span style=\"font-size: large;\">Ter um Plano de Estudos aprovado pelo Colegiado de Gradua\u00e7\u00e3o para, no per\u00edodo escolhido e ao longo de todo semestre, realizar atividades acad\u00eamicas curriculares ofertadas em um dos <em>campi<\/em> da UFMG em Belo Horizonte, para estudantes do <em>campus<\/em> de Montes Claros, ou ofertadas no <em>campus<\/em> de Montes Claros, para alunos dos <em>campi<\/em> de Belo Horizonte, e explicitando claramente como tais atividades ser\u00e3o aproveitadas para integraliza\u00e7\u00e3o curricular na UFMG conforme art. 48 do Anexo \u00e0 Resolu\u00e7\u00e3o Complementar n\u00ba 01, de 20 de fevereiro de 2018, do Conselho de Ensino, Pesquisa e Extens\u00e3o da UFMG (conhecida como <a href=\"https:\/\/ufmg.br\/comunicacao\/publicacoes\/boletim\/edicao\/novos-horizontes-para-a-graduacao\/cepe-aprova-normas-gerais-da-graduacao-e-resolucoes-correlatas\">Normas Gerais de Gradua\u00e7\u00e3o<\/a>) e <a href=\"https:\/\/ufmg.br\/comunicacao\/publicacoes\/boletim\/edicao\/2064\/cepe-regulamenta-ingresso-de-estudantes-refugiados#:~:text=RESOLU%C3%87%C3%83O%20N%C2%BA%2006\/2019%2C%20DE%2011%20DE%20JUNHO%20DE%202019\">Resolu\u00e7\u00e3o CEPE N\u00ba 06\/2019, de 11 de junho de 2019<\/a>.<\/span><\/span><\/span><\/p>\n<\/li>\n<\/ul>\n<p align=\"justify\"><span style=\"color: #212529;\"><span style=\"font-family: Open Sans, serif;\"><span style=\"font-size: large;\"><strong>9) Onde buscar mais informa\u00e7\u00f5es?<\/strong><\/span><\/span><\/span><\/p>\n<p align=\"justify\"><span style=\"color: #212529;\"><span style=\"font-family: Open Sans, serif;\"><span style=\"font-size: large;\">Diretoria de Programas Acad\u00eamicos para Desenvolvimento do Ensino (Pense) da Prograd: telefones (31) 3409-4438 \/ 4565 ou e-mail &lt;estagio@prograd.ufmg.br&gt;.<\/span><\/span><\/span><\/p>\n<div id=\"columns-position\">\n<div id=\"columns\" class=\"float-break\">\n<div id=\"main-position\">\n<div id=\"main\" class=\"float-break\">\n<div class=\"overflow-fix\">\n<div class=\"border-box\">\n<div class=\"border-ml\">\n<div class=\"border-mr\">\n<div class=\"border-mc float-break\">\n<div class=\"content-view-full\">\n<div class=\"class-article\">\n<div class=\"attribute-long\">\n<p><strong>10) Links relacionados<\/strong><\/p>\n<p><a href=\"https:\/\/ufmg.br\/comunicacao\/publicacoes\/boletim\/edicao\/2064\/cepe-regulamenta-ingresso-de-estudantes-refugiados#:~:text=RESOLU%C3%87%C3%83O%20N%C2%BA%2006\/2019%2C%20DE%2011%20DE%20JUNHO%20DE%202019\">Resolu\u00e7\u00e3o n\u00ba 06, de 11 de junho de 2019<\/a>, do Conselho de Ensino, Pesquisa e Extens\u00e3o da UFMG, que regulamenta o aproveitamento de estudos realizados por estudantes de gradua\u00e7\u00e3o em outras institui\u00e7\u00f5es de ensino superior, inclusive aqueles realizados em mobilidade acad\u00eamica nacional e internacional;<\/p>\n<p><a href=\"https:\/\/www.ufmg.br\/prograd\/wp-content\/uploads\/2025\/06\/ResCEPE0525.pdf\">Resolu\u00e7\u00e3o n\u00ba 05, de 8 de julho de 2025<\/a>, do Conselho de Ensino, Pesquisa e Extens\u00e3o da UFMG, que regulamenta os processos de mobilidade acad\u00eamica nacional e internacional no \u00e2mbito da gradua\u00e7\u00e3o na UFMG;<\/p>\n<p><a href=\"http:\/\/www.andifes.org.br\/\" target=\"_blank\" rel=\"noopener\">Site da Andifes;<\/a><\/p>\n<p><a href=\"https:\/\/www.ufmg.br\/prograd\/wp-content\/uploads\/2022\/01\/convANDIFESMobilidadeAcademica.pdf\">Conv\u00eanio Andifes de mobilidade acad\u00eamica;<\/a><\/p>\n<p><a href=\"https:\/\/www.ufmg.br\/prograd\/wp-content\/uploads\/2022\/01\/IFES-Participantes.pdf\">Ifes participantes;<\/a><\/p>\n<p><a href=\"https:\/\/www.ufmg.br\/prograd\/wp-content\/uploads\/2024\/03\/Manual.pdf\">Manual de usu\u00e1rio externo do SEI.<\/a><\/p>\n<\/div>\n<\/div>\n<\/div>\n<\/div>\n<\/div>\n<\/div>\n<\/div>\n<\/div>\n<\/div>\n<\/div>\n<\/div>\n<\/div>\n","protected":false},"excerpt":{"rendered":"<p>A Universidade Federal de Minas Gerais oferece aos estudantes de [&hellip;]<\/p>\n","protected":false},"author":1,"featured_media":0,"parent":0,"menu_order":0,"comment_status":"closed","ping_status":"closed","template":"","meta":{"_acf_changed":false,"footnotes":""},"tags":[],"class_list":["post-517","page","type-page","status-publish","hentry"],"acf":[],"_links":{"self":[{"href":"https:\/\/www.ufmg.br\/prograd\/wp-json\/wp\/v2\/pages\/517","targetHints":{"allow":["GET"]}}],"collection":[{"href":"https:\/\/www.ufmg.br\/prograd\/wp-json\/wp\/v2\/pages"}],"about":[{"href":"https:\/\/www.ufmg.br\/prograd\/wp-json\/wp\/v2\/types\/page"}],"author":[{"embeddable":true,"href":"https:\/\/www.ufmg.br\/prograd\/wp-json\/wp\/v2\/users\/1"}],"replies":[{"embeddable":true,"href":"https:\/\/www.ufmg.br\/prograd\/wp-json\/wp\/v2\/comments?post=517"}],"version-history":[{"count":35,"href":"https:\/\/www.ufmg.br\/prograd\/wp-json\/wp\/v2\/pages\/517\/revisions"}],"predecessor-version":[{"id":5064,"href":"https:\/\/www.ufmg.br\/prograd\/wp-json\/wp\/v2\/pages\/517\/revisions\/5064"}],"wp:attachment":[{"href":"https:\/\/www.ufmg.br\/prograd\/wp-json\/wp\/v2\/media?parent=517"}],"wp:term":[{"taxonomy":"post_tag","embeddable":true,"href":"https:\/\/www.ufmg.br\/prograd\/wp-json\/wp\/v2\/tags?post=517"}],"curies":[{"name":"wp","href":"https:\/\/api.w.org\/{rel}","templated":true}]}}