{"id":521,"date":"2021-06-29T23:27:23","date_gmt":"2021-06-30T02:27:23","guid":{"rendered":"https:\/\/www.ufmg.br\/prograd\/?page_id=521"},"modified":"2022-01-25T12:47:54","modified_gmt":"2022-01-25T15:47:54","slug":"publico-externo","status":"publish","type":"page","link":"https:\/\/www.ufmg.br\/prograd\/publico-externo\/","title":{"rendered":"P\u00fablico externo"},"content":{"rendered":"<ul class=\"sub-menu\">\n<li class=\"menu-item menu-item-type-post_type menu-item-object-page menu-item-544\"><a href=\"https:\/\/www.ufmg.br\/prograd\/mostra-sua-ufmg\/\">Mostra Sua UFMG<\/a><\/li>\n<li class=\"menu-item menu-item-type-post_type menu-item-object-page menu-item-955\"><a href=\"https:\/\/www.ufmg.br\/prograd\/processos-seletivos-2\/\">Processos seletivos<\/a><\/li>\n<li class=\"menu-item menu-item-type-post_type menu-item-object-page menu-item-539\"><a href=\"https:\/\/www.ufmg.br\/prograd\/revalidacao-de-diplomas\/\">Revalida\u00e7\u00e3o de Diplomas<\/a><\/li>\n<li class=\"menu-item menu-item-type-post_type menu-item-object-page menu-item-1811\"><a href=\"https:\/\/www.ufmg.br\/prograd\/orientacoes-para-contratacao\/\">Est\u00e1gio \u2013 Orienta\u00e7\u00f5es para contrata\u00e7\u00e3o<\/a><\/li>\n<\/ul>\n","protected":false},"excerpt":{"rendered":"<p>Mostra Sua UFMG Processos seletivos Revalida\u00e7\u00e3o de Diplomas Est\u00e1gio \u2013 [&hellip;]<\/p>\n","protected":false},"author":1,"featured_media":0,"parent":0,"menu_order":0,"comment_status":"closed","ping_status":"closed","template":"","meta":{"_acf_changed":false,"footnotes":""},"tags":[],"class_list":["post-521","page","type-page","status-publish","hentry"],"acf":[],"_links":{"self":[{"href":"https:\/\/www.ufmg.br\/prograd\/wp-json\/wp\/v2\/pages\/521","targetHints":{"allow":["GET"]}}],"collection":[{"href":"https:\/\/www.ufmg.br\/prograd\/wp-json\/wp\/v2\/pages"}],"about":[{"href":"https:\/\/www.ufmg.br\/prograd\/wp-json\/wp\/v2\/types\/page"}],"author":[{"embeddable":true,"href":"https:\/\/www.ufmg.br\/prograd\/wp-json\/wp\/v2\/users\/1"}],"replies":[{"embeddable":true,"href":"https:\/\/www.ufmg.br\/prograd\/wp-json\/wp\/v2\/comments?post=521"}],"version-history":[{"count":3,"href":"https:\/\/www.ufmg.br\/prograd\/wp-json\/wp\/v2\/pages\/521\/revisions"}],"predecessor-version":[{"id":1987,"href":"https:\/\/www.ufmg.br\/prograd\/wp-json\/wp\/v2\/pages\/521\/revisions\/1987"}],"wp:attachment":[{"href":"https:\/\/www.ufmg.br\/prograd\/wp-json\/wp\/v2\/media?parent=521"}],"wp:term":[{"taxonomy":"post_tag","embeddable":true,"href":"https:\/\/www.ufmg.br\/prograd\/wp-json\/wp\/v2\/tags?post=521"}],"curies":[{"name":"wp","href":"https:\/\/api.w.org\/{rel}","templated":true}]}}