{"id":524,"date":"2021-06-29T23:30:28","date_gmt":"2021-06-30T02:30:28","guid":{"rendered":"https:\/\/www.ufmg.br\/prograd\/?page_id=524"},"modified":"2022-06-22T13:25:02","modified_gmt":"2022-06-22T16:25:02","slug":"servidores","status":"publish","type":"page","link":"https:\/\/www.ufmg.br\/prograd\/servidores\/","title":{"rendered":"Comunidade da UFMG"},"content":{"rendered":"<ul class=\"sub-menu\">\n<li class=\"menu-item menu-item-type-post_type menu-item-object-page menu-item-826\"><a href=\"https:\/\/www.ufmg.br\/prograd\/orientacoes-covid-19\/\">Ensino Emergencial (Covid-19)<\/a><\/li>\n<li class=\"menu-item menu-item-type-post_type menu-item-object-page menu-item-1353\"><a href=\"https:\/\/www.ufmg.br\/prograd\/editais-e-chamadas\/\">Editais e Chamadas<\/a><\/li>\n<li class=\"menu-item menu-item-type-post_type menu-item-object-page menu-item-1261\"><a href=\"https:\/\/www.ufmg.br\/prograd\/documentos-oficiais\/\">Documentos oficiais<\/a><\/li>\n<li class=\"menu-item menu-item-type-post_type menu-item-object-page menu-item-1209\"><a href=\"https:\/\/www.ufmg.br\/prograd\/normas-gerais-de-graduacao-e-resolucoes\/\">Normas Gerais de Gradua\u00e7\u00e3o<\/a><\/li>\n<li><a href=\"https:\/\/www.ufmg.br\/prograd\/relatorios\/\">Relat\u00f3rios do Setor de Estat\u00edstica<\/a><\/li>\n<li class=\"menu-item menu-item-type-post_type menu-item-object-page menu-item-858\"><a href=\"https:\/\/www.ufmg.br\/prograd\/formularios\/\">Formul\u00e1rios<\/a><\/li>\n<li class=\"menu-item menu-item-type-post_type menu-item-object-page menu-item-1206\"><a href=\"https:\/\/www.ufmg.br\/prograd\/estagio\/\">Est\u00e1gio<\/a><\/li>\n<li class=\"menu-item menu-item-type-post_type menu-item-object-page menu-item-1208\"><a href=\"https:\/\/www.ufmg.br\/prograd\/formacao-docente\/\">Forma\u00e7\u00e3o em doc\u00eancia do Ensino Superior<\/a><\/li>\n<li class=\"menu-item menu-item-type-post_type menu-item-object-page menu-item-1207\"><a href=\"https:\/\/www.ufmg.br\/prograd\/programa-de-bolsas\/\">Programa de Bolsas<\/a><\/li>\n<li class=\"menu-item menu-item-type-post_type menu-item-object-page menu-item-744\"><a href=\"https:\/\/www.ufmg.br\/prograd\/semana-da-graduacao\/\">Semana da Gradua\u00e7\u00e3o<\/a><\/li>\n<li class=\"menu-item menu-item-type-post_type menu-item-object-page menu-item-562\"><a href=\"https:\/\/www.ufmg.br\/prograd\/avaliacao-interna-e-externa\/\">Avalia\u00e7\u00e3o interna e externa<\/a><\/li>\n<li class=\"menu-item menu-item-type-post_type menu-item-object-page menu-item-1734\"><a href=\"https:\/\/www.ufmg.br\/prograd\/site-antigo\/\">Site antigo<\/a><\/li>\n<\/ul>\n","protected":false},"excerpt":{"rendered":"<p>Ensino Emergencial (Covid-19) Editais e Chamadas Documentos oficiais Normas Gerais [&hellip;]<\/p>\n","protected":false},"author":1,"featured_media":0,"parent":0,"menu_order":0,"comment_status":"closed","ping_status":"closed","template":"","meta":{"_acf_changed":false,"footnotes":""},"tags":[],"class_list":["post-524","page","type-page","status-publish","hentry"],"acf":[],"_links":{"self":[{"href":"https:\/\/www.ufmg.br\/prograd\/wp-json\/wp\/v2\/pages\/524","targetHints":{"allow":["GET"]}}],"collection":[{"href":"https:\/\/www.ufmg.br\/prograd\/wp-json\/wp\/v2\/pages"}],"about":[{"href":"https:\/\/www.ufmg.br\/prograd\/wp-json\/wp\/v2\/types\/page"}],"author":[{"embeddable":true,"href":"https:\/\/www.ufmg.br\/prograd\/wp-json\/wp\/v2\/users\/1"}],"replies":[{"embeddable":true,"href":"https:\/\/www.ufmg.br\/prograd\/wp-json\/wp\/v2\/comments?post=524"}],"version-history":[{"count":9,"href":"https:\/\/www.ufmg.br\/prograd\/wp-json\/wp\/v2\/pages\/524\/revisions"}],"predecessor-version":[{"id":2419,"href":"https:\/\/www.ufmg.br\/prograd\/wp-json\/wp\/v2\/pages\/524\/revisions\/2419"}],"wp:attachment":[{"href":"https:\/\/www.ufmg.br\/prograd\/wp-json\/wp\/v2\/media?parent=524"}],"wp:term":[{"taxonomy":"post_tag","embeddable":true,"href":"https:\/\/www.ufmg.br\/prograd\/wp-json\/wp\/v2\/tags?post=524"}],"curies":[{"name":"wp","href":"https:\/\/api.w.org\/{rel}","templated":true}]}}