{"id":537,"date":"2021-06-30T13:39:54","date_gmt":"2021-06-30T16:39:54","guid":{"rendered":"https:\/\/www.ufmg.br\/prograd\/?page_id=537"},"modified":"2024-12-20T17:29:52","modified_gmt":"2024-12-20T20:29:52","slug":"revalidacao-de-diplomas","status":"publish","type":"page","link":"https:\/\/www.ufmg.br\/prograd\/revalidacao-de-diplomas\/","title":{"rendered":"Revalida\u00e7\u00e3o de Diplomas"},"content":{"rendered":"<p>O processo de revalida\u00e7\u00e3o \u00e9 o procedimento que avalia a forma\u00e7\u00e3o de gradua\u00e7\u00e3o recebida pelo(a) interessado(a) no exterior e verifica se ela \u00e9 compat\u00edvel com a forma\u00e7\u00e3o exigida no Brasil. Para isso, \u00e9 necess\u00e1rio que uma comiss\u00e3o de professores avalie toda a documenta\u00e7\u00e3o exigida, de forma cuidadosa, para emitir, ao final, sua recomenda\u00e7\u00e3o, ou n\u00e3o, da revalida\u00e7\u00e3o. Dessa forma, a inscri\u00e7\u00e3o e pagamento da taxa de revalida\u00e7\u00e3o <strong>n\u00e3o s\u00e3o garantia da aprova\u00e7\u00e3o do pedido de revalida\u00e7\u00e3o<\/strong>. A inscri\u00e7\u00e3o e o pagamento da taxa s\u00e3o necess\u00e1rios para que a Universidade avalie o pedido. Contudo, a revalida\u00e7\u00e3o s\u00f3 ser\u00e1 concedida se a forma\u00e7\u00e3o estrangeira for compat\u00edvel com a exigida no Brasil.<\/p>\n<p>A revalida\u00e7\u00e3o \u00e9 necess\u00e1ria para que o(a) interessado(a) possa exercer a profiss\u00e3o no Brasil.<\/p>\n<div class=\"attribute-short\">\n<style>#sp-ea-4352 .spcollapsing { height: 0; overflow: hidden; transition-property: height;transition-duration: 500ms;}#sp-ea-4352.sp-easy-accordion>.sp-ea-single {margin-bottom: 10px; border: 1px solid #e2e2e2; }#sp-ea-4352.sp-easy-accordion>.sp-ea-single>.ea-header a {color: #444;}#sp-ea-4352.sp-easy-accordion>.sp-ea-single>.sp-collapse>.ea-body {background: #fff; color: #444;}#sp-ea-4352.sp-easy-accordion>.sp-ea-single {background: #eee;}#sp-ea-4352.sp-easy-accordion>.sp-ea-single>.ea-header a .ea-expand-icon { float: left; color: #444;font-size: 16px;}<\/style><div id=\"sp_easy_accordion-1738263506\"><div id=\"sp-ea-4352\" class=\"sp-ea-one sp-easy-accordion\" data-ea-active=\"ea-click\" data-ea-mode=\"vertical\" data-preloader=\"\" data-scroll-active-item=\"\" data-offset-to-scroll=\"0\"><div class=\"ea-card sp-ea-single\"><h3 class=\"ea-header\"><a class=\"collapsed\" id=\"ea-header-43520\" role=\"button\" data-sptoggle=\"spcollapse\" data-sptarget=\"#collapse43520\" aria-controls=\"collapse43520\" href=\"#\" aria-expanded=\"false\" tabindex=\"0\"><i aria-hidden=\"true\" role=\"presentation\" class=\"ea-expand-icon eap-icon-ea-expand-plus\"><\/i> REVALIDA\u00c7\u00c3O DE DIPLOMAS PARA TODOS OS CURSOS DE GRADUA\u00c7\u00c3O DA UFMG, EXCETO MEDICINA<\/a><\/h3><div class=\"sp-collapse spcollapse spcollapse\" id=\"collapse43520\" data-parent=\"#sp-ea-4352\" role=\"region\" aria-labelledby=\"ea-header-43520\"> <div class=\"ea-body\"><p>O primeiro passo \u00e9 ler o <strong>Edital UFMG n\u00ba 708\/2026<\/strong>, que estipula todas as regras do processo de revalida\u00e7\u00e3o, incluindo a documenta\u00e7\u00e3o obrigat\u00f3ria, taxa de inscri\u00e7\u00e3o, etapas do processo, casos de indeferimento do pedido etc. O <em>link<\/em> para acesso ao Edital \u00e9 apresentado ao final desse texto.<\/p><p>Ap\u00f3s a leitura do edital, se houver alguma d\u00favida, entre em contato conosco pelo e-mail revalidacao@prograd.ufmg.br - para evitar conflitos de informa\u00e7\u00e3o, as d\u00favidas sobre o processo de revalida\u00e7\u00e3o s\u00e3o esclarecidas somente por e-mail.<\/p><p>Na sequ\u00eancia, acesse a plataforma Carolina Bori (<em>link<\/em> no final do texto). Essa plataforma \u00e9 utilizada pela UFMG como sistema eletr\u00f4nico de recep\u00e7\u00e3o e tramita\u00e7\u00e3o dos pedidos, para enviar sua solicita\u00e7\u00e3o de revalida\u00e7\u00e3o. Importante: a plataforma Carolina Bori \u00e9 gerida pelo Minist\u00e9rio da Educa\u00e7\u00e3o (MEC). Se houver qualquer dificuldade ou d\u00favida com a utiliza\u00e7\u00e3o dela o(a) requerente deve entrar em contato com o MEC (<em>link<\/em> no final do texto).<\/p><p>A \u00fanica forma autorizada para protocolo de pedidos de revalida\u00e7\u00e3o \u00e9 a plataforma Carolina Bori. Pedidos enviados de outra forma (e-mail, Correios etc.) n\u00e3o ser\u00e3o conhecidos, ou seja, ser\u00e3o recusados sem an\u00e1lise.<\/p><p><em>Links<\/em>:<br \/><a href=\"https:\/\/sei.ufmg.br\/sei\/publicacoes\/controlador_publicacoes.php?acao=publicacao_visualizar&amp;id_documento=5458838&amp;id_orgao_publicacao=0\" target=\"_blank\" rel=\"noopener\">Edital UFMG n\u00ba 708\/2026 - Revalida\u00e7\u00e3o de Diplomas de Gradua\u00e7\u00e3o Expedidos por Estabelecimentos Estrangeiros de Ensino Superior (vers\u00e3o HTML)<\/a><\/p><p><a href=\"https:\/\/www.ufmg.br\/prograd\/arquivos\/revalidacao\/EditalRev2026_708.pdf\">Edital UFMG n\u00ba 708\/2026 - Revalida\u00e7\u00e3o de Diplomas de Gradua\u00e7\u00e3o Expedidos por Estabelecimentos Estrangeiros de Ensino Superior (vers\u00e3o PDF)<\/a><\/p><p><a href=\"https:\/\/plataformacarolinabori.mec.gov.br\/\">Plataforma Carolina Bori<\/a><\/p><p><a href=\"https:\/\/www.gov.br\/mec\/pt-br\/canais_atendimento\/fale-conosco\">Contato do Minist\u00e9rio da Educa\u00e7\u00e3o para suporte \u00e0 plataforma Carolina Bori<\/a><\/p><\/div><\/div><\/div><div class=\"ea-card sp-ea-single\"><h3 class=\"ea-header\"><a class=\"collapsed\" id=\"ea-header-43521\" role=\"button\" data-sptoggle=\"spcollapse\" data-sptarget=\"#collapse43521\" aria-controls=\"collapse43521\" href=\"#\" aria-expanded=\"false\" tabindex=\"0\"><i aria-hidden=\"true\" role=\"presentation\" class=\"ea-expand-icon eap-icon-ea-expand-plus\"><\/i> REVALIDA\u00c7\u00c3O DE DIPLOMAS PARA MEDICINA<\/a><\/h3><div class=\"sp-collapse spcollapse spcollapse\" id=\"collapse43521\" data-parent=\"#sp-ea-4352\" role=\"region\" aria-labelledby=\"ea-header-43521\"> <div class=\"ea-body\"><p>A UFMG aderiu ao Exame Nacional de Revalida\u00e7\u00e3o de Diplomas M\u00e9dicos Expedidos por Institui\u00e7\u00e3o de Educa\u00e7\u00e3o Superior Estrangeira (Revalida), coordenado pelo Instituto Nacional de Estudos e Pesquisas Educacionais An\u00edsio Teixeira (Inep) em 08\/06\/2021 e, desde ent\u00e3o, passou a exigir a aprova\u00e7\u00e3o nesse exame para <strong>todos<\/strong> os pedidos de revalida\u00e7\u00e3o do curso de Medicina. Assim, n\u00e3o h\u00e1 recep\u00e7\u00e3o de pedidos de revalida\u00e7\u00e3o de pessoas n\u00e3o aprovadas no Revalida e o envio de pedidos fora desse padr\u00e3o implicar\u00e1 na recusa da solicita\u00e7\u00e3o sem an\u00e1lise de m\u00e9rito.<\/p><p>Refor\u00e7ando a decis\u00e3o da Universidade, a C\u00e2mara de Educa\u00e7\u00e3o Superior do Conselho Nacional de Educa\u00e7\u00e3o publicou, em 20\/12\/2024, sua Resolu\u00e7\u00e3o CNE\/CES N\u00ba 2, de 19 de dezembro de 2024, que estipula:<\/p><blockquote><p><em>Art. 11. A revalida\u00e7\u00e3o de diploma de gradua\u00e7\u00e3o em Medicina expedido por universidade estrangeira <strong>ser\u00e1 condicionada<\/strong> \u00e0 aprova\u00e7\u00e3o no Exame Nacional de Revalida\u00e7\u00e3o de Diplomas M\u00e9dicos Expedidos por Institui\u00e7\u00e3o de Educa\u00e7\u00e3o Superior Estrangeira - Revalida, de que trata a Lei n\u00ba 13.959, de 18 de dezembro de 2019.<\/em> (grifamos)<\/p><\/blockquote><p>Por fim, a decis\u00e3o da UFMG foi consagrada por delibera\u00e7\u00e3o unanime da Segunda Se\u00e7\u00e3o do Tribunal Regional Federal da 6\u00aa Regi\u00e3o, em julgamento de incidente de assun\u00e7\u00e3o de compet\u00eancia, processo 1010082-64.2023.4.06.0000, que fixou, dentre outras, a tese de que:<\/p><blockquote><p>(...) a ado\u00e7\u00e3o do exame nacional REVALIDA prevista na Lei n\u00ba 13.959\/19, por Institui\u00e7\u00e3o Federal de Ensino Superior, a desobriga da presta\u00e7\u00e3o do servi\u00e7o de revalida\u00e7\u00e3o quer sob a modalidade detalhada, quer sob a modalidade simplificada.<\/p><\/blockquote><h5>Para os j\u00e1 aprovados no Revalida<\/h5><p>Para os j\u00e1 aprovados no Revalida e que escolheram a UFMG como universidade revalidadora, basta seguir as instru\u00e7\u00f5es da Portaria Prograd\/UFMG N\u00ba 8910, de 2 de outubro de 2023 (link abaixo, no final do texto). <strong>Essas orienta\u00e7\u00f5es ainda est\u00e3o vigentes para o ano de 2025<\/strong>.<\/p><p>Ainda em rela\u00e7\u00e3o a Resolu\u00e7\u00e3o CNE\/CES N\u00ba 2, de 2024, que, em seus artigos 12 e 13, prev\u00ea uma pr\u00e9-valida\u00e7\u00e3o dos documentos do interessado para permitir a participa\u00e7\u00e3o no Revalida, informamos que aguardamos as orienta\u00e7\u00f5es do MEC quanto \u00e0 operacionaliza\u00e7\u00e3o do procedimento. Orientamos os requerentes que aguardem a publica\u00e7\u00e3o do edital do pr\u00f3ximo Revalida. Lembramos que, ainda conforme previsto na Resolu\u00e7\u00e3o, em seu art. 33, o Inep e as universidades revalidadoras disp\u00f5em de 12 meses para adequa\u00e7\u00e3o do processo ao novo fluxo.<\/p><p><em>Links<\/em>:<\/p><p><a href=\"https:\/\/www.gov.br\/inep\/pt-br\/areas-de-atuacao\/avaliacao-e-exames-educacionais\/revalida\" target=\"_blank\" rel=\"noopener\">Exame Nacional de Revalida\u00e7\u00e3o de Diplomas M\u00e9dicos Expedidos por Institui\u00e7\u00e3o de Educa\u00e7\u00e3o Superior Estrangeira (Revalida)<\/a><\/p><p><a href=\"https:\/\/www.in.gov.br\/web\/dou\/-\/resolucao-cne\/ces-n-2-de-19-de-dezembro-de-2024-603280099\" target=\"_blank\" rel=\"noopener\">Resolu\u00e7\u00e3o CNE\/CES N\u00ba 2, de 19 de dezembro de 2024<\/a><\/p><p><a href=\"https:\/\/www.ufmg.br\/prograd\/wp-content\/uploads\/2023\/10\/Portaria8910.pdf\" target=\"_blank\" rel=\"noopener\">Portaria Prograd\/UFMG N\u00ba 8910, de 2 de outubro de 2023 - ainda vigente para 2025<\/a><\/p><\/div><\/div><\/div><div class=\"ea-card sp-ea-single\"><h3 class=\"ea-header\"><a class=\"collapsed\" id=\"ea-header-43522\" role=\"button\" data-sptoggle=\"spcollapse\" data-sptarget=\"#collapse43522\" aria-controls=\"collapse43522\" href=\"#\" aria-expanded=\"false\" tabindex=\"0\"><i aria-hidden=\"true\" role=\"presentation\" class=\"ea-expand-icon eap-icon-ea-expand-plus\"><\/i> REVALIDA\u00c7\u00c3O DE DIPLOMAS BRASILEIROS NO EXTERIOR<\/a><\/h3><div class=\"sp-collapse spcollapse spcollapse\" id=\"collapse43522\" data-parent=\"#sp-ea-4352\" role=\"region\" aria-labelledby=\"ea-header-43522\"> <div class=\"ea-body\"><p>A Secretaria-Geral da Pr\u00f3-Reitoria de Gradua\u00e7\u00e3o da UFMG n\u00e3o participa do processo de revalida\u00e7\u00e3o de diplomas brasileiros em outros pa\u00edses. Nesse caso, o interessado deve entrar em contato com o consulado do pa\u00eds de interesse para verificar os requisitos de revalida\u00e7\u00e3o.<\/p><p>A Secretaria-Geral da Pr\u00f3-Reitoria de Gradua\u00e7\u00e3o da UFMG tamb\u00e9m n\u00e3o possui qualquer acordo\/conv\u00eanio com empresas privadas para autenticar documentos para revalida\u00e7\u00e3o no exterior.<\/p><\/div><\/div><\/div><div class=\"ea-card sp-ea-single\"><h3 class=\"ea-header\"><a class=\"collapsed\" id=\"ea-header-43523\" role=\"button\" data-sptoggle=\"spcollapse\" data-sptarget=\"#collapse43523\" aria-controls=\"collapse43523\" href=\"#\" aria-expanded=\"false\" tabindex=\"0\"><i aria-hidden=\"true\" role=\"presentation\" class=\"ea-expand-icon eap-icon-ea-expand-plus\"><\/i> VALIDA\u00c7\u00c3O DE DIPLOMAS DE N\u00cdVEL FUNDAMENTAL E M\u00c9DIO OBTIDOS NO EXTERIOR<\/a><\/h3><div class=\"sp-collapse spcollapse spcollapse\" id=\"collapse43523\" data-parent=\"#sp-ea-4352\" role=\"region\" aria-labelledby=\"ea-header-43523\"> <div class=\"ea-body\"><p>A valida\u00e7\u00e3o de diplomas de Ensino Fundamental e M\u00e9dio estrangeiros \u00e9 feito, no Brasil, pelas Secretarias Estaduais de Educa\u00e7\u00e3o. Procure a Secretaria de Estado de Educa\u00e7\u00e3o do seu estado de resid\u00eancia para informa\u00e7\u00f5es. No caso de Minas Gerais, informa\u00e7\u00f5es podem ser obtidas no <em>link<\/em> abaixo - voc\u00ea ser\u00e1 direcionado a uma p\u00e1gina que pertence ao Governo do Estado de Minas Gerias e pode ser alterada sem pr\u00e9vio aviso:<\/p><p><a href=\"https:\/\/www.mg.gov.br\/servico\/validar-estudos-concluidos-no-exterior-em-nivel-de-ensino-medio\">https:\/\/www.mg.gov.br\/servico\/validar-estudos-concluidos-no-exterior-em-nivel-de-ensino-medio<\/a><\/p><p>Em outros estados, pesquise por: valida\u00e7\u00e3o ensino fundamental\/m\u00e9dio mais o nome do estado, em qualquer p\u00e1gina de pesquisa da internet.<\/p><\/div><\/div><\/div><div class=\"ea-card sp-ea-single\"><h3 class=\"ea-header\"><a class=\"collapsed\" id=\"ea-header-43524\" role=\"button\" data-sptoggle=\"spcollapse\" data-sptarget=\"#collapse43524\" aria-controls=\"collapse43524\" href=\"#\" aria-expanded=\"false\" tabindex=\"0\"><i aria-hidden=\"true\" role=\"presentation\" class=\"ea-expand-icon eap-icon-ea-expand-plus\"><\/i> RECONHECIMENTO DE DIPLOMAS DE P\u00d3S-GRADUA\u00c7\u00c3O (especializa\u00e7\u00e3o, mestrado e doutorado)<\/a><\/h3><div class=\"sp-collapse spcollapse spcollapse\" id=\"collapse43524\" data-parent=\"#sp-ea-4352\" role=\"region\" aria-labelledby=\"ea-header-43524\"> <div class=\"ea-body\"><p>A Secretaria-Geral da Pr\u00f3-Reitoria de Gradua\u00e7\u00e3o (Prograd), respons\u00e1vel por essa p\u00e1gina, cuida apenas da revalida\u00e7\u00e3o de diplomas de <strong>gradua\u00e7\u00e3o<\/strong> obtidos no exterior. Na UFMG, a responsabilidade pela p\u00f3s-gradua\u00e7\u00e3o - <em>lato <\/em>(especializa\u00e7\u00e3o, MBA etc.) e <em>stricto sensu<\/em> (mestrado e doutorado) - \u00e9 da Pr\u00f3-Reitoria de P\u00f3s-Gradua\u00e7\u00e3o, que deve ser consultada no caso de demandas desse tipo. Informa\u00e7\u00f5es em:<\/p><p><a href=\"https:\/\/www.ufmg.br\/prpg\/\">https:\/\/www.ufmg.br\/prpg\/<\/a><\/p><\/div><\/div><\/div><div class=\"ea-card sp-ea-single\"><h3 class=\"ea-header\"><a class=\"collapsed\" id=\"ea-header-43525\" role=\"button\" data-sptoggle=\"spcollapse\" data-sptarget=\"#collapse43525\" aria-controls=\"collapse43525\" href=\"#\" aria-expanded=\"false\" tabindex=\"0\"><i aria-hidden=\"true\" role=\"presentation\" class=\"ea-expand-icon eap-icon-ea-expand-plus\"><\/i> TRANSPAR\u00caNCIA<\/a><\/h3><div class=\"sp-collapse spcollapse spcollapse\" id=\"collapse43525\" data-parent=\"#sp-ea-4352\" role=\"region\" aria-labelledby=\"ea-header-43525\"> <div class=\"ea-body\"><p>Os dados de processos de revalida\u00e7\u00e3o tramitados pela plataforma Carolina Bori e pelo Revalida s\u00e3o divulgados nas p\u00e1ginas de ambos:<\/p><p><a href=\"https:\/\/carolinabori.mec.gov.br\/\" target=\"_blank\" rel=\"noopener\">Portal Carolina Bori<\/a><\/p><p><a href=\"https:\/\/www.gov.br\/inep\/pt-br\/areas-de-atuacao\/avaliacao-e-exames-educacionais\/revalida\">Revalida<\/a><\/p><\/div><\/div><\/div><div class=\"ea-card sp-ea-single\"><h3 class=\"ea-header\"><a class=\"collapsed\" id=\"ea-header-43526\" role=\"button\" data-sptoggle=\"spcollapse\" data-sptarget=\"#collapse43526\" aria-controls=\"collapse43526\" href=\"#\" aria-expanded=\"false\" tabindex=\"0\"><i aria-hidden=\"true\" role=\"presentation\" class=\"ea-expand-icon eap-icon-ea-expand-plus\"><\/i> ATENDIMENTO<\/a><\/h3><div class=\"sp-collapse spcollapse spcollapse\" id=\"collapse43526\" data-parent=\"#sp-ea-4352\" role=\"region\" aria-labelledby=\"ea-header-43526\"> <div class=\"ea-body\"><p>Nosso contato, para d\u00favidas e informa\u00e7\u00f5es, \u00e9 o e-mail revalidacao@prograd.ufmg.br.<\/p><p>O atendimento telef\u00f4nico ser\u00e1 limitado a quest\u00f5es pontuais ou prementes, de forma a permitir que a equipe concentre na execu\u00e7\u00e3o dos processos de revalida\u00e7\u00e3o. O contato, nesses casos, \u00e9 (31) 3409-3911.<\/p><p>Por motivo similar, o atendimento presencial estar\u00e1 restrito aos requerentes solicitados a comparecer para apresentar documentos originais fisicamente. Nessas situa\u00e7\u00f5es, ser\u00e1 feito agendamento pr\u00e9vio por e-mail.<\/p><h5>Retirada de apostila de revalida\u00e7\u00e3o<\/h5><p>O agendamento para retirada da apostila de revalida\u00e7\u00e3o deve ser feito apenas ap\u00f3s nossa comunica\u00e7\u00e3o de que o procedimento est\u00e1 finalizado e o documento pronto. A retirada deve ser feita pelo requerente, que dever\u00e1 apresentar seu documento de identidade original e v\u00e1lido no Brasil, junto de seu Diploma original estrangeiro, que deve ter a Apostila de Haia\/legaliza\u00e7\u00e3o consular, como exigido no Edital de Revalida\u00e7\u00e3o, al\u00e9m da tradu\u00e7\u00e3o juramentada, nos casos das l\u00ednguas para as quais ela \u00e9 obrigat\u00f3ria.<\/p><p><span style=\"text-decoration: underline\">Posso pedir para outra pessoa fazer a retirada da apostila por mim?<\/span><br \/><strong>Sim<\/strong>. Nesse caso, \u00e9 necess\u00e1rio nomear o procurador por procura\u00e7\u00e3o simples, indicando, pelo menos, o poder para retirar sua Apostila de Revalida\u00e7\u00e3o junto \u00e0 Universidade Federal de Minas Gerais. Essa procura\u00e7\u00e3o deve ser assinado pelo requerente e a assinatura deve ser reconhecida em cart\u00f3rio brasileiro ou em consulado brasileiro (caso o requerente esteja no exterior). O procurador deve comparecer a UFMG com o Diploma do requerente, com a procura\u00e7\u00e3o e com o documento de identidade do procurador, todos ORIGINAIS.<\/p><p>Nos links a seguir, voc\u00ea encontra modelo de procura\u00e7\u00e3o para a retirada da apostila de revalida\u00e7\u00e3o. Os dois modelos s\u00e3o iguais, a diferen\u00e7a \u00e9 apenas o formato do arquivo eletr\u00f4nico - para garantir a compatibilidade com mais computadores.<\/p><p><a href=\"http:\/\/www.ufmg.br\/prograd\/arquivos\/revalidacao\/modProcuracaoReval.docx\">Modelo de procura\u00e7\u00e3o - formato .docx (Word - Microsoft Office)<\/a><\/p><p><a href=\"http:\/\/www.ufmg.br\/prograd\/arquivos\/revalidacao\/modProcuracaoReval.odt\">Modelo de procura\u00e7\u00e3o - formato .odt (Writer - LibreOffice)<\/a><\/p><\/div><\/div><\/div><\/div><\/div>\n<\/div>\n","protected":false},"excerpt":{"rendered":"<p>O processo de revalida\u00e7\u00e3o \u00e9 o procedimento que avalia a [&hellip;]<\/p>\n","protected":false},"author":1,"featured_media":0,"parent":0,"menu_order":0,"comment_status":"closed","ping_status":"closed","template":"","meta":{"_acf_changed":false,"footnotes":""},"tags":[],"class_list":["post-537","page","type-page","status-publish","hentry"],"acf":[],"_links":{"self":[{"href":"https:\/\/www.ufmg.br\/prograd\/wp-json\/wp\/v2\/pages\/537","targetHints":{"allow":["GET"]}}],"collection":[{"href":"https:\/\/www.ufmg.br\/prograd\/wp-json\/wp\/v2\/pages"}],"about":[{"href":"https:\/\/www.ufmg.br\/prograd\/wp-json\/wp\/v2\/types\/page"}],"author":[{"embeddable":true,"href":"https:\/\/www.ufmg.br\/prograd\/wp-json\/wp\/v2\/users\/1"}],"replies":[{"embeddable":true,"href":"https:\/\/www.ufmg.br\/prograd\/wp-json\/wp\/v2\/comments?post=537"}],"version-history":[{"count":38,"href":"https:\/\/www.ufmg.br\/prograd\/wp-json\/wp\/v2\/pages\/537\/revisions"}],"predecessor-version":[{"id":4483,"href":"https:\/\/www.ufmg.br\/prograd\/wp-json\/wp\/v2\/pages\/537\/revisions\/4483"}],"wp:attachment":[{"href":"https:\/\/www.ufmg.br\/prograd\/wp-json\/wp\/v2\/media?parent=537"}],"wp:term":[{"taxonomy":"post_tag","embeddable":true,"href":"https:\/\/www.ufmg.br\/prograd\/wp-json\/wp\/v2\/tags?post=537"}],"curies":[{"name":"wp","href":"https:\/\/api.w.org\/{rel}","templated":true}]}}