{"id":546,"date":"2021-06-30T13:57:01","date_gmt":"2021-06-30T16:57:01","guid":{"rendered":"https:\/\/www.ufmg.br\/prograd\/?page_id=546"},"modified":"2025-11-24T08:54:17","modified_gmt":"2025-11-24T11:54:17","slug":"normas-gerais-de-graduacao-e-resolucoes","status":"publish","type":"page","link":"https:\/\/www.ufmg.br\/prograd\/normas-gerais-de-graduacao-e-resolucoes\/","title":{"rendered":"Normas Gerais de Gradua\u00e7\u00e3o"},"content":{"rendered":"<div class=\"attribute-header\">\n<div class=\"attribute-header\">\n<div class=\"attribute-header\">\n<p>As Normas Gerais de Gradua\u00e7\u00e3o (NGG) da UFMG regulamentam e fornecem diretrizes, na Universidade, para quest\u00f5es relacionadas ao regime did\u00e1tico-cient\u00edfico dos cursos de gradua\u00e7\u00e3o, tais como: estrutura curricular e gest\u00e3o dos cursos, matr\u00edcula e trancamento, ingresso e desligamento na UFMG, desempenho acad\u00eamico, entre outras.<\/p>\n<\/div>\n<div class=\"attribute-long\"><\/div>\n<p>Em 27 de agosto de 2018, foram publicadas, no <a href=\"https:\/\/www3.ufmg.br\/comunicacao\/publicacoes\/boletim\/edicao\/2029\/cepe-aprova-normas-gerais-da-graduacao-e-resolucoes-correlatas\">Boletim Informativo da UFMG<\/a>, as novas NGG, regulamentadas pela <a href=\"https:\/\/www.ufmg.br\/prograd\/wp-content\/uploads\/2024\/07\/ResCepeComp0118.pdf\">Resolu\u00e7\u00e3o Complementar CEPE n\u00ba 01\/2018<\/a>, de 20 de fevereiro de 2018.<\/p>\n<\/div>\n<p>A partir de 25 de fevereiro de 2019, quando teve in\u00edcio o primeiro per\u00edodo letivo de 2019, tais Normas entraram em vigor. Algumas de suas disposi\u00e7\u00f5es sobre desligamento autom\u00e1tico, trancamento de matr\u00edcula e registro de desempenho acad\u00eamico, no entanto, funcionar\u00e3o de maneira modificada durante o ano transit\u00f3rio de 2019, conforme detalhado na <a href=\"https:\/\/www.ufmg.br\/prograd\/wp-content\/uploads\/2024\/07\/ResCepeComum1118.pdf\">Resolu\u00e7\u00e3o CEPE n\u00ba 11\/2018<\/a>, de 7 de agosto de 2018.\u00a0 Al\u00e9m disso, \u00e9 importante destacar que a\u00a0<a href=\"https:\/\/www.ufmg.br\/prograd\/wp-content\/uploads\/2024\/07\/ResCepe012019.pdf\">Resolu\u00e7\u00e3o Complementar CEPE n\u00ba 01\/2019<\/a>, de 11 de junho de 2019, redefine o prazo-limite para encaminhamento pela C\u00e2mara de Gradua\u00e7\u00e3o da UFMG dos anteprojetos de Resolu\u00e7\u00f5es previstos nas Normas Gerais de Gradua\u00e7\u00e3o e o prazo-limite para revis\u00e3o dos Projetos Pedag\u00f3gicos e seu encaminhamento pelos Colegiados dos Cursos de Gradua\u00e7\u00e3o.<\/p>\n<\/div>\n<div class=\"attribute-long\">\n<p class=\" text-justify\">Um\u00a0<b><a href=\"https:\/\/www3.ufmg.br\/vida-academica\/regras-academicas\" target=\"_self\" rel=\"noopener\">manual<\/a><\/b>\u00a0com perguntas e respostas sobre as NGG encontra-se dispon\u00edvel na p\u00e1gina\u00a0<a href=\"https:\/\/www3.ufmg.br\/vida-academica\" target=\"_self\" rel=\"noopener\">Vida Acad\u00eamica<\/a>\u00a0do Portal da UFMG.<\/p>\n<p class=\" text-justify\">A\u00a0<a href=\"https:\/\/www3.ufmg.br\/comunicacao\/publicacoes\/boletim\/edicao\/2049\/normas-em-vigor\" target=\"_self\" rel=\"noopener\">edi\u00e7\u00e3o 2049\u00a0 do Boletim UFMG<\/a>\u00a0apresenta abordagens resumidas, direcionadas aos estudantes, dos processos de\u00a0matr\u00edcula, trancamento, exame especial e desligamento autom\u00e1tico e dos itens que comp\u00f5em o\u00a0manual.<\/p>\n<p class=\" text-justify\">Uma s\u00e9rie de resolu\u00e7\u00f5es comuns foram elaboradas para tratar quest\u00f5es previstas nas NGG. At\u00e9 o momento, as\u00a0<a href=\"https:\/\/www2.ufmg.br\/sods\/Sods\/CEPE\/Documentos\/Resolucoes-Comuns\" target=\"_self\" rel=\"noopener\">seguintes resolu\u00e7\u00f5es<\/a>\u00a0foram aprovadas e podem ser acessadas pelo\u00a0<a href=\"https:\/\/www2.ufmg.br\/sods\/Sods\/CEPE\/Documentos\/Resolucoes-Comuns\" target=\"_self\" rel=\"noopener\">endere\u00e7o eletr\u00f4nico<\/a>, selecionando o ano de aprova\u00e7\u00e3o:<\/p>\n<ul>\n<li><a href=\"https:\/\/www.ufmg.br\/prograd\/wp-content\/uploads\/2024\/07\/ResCepe012018.pdf\">Resolu\u00e7\u00e3o CEPE n\u00ba 01\/2018<\/a>, de 20 de fevereiro de 2018, que regulamenta o processo de\u00a0<b>matr\u00edcula<\/b>\u00a0em atividades acad\u00eamicas curriculares, conforme previsto no art. 94 das NGG;<\/li>\n<li><a href=\"https:\/\/www.ufmg.br\/prograd\/wp-content\/uploads\/2024\/07\/ResCepeComum0218.pdf\">Resolu\u00e7\u00e3o CEPE n\u00ba 02\/2018<\/a>, de 20 de fevereiro de 2018, que regulamenta a\u00a0<b>oferta e de defini\u00e7\u00e3o do n\u00famero de vagas ofertadas<\/b>\u00a0nas atividades acad\u00eamicas curriculares, conforme previsto no art. 18 das NGG;<\/li>\n<li><a href=\"https:\/\/www.ufmg.br\/prograd\/wp-content\/uploads\/2024\/07\/ResCepeComum1018.pdf\">Resolu\u00e7\u00e3o CEPE n\u00ba 10\/2018<\/a>, de 19 de junho de 2018, que reedita com altera\u00e7\u00f5es a resolu\u00e7\u00e3o que cria o\u00a0<b>N\u00facleo Docente Estruturante<\/b>\u00a0(NDE) dos Cursos de Gradua\u00e7\u00e3o, conforme previsto no art. 53 das NGG;<\/li>\n<li><a href=\"https:\/\/www.ufmg.br\/prograd\/wp-content\/uploads\/2024\/07\/ResCepeComum1118.pdf\">Resolu\u00e7\u00e3o CEPE n\u00ba 11\/2018<\/a>, de 07 de agosto de 2018, que define as\u00a0<b>regras de transi\u00e7\u00e3o<\/b>\u00a0para in\u00edcio de aplica\u00e7\u00e3o dos artigos que disp\u00f5em sobre desligamento, trancamento de matr\u00edcula e registro de desempenho acad\u00eamico, conforme previsto no art. 106 das NGG;<\/li>\n<li><a href=\"https:\/\/www.ufmg.br\/prograd\/wp-content\/uploads\/2024\/07\/ResCepeComum1318.pdf\">Resolu\u00e7\u00e3o CEPE n\u00ba 13\/2018<\/a>, de 11 de setembro de 2018, que regulamenta a\u00a0<b>oferta de atividades acad\u00eamicas curriculares com carga hor\u00e1ria a dist\u00e2ncia<\/b>\u00a0nos cursos de gradua\u00e7\u00e3o presenciais e a dist\u00e2ncia, conforme previsto no art. 11 das NGG;<\/li>\n<li><a href=\"https:\/\/www.ufmg.br\/prograd\/wp-content\/uploads\/2024\/07\/ResCepeComum1418.pdf\">Resolu\u00e7\u00e3o CEPE n\u00ba 14\/2018<\/a>, de 09 de outubro de 2018, que disp\u00f5e sobre o provimento de\u00a0<b>vagas remanescentes<\/b>, conforme previsto no art. 71 das NGG;<\/li>\n<li><a href=\"https:\/\/www.ufmg.br\/prograd\/wp-content\/uploads\/2024\/07\/ResCepeComum0119.pdf\">Resolu\u00e7\u00e3o CEPE n\u00ba 01\/2019<\/a>, de 09 de abril de 2019, que regulamenta a\u00a0<b>cria\u00e7\u00e3o e o registro de atividades acad\u00eamicas curriculares<\/b>, conforme previsto no art. 8<u><sup>o<\/sup><\/u>\u00a0das NGG, bem como disposi\u00e7\u00f5es espec\u00edficas sobre exame especial, trabalho de conclus\u00e3o de curso e est\u00e1gio.<\/li>\n<li><a href=\"https:\/\/www.ufmg.br\/prograd\/wp-content\/uploads\/2024\/07\/ResCepeComum0419.pdf\">Resolu\u00e7\u00e3o CEPE n\u00ba 04\/2019<\/a>, de 14 de maio de 2019, que regulamenta a realiza\u00e7\u00e3o de\u00a0<b>exame de comprova\u00e7\u00e3o de conhecimentos\u00a0<\/b>por estudantes de gradua\u00e7\u00e3o da UFMG, conforme previsto no art 10\u00ba as NGG;<\/li>\n<li><a href=\"https:\/\/www.ufmg.br\/prograd\/wp-content\/uploads\/2024\/07\/ResCepeComum0619.pdf\">Resolu\u00e7\u00e3o CEPE n\u00ba 06\/2019<\/a>, de 11 de junho de 2019, que regulamenta o\u00a0<b>aproveitamento de estudos\u00a0<\/b>realizados por estudantes de gradua\u00e7\u00e3o em outras institui\u00e7\u00f5es de ensino superior, inclusive aqueles realizados em mobilidade acad\u00eamica nacional e internacional, conforme previsto no art. 10\u00ba das NGG;<\/li>\n<li>Regulamenta\u00e7\u00e3o dos processos seletivos para o preenchimento de\u00a0<b>vagas adicionais<\/b>, que se encontra hoje regulamentado i) para refugiados, asilados pol\u00edticos, ap\u00e1tridas, portadores de visto tempor\u00e1rio de acolhida humanit\u00e1ria, portadores de autoriza\u00e7\u00e3o de resid\u00eancia para fins de acolhida humanit\u00e1ria e outros imigrantes\u00a0 benefici\u00e1rios de pol\u00edticas humanit\u00e1rias do Governo Brasileiro, por meio da\u00a0<a href=\"https:\/\/www.ufmg.br\/prograd\/wp-content\/uploads\/2024\/07\/ResCepeComum0719.pdf\">Resolu\u00e7\u00e3o CEPE n\u00ba 07\/2019<\/a>, de 11 de junho de 2019, e ii) para ind\u00edgenas por meio de\u00a0<a href=\"https:\/\/www.ufmg.br\/prograd\/wp-content\/uploads\/2024\/07\/Res1516Consuni.pdf\">Resolu\u00e7\u00e3o do Conselho Universit\u00e1rio n\u00ba 15\/2016<\/a>\u00a0de 30 de agosto de 2016, conforme previsto no art. 78 das NGG.<\/li>\n<li><a href=\"https:\/\/www.ufmg.br\/prograd\/arquivos\/docs\/Res1019.pdf\" target=\"_blank\" rel=\"noopener\">Resolu\u00e7\u00e3o CEPE n\u00ba 10\/2019<\/a>, de 10 de outubro de 2019, que estabelece diretrizes curriculares para a integraliza\u00e7\u00e3o de atividades acad\u00eamicas curriculares de\u00a0<b>Forma\u00e7\u00e3o em Extens\u00e3o Universit\u00e1ria<\/b>\u00a0nos cursos de gradua\u00e7\u00e3o da UFMG e revoga a Resolu\u00e7\u00e3o CEPE no 12\/2015, de 22 de setembro de 2015.<\/li>\n<li><a href=\"https:\/\/www.ufmg.br\/prograd\/wp-content\/uploads\/2024\/07\/ResCepeComum1419.pdf\">Resolu\u00e7\u00e3o CEPE n\u00ba 14\/2019<\/a>, de 14 de novembro de 2019, que regulamenta o\u00a0<b>regime especial<\/b>\u00a0para estudantes de gradua\u00e7\u00e3o da UFMG, conforme previsto no art. 16 das NGG.<\/li>\n<li><a href=\"https:\/\/www.ufmg.br\/prograd\/arquivos\/docs\/01rescepe2023\">Resolu\u00e7\u00e3o CEPE n\u00ba 01\/2023<\/a>, de 20 de abril de 2023, que regulamenta o <strong>regime acad\u00eamico especial para perman\u00eancia<\/strong> (RAEP) de estudantes da gradua\u00e7\u00e3o da Universidade Federal de Minas Gerais (UFMG).<\/li>\n<li><a href=\"https:\/\/www.ufmg.br\/prograd\/wp-content\/uploads\/2025\/11\/ResCepe0723.pdf\">Resolu\u00e7\u00e3o CEPE n\u00ba 07\/2023<\/a>, de 26 de outubro de 2023, que normatiza os turnos de funcionamento dos cursos<br \/>\npresenciais de gradua\u00e7\u00e3o ofertados pela Universidade Federal de Minas Gerais (UFMG) e d\u00e1 outras provid\u00eancias.<\/li>\n<li><a href=\"http:\/\/www.ufmg.br\/prograd\/wp-content\/uploads\/2025\/06\/ResCEPE0525.pdf\">Resolu\u00e7\u00e3o CEPE n\u00ba 05\/2025<\/a>, de 8 de julho de 2025, que regulamenta os processos de <strong>mobilidade acad\u00eamica nacional e internacional<\/strong> no \u00e2mbito da gradua\u00e7\u00e3o na UFMG.<\/li>\n<\/ul>\n<p><b>V\u00eddeos divulgados pela TV UFMG sobre alguns pontos das Normas Gerais da Gradua\u00e7\u00e3o<\/b>:<\/p>\n<p><a href=\"https:\/\/www.facebook.com\/tvufmg\/videos\/2333246886724071\/\" target=\"_blank\" rel=\"noopener\">S\u00e9rie Normas Gerais da Gradua\u00e7\u00e3o 1<\/a><\/p>\n<p><a href=\"https:\/\/www.facebook.com\/tvufmg\/videos\/713403789175197\/\" target=\"_blank\" rel=\"noopener\">S\u00e9rie Normas Gerais da Gradua\u00e7\u00e3o 2<\/a><\/p>\n<p><a href=\"https:\/\/www.facebook.com\/tvufmg\/videos\/406892199953812\/\" target=\"_blank\" rel=\"noopener\">S\u00e9rie Normas Gerais da Gradua\u00e7\u00e3o 3<\/a><\/p>\n<p><a href=\"https:\/\/www.facebook.com\/tvufmg\/videos\/514590442418325\/\" target=\"_blank\" rel=\"noopener\">S\u00e9rie Normas Gerais da Gradua\u00e7\u00e3o 4<\/a><\/p>\n<p><a href=\"https:\/\/www.facebook.com\/tvufmg\/videos\/2348285085490320\/\" target=\"_blank\" rel=\"noopener\">S\u00e9rie Normas Gerais da Gradua\u00e7\u00e3o 5<\/a><\/p>\n<\/div>\n","protected":false},"excerpt":{"rendered":"<p>As Normas Gerais de Gradua\u00e7\u00e3o (NGG) da UFMG regulamentam e [&hellip;]<\/p>\n","protected":false},"author":1,"featured_media":0,"parent":0,"menu_order":0,"comment_status":"closed","ping_status":"closed","template":"","meta":{"_acf_changed":false,"footnotes":""},"tags":[],"class_list":["post-546","page","type-page","status-publish","hentry"],"acf":[],"_links":{"self":[{"href":"https:\/\/www.ufmg.br\/prograd\/wp-json\/wp\/v2\/pages\/546","targetHints":{"allow":["GET"]}}],"collection":[{"href":"https:\/\/www.ufmg.br\/prograd\/wp-json\/wp\/v2\/pages"}],"about":[{"href":"https:\/\/www.ufmg.br\/prograd\/wp-json\/wp\/v2\/types\/page"}],"author":[{"embeddable":true,"href":"https:\/\/www.ufmg.br\/prograd\/wp-json\/wp\/v2\/users\/1"}],"replies":[{"embeddable":true,"href":"https:\/\/www.ufmg.br\/prograd\/wp-json\/wp\/v2\/comments?post=546"}],"version-history":[{"count":47,"href":"https:\/\/www.ufmg.br\/prograd\/wp-json\/wp\/v2\/pages\/546\/revisions"}],"predecessor-version":[{"id":5377,"href":"https:\/\/www.ufmg.br\/prograd\/wp-json\/wp\/v2\/pages\/546\/revisions\/5377"}],"wp:attachment":[{"href":"https:\/\/www.ufmg.br\/prograd\/wp-json\/wp\/v2\/media?parent=546"}],"wp:term":[{"taxonomy":"post_tag","embeddable":true,"href":"https:\/\/www.ufmg.br\/prograd\/wp-json\/wp\/v2\/tags?post=546"}],"curies":[{"name":"wp","href":"https:\/\/api.w.org\/{rel}","templated":true}]}}