{"id":555,"date":"2021-06-30T14:02:46","date_gmt":"2021-06-30T17:02:46","guid":{"rendered":"https:\/\/www.ufmg.br\/prograd\/?page_id=555"},"modified":"2025-11-17T10:17:19","modified_gmt":"2025-11-17T13:17:19","slug":"formacao-docente","status":"publish","type":"page","link":"https:\/\/www.ufmg.br\/prograd\/formacao-docente\/","title":{"rendered":"Forma\u00e7\u00e3o em doc\u00eancia do Ensino Superior"},"content":{"rendered":"<p style=\"font-weight: 400;\">A Diretoria de Inova\u00e7\u00e3o e Metodologias de Ensino (GIZ), da\u00a0Prograd, oferece\u00a0a\u00e7\u00f5es formativas\u00a0para Docentes da UFMG por meio do Laborat\u00f3rio de Forma\u00e7\u00e3o em Doc\u00eancia do Ensino Superior, o\u00a0<a href=\"https:\/\/www.ufmg.br\/giz\/laboratorio-de-formacao-em-docencias-do-ensino-superior\/\">LabDoc\u00eancias<\/a>; do <a href=\"https:\/\/www.ufmg.br\/giz\/congresso-de-inovacao-e-metodologias\/\">Congresso de Inova\u00e7\u00e3o e Metodologias de ensino superior e tecnol\u00f3gico<\/a> (CIM); da <a href=\"https:\/\/www.ufmg.br\/giz\/revista-docencia-do-ensino-superior\/\">Revista Doc\u00eancia do Ensino Superior<\/a> (RDES); das assessorias pedag\u00f3gicas e eventos espec\u00edficos internos.<\/p>\n<p style=\"font-weight: 400;\">No ano de 2020, com a necessidade de readapta\u00e7\u00e3o das aulas para o Ensino Remoto Emergencial (ERE) e, posteriormente, para o Ensino H\u00edbrido Emergencial (EHE), o GIZ juntamente com outros setores da UFMG, criou o\u00a0<a href=\"https:\/\/www.ufmg.br\/integracaodocente\">Programa Integra\u00e7\u00e3o Docente<\/a>, que, no in\u00edcio ofereceu cursos, oficinas, webinars e F\u00f3runs on-line para apoiar os professores no planejamento e implementa\u00e7\u00e3o do ensino com uso de tecnologias digitais.<\/p>\n","protected":false},"excerpt":{"rendered":"<p>A Diretoria de Inova\u00e7\u00e3o e Metodologias de Ensino (GIZ), da\u00a0Prograd, [&hellip;]<\/p>\n","protected":false},"author":1,"featured_media":0,"parent":0,"menu_order":0,"comment_status":"closed","ping_status":"closed","template":"","meta":{"_acf_changed":false,"footnotes":""},"tags":[],"class_list":["post-555","page","type-page","status-publish","hentry"],"acf":[],"_links":{"self":[{"href":"https:\/\/www.ufmg.br\/prograd\/wp-json\/wp\/v2\/pages\/555","targetHints":{"allow":["GET"]}}],"collection":[{"href":"https:\/\/www.ufmg.br\/prograd\/wp-json\/wp\/v2\/pages"}],"about":[{"href":"https:\/\/www.ufmg.br\/prograd\/wp-json\/wp\/v2\/types\/page"}],"author":[{"embeddable":true,"href":"https:\/\/www.ufmg.br\/prograd\/wp-json\/wp\/v2\/users\/1"}],"replies":[{"embeddable":true,"href":"https:\/\/www.ufmg.br\/prograd\/wp-json\/wp\/v2\/comments?post=555"}],"version-history":[{"count":9,"href":"https:\/\/www.ufmg.br\/prograd\/wp-json\/wp\/v2\/pages\/555\/revisions"}],"predecessor-version":[{"id":5345,"href":"https:\/\/www.ufmg.br\/prograd\/wp-json\/wp\/v2\/pages\/555\/revisions\/5345"}],"wp:attachment":[{"href":"https:\/\/www.ufmg.br\/prograd\/wp-json\/wp\/v2\/media?parent=555"}],"wp:term":[{"taxonomy":"post_tag","embeddable":true,"href":"https:\/\/www.ufmg.br\/prograd\/wp-json\/wp\/v2\/tags?post=555"}],"curies":[{"name":"wp","href":"https:\/\/api.w.org\/{rel}","templated":true}]}}