{"id":557,"date":"2021-06-30T14:03:04","date_gmt":"2021-06-30T17:03:04","guid":{"rendered":"https:\/\/www.ufmg.br\/prograd\/?page_id=557"},"modified":"2021-09-16T15:09:23","modified_gmt":"2021-09-16T18:09:23","slug":"avaliacao-interna-e-externa","status":"publish","type":"page","link":"https:\/\/www.ufmg.br\/prograd\/avaliacao-interna-e-externa\/","title":{"rendered":"Avalia\u00e7\u00e3o interna e externa"},"content":{"rendered":"<p>A avalia\u00e7\u00e3o das institui\u00e7\u00f5es de educa\u00e7\u00e3o superior \u00e9 parte integrante do conjunto de procedimentos avaliativos que comp\u00f5em o Sistema Nacional de Avalia\u00e7\u00e3o da Educa\u00e7\u00e3o Superior \u2013 SINAES, institu\u00eddo pela <a href=\"http:\/\/www.planalto.gov.br\/ccivil_03\/_ato2004-2006\/2004\/lei\/l10.861.htm\">Lei 10 861 de 14 de abril de 2004<\/a>.<\/p>\n<p>Fazem parte desse sistema, al\u00e9m da avalia\u00e7\u00e3o institucional, a avalia\u00e7\u00e3o de cursos de gradua\u00e7\u00e3o e o exame nacional de avalia\u00e7\u00e3o dos estudantes \u2013 ENADE. Esses processos avaliativos possibilitam a oportunidade de subsidiar a formula\u00e7\u00e3o de diretrizes para as pol\u00edticas p\u00fablicas de educa\u00e7\u00e3o superior, a melhoria da qualidade e da relev\u00e2ncia das institui\u00e7\u00f5es de ensino superior.<\/p>\n<p>Na UFMG, \u00e9 a <a href=\"https:\/\/www.ufmg.br\/dai\/\">Diretoria de Avalia\u00e7\u00e3o Institucional &#8211; DAI\u00a0 ,<\/a>ligada ao gabinete da Reitoria, que coordena e promove os processos de autoavalia\u00e7\u00e3o institucional e dos cursos, sendo respons\u00e1vel pela interlocu\u00e7\u00e3o com o MEC no que concerne \u00e0s informa\u00e7\u00f5es sobre a Universidade.<\/p>\n<p>A Prograd tamb\u00e9m avalia os cursos de gradua\u00e7\u00e3o por meio de <a href=\"https:\/\/www.ufmg.br\/prograd\/relatorios\/\">estudos<\/a> realizados pelo Setor de Estat\u00edstica. O objetivo \u00e9 ajudar a compreender e tra\u00e7ar caminhos para a \u00e1rea da Gradua\u00e7\u00e3o na UFMG. S\u00e3o produzidos relat\u00f3rios por curso, que analisam o processo de entrada e sa\u00edda dos discentes, e, tamb\u00e9m, relat\u00f3rios mais gerais com dados sobre o perfil do estudante da UFMG.<\/p>\n<p>&nbsp;<\/p>\n","protected":false},"excerpt":{"rendered":"<p>A avalia\u00e7\u00e3o das institui\u00e7\u00f5es de educa\u00e7\u00e3o superior \u00e9 parte integrante [&hellip;]<\/p>\n","protected":false},"author":1,"featured_media":0,"parent":0,"menu_order":0,"comment_status":"closed","ping_status":"closed","template":"","meta":{"_acf_changed":false,"footnotes":""},"tags":[],"class_list":["post-557","page","type-page","status-publish","hentry"],"acf":[],"_links":{"self":[{"href":"https:\/\/www.ufmg.br\/prograd\/wp-json\/wp\/v2\/pages\/557","targetHints":{"allow":["GET"]}}],"collection":[{"href":"https:\/\/www.ufmg.br\/prograd\/wp-json\/wp\/v2\/pages"}],"about":[{"href":"https:\/\/www.ufmg.br\/prograd\/wp-json\/wp\/v2\/types\/page"}],"author":[{"embeddable":true,"href":"https:\/\/www.ufmg.br\/prograd\/wp-json\/wp\/v2\/users\/1"}],"replies":[{"embeddable":true,"href":"https:\/\/www.ufmg.br\/prograd\/wp-json\/wp\/v2\/comments?post=557"}],"version-history":[{"count":6,"href":"https:\/\/www.ufmg.br\/prograd\/wp-json\/wp\/v2\/pages\/557\/revisions"}],"predecessor-version":[{"id":871,"href":"https:\/\/www.ufmg.br\/prograd\/wp-json\/wp\/v2\/pages\/557\/revisions\/871"}],"wp:attachment":[{"href":"https:\/\/www.ufmg.br\/prograd\/wp-json\/wp\/v2\/media?parent=557"}],"wp:term":[{"taxonomy":"post_tag","embeddable":true,"href":"https:\/\/www.ufmg.br\/prograd\/wp-json\/wp\/v2\/tags?post=557"}],"curies":[{"name":"wp","href":"https:\/\/api.w.org\/{rel}","templated":true}]}}