{"id":568,"date":"2021-06-30T16:31:00","date_gmt":"2021-06-30T19:31:00","guid":{"rendered":"https:\/\/www.ufmg.br\/prograd\/?page_id=568"},"modified":"2021-11-08T15:04:02","modified_gmt":"2021-11-08T18:04:02","slug":"assistencia-estudantil","status":"publish","type":"page","link":"https:\/\/www.ufmg.br\/prograd\/assistencia-estudantil\/","title":{"rendered":"Assist\u00eancia Estudantil"},"content":{"rendered":"<p>A Pr\u00f3-reitoria de Assuntos Estudantis (Prae) e a Funda\u00e7\u00e3o Universit\u00e1ria Mendes Pimentel (Fump) s\u00e3o as respons\u00e1veis por gerenciar a assist\u00eancia estudantil na UFMG.<\/p>\n<p>A <a href=\"http:\/\/www.ufmg.br\/prae\">Prae<\/a>, desde a sua cria\u00e7\u00e3o em novembro de 2014, assumiu a responsabilidade de elaborar, coordenar e avaliar pol\u00edticas que contribuam para a perman\u00eancia e o percurso acad\u00eamico de estudantes, segundo os princ\u00edpios de igualdade de oportunidades e de equidade de direitos na UFMG.<\/p>\n<p>J\u00e1 a Fump executa a pol\u00edtica de assist\u00eancia estudantil definida pela UFMG, garantindo ao estudante plenas condi\u00e7\u00f5es socioecon\u00f4micas e culturais para a conclus\u00e3o do curso, visando minimizar as diferen\u00e7as de oportunidades anteriores ao seu ingresso na Universidade. No <a href=\"http:\/\/www.fump.ufmg.br\">site<\/a> da Funda\u00e7\u00e3o est\u00e3o detalhados todos os programas de apoio oferecidos aos estudantes assistidos e como ter acesso a eles.<\/p>\n<p>&nbsp;<\/p>\n<p>&nbsp;<\/p>\n","protected":false},"excerpt":{"rendered":"<p>A Pr\u00f3-reitoria de Assuntos Estudantis (Prae) e a Funda\u00e7\u00e3o Universit\u00e1ria [&hellip;]<\/p>\n","protected":false},"author":1,"featured_media":0,"parent":0,"menu_order":0,"comment_status":"closed","ping_status":"closed","template":"","meta":{"_acf_changed":false,"footnotes":""},"tags":[],"class_list":["post-568","page","type-page","status-publish","hentry"],"acf":[],"_links":{"self":[{"href":"https:\/\/www.ufmg.br\/prograd\/wp-json\/wp\/v2\/pages\/568","targetHints":{"allow":["GET"]}}],"collection":[{"href":"https:\/\/www.ufmg.br\/prograd\/wp-json\/wp\/v2\/pages"}],"about":[{"href":"https:\/\/www.ufmg.br\/prograd\/wp-json\/wp\/v2\/types\/page"}],"author":[{"embeddable":true,"href":"https:\/\/www.ufmg.br\/prograd\/wp-json\/wp\/v2\/users\/1"}],"replies":[{"embeddable":true,"href":"https:\/\/www.ufmg.br\/prograd\/wp-json\/wp\/v2\/comments?post=568"}],"version-history":[{"count":5,"href":"https:\/\/www.ufmg.br\/prograd\/wp-json\/wp\/v2\/pages\/568\/revisions"}],"predecessor-version":[{"id":1351,"href":"https:\/\/www.ufmg.br\/prograd\/wp-json\/wp\/v2\/pages\/568\/revisions\/1351"}],"wp:attachment":[{"href":"https:\/\/www.ufmg.br\/prograd\/wp-json\/wp\/v2\/media?parent=568"}],"wp:term":[{"taxonomy":"post_tag","embeddable":true,"href":"https:\/\/www.ufmg.br\/prograd\/wp-json\/wp\/v2\/tags?post=568"}],"curies":[{"name":"wp","href":"https:\/\/api.w.org\/{rel}","templated":true}]}}