{"id":588,"date":"2021-07-02T13:56:37","date_gmt":"2021-07-02T16:56:37","guid":{"rendered":"https:\/\/www.ufmg.br\/prograd\/?page_id=588"},"modified":"2025-12-12T09:41:25","modified_gmt":"2025-12-12T12:41:25","slug":"camara-de-graduacao","status":"publish","type":"page","link":"https:\/\/www.ufmg.br\/prograd\/camara-de-graduacao\/","title":{"rendered":"C\u00e2mara de Gradua\u00e7\u00e3o"},"content":{"rendered":"<p>A C\u00e2mara de Gradua\u00e7\u00e3o \u00e9 parte integrante do Conselho de Ensino, Pesquisa e Extens\u00e3o &#8211; CEPE, tendo como compet\u00eancia:<\/p>\n<ul>\n<li>Revalidar t\u00edtulos de gradua\u00e7\u00e3o;<\/li>\n<li>Decidir sobre altera\u00e7\u00f5es curriculares de pequeno porte que n\u00e3o acarretem despesas financeiras ou de pessoal e n\u00e3o impliquem em modifica\u00e7\u00f5es fundamentais do projeto inicial;<\/li>\n<li>Estabelecer e aprovar os programas, projetos e atividades de sua \u00e1rea;<\/li>\n<li>Propor e examinar o or\u00e7amento da gradua\u00e7\u00e3o;<\/li>\n<li>Pronunciar-se sobre a assinatura de conv\u00eanios, acordos e contratos pertinentes \u00e0 sua \u00e1rea;<\/li>\n<li>Propor ao Plen\u00e1rio do CEPE normas e resolu\u00e7\u00f5es que regulamentem as atividades de gradua\u00e7\u00e3o;<\/li>\n<li>Examinar e submeter ao Plen\u00e1rio do CEPE o programa anual de trabalho da Pr\u00f3-Reitoria;<\/li>\n<li>Pronunciar-se sobre qualquer outra mat\u00e9ria relacionada com a gradua\u00e7\u00e3o<\/li>\n<\/ul>\n<p style=\"text-align: left;\"><strong>\u00a0Rela\u00e7\u00e3o de membros da C\u00e2mara de Gradua\u00e7\u00e3o:<\/strong><\/p>\n<table border=\"0\" cellspacing=\"0\">\n<colgroup width=\"354\"><\/colgroup>\n<colgroup width=\"95\"><\/colgroup>\n<colgroup width=\"381\"><\/colgroup>\n<tbody>\n<tr>\n<td align=\"left\" valign=\"bottom\" height=\"20\" data-sheets-value=\"{ &quot;1&quot;: 2, &quot;2&quot;: &quot;NOME&quot;}\"><b><span style=\"color: #000000;\">NOME<\/span><\/b><\/td>\n<td align=\"left\" valign=\"bottom\" data-sheets-value=\"{ &quot;1&quot;: 2, &quot;2&quot;: &quot;FUN\u00c7\u00c3O&quot;}\"><b><span style=\"color: #000000;\">ATUA\u00c7\u00c3O<\/span><\/b><\/td>\n<td align=\"left\" valign=\"bottom\" data-sheets-value=\"{ &quot;1&quot;: 2, &quot;2&quot;: &quot;FUN\u00c7\u00c3O&quot;}\"><b><span style=\"color: #000000;\">FUN\u00c7\u00c3O<\/span><\/b><\/td>\n<\/tr>\n<tr>\n<td align=\"left\" valign=\"bottom\" height=\"20\" data-sheets-value=\"{ &quot;1&quot;: 2, &quot;2&quot;: &quot;Prof. Bruno Ot\u00e1vio Soares Teixeira&quot;}\"><span style=\"color: #000000;\">Prof. Bruno Ot\u00e1vio Soares Teixeira<\/span><\/td>\n<td align=\"left\" valign=\"bottom\" data-sheets-value=\"{ &quot;1&quot;: 2, &quot;2&quot;: &quot;PRESIDENTE&quot;}\"><span style=\"color: #000000;\">PRESIDENTE<\/span><\/td>\n<td align=\"left\" valign=\"bottom\" data-sheets-value=\"{ &quot;1&quot;: 2, &quot;2&quot;: &quot;Pr\u00f3-Reitor de Gradua\u00e7\u00e3o&quot;}\"><span style=\"color: #000000;\">Pr\u00f3-Reitor de Gradua\u00e7\u00e3o<\/span><\/td>\n<\/tr>\n<tr>\n<td align=\"left\" valign=\"bottom\" height=\"20\" data-sheets-value=\"{ &quot;1&quot;: 2, &quot;2&quot;: &quot;Profa. Maria Jos\u00e9 Batista Pinto Flores&quot;}\"><span style=\"color: #000000;\">Profa. Maria Jos\u00e9 Batista Pinto Flores<\/span><\/td>\n<td align=\"left\" valign=\"bottom\" data-sheets-value=\"{ &quot;1&quot;: 2, &quot;2&quot;: &quot;CONVIDADO&quot;}\"><span style=\"color: #000000;\">CONVIDADO<\/span><\/td>\n<td align=\"left\" valign=\"bottom\" data-sheets-value=\"{ &quot;1&quot;: 2, &quot;2&quot;: &quot;Pr\u00f3-Reitora Adjunta de Gradua\u00e7\u00e3o&quot;}\"><span style=\"color: #000000;\">Pr\u00f3-Reitora Adjunta de Gradua\u00e7\u00e3o<\/span><\/td>\n<\/tr>\n<tr>\n<td align=\"left\" valign=\"bottom\" height=\"20\" data-sheets-value=\"{ &quot;1&quot;: 2, &quot;2&quot;: &quot;Profa. Denise Alves de Ara\u00fajo&quot;}\"><span style=\"color: #000000;\">Profa. Fabiana Maria Kakehasi<\/span><\/td>\n<td align=\"left\" valign=\"bottom\" data-sheets-value=\"{ &quot;1&quot;: 2, &quot;2&quot;: &quot;TITULAR&quot;}\"><span style=\"color: #000000;\">TITULAR<\/span><\/td>\n<td align=\"left\" valign=\"bottom\" data-sheets-value=\"{ &quot;1&quot;: 2, &quot;2&quot;: &quot;Representante da Ebap&quot;}\"><span style=\"color: #000000;\">Representante do Hospital das Cl\u00ednicas<\/span><\/td>\n<\/tr>\n<tr>\n<td align=\"left\" valign=\"bottom\" height=\"20\" data-sheets-value=\"{ &quot;1&quot;: 2, &quot;2&quot;: &quot;Profa. Lilian Borges Brasileiro&quot;}\"><span style=\"color: #000000;\">Profa. Jovita Lane Soares Santos Zanini<\/span><\/td>\n<td align=\"left\" valign=\"bottom\" data-sheets-value=\"{ &quot;1&quot;: 2, &quot;2&quot;: &quot;SUPLENTE&quot;}\"><span style=\"color: #000000;\">SUPLENTE<\/span><\/td>\n<td align=\"left\" valign=\"bottom\" data-sheets-value=\"{ &quot;1&quot;: 2, &quot;2&quot;: &quot;Representante da Ebap&quot;}\"><span style=\"color: #000000;\">Representante do Hospital das Cl\u00ednicas<\/span><\/td>\n<\/tr>\n<tr>\n<td align=\"left\" valign=\"bottom\" height=\"20\" data-sheets-value=\"{ &quot;1&quot;: 2, &quot;2&quot;: &quot;Profa. Soraya Aparecida \u00c1lvares Coppola&quot;}\">Profa. Vanessa Pinho da Silva<\/td>\n<td align=\"left\" valign=\"bottom\" data-sheets-value=\"{ &quot;1&quot;: 2, &quot;2&quot;: &quot;TITULAR&quot;}\"><span style=\"color: #000000;\">TITULAR<\/span><\/td>\n<td align=\"left\" valign=\"bottom\" data-sheets-value=\"{ &quot;1&quot;: 2, &quot;2&quot;: &quot;Representante da Escola de Belas Artes&quot;}\">Representante do Instituto de Ci\u00eancias Biol\u00f3gicas<\/td>\n<\/tr>\n<tr>\n<td align=\"left\" valign=\"bottom\" height=\"20\" data-sheets-value=\"{ &quot;1&quot;: 2, &quot;2&quot;: &quot;Profa. Adriana de Castro Dias Bicalho&quot;}\">Profa. Daniella Bonaventura<\/td>\n<td align=\"left\" valign=\"bottom\" data-sheets-value=\"{ &quot;1&quot;: 2, &quot;2&quot;: &quot;SUPLENTE&quot;}\"><span style=\"color: #000000;\">SUPLENTE<\/span><\/td>\n<td align=\"left\" valign=\"bottom\" data-sheets-value=\"{ &quot;1&quot;: 2, &quot;2&quot;: &quot;Representante da Escola de Belas Artes&quot;}\">Representante do Instituto de Ci\u00eancias Biol\u00f3gicas<\/td>\n<\/tr>\n<tr>\n<td align=\"left\" valign=\"bottom\" height=\"20\" data-sheets-value=\"{ &quot;1&quot;: 2, &quot;2&quot;: &quot;VAGO&quot;}\"><span style=\"color: #000000;\">Profa. Adriana Romeiro<\/span><\/td>\n<td align=\"left\" valign=\"bottom\" data-sheets-value=\"{ &quot;1&quot;: 2, &quot;2&quot;: &quot;TITULAR&quot;}\"><span style=\"color: #000000;\">TITULAR<\/span><\/td>\n<td align=\"left\" valign=\"bottom\" data-sheets-value=\"{ &quot;1&quot;: 2, &quot;2&quot;: &quot;Representante de Unidade Acad\u00eamica a definir&quot;}\"><span style=\"color: #000000;\">Representante da Faculdade de Filosofia e Ci\u00eancias Humanas<\/span><\/td>\n<\/tr>\n<tr>\n<td align=\"left\" valign=\"bottom\" height=\"20\" data-sheets-value=\"{ &quot;1&quot;: 2, &quot;2&quot;: &quot;VAGO&quot;}\"><span style=\"color: #000000;\">Prof. Cristiano dos Santos Rodrigues<\/span><\/td>\n<td align=\"left\" valign=\"bottom\" data-sheets-value=\"{ &quot;1&quot;: 2, &quot;2&quot;: &quot;SUPLENTE&quot;}\"><span style=\"color: #000000;\">SUPLENTE<\/span><\/td>\n<td align=\"left\" valign=\"bottom\" data-sheets-value=\"{ &quot;1&quot;: 2, &quot;2&quot;: &quot;Representante de Unidade Acad\u00eamica a definir&quot;}\"><span style=\"color: #000000;\">Representante da Faculdade de Filosofia e Ci\u00eancias Humanas<\/span><\/td>\n<\/tr>\n<tr>\n<td align=\"left\" valign=\"bottom\" height=\"20\" data-sheets-value=\"{ &quot;1&quot;: 2, &quot;2&quot;: &quot;Prof. Andrey Pereira Lage&quot;}\"><span style=\"color: #000000;\">Prof. Frederico Couto Marinho<\/span><\/td>\n<td align=\"left\" valign=\"bottom\" data-sheets-value=\"{ &quot;1&quot;: 2, &quot;2&quot;: &quot;TITULAR&quot;}\"><span style=\"color: #000000;\">TITULAR<\/span><\/td>\n<td align=\"left\" valign=\"bottom\" data-sheets-value=\"{ &quot;1&quot;: 2, &quot;2&quot;: &quot;Representante da Escola de Veterin\u00e1ria&quot;}\"><span style=\"color: #000000;\">Representante do Instituto de Geoci\u00eancias<\/span><\/td>\n<\/tr>\n<tr>\n<td align=\"left\" valign=\"bottom\" height=\"20\" data-sheets-value=\"{ &quot;1&quot;: 2, &quot;2&quot;: &quot;Profa. Silvana de Vasconcelos Can\u00e7ado&quot;}\"><span style=\"color: #000000;\">Profa. Luiz Felipe Soares Cherem<\/span><\/td>\n<td align=\"left\" valign=\"bottom\" data-sheets-value=\"{ &quot;1&quot;: 2, &quot;2&quot;: &quot;SUPLENTE&quot;}\"><span style=\"color: #000000;\">SUPLENTE<\/span><\/td>\n<td align=\"left\" valign=\"bottom\" data-sheets-value=\"{ &quot;1&quot;: 2, &quot;2&quot;: &quot;Representante da Escola de Veterin\u00e1ria&quot;}\"><span style=\"color: #000000;\">Representante do Instituto de Geoci\u00eancias<\/span><\/td>\n<\/tr>\n<tr>\n<td align=\"left\" valign=\"bottom\" height=\"20\" data-sheets-value=\"{ &quot;1&quot;: 2, &quot;2&quot;: &quot;Prof. Marcelo Campos Galuppo&quot;}\">Profa. C\u00e9lia da Consola\u00e7\u00e3o Dias<\/td>\n<td align=\"left\" valign=\"bottom\" data-sheets-value=\"{ &quot;1&quot;: 2, &quot;2&quot;: &quot;TITULAR&quot;}\"><span style=\"color: #000000;\">TITULAR<\/span><\/td>\n<td align=\"left\" valign=\"bottom\" data-sheets-value=\"{ &quot;1&quot;: 2, &quot;2&quot;: &quot;Representante da Faculdade de Direito&quot;}\">Representante da Escola de Ci\u00eancias da Informa\u00e7\u00e3o<\/td>\n<\/tr>\n<tr>\n<td align=\"left\" valign=\"bottom\" height=\"20\" data-sheets-value=\"{ &quot;1&quot;: 2, &quot;2&quot;: &quot;Prof. Lucas Carlos Lima&quot;}\">Profa. Mar\u00edlia de Abreu Martins de Paiva<\/td>\n<td align=\"left\" valign=\"bottom\" data-sheets-value=\"{ &quot;1&quot;: 2, &quot;2&quot;: &quot;SUPLENTE&quot;}\"><span style=\"color: #000000;\">SUPLENTE<\/span><\/td>\n<td align=\"left\" valign=\"bottom\" data-sheets-value=\"{ &quot;1&quot;: 2, &quot;2&quot;: &quot;Representante da Faculdade de Direito&quot;}\">Representante da Escola de Ci\u00eancias da Informa\u00e7\u00e3o<\/td>\n<\/tr>\n<tr>\n<td align=\"left\" valign=\"bottom\" height=\"20\" data-sheets-value=\"{ &quot;1&quot;: 2, &quot;2&quot;: &quot;Profa. Maria Aparecida Vieira Teixeira Garcia&quot;}\">Profa. Lilian Borges Brasileiro<\/td>\n<td align=\"left\" valign=\"bottom\" data-sheets-value=\"{ &quot;1&quot;: 2, &quot;2&quot;: &quot;TITULAR&quot;}\">TITULAR<\/td>\n<td align=\"left\" valign=\"bottom\" data-sheets-value=\"{ &quot;1&quot;: 2, &quot;2&quot;: &quot;Representante da Faculdade de Farm\u00e1cia&quot;}\">Representante da Ebap<\/td>\n<\/tr>\n<tr>\n<td align=\"left\" valign=\"bottom\" height=\"20\" data-sheets-value=\"{ &quot;1&quot;: 2, &quot;2&quot;: &quot;Profa. Rachel Oliveira Castilho&quot;}\">Profa. Ana Rafaela Correia Ferreira<\/td>\n<td align=\"left\" valign=\"bottom\" data-sheets-value=\"{ &quot;1&quot;: 2, &quot;2&quot;: &quot;SUPLENTE&quot;}\">SUPLENTE<\/td>\n<td align=\"left\" valign=\"bottom\" data-sheets-value=\"{ &quot;1&quot;: 2, &quot;2&quot;: &quot;Representante da Faculdade de Farm\u00e1cia&quot;}\">Representante da Ebap<\/td>\n<\/tr>\n<tr>\n<td align=\"left\" valign=\"bottom\" height=\"20\" data-sheets-value=\"{ &quot;1&quot;: 2, &quot;2&quot;: &quot;Prof. Pedro Guatimosim Vidigal&quot;}\">Profa. Cl\u00e1udia Freire de Andrade Morais Penna<\/td>\n<td align=\"left\" valign=\"bottom\" data-sheets-value=\"{ &quot;1&quot;: 2, &quot;2&quot;: &quot;TITULAR&quot;}\"><span style=\"color: #000000;\">TITULAR<\/span><\/td>\n<td align=\"left\" valign=\"bottom\" data-sheets-value=\"{ &quot;1&quot;: 2, &quot;2&quot;: &quot;Representante da Faculdade de Medicina&quot;}\">Representante da Escola de Veterin\u00e1ria<\/td>\n<\/tr>\n<tr>\n<td align=\"left\" valign=\"bottom\" height=\"20\" data-sheets-value=\"{ &quot;1&quot;: 2, &quot;2&quot;: &quot;Profa. Luciana Macedo De Resende&quot;}\">Profa. Silvana de Vasconcelos Can\u00e7ado<\/td>\n<td align=\"left\" valign=\"bottom\" data-sheets-value=\"{ &quot;1&quot;: 2, &quot;2&quot;: &quot;SUPLENTE&quot;}\"><span style=\"color: #000000;\">SUPLENTE<\/span><\/td>\n<td align=\"left\" valign=\"bottom\" data-sheets-value=\"{ &quot;1&quot;: 2, &quot;2&quot;: &quot;Representante da Faculdade de Medicina&quot;}\">Representante da Escola de Veterin\u00e1ria<\/td>\n<\/tr>\n<tr>\n<td align=\"left\" valign=\"bottom\" height=\"20\" data-sheets-value=\"{ &quot;1&quot;: 2, &quot;2&quot;: &quot;Profa. Cleida Aparecida de Oliveira&quot;}\">Prof. Constantino Luz de Medeiros<\/td>\n<td align=\"left\" valign=\"bottom\" data-sheets-value=\"{ &quot;1&quot;: 2, &quot;2&quot;: &quot;TITULAR&quot;}\"><span style=\"color: #000000;\">TITULAR<\/span><\/td>\n<td align=\"left\" valign=\"bottom\" data-sheets-value=\"{ &quot;1&quot;: 2, &quot;2&quot;: &quot;Representante do Instituto de Ci\u00eancias Biol\u00f3gicas&quot;}\">Representante da Faculdade de Letras<\/td>\n<\/tr>\n<tr>\n<td align=\"left\" valign=\"bottom\" height=\"20\" data-sheets-value=\"{ &quot;1&quot;: 2, &quot;2&quot;: &quot;Profa. Gl\u00f3ria Regina Franco&quot;}\">Profa. Giselli Mara da Silva<\/td>\n<td align=\"left\" valign=\"bottom\" data-sheets-value=\"{ &quot;1&quot;: 2, &quot;2&quot;: &quot;SUPLENTE&quot;}\"><span style=\"color: #000000;\">SUPLENTE<\/span><\/td>\n<td align=\"left\" valign=\"bottom\" data-sheets-value=\"{ &quot;1&quot;: 2, &quot;2&quot;: &quot;Representante do Instituto de Ci\u00eancias Biol\u00f3gicas&quot;}\">Representante da Faculdade de Letras<\/td>\n<\/tr>\n<tr>\n<td align=\"left\" valign=\"middle\" height=\"20\" data-sheets-value=\"{ &quot;1&quot;: 2, &quot;2&quot;: &quot;Prof. Pedro Henrique Rodrigues Pereira&quot;}\"><span style=\"color: #000000;\">Prof. Jess\u00e9 M\u00e1ximo Pereira<\/span><\/td>\n<td align=\"left\" valign=\"bottom\" data-sheets-value=\"{ &quot;1&quot;: 2, &quot;2&quot;: &quot;TITULAR&quot;}\"><span style=\"color: #000000;\">TITULAR<\/span><\/td>\n<td align=\"left\" valign=\"bottom\" data-sheets-value=\"{ &quot;1&quot;: 2, &quot;2&quot;: &quot;Representante dos Coordenadores - 1&quot;}\"><span style=\"color: #000000;\">Representante dos Coordenadores &#8211; 1<\/span><\/td>\n<\/tr>\n<tr>\n<td align=\"left\" valign=\"middle\" height=\"20\" data-sheets-value=\"{ &quot;1&quot;: 2, &quot;2&quot;: &quot;Profa. Ana Liddy Cenni de Castro Magalh\u00e3es&quot;}\"><span style=\"color: #000000;\">Profa. \u00c9rika Louren\u00e7o<\/span><\/td>\n<td align=\"left\" valign=\"bottom\" data-sheets-value=\"{ &quot;1&quot;: 2, &quot;2&quot;: &quot;SUPLENTE&quot;}\"><span style=\"color: #000000;\">SUPLENTE<\/span><\/td>\n<td align=\"left\" valign=\"bottom\" data-sheets-value=\"{ &quot;1&quot;: 2, &quot;2&quot;: &quot;Representante dos Coordenadores - 1&quot;}\"><span style=\"color: #000000;\">Representante dos Coordenadores &#8211; 1<\/span><\/td>\n<\/tr>\n<tr>\n<td align=\"left\" valign=\"middle\" height=\"20\" data-sheets-value=\"{ &quot;1&quot;: 2, &quot;2&quot;: &quot;Profa. Erika Louren\u00e7o&quot;}\"><span style=\"color: #000000;\">Prof. Pedro Henrique Rodrigues Pereira<\/span><\/td>\n<td align=\"left\" valign=\"bottom\" data-sheets-value=\"{ &quot;1&quot;: 2, &quot;2&quot;: &quot;TITULAR&quot;}\"><span style=\"color: #000000;\">TITULAR<\/span><\/td>\n<td align=\"left\" valign=\"bottom\" data-sheets-value=\"{ &quot;1&quot;: 2, &quot;2&quot;: &quot;Representante dos Coordenadores - 2&quot;}\"><span style=\"color: #000000;\">Representante dos Coordenadores &#8211; 2<\/span><\/td>\n<\/tr>\n<tr>\n<td align=\"left\" valign=\"middle\" height=\"20\" data-sheets-value=\"{ &quot;1&quot;: 2, &quot;2&quot;: &quot;Prof. Jess\u00e9 M\u00e1ximo Pereira&quot;}\"><span style=\"color: #000000;\">Prof. Dario Windmoller<\/span><\/td>\n<td align=\"left\" valign=\"bottom\" data-sheets-value=\"{ &quot;1&quot;: 2, &quot;2&quot;: &quot;SUPLENTE&quot;}\"><span style=\"color: #000000;\">SUPLENTE<\/span><\/td>\n<td align=\"left\" valign=\"bottom\" data-sheets-value=\"{ &quot;1&quot;: 2, &quot;2&quot;: &quot;Representante dos Coordenadores - 2&quot;}\"><span style=\"color: #000000;\">Representante dos Coordenadores &#8211; 2<\/span><\/td>\n<\/tr>\n<tr>\n<td align=\"left\" valign=\"middle\" height=\"20\" data-sheets-value=\"{ &quot;1&quot;: 2, &quot;2&quot;: &quot;Profa. Paula Maria Machado Arantes de Castro&quot;}\"><span style=\"color: #000000;\">Profa. Paula Maria Machado Arantes de Castro<\/span><\/td>\n<td align=\"left\" valign=\"bottom\" data-sheets-value=\"{ &quot;1&quot;: 2, &quot;2&quot;: &quot;TITULAR&quot;}\"><span style=\"color: #000000;\">TITULAR<\/span><\/td>\n<td align=\"left\" valign=\"bottom\" data-sheets-value=\"{ &quot;1&quot;: 2, &quot;2&quot;: &quot;Representante dos Coordenadores - 3&quot;}\"><span style=\"color: #000000;\">Representante dos Coordenadores &#8211; 3<\/span><\/td>\n<\/tr>\n<tr>\n<td align=\"left\" valign=\"middle\" height=\"20\" data-sheets-value=\"{ &quot;1&quot;: 2, &quot;2&quot;: &quot;Profa. Rita de C\u00e1ssia Ribeiro&quot;}\"><span style=\"color: #000000;\">Profa. Rita de C\u00e1ssia Ribeiro<\/span><\/td>\n<td align=\"left\" valign=\"bottom\" data-sheets-value=\"{ &quot;1&quot;: 2, &quot;2&quot;: &quot;SUPLENTE&quot;}\"><span style=\"color: #000000;\">SUPLENTE<\/span><\/td>\n<td align=\"left\" valign=\"bottom\" data-sheets-value=\"{ &quot;1&quot;: 2, &quot;2&quot;: &quot;Representante dos Coordenadores - 3&quot;}\"><span style=\"color: #000000;\">Representante dos Coordenadores &#8211; 3<\/span><\/td>\n<\/tr>\n<tr>\n<td align=\"left\" valign=\"bottom\" height=\"20\" data-sheets-value=\"{ &quot;1&quot;: 2, &quot;2&quot;: &quot;Discente Ana Maria da Silva Souza&quot;}\"><span style=\"color: #000000;\">Discente Azrael Criollo Hakan Coelho dos Santos<\/span><\/td>\n<td align=\"left\" valign=\"bottom\" data-sheets-value=\"{ &quot;1&quot;: 2, &quot;2&quot;: &quot;TITULAR&quot;}\"><span style=\"color: #000000;\">TITULAR<\/span><\/td>\n<td align=\"left\" valign=\"bottom\" data-sheets-value=\"{ &quot;1&quot;: 2, &quot;2&quot;: &quot;Representante Discente&quot;}\"><span style=\"color: #000000;\">Representante Discente<\/span><\/td>\n<\/tr>\n<tr>\n<td align=\"left\" valign=\"middle\" height=\"20\" data-sheets-value=\"{ &quot;1&quot;: 2, &quot;2&quot;: &quot;VAGO&quot;}\"><span style=\"color: #000000;\">Discente Kassia Ellen Viana Machado<\/span><\/td>\n<td align=\"left\" valign=\"bottom\" data-sheets-value=\"{ &quot;1&quot;: 2, &quot;2&quot;: &quot;SUPLENTE&quot;}\"><span style=\"color: #000000;\">SUPLENTE<\/span><\/td>\n<td align=\"left\" valign=\"bottom\" data-sheets-value=\"{ &quot;1&quot;: 2, &quot;2&quot;: &quot;Representante Discente&quot;}\"><span style=\"color: #000000;\">Representante Discente<\/span><\/td>\n<\/tr>\n<tr>\n<td align=\"left\" valign=\"bottom\" height=\"20\" data-sheets-value=\"{ &quot;1&quot;: 2, &quot;2&quot;: &quot;Discente Lorrayne Louren\u00e7a Damasceno&quot;}\"><span style=\"color: #000000;\">Discente Lucas Mendes dos Santos Martins<\/span><\/td>\n<td align=\"left\" valign=\"bottom\" data-sheets-value=\"{ &quot;1&quot;: 2, &quot;2&quot;: &quot;TITULAR&quot;}\"><span style=\"color: #000000;\">TITULAR<\/span><\/td>\n<td align=\"left\" valign=\"bottom\" data-sheets-value=\"{ &quot;1&quot;: 2, &quot;2&quot;: &quot;Representante Discente&quot;}\"><span style=\"color: #000000;\">Representante Discente<\/span><\/td>\n<\/tr>\n<tr>\n<td align=\"left\" valign=\"bottom\" height=\"20\" data-sheets-value=\"{ &quot;1&quot;: 2, &quot;2&quot;: &quot;VAGO&quot;}\"><span style=\"color: #000000;\">Discente Lucas Henrique Rezende Pereira<\/span><\/td>\n<td align=\"left\" valign=\"bottom\" data-sheets-value=\"{ &quot;1&quot;: 2, &quot;2&quot;: &quot;SUPLENTE&quot;}\"><span style=\"color: #000000;\">SUPLENTE<\/span><\/td>\n<td align=\"left\" valign=\"bottom\" data-sheets-value=\"{ &quot;1&quot;: 2, &quot;2&quot;: &quot;Representante Discente&quot;}\"><span style=\"color: #000000;\">Representante Discente<\/span><\/td>\n<\/tr>\n<\/tbody>\n<\/table>\n<p>&nbsp;<\/p>\n","protected":false},"excerpt":{"rendered":"<p>A C\u00e2mara de Gradua\u00e7\u00e3o \u00e9 parte integrante do Conselho de [&hellip;]<\/p>\n","protected":false},"author":1,"featured_media":0,"parent":0,"menu_order":0,"comment_status":"closed","ping_status":"closed","template":"","meta":{"_acf_changed":false,"footnotes":""},"tags":[],"class_list":["post-588","page","type-page","status-publish","hentry"],"acf":[],"_links":{"self":[{"href":"https:\/\/www.ufmg.br\/prograd\/wp-json\/wp\/v2\/pages\/588","targetHints":{"allow":["GET"]}}],"collection":[{"href":"https:\/\/www.ufmg.br\/prograd\/wp-json\/wp\/v2\/pages"}],"about":[{"href":"https:\/\/www.ufmg.br\/prograd\/wp-json\/wp\/v2\/types\/page"}],"author":[{"embeddable":true,"href":"https:\/\/www.ufmg.br\/prograd\/wp-json\/wp\/v2\/users\/1"}],"replies":[{"embeddable":true,"href":"https:\/\/www.ufmg.br\/prograd\/wp-json\/wp\/v2\/comments?post=588"}],"version-history":[{"count":37,"href":"https:\/\/www.ufmg.br\/prograd\/wp-json\/wp\/v2\/pages\/588\/revisions"}],"predecessor-version":[{"id":5426,"href":"https:\/\/www.ufmg.br\/prograd\/wp-json\/wp\/v2\/pages\/588\/revisions\/5426"}],"wp:attachment":[{"href":"https:\/\/www.ufmg.br\/prograd\/wp-json\/wp\/v2\/media?parent=588"}],"wp:term":[{"taxonomy":"post_tag","embeddable":true,"href":"https:\/\/www.ufmg.br\/prograd\/wp-json\/wp\/v2\/tags?post=588"}],"curies":[{"name":"wp","href":"https:\/\/api.w.org\/{rel}","templated":true}]}}