{"id":623,"date":"2021-07-07T14:19:24","date_gmt":"2021-07-07T17:19:24","guid":{"rendered":"https:\/\/www.ufmg.br\/prograd\/?page_id=623"},"modified":"2025-01-03T14:02:34","modified_gmt":"2025-01-03T17:02:34","slug":"belo-horizonte","status":"publish","type":"page","link":"https:\/\/www.ufmg.br\/prograd\/belo-horizonte\/","title":{"rendered":"Belo Horizonte"},"content":{"rendered":"<p><strong>Cursos Diurnos\u00a0<\/strong><\/p>\n<div class=\"content-text\">\n<div id=\"columns-position\">\n<div id=\"columns\" class=\"float-break\">\n<div id=\"main-position\">\n<div id=\"main\" class=\"float-break\">\n<div class=\"overflow-fix\">\n<div class=\"border-box\">\n<div class=\"border-ml\">\n<div class=\"border-mr\">\n<div class=\"border-mc float-break\">\n<div class=\"content-view-full\">\n<div class=\"class-folder\">\n<div class=\"content-view-children\">\n<div class=\"content-view-line\">\n<div class=\"class-folder\">\n<div class=\"attribute-short\">\n<ul>\n<li><a href=\"https:\/\/vet.ufmg.br\/curso\/graduacao-em-aquacultura\/\" target=\"_blank\" rel=\"noopener\">Aquacultura (Bacharelado)<\/a><\/li>\n<li><a href=\"http:\/\/www.arq.ufmg.br\/site\/v2\/\" target=\"_blank\" rel=\"noopener\">Arquitetura e Urbanismo (Bacharelado)<\/a><\/li>\n<li><a href=\"https:\/\/eba.ufmg.br\/artesvisuais\/\" target=\"_self\" rel=\"noopener\">Artes Visuais (<\/a><a href=\"https:\/\/eba.ufmg.br\/artesvisuais\/\" target=\"_self\" rel=\"noopener\">Bacharelado)<\/a><\/li>\n<li><a href=\"https:\/\/eba.ufmg.br\/artesvisuais\/\">Artes Visuais (Licenciatura)<\/a><\/li>\n<li><a href=\"http:\/\/colgradbiblio.eci.ufmg.br\/\" target=\"_blank\" rel=\"noopener\">Biblioteconomia (Bacharelado)<\/a><\/li>\n<li><a href=\"https:\/\/www.icb.ufmg.br\/graduacao\/sobre-o-curso-de-ciencias-biologicas\" target=\"_blank\" rel=\"noopener\">Ci\u00eancias Biol\u00f3gicas (Bacharelado)<\/a><\/li>\n<li><a href=\"https:\/\/www.icb.ufmg.br\/graduacao\/sobre-o-curso-de-ciencias-biologicas\">Ci\u00eancias Biol\u00f3gicas (Licenciatura)<\/a><\/li>\n<li><a href=\"http:\/\/colgrad.ufmg.br\/direito\" target=\"_self\" rel=\"noopener\">Direito (Bacharelado)<\/a><\/li>\n<li><a href=\"http:\/\/www.eeffto.ufmg.br\/eeffto\/graduacao\/educacao_fasica_graduacao\/\" target=\"_blank\" rel=\"noopener\">Educa\u00e7\u00e3o F\u00edsica\u00a0<\/a><a href=\"http:\/\/www.eeffto.ufmg.br\/eeffto\/graduacao\/educacao_fasica_graduacao\/\" target=\"_blank\" rel=\"noopener\">(Bacharelado)<\/a><\/li>\n<li><a href=\"http:\/\/www.eeffto.ufmg.br\/eeffto\/graduacao\/educacao_fasica_graduacao\/\">Educa\u00e7\u00e3o F\u00edsica (Licenciatura)<\/a><\/li>\n<li><a href=\"http:\/\/www.enf.ufmg.br\/index.php\/2016-06-30-17-51-56\" target=\"_blank\" rel=\"noopener\">Enfermagem (Bacharelado)<\/a><\/li>\n<li><a href=\"https:\/\/www.eng.ufmg.br\/portal\/graduacao\/cursos\/engenharia-aeroespacial\/\" target=\"_blank\" rel=\"noopener\">Engenharia Aeroespacial (Bacharelado)<\/a><\/li>\n<li><a href=\"https:\/\/www.eng.ufmg.br\/portal\/graduacao\/cursos\/engenharia-ambiental\/\" target=\"_blank\" rel=\"noopener\">Engenharia Ambiental (Bacharelado)<\/a><\/li>\n<li><a href=\"https:\/\/www.eng.ufmg.br\/portal\/graduacao\/cursos\/engenharia-civil\/\" target=\"_blank\" rel=\"noopener\">Engenharia Civil (Bacharelado)<\/a><\/li>\n<li><a href=\"https:\/\/www.eng.ufmg.br\/portal\/graduacao\/cursos\/engenharia-de-controle-e-automacao\/\" target=\"_blank\" rel=\"noopener\">Engenharia de Controle e Automa\u00e7\u00e3o (Bacharelado)<\/a><\/li>\n<li>Engenharia de Materiais (Bacharelado)<\/li>\n<li><a href=\"https:\/\/www.eng.ufmg.br\/portal\/graduacao\/cursos\/engenharia-de-minas\/\" target=\"_blank\" rel=\"noopener\">Engenharia de Minas (Bacharelado)<\/a><\/li>\n<li><a href=\"https:\/\/www.eng.ufmg.br\/portal\/graduacao\/cursos\/engenharia-de-producao\/\" target=\"_blank\" rel=\"noopener\">Engenharia de Produ\u00e7\u00e3o (Bacharelado)<\/a><\/li>\n<li><a href=\"https:\/\/www.eng.ufmg.br\/portal\/graduacao\/cursos\/engenharia-eletrica\/\" target=\"_blank\" rel=\"noopener\">Engenharia El\u00e9trica (Bacharelado)<\/a><\/li>\n<li><a href=\"https:\/\/www.eng.ufmg.br\/portal\/graduacao\/cursos\/engenharia-mecanica\/\" target=\"_blank\" rel=\"noopener\">Engenharia Mec\u00e2nica (Bacharelado)<\/a><\/li>\n<li><a href=\"https:\/\/www.eng.ufmg.br\/portal\/graduacao\/cursos\/engenharia-metalurgica-e-de-materiais\/\" target=\"_blank\" rel=\"noopener\">Engenharia Metal\u00fargica (Bacharelado)<\/a><\/li>\n<li><a href=\"https:\/\/www.eng.ufmg.br\/portal\/graduacao\/cursos\/engenharia-quimica\/\" target=\"_blank\" rel=\"noopener\">Engenharia Qu\u00edmica (Bacharelado)<\/a><\/li>\n<li><a href=\"http:\/\/www.farmacia.ufmg.br\/colfar\" target=\"_blank\" rel=\"noopener\">Farm\u00e1cia\u00a0<\/a><a href=\"http:\/\/www.farmacia.ufmg.br\/colfar\" target=\"_blank\" rel=\"noopener\">(Bacharelado)<\/a><\/li>\n<li><a href=\"https:\/\/filosofia.fafich.ufmg.br\/\" target=\"_blank\" rel=\"noopener\">Filosofia (Bacharelado)<\/a><\/li>\n<li><a href=\"https:\/\/filosofia.fafich.ufmg.br\/\">Filosofia (Licenciatura)<\/a><\/li>\n<li><a href=\"http:\/\/www.eeffto.ufmg.br\/eeffto\/graduacao\/fisioterapia_graduacao\/\" target=\"_blank\" rel=\"noopener\">Fisioterapia (Bacharelado)<\/a><\/li>\n<li><a href=\"https:\/\/www.medicina.ufmg.br\/cegrad\/fonoaudiologia\/\" target=\"_blank\" rel=\"noopener\">Fonoaudiologia (Bacharelado)<\/a><\/li>\n<li><a href=\"https:\/\/www.igc.ufmg.br\/graduacao-em-geologia\/\" target=\"_blank\" rel=\"noopener\">Geologia (Bacharelado)<\/a><\/li>\n<li><a href=\"http:\/\/grad.letras.ufmg.br\/\" target=\"_self\" rel=\"noopener\">Letras (Bacharelado)<\/a><\/li>\n<li><a href=\"http:\/\/grad.letras.ufmg.br\/\">Letras (Licenciatura)<\/a><\/li>\n<li><a href=\"http:\/\/www.mat.ufmg.br\/graduacao\/\" target=\"_blank\" rel=\"noopener\">Matem\u00e1tica (Bacharelado)<\/a><\/li>\n<li><a href=\"http:\/\/www.mat.ufmg.br\/graduacao\/\">Matem\u00e1tica (Licenciatura)<\/a><\/li>\n<li><a href=\"http:\/\/www.vet.ufmg.br\/ensino_graduacao\/graduacao\/2_20110208131915\/medicina_veterinaria\" target=\"_blank\" rel=\"noopener\">Medicina Veterin\u00e1ria (Bacharelado)<\/a><\/li>\n<li><a href=\"https:\/\/musica.ufmg.br\/\" target=\"_blank\" rel=\"noopener\">M\u00fasica (Bacharelado)<\/a><\/li>\n<li><a href=\"http:\/\/www.enf.ufmg.br\/index.php\/2016-02-25-20-26-21\" target=\"_blank\" rel=\"noopener\">Nutri\u00e7\u00e3o (Bacharelado)<\/a><\/li>\n<li><a href=\"https:\/\/www.odonto.ufmg.br\/colgrad\/sobre\/\" target=\"_blank\" rel=\"noopener\">Odontologia (Bacharelado)<\/a><\/li>\n<li><a href=\"https:\/\/www.fae.ufmg.br\/\" target=\"_blank\" rel=\"noopener\">Pedagogia (Licenciatura)<\/a><\/li>\n<li><a href=\"https:\/\/www.fafich.ufmg.br\/colpsi\/\">Psicologia (Bacharelado)<\/a><\/li>\n<li><a href=\"http:\/\/www.fafich.ufmg.br\/publicidadeepropaganda\/\" target=\"_blank\" rel=\"noopener\">Publicidade e Propaganda (Bacharelado)<\/a><\/li>\n<li><a href=\"http:\/\/colgrad.ufmg.br\/quimica\" target=\"_self\" rel=\"noopener\">Qu\u00edmica (Bacharelado)<\/a><\/li>\n<li><a href=\"http:\/\/colgrad.ufmg.br\/quimica\">Qu\u00edmica (Licenciatura)<\/a><\/li>\n<li><a href=\"http:\/\/www.eeffto.ufmg.br\/eeffto\/graduacao\/terapia_ocupacional_graduacao\/\" target=\"_blank\" rel=\"noopener\">Terapia Ocupacional (Bacharelado)<\/a><\/li>\n<li><a href=\"https:\/\/www.igc.ufmg.br\/graduacao-em-turismo\/\" target=\"_blank\" rel=\"noopener\">Turismo (Bacharelado)<\/a><\/li>\n<\/ul>\n<p><strong>Curso Matutino<\/strong><\/p>\n<ul>\n<li><a href=\"https:\/\/www.face.ufmg.br\/graduacao\/administracao\/o-curso.html\" target=\"_blank\" rel=\"noopener\">Administra\u00e7\u00e3o (Bacharelado)<\/a><\/li>\n<li><a href=\"https:\/\/www.est.ufmg.br\/portal\/ciencias-atuariais-ufmg\/\" target=\"_blank\" rel=\"noopener\">Ci\u00eancias Atuariais (Bacharelado)<\/a><\/li>\n<li><a href=\"https:\/\/www.face.ufmg.br\/graduacao\/ciencias-economicas\/o-curso.html\" target=\"_blank\" rel=\"noopener\">Ci\u00eancias Econ\u00f4micas (Bacharelado)<\/a><\/li>\n<li><a href=\"https:\/\/www.fafich.ufmg.br\/colcs\/\" target=\"_blank\" rel=\"noopener\">Ci\u00eancias Sociais (Bacharelado)<\/a><\/li>\n<li><a href=\"https:\/\/www.fafich.ufmg.br\/colcs\/\">Ci\u00eancias Sociais (Licenciatura)<\/a><\/li>\n<li><a href=\"https:\/\/www.eba.ufmg.br\/conservacao\/\" target=\"_blank\" rel=\"noopener\">Conserva\u00e7\u00e3o e Restaura\u00e7\u00e3o de Bens Culturais M\u00f3veis (Bacharelado)<\/a><\/li>\n<li><a href=\"https:\/\/www.face.ufmg.br\/graduacao\/controladoria-e-financas\/o-curso.html\" target=\"_blank\" rel=\"noopener\">Controladoria e Finan\u00e7as (Bacharelado)<\/a><\/li>\n<li><a href=\"http:\/\/www.est.ufmg.br\/portal\/\" target=\"_blank\" rel=\"noopener\">Estat\u00edstica (Bacharelado)<\/a><\/li>\n<li><a href=\"https:\/\/www.igc.ufmg.br\/graduacao-em-geografia\/\" target=\"_blank\" rel=\"noopener\">Geografia (Bacharelado)<\/a><\/li>\n<li><a href=\"https:\/\/www.igc.ufmg.br\/graduacao-em-geografia\/\">Geografia (Licenciatura)<\/a><\/li>\n<li><a href=\"http:\/\/www.fafich.ufmg.br\/jornalismo\/\" target=\"_blank\" rel=\"noopener\">Jornalismo (Bacharelado)<\/a><\/li>\n<li><a href=\"http:\/\/colgradmuseo.eci.ufmg.br\/\" target=\"_blank\" rel=\"noopener\">Museologia (Bacharelado)<\/a><\/li>\n<li><a href=\"http:\/\/www.fafich.ufmg.br\/relacoespublicas\">Rela\u00e7\u00f5es P\u00fablicas (Bacharelado)<\/a><\/li>\n<li><a href=\"https:\/\/www.eba.ufmg.br\/graduacao\/teatro\/\" target=\"_blank\" rel=\"noopener\">Teatro (<\/a><a href=\"https:\/\/www.eba.ufmg.br\/graduacao\/teatro\/\" target=\"_blank\" rel=\"noopener\">Bacharelado<\/a><a href=\"https:\/\/www.eba.ufmg.br\/graduacao\/teatro\/\" target=\"_blank\" rel=\"noopener\">)<\/a><\/li>\n<li><a href=\"https:\/\/www.eba.ufmg.br\/graduacao\/teatro\/\">Teatro (Licenciatura)<\/a><\/li>\n<\/ul>\n<p><strong>Curso Vespertino<\/strong><\/p>\n<ul>\n<li><a href=\"https:\/\/dcc.ufmg.br\/tronco-comum-computacao\/.\" target=\"_blank\" rel=\"noopener\">Ci\u00eancia da Computa\u00e7\u00e3o (Bacharelado)<\/a><\/li>\n<li><a href=\"https:\/\/dcc.ufmg.br\/bacharelado-em-ciencia-de-dados\/\">Ci\u00eancia de Dados (Bacharelado)<\/a><\/li>\n<li><a href=\"https:\/\/cienciasdoestado.direito.ufmg.br\/\" target=\"_blank\" rel=\"noopener\">Ci\u00eancias do Estado (Bacharelado)<\/a><\/li>\n<li>Engenharia de Computa\u00e7\u00e3o (Bacharelado)<\/li>\n<li><a href=\"https:\/\/www.fisica.ufmg.br\/\" target=\"_blank\" rel=\"noopener\">F\u00edsica (Bacharelado)<\/a><\/li>\n<li><a href=\"https:\/\/www.fisica.ufmg.br\/\">F\u00edsica (Licenciatura)<\/a><\/li>\n<li><a href=\"https:\/\/www.fafich.ufmg.br\/colhis\/\" target=\"_blank\" rel=\"noopener\">Hist\u00f3ria (Bacharelado)<\/a><\/li>\n<li><a href=\"https:\/\/www.fafich.ufmg.br\/colhis\/\">Hist\u00f3ria (Licenciatura)<\/a><\/li>\n<li><a href=\"https:\/\/www.matcomp.dcc.ufmg.br\/\" target=\"_blank\" rel=\"noopener\">Matem\u00e1tica Computacional (Bacharelado)<\/a><\/li>\n<li><a href=\"https:\/\/dcc.ufmg.br\/tronco-comum-computacao\/.\" target=\"_blank\" rel=\"noopener\">Sistemas de Informa\u00e7\u00e3o (Bacharelado)<\/a><\/li>\n<\/ul>\n<p><strong>Curso Integral<\/strong><\/p>\n<ul>\n<li><a href=\"https:\/\/www.medicina.ufmg.br\/cegrad\/medicina\/\">Medicina (Bacharelado )<\/a><\/li>\n<\/ul>\n<p><strong>Cursos Noturnos<\/strong><\/p>\n<ul>\n<li style=\"list-style-type: none;\">\n<ul>\n<li><a href=\"https:\/\/www.face.ufmg.br\/graduacao\/administracao\/o-curso.html\" target=\"_blank\" rel=\"noopener\">Administra\u00e7\u00e3o (Bacharelado)<\/a><\/li>\n<li><a href=\"http:\/\/colgrad.ufmg.br\/antropologia\" target=\"_blank\" rel=\"noopener\">Antropologia (Bacharelado)<\/a><\/li>\n<li><a href=\"https:\/\/www.fafich.ufmg.br\/cgradant\/apresentacao\/\">Arqueologia (Bacharelado)<\/a><\/li>\n<li><a href=\"http:\/\/www.arq.ufmg.br\/site\/v2\/index.php\/au\/\" target=\"_blank\" rel=\"noopener\">Arquitetura e Urbanismo (Bacharelado)<\/a><\/li>\n<li><a href=\"http:\/\/colgradarquivo.eci.ufmg.br\/\" target=\"_self\" rel=\"noopener\">Arquivologia\u00a0<\/a><a href=\"http:\/\/colgradarquivo.eci.ufmg.br\/\" target=\"_self\" rel=\"noopener\">(Bacharelado)<\/a><\/li>\n<li><a href=\"http:\/\/colgradbiblio.eci.ufmg.br\/\" target=\"_blank\" rel=\"noopener\">Biblioteconomia (Bacharelado)<\/a><\/li>\n<li><a href=\"http:\/\/www.farmacia.ufmg.br\/biomedicina\" target=\"_blank\" rel=\"noopener\">Biomedicina (Bacharelado)<\/a><\/li>\n<li><a href=\"https:\/\/www.icb.ufmg.br\/graduacao\/sobre-o-curso-de-ciencias-biologicas\" target=\"_blank\" rel=\"noopener\">Ci\u00eancias Biol\u00f3gicas (Licenciatura)<\/a><\/li>\n<li><a href=\"https:\/\/www.face.ufmg.br\/graduacao\/ciencias-contabeis\/o-curso.html\" target=\"_blank\" rel=\"noopener\">Ci\u00eancias Cont\u00e1beis (Bacharelado)<\/a><\/li>\n<li><a href=\"http:\/\/www.fafich.ufmg.br\/socioambientais\/\" target=\"_blank\" rel=\"noopener\">Ci\u00eancias Socioambientais (Bacharelado)<\/a><\/li>\n<li><a href=\"https:\/\/www.eba.ufmg.br\/caad\/\" target=\"_self\" rel=\"noopener\">Cinema de Anima\u00e7\u00e3o e Artes Digitais (Bacharelado)<\/a><\/li>\n<li><a href=\"http:\/\/www.eba.ufmg.br\/graduacao\/Danca\/indexdanca.html\" target=\"_self\" rel=\"noopener\">Dan\u00e7a (Licenciatura)<\/a><\/li>\n<li><a href=\"https:\/\/sites.arq.ufmg.br\/ea\/ensino\/cursos\/design\/\" target=\"_blank\" rel=\"noopener\">Design (Bacharelado)<\/a><\/li>\n<li><a href=\"http:\/\/www.eba.ufmg.br\/designdemoda\/\" target=\"_self\" rel=\"noopener\">Design de Moda\u00a0 (Bacharelado)<\/a><\/li>\n<li><a href=\"http:\/\/colgrad.ufmg.br\/direito\" target=\"_self\" rel=\"noopener\">Direito (Bacharelado)<\/a><\/li>\n<li><a href=\"http:\/\/www.eeffto.ufmg.br\/eeffto\/graduacao\/educacao_fasica_graduacao\/\" target=\"_blank\" rel=\"noopener\">Educa\u00e7\u00e3o F\u00edsica <\/a><a href=\"http:\/\/www.eeffto.ufmg.br\/eeffto\/graduacao\/educacao_fasica_graduacao\/\" target=\"_blank\" rel=\"noopener\">(Bacharelado)<\/a><\/li>\n<li><a href=\"https:\/\/www.eng.ufmg.br\/portal\/graduacao\/cursos\/engenharia-de-controle-e-automacao\/\" target=\"_blank\" rel=\"noopener\">Engenharia de Controle e Automa\u00e7\u00e3o (Bacharelado)<\/a><\/li>\n<li><a href=\"https:\/\/www.eng.ufmg.br\/portal\/graduacao\/cursos\/engenharia-sistemas\/\" target=\"_blank\" rel=\"noopener\">Engenharia de Sistemas (Bacharelado)<\/a><\/li>\n<li><a href=\"https:\/\/www.eng.ufmg.br\/portal\/graduacao\/cursos\/engenharia-mecanica\/\" target=\"_blank\" rel=\"noopener\">Engenharia Mec\u00e2nica (Bacharelado)<\/a><\/li>\n<li><a href=\"http:\/\/www.farmacia.ufmg.br\/colfar\" target=\"_blank\" rel=\"noopener\">Farm\u00e1cia\u00a0<\/a><a href=\"http:\/\/www.farmacia.ufmg.br\/colfar\" target=\"_blank\" rel=\"noopener\">(Bacharelado)<\/a><\/li>\n<li><a href=\"https:\/\/filosofia.fafich.ufmg.br\/\" target=\"_blank\" rel=\"noopener\">Filosofia (Bacharelado)<\/a><\/li>\n<li><a href=\"https:\/\/www.fisica.ufmg.br\/\" target=\"_blank\" rel=\"noopener\">F\u00edsica (Licenciatura)<\/a><\/li>\n<li><a href=\"http:\/\/www.igc.ufmg.br\/index.php?option=com_content&amp;view=category&amp;layout=blog&amp;id=20&amp;Itemid=151\" target=\"_blank\" rel=\"noopener\">Geografia (Licenciatura)<\/a><\/li>\n<li><a href=\"http:\/\/www.enf.ufmg.br\/index.php\/2016-06-28-16-43-16\/graduacao\/gestao-de-servicos-de-saude\" target=\"_blank\" rel=\"noopener\">Gest\u00e3o de Servi\u00e7os de Sa\u00fade (Bacharelado)<\/a><\/li>\n<li><a href=\"http:\/\/colgrad.ufmg.br\/gestaopublica\" target=\"_blank\" rel=\"noopener\">Gest\u00e3o P\u00fablica<\/a><\/li>\n<li><a href=\"http:\/\/www.fafich.ufmg.br\/atendimento\/historia\" target=\"_blank\" rel=\"noopener\">Hist\u00f3ria (Licenciatura)<\/a><\/li>\n<li><a href=\"http:\/\/www.fafich.ufmg.br\/jornalismo\/\" target=\"_blank\" rel=\"noopener\">Jornalismo (Bacharelado)<\/a><\/li>\n<li><a href=\"http:\/\/grad.letras.ufmg.br\/\" target=\"_self\" rel=\"noopener\">Letras (Bacharelado<\/a><\/li>\n<li><a href=\"http:\/\/grad.letras.ufmg.br\/\">Letras (Licenciatura)<\/a><\/li>\n<li><a href=\"http:\/\/grad.letras.ufmg.br\/\" target=\"_self\" rel=\"noopener\">Letras &#8211; Libras (Licenciatura)<\/a><\/li>\n<li><a href=\"http:\/\/www.mat.ufmg.br\/graduacao\/\" target=\"_blank\" rel=\"noopener\">Matem\u00e1tica (Licenciatura)<\/a><\/li>\n<li><a href=\"http:\/\/www2.musica.ufmg.br\/index.php\" target=\"_blank\" rel=\"noopener\">M\u00fasica (<\/a><a href=\"http:\/\/www2.musica.ufmg.br\/index.php\" target=\"_blank\" rel=\"noopener\">Bacharelado)<\/a><\/li>\n<li><a href=\"http:\/\/www2.musica.ufmg.br\/index.php\">M\u00fasica (Licenciatura)<\/a><\/li>\n<li><a href=\"http:\/\/www.fae.ufmg.br\/cursos-graduacao\/\" target=\"_blank\" rel=\"noopener\">Pedagogia (Licenciatura)<\/a><\/li>\n<li><a href=\"http:\/\/colgrad.ufmg.br\/quimica\" target=\"_self\" rel=\"noopener\">Qu\u00edmica (Licenciatura)<\/a><\/li>\n<li><a href=\"http:\/\/colgrad.ufmg.br\/quimica\" target=\"_self\" rel=\"noopener\">Qu\u00edmica Tecnol\u00f3gica (Bacharelado)<\/a><\/li>\n<li><a href=\"https:\/\/www.medicina.ufmg.br\/cegrad\/radiologia\/\" target=\"_blank\" rel=\"noopener\">Radiologia (Superior de Tecnologia)<\/a><\/li>\n<li><a href=\"https:\/\/www.face.ufmg.br\/graduacao\/relacoes-economicas-internacionais\/o-curso.html\" target=\"_blank\" rel=\"noopener\">Rela\u00e7\u00f5es Econ\u00f4micas Internacionais (Bacharelado)<\/a><\/li>\n<\/ul>\n<\/li>\n<\/ul>\n<p><strong>Em altern\u00e2ncia<\/strong><\/p>\n<ul>\n<li><a href=\"https:\/\/fiei.fae.ufmg.br\/o-curso\/\">Forma\u00e7\u00e3o Intercultural para Educadores Ind\u00edgenas (Licenciatura)<\/a><\/li>\n<li><a href=\"https:\/\/www.fae.ufmg.br\/lecampo\/\">Licenciatura em Educa\u00e7\u00e3o do Campo (Licenciatura)<\/a><\/li>\n<\/ul>\n<\/div>\n<\/div>\n<\/div>\n<\/div>\n<p>&nbsp;<\/p>\n<div class=\"content-view-children\">\n<div class=\"content-view-line\">\n<div class=\"class-folder\">\n<div class=\"attribute-short\">\n<p>Conhe\u00e7a mais sobre os cursos no site da <a href=\"https:\/\/www.ufmg.br\/mostra\">Mostra Sua UFMG<\/a>.<\/p>\n<\/div>\n<\/div>\n<\/div>\n<\/div>\n<\/div>\n<\/div>\n<\/div>\n<\/div>\n<\/div>\n<\/div>\n<\/div>\n<\/div>\n<\/div>\n<\/div>\n<\/div>\n<\/div>\n","protected":false},"excerpt":{"rendered":"<p>Cursos Diurnos\u00a0 Aquacultura (Bacharelado) Arquitetura e Urbanismo (Bacharelado) Artes Visuais [&hellip;]<\/p>\n","protected":false},"author":1,"featured_media":0,"parent":0,"menu_order":0,"comment_status":"closed","ping_status":"closed","template":"","meta":{"_acf_changed":false,"footnotes":""},"tags":[],"class_list":["post-623","page","type-page","status-publish","hentry"],"acf":[],"_links":{"self":[{"href":"https:\/\/www.ufmg.br\/prograd\/wp-json\/wp\/v2\/pages\/623","targetHints":{"allow":["GET"]}}],"collection":[{"href":"https:\/\/www.ufmg.br\/prograd\/wp-json\/wp\/v2\/pages"}],"about":[{"href":"https:\/\/www.ufmg.br\/prograd\/wp-json\/wp\/v2\/types\/page"}],"author":[{"embeddable":true,"href":"https:\/\/www.ufmg.br\/prograd\/wp-json\/wp\/v2\/users\/1"}],"replies":[{"embeddable":true,"href":"https:\/\/www.ufmg.br\/prograd\/wp-json\/wp\/v2\/comments?post=623"}],"version-history":[{"count":61,"href":"https:\/\/www.ufmg.br\/prograd\/wp-json\/wp\/v2\/pages\/623\/revisions"}],"predecessor-version":[{"id":4494,"href":"https:\/\/www.ufmg.br\/prograd\/wp-json\/wp\/v2\/pages\/623\/revisions\/4494"}],"wp:attachment":[{"href":"https:\/\/www.ufmg.br\/prograd\/wp-json\/wp\/v2\/media?parent=623"}],"wp:term":[{"taxonomy":"post_tag","embeddable":true,"href":"https:\/\/www.ufmg.br\/prograd\/wp-json\/wp\/v2\/tags?post=623"}],"curies":[{"name":"wp","href":"https:\/\/api.w.org\/{rel}","templated":true}]}}