{"id":741,"date":"2021-08-19T14:03:04","date_gmt":"2021-08-19T17:03:04","guid":{"rendered":"https:\/\/www.ufmg.br\/prograd\/?page_id=741"},"modified":"2025-08-27T09:21:16","modified_gmt":"2025-08-27T12:21:16","slug":"semana-da-graduacao","status":"publish","type":"page","link":"https:\/\/www.ufmg.br\/prograd\/semana-da-graduacao\/","title":{"rendered":"Semana da Gradua\u00e7\u00e3o"},"content":{"rendered":"<div id=\"columns-position\">\n<div id=\"columns\" class=\"float-break\">\n<div id=\"main-position\">\n<div id=\"main\" class=\"float-break\">\n<div class=\"overflow-fix\">\n<div class=\"border-box\">\n<div class=\"border-ml\">\n<div class=\"border-mr\">\n<div class=\"border-mc float-break\">\n<div class=\"content-view-full\">\n<div class=\"class-folder\">\n<div class=\"attribute-header\">\n<div class=\"attribute-header\">\n<p align=\"justify\">No \u00e2mbito da <a href=\"https:\/\/www.ufmg.br\/semanadoconhecimento\/\">Semana do Conhecimento<\/a>, que acontecer\u00e1 de 13 a 17 de outubro de 2025, a Pr\u00f3-Reitoria de Gradua\u00e7\u00e3o realizar\u00e1 a 29\u00aa Semana da Gradua\u00e7\u00e3o.<\/p>\n<p align=\"justify\"><strong>Programa\u00e7\u00e3o<\/strong><\/p>\n<p align=\"justify\">A apresenta\u00e7\u00e3o de trabalhos da Semana da Gradua\u00e7\u00e3o acontecer\u00e1 no dia 15 de outubro de 2025, no CAD 3.<\/p>\n<div class=\"attribute-header\">\n<p align=\"justify\"><strong>Inscri\u00e7\u00e3o de trabalhos<\/strong><\/p>\n<\/div>\n<p align=\"justify\">O per\u00edodo de inscri\u00e7\u00e3o dos trabalhos ocorrer\u00e1 de 18\/08\/2025 at\u00e9 \u00e0s 16 horas do dia 10 de setembro de 2025.<\/p>\n<p align=\"justify\">As informa\u00e7\u00f5es sobre a inscri\u00e7\u00e3o, a sele\u00e7\u00e3o e a apresenta\u00e7\u00e3o dos projetos podem ser encontradas <a href=\"https:\/\/www.ufmg.br\/semanadoconhecimento\/inscricao-de-trabalhos\/\">no site da Semana do Conhecimento, clicando em: Prograd &#8211; UFMG &#8211; 29\u00aa Semana da Gradua\u00e7\u00e3o<\/a><\/p>\n<\/div>\n<div class=\"attribute-header\">\n<p align=\"justify\"><strong>Informa\u00e7\u00f5es<\/strong><\/p>\n<p align=\"justify\">Mais informa\u00e7\u00f5es pelo e-mail semanaprojetosgraduacao@prograd.ufmg.br ou pelos telefones (31) 3409-4058 e 6453.<\/p>\n<p align=\"justify\">\n<\/div>\n<div class=\"attribute-long\"><\/div>\n<\/div>\n<\/div>\n<\/div>\n<\/div>\n<\/div>\n<\/div>\n<div class=\"border-bl\">\n<div class=\"border-br\">\n<div class=\"border-bc\"><\/div>\n<\/div>\n<\/div>\n<\/div>\n<\/div>\n<\/div>\n<\/div>\n<\/div>\n<\/div>\n<div id=\"footer\">\n<div class=\"border-box border-box-style2\">\n<div class=\"border-tl\">\n<div class=\"border-tr\">\n<div class=\"border-tc\"><\/div>\n<\/div>\n<\/div>\n<div class=\"border-ml\">\n<div class=\"border-mr\">\n<div class=\"border-mc\">\n<div class=\"border-content\">\n<address>\u00a0<\/address>\n<\/div>\n<\/div>\n<\/div>\n<\/div>\n<\/div>\n<\/div>\n","protected":false},"excerpt":{"rendered":"<p>No \u00e2mbito da Semana do Conhecimento, que acontecer\u00e1 de 13 [&hellip;]<\/p>\n","protected":false},"author":1,"featured_media":0,"parent":0,"menu_order":0,"comment_status":"closed","ping_status":"closed","template":"","meta":{"_acf_changed":false,"footnotes":""},"tags":[],"class_list":["post-741","page","type-page","status-publish","hentry"],"acf":[],"_links":{"self":[{"href":"https:\/\/www.ufmg.br\/prograd\/wp-json\/wp\/v2\/pages\/741","targetHints":{"allow":["GET"]}}],"collection":[{"href":"https:\/\/www.ufmg.br\/prograd\/wp-json\/wp\/v2\/pages"}],"about":[{"href":"https:\/\/www.ufmg.br\/prograd\/wp-json\/wp\/v2\/types\/page"}],"author":[{"embeddable":true,"href":"https:\/\/www.ufmg.br\/prograd\/wp-json\/wp\/v2\/users\/1"}],"replies":[{"embeddable":true,"href":"https:\/\/www.ufmg.br\/prograd\/wp-json\/wp\/v2\/comments?post=741"}],"version-history":[{"count":37,"href":"https:\/\/www.ufmg.br\/prograd\/wp-json\/wp\/v2\/pages\/741\/revisions"}],"predecessor-version":[{"id":5155,"href":"https:\/\/www.ufmg.br\/prograd\/wp-json\/wp\/v2\/pages\/741\/revisions\/5155"}],"wp:attachment":[{"href":"https:\/\/www.ufmg.br\/prograd\/wp-json\/wp\/v2\/media?parent=741"}],"wp:term":[{"taxonomy":"post_tag","embeddable":true,"href":"https:\/\/www.ufmg.br\/prograd\/wp-json\/wp\/v2\/tags?post=741"}],"curies":[{"name":"wp","href":"https:\/\/api.w.org\/{rel}","templated":true}]}}