{"id":781,"date":"2021-08-31T16:53:34","date_gmt":"2021-08-31T19:53:34","guid":{"rendered":"https:\/\/www.ufmg.br\/prograd\/?page_id=781"},"modified":"2024-07-25T12:16:06","modified_gmt":"2024-07-25T15:16:06","slug":"acesso-a-informacao","status":"publish","type":"page","link":"https:\/\/www.ufmg.br\/prograd\/acesso-a-informacao\/","title":{"rendered":"Acesso \u00e0 informa\u00e7\u00e3o"},"content":{"rendered":"<div class=\"attribute-short\">\n<p>A\u00a0<a href=\"http:\/\/www.planalto.gov.br\/ccivil_03\/_ato2011-2014\/2011\/lei\/l12527.htm\" target=\"_blank\" rel=\"noopener\">Lei n\u00ba 12.527, de 18 de novembro de 2011<\/a>, conhecida como Lei de Acesso \u00e0 Informa\u00e7\u00e3o &#8211; LAI, regulamenta o direito, previsto na Constitui\u00e7\u00e3o, de qualquer pessoa solicitar e receber dos \u00f3rg\u00e3os e entidades p\u00fablicos, de todos os entes e Poderes, informa\u00e7\u00f5es p\u00fablicas por eles produzidas ou custodiadas.<\/p>\n<\/div>\n<div class=\"attribute-long\">\n<p><b>TRANSPAR\u00caNCIA GASTOS P\u00daBLICOS<br \/>\n<\/b><\/p>\n<h5 style=\"padding-left: 40px;\"><span style=\"text-decoration: underline;\">Contratos<\/span><\/h5>\n<style>#sp-ea-4140 .spcollapsing { height: 0; overflow: hidden; transition-property: height;transition-duration: 500ms;}#sp-ea-4140.sp-easy-accordion>.sp-ea-single {margin-bottom: 10px; border: 1px solid #e2e2e2; }#sp-ea-4140.sp-easy-accordion>.sp-ea-single>.ea-header a {color: #444;}#sp-ea-4140.sp-easy-accordion>.sp-ea-single>.sp-collapse>.ea-body {background: #fff; color: #444;}#sp-ea-4140.sp-easy-accordion>.sp-ea-single {background: #eee;}#sp-ea-4140.sp-easy-accordion>.sp-ea-single>.ea-header a .ea-expand-icon { float: left; color: #444;font-size: 16px;}<\/style><div id=\"sp_easy_accordion-1776469050\"><div id=\"sp-ea-4140\" class=\"sp-ea-one sp-easy-accordion\" data-ea-active=\"ea-click\" data-ea-mode=\"vertical\" data-preloader=\"\" data-scroll-active-item=\"\" data-offset-to-scroll=\"0\"><div class=\"ea-card ea-expand sp-ea-single\"><h3 class=\"ea-header\"><a class=\"collapsed\" id=\"ea-header-41400\" role=\"button\" data-sptoggle=\"spcollapse\" data-sptarget=\"#collapse41400\" aria-controls=\"collapse41400\" href=\"#\" aria-expanded=\"true\" tabindex=\"0\"><i aria-hidden=\"true\" role=\"presentation\" class=\"ea-expand-icon eap-icon-ea-expand-minus\"><\/i> 2024<\/a><\/h3><div class=\"sp-collapse spcollapse collapsed show\" id=\"collapse41400\" data-parent=\"#sp-ea-4140\" role=\"region\" aria-labelledby=\"ea-header-41400\"> <div class=\"ea-body\"><p><a href=\"http:\/\/www.ufmg.br\/prograd\/arquivos\/contratos\/2024\/Contrato2024-220.html\">Contrato UFMG 220\/2024<\/a> - O objeto do presente instrumento \u00e9 a contrata\u00e7\u00e3o de solu\u00e7\u00e3o de tecnologia da informa\u00e7\u00e3o e comunica\u00e7\u00e3o, por meio do Registro de pre\u00e7os para a aquisi\u00e7\u00e3o de esta\u00e7\u00f5es de trabalho (desktops) de ALTO DESEMPENHO, conforme condi\u00e7\u00f5es estabelecidas no Termo de Refer\u00eancia.<\/p><\/div><\/div><\/div><\/div><\/div>\n<h5 style=\"padding-left: 40px;\"><span style=\"text-decoration: underline;\">Gest\u00e3o Financeira<\/span><\/h5>\n<style>#sp-ea-1508 .spcollapsing { height: 0; overflow: hidden; transition-property: height;transition-duration: 500ms;}#sp-ea-1508.sp-easy-accordion>.sp-ea-single {margin-bottom: 10px; border: 1px solid #e2e2e2; }#sp-ea-1508.sp-easy-accordion>.sp-ea-single>.ea-header a {color: #444;}#sp-ea-1508.sp-easy-accordion>.sp-ea-single>.sp-collapse>.ea-body {background: #fff; color: #444;}#sp-ea-1508.sp-easy-accordion>.sp-ea-single {background: #eee;}#sp-ea-1508.sp-easy-accordion>.sp-ea-single>.ea-header a .ea-expand-icon { float: left; color: #444;font-size: 16px;}<\/style><div id=\"sp_easy_accordion-1737738048\"><div id=\"sp-ea-1508\" class=\"sp-ea-one sp-easy-accordion\" data-ea-active=\"ea-click\" data-ea-mode=\"vertical\" data-preloader=\"\" data-scroll-active-item=\"\" data-offset-to-scroll=\"0\"><div class=\"ea-card ea-expand sp-ea-single\"><h3 class=\"ea-header\"><a class=\"collapsed\" id=\"ea-header-15080\" role=\"button\" data-sptoggle=\"spcollapse\" data-sptarget=\"#collapse15080\" aria-controls=\"collapse15080\" href=\"#\" aria-expanded=\"true\" tabindex=\"0\"><i aria-hidden=\"true\" role=\"presentation\" class=\"ea-expand-icon eap-icon-ea-expand-minus\"><\/i> 2026<\/a><\/h3><div class=\"sp-collapse spcollapse collapsed show\" id=\"collapse15080\" data-parent=\"#sp-ea-1508\" role=\"region\" aria-labelledby=\"ea-header-15080\"> <div class=\"ea-body\"><p><a href=\"https:\/\/www.ufmg.br\/prograd\/arquivos\/financeiro\/2026\/TranspMar26\">Mar\u00e7o de 2026<\/a><\/p><p><a href=\"https:\/\/www.ufmg.br\/prograd\/arquivos\/financeiro\/2026\/TranspFev26\">Fevereiro de 2026<\/a><\/p><p><a href=\"http:\/\/www.ufmg.br\/prograd\/arquivos\/financeiro\/2026\/TranspJan26.pdf\">Janeiro de 2026<\/a><\/p><\/div><\/div><\/div><div class=\"ea-card sp-ea-single\"><h3 class=\"ea-header\"><a class=\"collapsed\" id=\"ea-header-15081\" role=\"button\" data-sptoggle=\"spcollapse\" data-sptarget=\"#collapse15081\" aria-controls=\"collapse15081\" href=\"#\" aria-expanded=\"false\" tabindex=\"0\"><i aria-hidden=\"true\" role=\"presentation\" class=\"ea-expand-icon eap-icon-ea-expand-plus\"><\/i> 2025<\/a><\/h3><div class=\"sp-collapse spcollapse \" id=\"collapse15081\" data-parent=\"#sp-ea-1508\" role=\"region\" aria-labelledby=\"ea-header-15081\"> <div class=\"ea-body\"><p><a href=\"https:\/\/www.ufmg.br\/prograd\/wp-content\/uploads\/2025\/02\/TranspJan25.pdf\">Janeiro de 2025<\/a><\/p><p><a href=\"http:\/\/www.ufmg.br\/prograd\/wp-content\/uploads\/2025\/02\/TranspFev25.pdf\">Fevereiro de 2025<\/a><\/p><p><a href=\"http:\/\/www.ufmg.br\/prograd\/wp-content\/uploads\/2025\/02\/TranspMarc25.pdf\">Mar\u00e7o de 2025<\/a><\/p><p><a href=\"https:\/\/www.ufmg.br\/prograd\/wp-content\/uploads\/2025\/02\/TranspAbr25.pdf\">Abril de 2025<\/a><\/p><p><a href=\"http:\/\/www.ufmg.br\/prograd\/wp-content\/uploads\/2025\/02\/TranspMaio25.pdf\">Maio de 2025<\/a><\/p><p><a href=\"http:\/\/www.ufmg.br\/prograd\/wp-content\/uploads\/2025\/02\/TranspJun25.pdf\">Junho de 2025<\/a><\/p><p><a href=\"https:\/\/www.ufmg.br\/prograd\/wp-content\/uploads\/2025\/08\/TranspJul25.pdf\">Julho de 2025<\/a><\/p><p><a href=\"https:\/\/www.ufmg.br\/prograd\/wp-content\/uploads\/2025\/09\/TranspAgo25.pdf\">Agosto de 2025<\/a><\/p><p><a href=\"http:\/\/www.ufmg.br\/prograd\/wp-content\/uploads\/2025\/09\/TranspSet25.pdf\">Setembro de 2025<\/a><\/p><p><a href=\"http:\/\/www.ufmg.br\/prograd\/wp-content\/uploads\/2025\/09\/TranspOut25.pdf\">Outubro de 2025<\/a><\/p><p><a href=\"https:\/\/www.ufmg.br\/prograd\/wp-content\/uploads\/2025\/12\/TranspNov25.pdf\">Novembro de 2025<\/a><\/p><p><a href=\"http:\/\/www.ufmg.br\/prograd\/wp-content\/uploads\/2026\/01\/TranspNov25.pdf\">Dezembro de 2025<\/a><\/p><\/div><\/div><\/div><div class=\"ea-card sp-ea-single\"><h3 class=\"ea-header\"><a class=\"collapsed\" id=\"ea-header-15082\" role=\"button\" data-sptoggle=\"spcollapse\" data-sptarget=\"#collapse15082\" aria-controls=\"collapse15082\" href=\"#\" aria-expanded=\"false\" tabindex=\"0\"><i aria-hidden=\"true\" role=\"presentation\" class=\"ea-expand-icon eap-icon-ea-expand-plus\"><\/i> 2024<\/a><\/h3><div class=\"sp-collapse spcollapse \" id=\"collapse15082\" data-parent=\"#sp-ea-1508\" role=\"region\" aria-labelledby=\"ea-header-15082\"> <div class=\"ea-body\"><p><a href=\"https:\/\/www.ufmg.br\/prograd\/wp-content\/uploads\/2025\/01\/12-Planilha_de_Fornecedores_Dezembro_2024.pdf\">Dezembro\/2024<\/a><\/p><p><a href=\"https:\/\/www.ufmg.br\/prograd\/wp-content\/uploads\/2024\/12\/TranspNov24.pdf\">Novembro\/2024<\/a><\/p><p><a href=\"https:\/\/www.ufmg.br\/prograd\/wp-content\/uploads\/2024\/11\/TranspOut24.pdf\">Outubro\/2024<\/a><\/p><p><a href=\"https:\/\/www.ufmg.br\/prograd\/wp-content\/uploads\/2024\/10\/TranspSet2024.pdf\">Setembro\/2024<\/a><\/p><p><a href=\"https:\/\/www.ufmg.br\/prograd\/wp-content\/uploads\/2024\/09\/TranspAgo24.pdf\">Agosto\/2024<\/a><\/p><p><a href=\"https:\/\/www.ufmg.br\/prograd\/wp-content\/uploads\/2024\/08\/TRanspJul24.pdf\">Julho\/2024<\/a><\/p><p><a href=\"https:\/\/www.ufmg.br\/prograd\/wp-content\/uploads\/2024\/07\/TranspJun24.pdf\">Junho\/2024<\/a><\/p><p><a href=\"\/prograd\/arquivos\/docs\/Fornecedores-Maio-2024.pdf\">Maio\/2024<\/a><\/p><p><a href=\"https:\/\/www.ufmg.br\/prograd\/arquivos\/docs\/TranspAbr24\">Abril\/2024<\/a><\/p><p><a href=\"https:\/\/www.ufmg.br\/prograd\/wp-content\/uploads\/2021\/12\/Fornecedores-Marco-2024.pdf\">Mar\u00e7o\/2024<\/a><\/p><p><a href=\"https:\/\/www.ufmg.br\/prograd\/wp-content\/uploads\/2021\/12\/Fornecedores-Fevereiro-2024.pdf\">Fevereiro\/2024<\/a><\/p><p><a href=\"https:\/\/www.ufmg.br\/prograd\/wp-content\/uploads\/2021\/12\/Fornecedores-Janeiro-2024.pdf\">Janeiro\/2024<\/a><\/p><\/div><\/div><\/div><div class=\"ea-card sp-ea-single\"><h3 class=\"ea-header\"><a class=\"collapsed\" id=\"ea-header-15083\" role=\"button\" data-sptoggle=\"spcollapse\" data-sptarget=\"#collapse15083\" aria-controls=\"collapse15083\" href=\"#\" aria-expanded=\"false\" tabindex=\"0\"><i aria-hidden=\"true\" role=\"presentation\" class=\"ea-expand-icon eap-icon-ea-expand-plus\"><\/i> 2023<\/a><\/h3><div class=\"sp-collapse spcollapse \" id=\"collapse15083\" data-parent=\"#sp-ea-1508\" role=\"region\" aria-labelledby=\"ea-header-15083\"> <div class=\"ea-body\"><p><a href=\"https:\/\/www.ufmg.br\/prograd\/arquivos\/docs\/TranspDez23\">Dezembro\/2023<\/a><\/p><p><a href=\"https:\/\/www.ufmg.br\/prograd\/wp-content\/uploads\/2023\/12\/TranspNov23.pdf\">Novembro\/2023<\/a><\/p><p><a href=\"https:\/\/www.ufmg.br\/prograd\/wp-content\/uploads\/2023\/11\/TranspOut23.pdf\">Outubro\/2023<\/a><\/p><p><a href=\"https:\/\/www.ufmg.br\/prograd\/wp-content\/uploads\/2023\/10\/TranspSet23.pdf\">Setembro\/2023<\/a><\/p><p><a href=\"https:\/\/www.ufmg.br\/prograd\/arquivos\/docs\/TranspAgo23.pdf\">Agosto\/2023<\/a><\/p><p><a href=\"https:\/\/www.ufmg.br\/prograd\/arquivos\/docs\/TranspJul23\">Julho\/2023<\/a><\/p><p><a href=\"https:\/\/www.ufmg.br\/prograd\/arquivos\/docs\/TranspJun23.pdf\">Junho\/2023<\/a><\/p><p><a href=\"https:\/\/www.ufmg.br\/prograd\/wp-content\/uploads\/2021\/12\/TranspMai23.pdf\">Maio\/2023<\/a><\/p><p><a href=\"https:\/\/www.ufmg.br\/prograd\/arquivos\/docs\/TRanspAbr23.pdf\">Abril\/2023<\/a><\/p><p><a href=\"https:\/\/www.ufmg.br\/prograd\/arquivos\/docs\/TranspMar2023.pdf\">Mar\u00e7o\/2023<\/a><\/p><p><a href=\"https:\/\/www.ufmg.br\/prograd\/arquivos\/docs\/TranspFev2023.pdf\">Fevereiro\/2023<\/a><\/p><p><a href=\"https:\/\/www.ufmg.br\/prograd\/wp-content\/uploads\/2021\/12\/TRANSPARENCIA-GASTOS-PUBLICOS-JANEIRO-23.pdf\">Janeiro\/2023<\/a><\/p><\/div><\/div><\/div><div class=\"ea-card sp-ea-single\"><h3 class=\"ea-header\"><a class=\"collapsed\" id=\"ea-header-15084\" role=\"button\" data-sptoggle=\"spcollapse\" data-sptarget=\"#collapse15084\" aria-controls=\"collapse15084\" href=\"#\" aria-expanded=\"false\" tabindex=\"0\"><i aria-hidden=\"true\" role=\"presentation\" class=\"ea-expand-icon eap-icon-ea-expand-plus\"><\/i> 2022<\/a><\/h3><div class=\"sp-collapse spcollapse \" id=\"collapse15084\" data-parent=\"#sp-ea-1508\" role=\"region\" aria-labelledby=\"ea-header-15084\"> <div class=\"ea-body\"><p><a href=\"https:\/\/www.ufmg.br\/prograd\/wp-content\/uploads\/2021\/12\/TranspDez22.pdf\">Dezembro\/2022<\/a><\/p><p><a href=\"https:\/\/www.ufmg.br\/prograd\/wp-content\/uploads\/2022\/12\/TranspNov22.pdf\">Novembro\/2022<\/a><\/p><p><a href=\"https:\/\/www.ufmg.br\/prograd\/wp-content\/uploads\/2022\/11\/TRanspOut22.pdf\">Outubro\/2022<\/a><\/p><p><a href=\"https:\/\/www.ufmg.br\/prograd\/arquivos\/docs\/TRanspSet22\">Setembro\/2022<\/a><\/p><p><a href=\"https:\/\/www.ufmg.br\/prograd\/arquivos\/docs\/TRanspAgo22\">Agosto\/2022<\/a><\/p><p><a href=\"https:\/\/www.ufmg.br\/prograd\/arquivos\/docs\/TranspJul22\">Julho\/2022<\/a><\/p><p><a href=\"https:\/\/www.ufmg.br\/prograd\/arquivos\/docs\/TranspJun22.pdf\">Junho\/2022<\/a><\/p><p><a href=\"https:\/\/www.ufmg.br\/prograd\/arquivos\/docs\/TranspMai2022\">Maio\/2022<\/a><\/p><p><a href=\"https:\/\/www.ufmg.br\/prograd\/arquivos\/docs\/TranspAbr2022.pdf\">Abril\/2022<\/a><\/p><p><a href=\"https:\/\/www.ufmg.br\/prograd\/wp-content\/uploads\/2021\/12\/TranspMar2022.pdf\">Mar\u00e7o\/2022<\/a><\/p><p><a href=\"https:\/\/www.ufmg.br\/prograd\/arquivos\/docs\/TranspFev22.pdf\">Fevereiro\/2022<\/a><\/p><p><a href=\"https:\/\/www.ufmg.br\/prograd\/wp-content\/uploads\/2022\/02\/TranspJan2022.pdf\">Janeiro\/2022<\/a><\/p><\/div><\/div><\/div><div class=\"ea-card sp-ea-single\"><h3 class=\"ea-header\"><a class=\"collapsed\" id=\"ea-header-15085\" role=\"button\" data-sptoggle=\"spcollapse\" data-sptarget=\"#collapse15085\" aria-controls=\"collapse15085\" href=\"#\" aria-expanded=\"false\" tabindex=\"0\"><i aria-hidden=\"true\" role=\"presentation\" class=\"ea-expand-icon eap-icon-ea-expand-plus\"><\/i> 2021<\/a><\/h3><div class=\"sp-collapse spcollapse \" id=\"collapse15085\" data-parent=\"#sp-ea-1508\" role=\"region\" aria-labelledby=\"ea-header-15085\"> <div class=\"ea-body\"><p><a href=\"https:\/\/www.ufmg.br\/prograd\/wp-content\/uploads\/2022\/01\/TranspDez21.pdf\">Dezembro\/2021<\/a><\/p><p><a href=\"https:\/\/www.ufmg.br\/prograd\/wp-content\/uploads\/2022\/01\/TranspNov2021.pdf\">Novembro\/2021<\/a><\/p><p><a href=\"https:\/\/www.ufmg.br\/prograd\/wp-content\/uploads\/2022\/01\/TranspOut21.pdf\">Outubro\/2021<\/a><\/p><p><a href=\"https:\/\/www.ufmg.br\/prograd\/wp-content\/uploads\/2022\/01\/TRanspSet2021.pdf\">Setembro\/2021<\/a><\/p><p><a href=\"https:\/\/www.ufmg.br\/prograd\/wp-content\/uploads\/2022\/01\/TranspAgo21.pdf\">Agosto\/2021<\/a><\/p><p><a href=\"https:\/\/www.ufmg.br\/prograd\/wp-content\/uploads\/2022\/01\/TranspJulho2021.pdf\">Julho\/2021<\/a><\/p><p><a href=\"https:\/\/www.ufmg.br\/prograd\/wp-content\/uploads\/2022\/01\/TranspJunho2021.pdf\">Junho\/2021<\/a><\/p><p><a href=\"https:\/\/www.ufmg.br\/prograd\/wp-content\/uploads\/2022\/01\/TranspMaio2021.pdf\">Maio\/2021<\/a><\/p><p><a href=\"https:\/\/www.ufmg.br\/prograd\/wp-content\/uploads\/2022\/01\/TranspAbr2021.pdf\">Abril\/2021<\/a><\/p><p><a href=\"https:\/\/www.ufmg.br\/prograd\/wp-content\/uploads\/2022\/01\/TranspMar2021.pdf\">Mar\u00e7o\/2021<\/a><\/p><p><a href=\"https:\/\/www.ufmg.br\/prograd\/wp-content\/uploads\/2022\/01\/TranspFev2021.pdf\">Fevereiro\/2021<\/a><\/p><p><a href=\"https:\/\/www.ufmg.br\/prograd\/wp-content\/uploads\/2022\/01\/TranspJan2021.pdf\">Janeiro\/2021<\/a><\/p><\/div><\/div><\/div><div class=\"ea-card sp-ea-single\"><h3 class=\"ea-header\"><a class=\"collapsed\" id=\"ea-header-15086\" role=\"button\" data-sptoggle=\"spcollapse\" data-sptarget=\"#collapse15086\" aria-controls=\"collapse15086\" href=\"#\" aria-expanded=\"false\" tabindex=\"0\"><i aria-hidden=\"true\" role=\"presentation\" class=\"ea-expand-icon eap-icon-ea-expand-plus\"><\/i> 2020<\/a><\/h3><div class=\"sp-collapse spcollapse \" id=\"collapse15086\" data-parent=\"#sp-ea-1508\" role=\"region\" aria-labelledby=\"ea-header-15086\"> <div class=\"ea-body\"><p><a href=\"https:\/\/www.ufmg.br\/prograd\/wp-content\/uploads\/2022\/02\/TranspDez2020.pdf\">Dezembro\/2020<\/a><\/p><p><a href=\"https:\/\/www.ufmg.br\/prograd\/wp-content\/uploads\/2022\/02\/TranspNov2020.pdf\">Novembro\/2020<\/a><\/p><p><a href=\"https:\/\/www.ufmg.br\/prograd\/wp-content\/uploads\/2022\/02\/TranspOut2020.pdf\">Outubro\/2020<\/a><\/p><p><a href=\"https:\/\/www.ufmg.br\/prograd\/wp-content\/uploads\/2022\/02\/TranspSet2020.pdf\">Setembro\/2020<\/a><\/p><p><a href=\"https:\/\/www.ufmg.br\/prograd\/wp-content\/uploads\/2022\/02\/TranspAgo20.pdf\">Agosto\/2020<\/a><\/p><p><a href=\"https:\/\/www.ufmg.br\/prograd\/wp-content\/uploads\/2022\/02\/TranspJul2020.pdf\">Julho\/2020<\/a><\/p><p><a href=\"https:\/\/www.ufmg.br\/prograd\/wp-content\/uploads\/2022\/02\/TranspJun2020.pdf\">Junho\/2020<\/a><\/p><p><a href=\"https:\/\/www.ufmg.br\/prograd\/wp-content\/uploads\/2022\/02\/TranspMaio2020.pdf\">Maio\/2020<\/a><\/p><p><a href=\"https:\/\/www.ufmg.br\/prograd\/wp-content\/uploads\/2022\/02\/TranspAbr2020.pdf\">Abril\/2020<\/a><\/p><p><a href=\"https:\/\/www.ufmg.br\/prograd\/wp-content\/uploads\/2022\/02\/TranspMar2020.pdf\">Mar\u00e7o\/2020<\/a><\/p><p><a href=\"https:\/\/www.ufmg.br\/prograd\/wp-content\/uploads\/2022\/02\/TranspFev2020.pdf\">Fevereiro\/2020<\/a><\/p><p><a href=\"https:\/\/www.ufmg.br\/prograd\/wp-content\/uploads\/2022\/02\/TranspJan2020.pdf\">Janeiro\/2020<\/a><\/p><\/div><\/div><\/div><div class=\"ea-card sp-ea-single\"><h3 class=\"ea-header\"><a class=\"collapsed\" id=\"ea-header-15087\" role=\"button\" data-sptoggle=\"spcollapse\" data-sptarget=\"#collapse15087\" aria-controls=\"collapse15087\" href=\"#\" aria-expanded=\"false\" tabindex=\"0\"><i aria-hidden=\"true\" role=\"presentation\" class=\"ea-expand-icon eap-icon-ea-expand-plus\"><\/i> 2019<\/a><\/h3><div class=\"sp-collapse spcollapse \" id=\"collapse15087\" data-parent=\"#sp-ea-1508\" role=\"region\" aria-labelledby=\"ea-header-15087\"> <div class=\"ea-body\"><p><a href=\"https:\/\/www.ufmg.br\/prograd\/wp-content\/uploads\/2022\/02\/TranspDez19.pdf\">Dezembro\/2019<\/a><\/p><p><a href=\"https:\/\/www.ufmg.br\/prograd\/wp-content\/uploads\/2022\/02\/Transpnov2019.pdf\">Novembro\/2019<\/a><\/p><p><a href=\"https:\/\/www.ufmg.br\/prograd\/wp-content\/uploads\/2022\/02\/Transpout2019.pdf\">Outubro\/2019<\/a><\/p><p><a href=\"https:\/\/www.ufmg.br\/prograd\/wp-content\/uploads\/2022\/02\/Transpset2019.pdf\">Setembro\/2019<\/a><\/p><p><a href=\"https:\/\/www.ufmg.br\/prograd\/wp-content\/uploads\/2022\/02\/TranspAgo19.pdf\">Agosto\/2019<\/a><\/p><p><a href=\"https:\/\/www.ufmg.br\/prograd\/wp-content\/uploads\/2022\/02\/Transpjul2019.pdf\">Julho\/2019<\/a><\/p><p><a href=\"https:\/\/www.ufmg.br\/prograd\/wp-content\/uploads\/2022\/02\/Transpjun2019.pdf\">Junho\/2019<\/a><\/p><p><a href=\"https:\/\/www.ufmg.br\/prograd\/wp-content\/uploads\/2022\/02\/Transpmaio2019.pdf\">Maio\/2019<\/a><\/p><p><a href=\"https:\/\/www.ufmg.br\/prograd\/wp-content\/uploads\/2022\/02\/Transpabril2019.pdf\">Abril\/2019<\/a><\/p><p><a href=\"https:\/\/www.ufmg.br\/prograd\/wp-content\/uploads\/2022\/02\/Transpmar2019.pdf\">Mar\u00e7o\/2019<\/a><\/p><p><a href=\"https:\/\/www.ufmg.br\/prograd\/wp-content\/uploads\/2022\/02\/Transpfev2019.pdf\">Fevereiro\/2019<\/a><\/p><p><a href=\"https:\/\/www.ufmg.br\/prograd\/wp-content\/uploads\/2022\/02\/TranspJan2019.pdf\">Janeiro\/2019<\/a><\/p><\/div><\/div><\/div><div class=\"ea-card sp-ea-single\"><h3 class=\"ea-header\"><a class=\"collapsed\" id=\"ea-header-15088\" role=\"button\" data-sptoggle=\"spcollapse\" data-sptarget=\"#collapse15088\" aria-controls=\"collapse15088\" href=\"#\" aria-expanded=\"false\" tabindex=\"0\"><i aria-hidden=\"true\" role=\"presentation\" class=\"ea-expand-icon eap-icon-ea-expand-plus\"><\/i> 2018<\/a><\/h3><div class=\"sp-collapse spcollapse \" id=\"collapse15088\" data-parent=\"#sp-ea-1508\" role=\"region\" aria-labelledby=\"ea-header-15088\"> <div class=\"ea-body\"><p><a href=\"https:\/\/www.ufmg.br\/prograd\/wp-content\/uploads\/2022\/02\/TRansp2018.pdf\">Abril a dezembro de 2018<\/a><\/p><\/div><\/div><\/div><\/div><\/div>\n<div>\n<p><strong>REVALIDA\u00c7\u00c3O DE DIPLOMAS DA GRADUA\u00c7\u00c3O<br \/>\n<\/strong><\/p>\n<p><strong>Hist\u00f3rico de processos de revalida\u00e7\u00e3o processados pela UFMG<\/strong><\/p>\n<p>A <a href=\"https:\/\/www.ufmg.br\/prograd\/arquivos\/revalidacao\/PlanilhaRevalidacao.html\" target=\"_blank\" rel=\"noopener\">tabela anexa<\/a> apresenta a rela\u00e7\u00e3o das\u00a0institui\u00e7\u00f5es estrangeiras cujos\u00a0egressos encaminharam \u00e0 UFMG solicita\u00e7\u00f5es de revalida\u00e7\u00e3o de diploma do curso de gradua\u00e7\u00e3o,\u00a0pelos ritos ordin\u00e1rio ou simplificado, no per\u00edodo compreendido entre 2016 e 2021,\u00a0bem como as respectivas decis\u00f5es da UFMG acerca dos pedidos.<\/p>\n<\/div>\n<p>&nbsp;<\/p>\n<\/div>\n","protected":false},"excerpt":{"rendered":"<p>A\u00a0Lei n\u00ba 12.527, de 18 de novembro de 2011, conhecida [&hellip;]<\/p>\n","protected":false},"author":1,"featured_media":0,"parent":0,"menu_order":0,"comment_status":"closed","ping_status":"closed","template":"","meta":{"_acf_changed":false,"footnotes":""},"tags":[],"class_list":["post-781","page","type-page","status-publish","hentry"],"acf":[],"_links":{"self":[{"href":"https:\/\/www.ufmg.br\/prograd\/wp-json\/wp\/v2\/pages\/781","targetHints":{"allow":["GET"]}}],"collection":[{"href":"https:\/\/www.ufmg.br\/prograd\/wp-json\/wp\/v2\/pages"}],"about":[{"href":"https:\/\/www.ufmg.br\/prograd\/wp-json\/wp\/v2\/types\/page"}],"author":[{"embeddable":true,"href":"https:\/\/www.ufmg.br\/prograd\/wp-json\/wp\/v2\/users\/1"}],"replies":[{"embeddable":true,"href":"https:\/\/www.ufmg.br\/prograd\/wp-json\/wp\/v2\/comments?post=781"}],"version-history":[{"count":20,"href":"https:\/\/www.ufmg.br\/prograd\/wp-json\/wp\/v2\/pages\/781\/revisions"}],"predecessor-version":[{"id":4144,"href":"https:\/\/www.ufmg.br\/prograd\/wp-json\/wp\/v2\/pages\/781\/revisions\/4144"}],"wp:attachment":[{"href":"https:\/\/www.ufmg.br\/prograd\/wp-json\/wp\/v2\/media?parent=781"}],"wp:term":[{"taxonomy":"post_tag","embeddable":true,"href":"https:\/\/www.ufmg.br\/prograd\/wp-json\/wp\/v2\/tags?post=781"}],"curies":[{"name":"wp","href":"https:\/\/api.w.org\/{rel}","templated":true}]}}