{"id":824,"date":"2021-09-06T14:17:15","date_gmt":"2021-09-06T17:17:15","guid":{"rendered":"https:\/\/www.ufmg.br\/prograd\/?page_id=824"},"modified":"2021-09-16T15:40:14","modified_gmt":"2021-09-16T18:40:14","slug":"orientacoes-covid-19","status":"publish","type":"page","link":"https:\/\/www.ufmg.br\/prograd\/orientacoes-covid-19\/","title":{"rendered":"Ensino Emergencial (Covid-19)"},"content":{"rendered":"<p>Nesse espa\u00e7o, est\u00e3o todas as informa\u00e7\u00f5es referentes \u00e0s medidas tomadas pela Prograd durante o per\u00edodo da pandemia da Covid-19<\/p>\n<p><a href=\"https:\/\/www.ufmg.br\/prograd\/ensino-hibrido-emergencial\/\">Ensino H\u00edbrido Emergencial<\/a><\/p>\n<p><a href=\"https:\/\/www.ufmg.br\/prograd\/ensino-remoto-emergencial\/\">Ensino Remoto Emergencial<\/a><\/p>\n","protected":false},"excerpt":{"rendered":"<p>Nesse espa\u00e7o, est\u00e3o todas as informa\u00e7\u00f5es referentes \u00e0s medidas tomadas [&hellip;]<\/p>\n","protected":false},"author":1,"featured_media":0,"parent":0,"menu_order":0,"comment_status":"closed","ping_status":"closed","template":"","meta":{"_acf_changed":false,"footnotes":""},"tags":[],"class_list":["post-824","page","type-page","status-publish","hentry"],"acf":[],"_links":{"self":[{"href":"https:\/\/www.ufmg.br\/prograd\/wp-json\/wp\/v2\/pages\/824","targetHints":{"allow":["GET"]}}],"collection":[{"href":"https:\/\/www.ufmg.br\/prograd\/wp-json\/wp\/v2\/pages"}],"about":[{"href":"https:\/\/www.ufmg.br\/prograd\/wp-json\/wp\/v2\/types\/page"}],"author":[{"embeddable":true,"href":"https:\/\/www.ufmg.br\/prograd\/wp-json\/wp\/v2\/users\/1"}],"replies":[{"embeddable":true,"href":"https:\/\/www.ufmg.br\/prograd\/wp-json\/wp\/v2\/comments?post=824"}],"version-history":[{"count":5,"href":"https:\/\/www.ufmg.br\/prograd\/wp-json\/wp\/v2\/pages\/824\/revisions"}],"predecessor-version":[{"id":881,"href":"https:\/\/www.ufmg.br\/prograd\/wp-json\/wp\/v2\/pages\/824\/revisions\/881"}],"wp:attachment":[{"href":"https:\/\/www.ufmg.br\/prograd\/wp-json\/wp\/v2\/media?parent=824"}],"wp:term":[{"taxonomy":"post_tag","embeddable":true,"href":"https:\/\/www.ufmg.br\/prograd\/wp-json\/wp\/v2\/tags?post=824"}],"curies":[{"name":"wp","href":"https:\/\/api.w.org\/{rel}","templated":true}]}}