{"id":835,"date":"2021-09-08T14:24:09","date_gmt":"2021-09-08T17:24:09","guid":{"rendered":"https:\/\/www.ufmg.br\/prograd\/?page_id=835"},"modified":"2023-10-09T10:03:13","modified_gmt":"2023-10-09T13:03:13","slug":"resolucoes","status":"publish","type":"page","link":"https:\/\/www.ufmg.br\/prograd\/resolucoes\/","title":{"rendered":"Resolu\u00e7\u00f5es e decis\u00f5es"},"content":{"rendered":"<p>Essa p\u00e1gina re\u00fane resolu\u00e7\u00f5es e decis\u00f5es da C\u00e2mara da Gradua\u00e7\u00e3o (CG) por ano.<\/p>\n<style>#sp-ea-838 .spcollapsing { height: 0; overflow: hidden; transition-property: height;transition-duration: 500ms;}#sp-ea-838.sp-easy-accordion>.sp-ea-single {margin-bottom: 10px; border: 1px solid #e2e2e2; }#sp-ea-838.sp-easy-accordion>.sp-ea-single>.ea-header a {color: #444;}#sp-ea-838.sp-easy-accordion>.sp-ea-single>.sp-collapse>.ea-body {background: #fff; color: #444;}#sp-ea-838.sp-easy-accordion>.sp-ea-single {background: #eee;}#sp-ea-838.sp-easy-accordion>.sp-ea-single>.ea-header a .ea-expand-icon { float: left; color: #444;font-size: 16px;}<\/style><div id=\"sp_easy_accordion-1738608533\"><div id=\"sp-ea-838\" class=\"sp-ea-one sp-easy-accordion\" data-ea-active=\"ea-click\" data-ea-mode=\"vertical\" data-preloader=\"\" data-scroll-active-item=\"\" data-offset-to-scroll=\"0\"><div class=\"ea-card ea-expand sp-ea-single\"><h3 class=\"ea-header\"><a class=\"collapsed\" id=\"ea-header-8380\" role=\"button\" data-sptoggle=\"spcollapse\" data-sptarget=\"#collapse8380\" aria-controls=\"collapse8380\" href=\"#\" aria-expanded=\"true\" tabindex=\"0\"><i aria-hidden=\"true\" role=\"presentation\" class=\"ea-expand-icon eap-icon-ea-expand-minus\"><\/i> 2026<\/a><\/h3><div class=\"sp-collapse spcollapse collapsed show\" id=\"collapse8380\" data-parent=\"#sp-ea-838\" role=\"region\" aria-labelledby=\"ea-header-8380\"> <div class=\"ea-body\"><p><a href=\"https:\/\/sei.ufmg.br\/sei\/publicacoes\/controlador_publicacoes.php?acao=publicacao_visualizar&amp;id_documento=5520042&amp;id_orgao_publicacao=0\">Resolu\u00e7\u00e3o N\u00ba 4, de 15 de abril de 2026 - Grupo de trabalho para o Siga\/Sa\u00fade<\/a><\/p><p><a href=\"https:\/\/sei.ufmg.br\/sei\/publicacoes\/controlador_publicacoes.php?acao=publicacao_visualizar&amp;id_documento=5519693&amp;id_orgao_publicacao=0\">Resolu\u00e7\u00e3o N\u00ba 3, de 15 de abril de 2026 - Disp\u00f5e sobre o enquadramento dos cursos de gradua\u00e7\u00e3o em Licenciatura e Bacharelado nas respectivas \u00e1reas de abrang\u00eancia do Enade para o ano de 2026<\/a><\/p><\/div><\/div><\/div><div class=\"ea-card sp-ea-single\"><h3 class=\"ea-header\"><a class=\"collapsed\" id=\"ea-header-8381\" role=\"button\" data-sptoggle=\"spcollapse\" data-sptarget=\"#collapse8381\" aria-controls=\"collapse8381\" href=\"#\" aria-expanded=\"false\" tabindex=\"0\"><i aria-hidden=\"true\" role=\"presentation\" class=\"ea-expand-icon eap-icon-ea-expand-plus\"><\/i> 2025<\/a><\/h3><div class=\"sp-collapse spcollapse \" id=\"collapse8381\" data-parent=\"#sp-ea-838\" role=\"region\" aria-labelledby=\"ea-header-8381\"> <div class=\"ea-body\"><p><a href=\"https:\/\/www.ufmg.br\/prograd\/wp-content\/uploads\/2025\/06\/Res0825.pdf\">Resolu\u00e7\u00e3o N\u00b0 8, de 17 de junho de 2025 - Disp\u00f5e sobre o enquadramento dos cursos de gradua\u00e7\u00e3o em Licenciatura e Bacharelado nas respectivas \u00e1reas de abrang\u00eancia do Enade para o ano de 2025<\/a><\/p><p><a href=\"http:\/\/www.ufmg.br\/prograd\/wp-content\/uploads\/2025\/02\/Resolucao7_30625.pdf\">Resolu\u00e7\u00e3o N\u00ba 7, de 3 de junho de 2025 \u2013 Indica os membros do Comit\u00ea Assessor da C\u00e2mara de Gradua\u00e7\u00e3o.<\/a><\/p><p><a href=\"http:\/\/www.ufmg.br\/prograd\/wp-content\/uploads\/2025\/02\/ResolucaoColFTs.pdf\">Resolu\u00e7\u00e3o N\u00b0 6, de 7 de maio de 2025 \u2013 Indica os membros do Colegiado Especial das Forma\u00e7\u00f5es Transversais.<\/a><\/p><p><a href=\"http:\/\/www.ufmg.br\/prograd\/wp-content\/uploads\/2025\/02\/ResolucaoCG_5-2025.pdf\">Resolu\u00e7\u00e3o N\u00ba 5, de 30 de abril de 2025 \u2013 Regulamenta a titula\u00e7\u00e3o outorgada pelos cursos de gradua\u00e7\u00e3o da Universidade Federal de Minas Gerais.<\/a><\/p><p><a href=\"http:\/\/www.ufmg.br\/prograd\/wp-content\/uploads\/2025\/02\/Resolucao_Pibid.pdf\">Resolu\u00e7\u00e3o N\u00ba 1, 4 de abril de 2025 \u2013 Institui coordena\u00e7\u00e3o institucional do Programa de Bolsas de Inicia\u00e7\u00e3o \u00e0 Doc\u00eancia (Pibid).<\/a><\/p><p><a href=\"https:\/\/www.ufmg.br\/prograd\/wp-content\/uploads\/2025\/02\/Resolucao-Raep.pdf\">Resolu\u00e7\u00e3o N\u00ba 3, de 30 de janeiro de 2025 \u2013 Institui comiss\u00e3o para acompanhamento da implementa\u00e7\u00e3o do Regime Acad\u00eamico Especial para Perman\u00eancia (Raep)<\/a><\/p><\/div><\/div><\/div><div class=\"ea-card sp-ea-single\"><h3 class=\"ea-header\"><a class=\"collapsed\" id=\"ea-header-8382\" role=\"button\" data-sptoggle=\"spcollapse\" data-sptarget=\"#collapse8382\" aria-controls=\"collapse8382\" href=\"#\" aria-expanded=\"false\" tabindex=\"0\"><i aria-hidden=\"true\" role=\"presentation\" class=\"ea-expand-icon eap-icon-ea-expand-plus\"><\/i> 2024<\/a><\/h3><div class=\"sp-collapse spcollapse \" id=\"collapse8382\" data-parent=\"#sp-ea-838\" role=\"region\" aria-labelledby=\"ea-header-8382\"> <div class=\"ea-body\"><p><a href=\"http:\/\/www.ufmg.br\/prograd\/wp-content\/uploads\/2024\/02\/Resolucao2_310624.pdf\">Resolu\u00e7\u00e3o N\u00ba 2, de 31 de julho de 2024 \u2013 Disp\u00f5e sobre o enquadramento dos cursos de gradua\u00e7\u00e3o em Licenciatura nas respectivas \u00e1reas de abrang\u00eancia no Enade para o ano de 2024.<\/a><\/p><p><a href=\"https:\/\/www.ufmg.br\/prograd\/wp-content\/uploads\/2024\/02\/Res0124.pdf\">Resolu\u00e7\u00e3o N\u00ba 1, de 09 de janeiro de 2024 - Indica os membros das Comiss\u00f5es Coordenadoras das Forma\u00e7\u00f5es Transversais<\/a><\/p><\/div><\/div><\/div><div class=\"ea-card sp-ea-single\"><h3 class=\"ea-header\"><a class=\"collapsed\" id=\"ea-header-8383\" role=\"button\" data-sptoggle=\"spcollapse\" data-sptarget=\"#collapse8383\" aria-controls=\"collapse8383\" href=\"#\" aria-expanded=\"false\" tabindex=\"0\"><i aria-hidden=\"true\" role=\"presentation\" class=\"ea-expand-icon eap-icon-ea-expand-plus\"><\/i> 2023<\/a><\/h3><div class=\"sp-collapse spcollapse \" id=\"collapse8383\" data-parent=\"#sp-ea-838\" role=\"region\" aria-labelledby=\"ea-header-8383\"> <div class=\"ea-body\"><p><a href=\"https:\/\/www.ufmg.br\/prograd\/wp-content\/uploads\/2021\/09\/SEI_UFMG-2891712-Resolucao.pdf\">Resolu\u00e7\u00e3o N\u00b0 10, de 11 de dezembro de 2023 - Indica membros do Comit\u00ea Local de Acompanhamento e Avalia\u00e7\u00e3o (CLAA) do Programa de Educa\u00e7\u00e3o Tutorial (PET) da UFMG<\/a><\/p><p><a href=\"https:\/\/www.ufmg.br\/prograd\/wp-content\/uploads\/2023\/09\/Res0923.pdf\">Resolu\u00e7\u00e3o N\u00b0 9, de 01 de setembro de 2023 - Institui grupo de trabalho para reedi\u00e7\u00e3o da resolu\u00e7\u00e3o que regulamenta a revalida\u00e7\u00e3o de diplomas de gradua\u00e7\u00e3o na UFMG<\/a><\/p><p><a href=\"https:\/\/www.ufmg.br\/prograd\/wp-content\/uploads\/2021\/09\/resolucao8.pdf\">Resolu\u00e7\u00e3o N\u00ba 8, de 25 de maio de 2023 - Institui comiss\u00e3o para acompanhamento da implementa\u00e7\u00e3o do Regime Acad\u00eamico Especial para Perman\u00eancia (Raep)<\/a><\/p><p><a href=\"https:\/\/www.ufmg.br\/prograd\/arquivos\/docs\/Res0723.pdf\">Resolu\u00e7\u00e3o N\u00b0 7, de 23 de maio de 2023 - Indica os membros das Comiss\u00f5es Coordenadoras das Forma\u00e7\u00f5es Transversais<\/a><\/p><p><a href=\"https:\/\/www.ufmg.br\/prograd\/wp-content\/uploads\/2023\/04\/Res0623.pdf\">Resolu\u00e7\u00e3o N\u00ba 6, de 11 de abril de 2023 - Institui grupo de trabalho para discuss\u00e3o de proposta de regulamenta\u00e7\u00e3o do turno de funcionamento dos cursos de gradua\u00e7\u00e3o da UFMG<\/a><\/p><p><a href=\"https:\/\/www.ufmg.br\/prograd\/wp-content\/uploads\/2021\/09\/SEI_UFMG-2214393-Resolucao.pdf\">Resolu\u00e7\u00e3o N\u00ba 5, de 10 de abril de 2023 - Indica os membros das Comiss\u00f5es Coordenadoras das Forma\u00e7\u00f5es Transversais<\/a><\/p><p><a href=\"https:\/\/www.ufmg.br\/prograd\/arquivos\/docs\/Res0423.pdf\">Resolu\u00e7\u00e3o N\u00b0 4, de 31 de mar\u00e7o de 2023 - Indica os membros do Comit\u00ea Assessor da C\u00e2mara de Gradua\u00e7\u00e3o<\/a><\/p><p><a href=\"https:\/\/www.ufmg.br\/prograd\/arquivos\/docs\/Res0223.pdf\">Resolu\u00e7\u00e3o \u00a0N\u00ba 2, de 28 de mar\u00e7o de 2023 - Indica os membros do Colegiado Especial das Forma\u00e7\u00f5es Transversais<\/a><\/p><p><a href=\"https:\/\/www.ufmg.br\/prograd\/arquivos\/docs\/Res0123.pdf\">Resolu\u00e7\u00e3o N\u00ba 1, de 28 de mar\u00e7o de 2023 - Disp\u00f5e sobre o enquadramento dos cursos de gradua\u00e7\u00e3o nas respectivas \u00e1reas de abrang\u00eancia do Enade para o ano de 2023<\/a><\/p><\/div><\/div><\/div><div class=\"ea-card sp-ea-single\"><h3 class=\"ea-header\"><a class=\"collapsed\" id=\"ea-header-8384\" role=\"button\" data-sptoggle=\"spcollapse\" data-sptarget=\"#collapse8384\" aria-controls=\"collapse8384\" href=\"#\" aria-expanded=\"false\" tabindex=\"0\"><i aria-hidden=\"true\" role=\"presentation\" class=\"ea-expand-icon eap-icon-ea-expand-plus\"><\/i> 2022<\/a><\/h3><div class=\"sp-collapse spcollapse \" id=\"collapse8384\" data-parent=\"#sp-ea-838\" role=\"region\" aria-labelledby=\"ea-header-8384\"> <div class=\"ea-body\"><p><a href=\"https:\/\/sei.ufmg.br\/sei\/publicacoes\/controlador_publicacoes.php?acao=publicacao_visualizar&amp;id_documento=1924892&amp;id_orgao_publicacao=0\">Resolu\u00e7\u00e3o N\u00ba 8, de 27 de setembro de 2022 - Altera a Resolu\u00e7\u00e3o CG N\u00ba 6\/2021, que indica os membros do Comit\u00ea Assessor da C\u00e2mara de Gradua\u00e7\u00e3o<\/a><\/p><p><a href=\"https:\/\/www.ufmg.br\/prograd\/wp-content\/uploads\/2022\/09\/Res0722.pdf\">Resolu\u00e7\u00e3o N\u00b0 7, de 05 de setembro de 2022 - Institui grupos de trabalho para desenvolvimento de estudos e subs\u00eddios para a gest\u00e3o do ensino de gradua\u00e7\u00e3o e designa seus menbros<\/a><\/p><p><a href=\"https:\/\/www.ufmg.br\/prograd\/wp-content\/uploads\/2022\/09\/Res0622.pdf\">Resolu\u00e7\u00e3o N\u00ba 6, de 26 de agosto de 2022 - Designa coordenadores institucionais para o Programa Institucional de Bolsa de Inicia\u00e7\u00e3o \u00e0 Doc\u00eancia (Pibid) e para o Programa de Resid\u00eancia Pedag\u00f3gica<\/a><\/p><p><a href=\"https:\/\/www.ufmg.br\/prograd\/arquivos\/docs\/Res0522\">Resolu\u00e7\u00e3o N\u00b0 5, de 27 de julho de 2022 - Institui grupos de trabalho para desenvolvimento de estudos e subs\u00eddios para a gest\u00e3o do ensino de gradua\u00e7\u00e3o e designa seus membros<\/a><\/p><p><a href=\"https:\/\/www.ufmg.br\/prograd\/arquivos\/docs\/Res0322\">Resolu\u00e7\u00e3o N\u00ba 3, de 10 de maio de 2022 - Altera a Resolu\u00e7\u00e3o CG N\u00ba 4, de 26 de fevereiro de 2021, que indica os membros das Comiss\u00f5es Coordenadoras das Forma\u00e7\u00f5es Transversais<\/a><\/p><p><a href=\"https:\/\/www.ufmg.br\/prograd\/wp-content\/uploads\/2022\/02\/Res222.pdf\">Resolu\u00e7\u00e3o N\u00b0 2, de 17 de fevereiro de 2022 - Disp\u00f5e sobre flexibiliza\u00e7\u00f5es no regime acad\u00eamico e diretrizes sobre processos avaliativos dos cursos de gradua\u00e7\u00e3o da UFMG durante o per\u00edodo da pandemia da covid-19<\/a><\/p><p><a href=\"https:\/\/www.ufmg.br\/prograd\/wp-content\/uploads\/2022\/02\/Res0122.pdf\">Resolu\u00e7\u00e3o N\u00ba 1, de 31 de janeiro de 2022 - Estabelece diretrizes para o planejamento e a oferta presencial de atividades acad\u00eamicas curriculares dos cursos de gradua\u00e7\u00e3o da UFMG durante o per\u00edodo de pandemia de Covid-19.<\/a><\/p><\/div><\/div><\/div><div class=\"ea-card sp-ea-single\"><h3 class=\"ea-header\"><a class=\"collapsed\" id=\"ea-header-8385\" role=\"button\" data-sptoggle=\"spcollapse\" data-sptarget=\"#collapse8385\" aria-controls=\"collapse8385\" href=\"#\" aria-expanded=\"false\" tabindex=\"0\"><i aria-hidden=\"true\" role=\"presentation\" class=\"ea-expand-icon eap-icon-ea-expand-plus\"><\/i> 2021<\/a><\/h3><div class=\"sp-collapse spcollapse \" id=\"collapse8385\" data-parent=\"#sp-ea-838\" role=\"region\" aria-labelledby=\"ea-header-8385\"> <div class=\"ea-body\"><p><strong>C\u00e2mara de Gradua\u00e7\u00e3o<\/strong><\/p><p><a href=\"https:\/\/www.ufmg.br\/prograd\/wp-content\/uploads\/2022\/01\/Res0921.pdf\">Resolu\u00e7\u00e3o N\u00b0 9, de 02 de setembro de 2021 - Estabelece diretrizes sobre processos avaliativos e aferi\u00e7\u00e3o de assiduidade para o ensino h\u00edbrido emergencial dos cursos de gradua\u00e7\u00e3o da UFMG <strong>(Revogada pela Resolu\u00e7\u00e3o CG N\u00b0 01\/2022)<\/strong><\/a><\/p><p><a href=\"https:\/\/www.ufmg.br\/prograd\/wp-content\/uploads\/2022\/01\/Res0821.pdf\">Resolu\u00e7\u00e3o N\u00ba 8, de 05 de agosto de 2021 - Disp\u00f5e sobre o enquadramento dos cursos de gradua\u00e7\u00e3o nas respectivas \u00e1reas de abrang\u00eancia do Enade para o ano de 2021<\/a><\/p><p><a href=\"https:\/\/www.ufmg.br\/prograd\/wp-content\/uploads\/2022\/01\/Res0721.pdf\">Resolu\u00e7\u00e3o N\u00ba 7, de 13 de julho de 2021 - Institui e designa os membros do grupo de trabalho para planejamento do retorno gradual \u00e0s atividades presenciais<\/a><\/p><p><a href=\"https:\/\/www.ufmg.br\/prograd\/wp-content\/uploads\/2022\/01\/Res0521.pdf\">Resolu\u00e7\u00e3o N\u00ba 5, de 12 de abril de 2021 -\u00a0Indica os membros do Colegiado Especial das Forma\u00e7\u00f5es Transversais<\/a><\/p><p><a href=\"https:\/\/www.ufmg.br\/prograd\/wp-content\/uploads\/2022\/01\/Res0421.pdf\">Resolu\u00e7\u00e3o N\u00ba 4, de 26 de fevereiro de 2021 - Indica os membros das Comiss\u00f5es Coordenadoras das Forma\u00e7\u00f5es Transversais<\/a><\/p><p><a href=\"https:\/\/www.ufmg.br\/prograd\/wp-content\/uploads\/2022\/01\/Res0221.pdf\">Resolu\u00e7\u00e3o N\u00ba 2, de 05 de fevereiro de 2021 -\u00a0Indica os membros do Comit\u00ea Assessor da C\u00e2mara de Gradua\u00e7\u00e3o<\/a><\/p><p><strong>Decis\u00f5es<\/strong><\/p><p><a href=\"https:\/\/www.ufmg.br\/prograd\/wp-content\/uploads\/2022\/05\/Diretrizesensinoaprendizagem.pdf\">Diretrizes para projetos de ensino-aprendizagem nos cursos de gradua\u00e7\u00e3o da UFMG\u00a0<\/a><\/p><p><b>Instru\u00e7\u00e3o Normativa<\/b><\/p><p><a href=\"https:\/\/www.ufmg.br\/prograd\/wp-content\/uploads\/2022\/01\/InstNorm221.pdf\">Instru\u00e7\u00e3o Normativa N\u00b02\/2021 -\u00a0Reedita, com altera\u00e7\u00f5es, a Instru\u00e7\u00e3o Normativa PROGRAD-GAB N\u00ba 1\/2021\u00a0- Orienta\u00e7\u00e3o para autoriza\u00e7\u00e3o das atividades de monitoria dos Cursos de Gradua\u00e7\u00e3o da UFMG<\/a><\/p><p><a href=\"https:\/\/www.ufmg.br\/prograd\/wp-content\/uploads\/2022\/01\/InstNorm121.pdf\">Instru\u00e7\u00e3o Normativa N\u00b01\/2021 - Reedita com altera\u00e7\u00f5es a Instru\u00e7\u00e3o Normativa PROGRAD-GAB N\u00ba 1\/2020 (doc. SEI 0444569) - Orienta\u00e7\u00e3o para autoriza\u00e7\u00e3o das atividades de monitoria dos Cursos de Gradua\u00e7\u00e3o da UFMG<\/a><\/p><\/div><\/div><\/div><div class=\"ea-card sp-ea-single\"><h3 class=\"ea-header\"><a class=\"collapsed\" id=\"ea-header-8386\" role=\"button\" data-sptoggle=\"spcollapse\" data-sptarget=\"#collapse8386\" aria-controls=\"collapse8386\" href=\"#\" aria-expanded=\"false\" tabindex=\"0\"><i aria-hidden=\"true\" role=\"presentation\" class=\"ea-expand-icon eap-icon-ea-expand-plus\"><\/i> 2020<\/a><\/h3><div class=\"sp-collapse spcollapse \" id=\"collapse8386\" data-parent=\"#sp-ea-838\" role=\"region\" aria-labelledby=\"ea-header-8386\"> <div class=\"ea-body\"><p><strong>C\u00e2mara de Gradua\u00e7\u00e3o<\/strong><\/p><p><a href=\"https:\/\/www.ufmg.br\/prograd\/wp-content\/uploads\/2022\/01\/Res0820.pdf\">Resolu\u00e7\u00e3o N\u00b0 8, de 22 de outubro de 2020 -\u00a0Institui grupo de trabalho para monitoramento e avalia\u00e7\u00e3o do Ensino Remoto Emergencial e revoga a Resolu\u00e7\u00e3o CG\/CEPE\/UFMG N\u00b0 03\/2020<\/a><\/p><p><a href=\"https:\/\/www.ufmg.br\/prograd\/wp-content\/uploads\/2022\/01\/Res0620.pdf\">Resolu\u00e7\u00e3o N\u00ba 6, de 25 de setembro de 2020 - Institui o Comit\u00ea Assessor da C\u00e2mara de Gradua\u00e7\u00e3o e define sua composi\u00e7\u00e3o e atribui\u00e7\u00f5es<\/a><\/p><p><a href=\"https:\/\/www.ufmg.br\/prograd\/wp-content\/uploads\/2022\/01\/Res0520.pdf\">Resolu\u00e7\u00e3o N\u00b0 5, de 12 de agosto de 2020 - Estabelece diretrizes sobre processos avaliativos e aferi\u00e7\u00e3o de assiduidade para o ensino remoto emergencial dos cursos de gradua\u00e7\u00e3o da UFMG <strong>(Revogada pela Resolu\u00e7\u00e3o CG N\u00b0 09\/2021)<\/strong><\/a><\/p><p><a href=\"https:\/\/www.ufmg.br\/prograd\/wp-content\/uploads\/2022\/01\/Res0320.pdf\">Resolu\u00e7\u00e3o N\u00b0 3 -\u00a0Designa\u00a0grupos de trabalho (GTs) para\u00a0subsidiar a cria\u00e7\u00e3o de diretrizes e normativos para a recomposi\u00e7\u00e3o do Calend\u00e1rio Escolar<\/a><\/p><p><a href=\"https:\/\/www.ufmg.br\/prograd\/wp-content\/uploads\/2022\/01\/Res0220.pdf\">Resolu\u00e7\u00e3o N\u00b0 2,\u00a0de 27 de fevereiro de 2020 -\u00a0Designa coordenadores institucionais para o Programa Institucional de Bolsa de Inicia\u00e7\u00e3o \u00e0 Doc\u00eancia (Pibid) e para o Programa de Resid\u00eancia Pedag\u00f3gica\u00a0<\/a><\/p><p><strong>Decis\u00f5es<\/strong><\/p><p><a href=\"https:\/\/www.ufmg.br\/prograd\/wp-content\/uploads\/2021\/09\/Programas.pdf\">Programas acad\u00eamicos vinculados \u00e0 Pr\u00f3-Reitoria de Gradua\u00e7\u00e3o\u00a0<\/a><\/p><\/div><\/div><\/div><div class=\"ea-card sp-ea-single\"><h3 class=\"ea-header\"><a class=\"collapsed\" id=\"ea-header-8387\" role=\"button\" data-sptoggle=\"spcollapse\" data-sptarget=\"#collapse8387\" aria-controls=\"collapse8387\" href=\"#\" aria-expanded=\"false\" tabindex=\"0\"><i aria-hidden=\"true\" role=\"presentation\" class=\"ea-expand-icon eap-icon-ea-expand-plus\"><\/i> 2019<\/a><\/h3><div class=\"sp-collapse spcollapse \" id=\"collapse8387\" data-parent=\"#sp-ea-838\" role=\"region\" aria-labelledby=\"ea-header-8387\"> <div class=\"ea-body\"><p><strong>C\u00e2mara de Gradua\u00e7\u00e3o\u00a0<\/strong><\/p><p><a href=\"https:\/\/www.ufmg.br\/prograd\/wp-content\/uploads\/2022\/01\/Res0219.pdf\">Resolu\u00e7\u00e3o N\u00b0 2, de 3 de dezembro de 2019 -\u00a0Estabelece diretrizes gerais para elabora\u00e7\u00e3o da estrutura curricular dos cursos de gradua\u00e7\u00e3o da UFMG<\/a><\/p><\/div><\/div><\/div><div class=\"ea-card sp-ea-single\"><h3 class=\"ea-header\"><a class=\"collapsed\" id=\"ea-header-8388\" role=\"button\" data-sptoggle=\"spcollapse\" data-sptarget=\"#collapse8388\" aria-controls=\"collapse8388\" href=\"#\" aria-expanded=\"false\" tabindex=\"0\"><i aria-hidden=\"true\" role=\"presentation\" class=\"ea-expand-icon eap-icon-ea-expand-plus\"><\/i> 2011<\/a><\/h3><div class=\"sp-collapse spcollapse \" id=\"collapse8388\" data-parent=\"#sp-ea-838\" role=\"region\" aria-labelledby=\"ea-header-8388\"> <div class=\"ea-body\"><p><strong>C\u00e2mara de Gradua\u00e7\u00e3o<\/strong><\/p><p><a href=\"https:\/\/www.ufmg.br\/prograd\/wp-content\/uploads\/2022\/01\/Res0211.pdf\">Resolu\u00e7\u00e3o N\u00ba 2, de 28 de junho de 2011 - Disp\u00f5e sobre o enquadramento dos cursos de gradua\u00e7\u00e3o nas respectivas \u00e1reas de abrang\u00eancia do Enade<\/a><\/p><p><a href=\"https:\/\/www.ufmg.br\/prograd\/arquivos\/docs\/Res012011.pdf\">Resolu\u00e7\u00e3o N\u00b0 1, de 28 de junho de 2011 - Disp\u00f5e sobre a ado\u00e7\u00e3o obrigat\u00f3ria do uso do di\u00e1rio eletr\u00f4nico como forma de registro da frequ\u00eancia, do aproveitamento discente, do conte\u00fado ministrado e de demais atos e ocorr\u00eancias acad\u00eamicas.<\/a><\/p><\/div><\/div><\/div><\/div><\/div>\n","protected":false},"excerpt":{"rendered":"<p>Essa p\u00e1gina re\u00fane resolu\u00e7\u00f5es e decis\u00f5es da C\u00e2mara da Gradua\u00e7\u00e3o [&hellip;]<\/p>\n","protected":false},"author":1,"featured_media":0,"parent":0,"menu_order":0,"comment_status":"closed","ping_status":"closed","template":"","meta":{"_acf_changed":false,"footnotes":""},"tags":[],"class_list":["post-835","page","type-page","status-publish","hentry"],"acf":[],"_links":{"self":[{"href":"https:\/\/www.ufmg.br\/prograd\/wp-json\/wp\/v2\/pages\/835","targetHints":{"allow":["GET"]}}],"collection":[{"href":"https:\/\/www.ufmg.br\/prograd\/wp-json\/wp\/v2\/pages"}],"about":[{"href":"https:\/\/www.ufmg.br\/prograd\/wp-json\/wp\/v2\/types\/page"}],"author":[{"embeddable":true,"href":"https:\/\/www.ufmg.br\/prograd\/wp-json\/wp\/v2\/users\/1"}],"replies":[{"embeddable":true,"href":"https:\/\/www.ufmg.br\/prograd\/wp-json\/wp\/v2\/comments?post=835"}],"version-history":[{"count":6,"href":"https:\/\/www.ufmg.br\/prograd\/wp-json\/wp\/v2\/pages\/835\/revisions"}],"predecessor-version":[{"id":3428,"href":"https:\/\/www.ufmg.br\/prograd\/wp-json\/wp\/v2\/pages\/835\/revisions\/3428"}],"wp:attachment":[{"href":"https:\/\/www.ufmg.br\/prograd\/wp-json\/wp\/v2\/media?parent=835"}],"wp:term":[{"taxonomy":"post_tag","embeddable":true,"href":"https:\/\/www.ufmg.br\/prograd\/wp-json\/wp\/v2\/tags?post=835"}],"curies":[{"name":"wp","href":"https:\/\/api.w.org\/{rel}","templated":true}]}}