{"id":850,"date":"2021-09-09T15:18:18","date_gmt":"2021-09-09T18:18:18","guid":{"rendered":"https:\/\/www.ufmg.br\/prograd\/?page_id=850"},"modified":"2026-03-23T11:54:37","modified_gmt":"2026-03-23T14:54:37","slug":"formulariosbolsas","status":"publish","type":"page","link":"https:\/\/www.ufmg.br\/prograd\/formulariosbolsas\/","title":{"rendered":"Programa de Bolsas da Gradua\u00e7\u00e3o"},"content":{"rendered":"<div id=\"columns-position\">\n<div id=\"columns\" class=\"float-break\">\n<div id=\"main-position\">\n<div id=\"main\" class=\"float-break\">\n<div class=\"overflow-fix\">\n<div class=\"border-box\">\n<div class=\"border-ml\">\n<div class=\"border-mr\">\n<div class=\"border-mc float-break\">\n<div class=\"content-view-full\">\n<div class=\"class-article\">\n<div class=\"attribute-long\">\n<p><a href=\"https:\/\/www.ufmg.br\/prograd\/wp-content\/uploads\/2026\/03\/Calendario-2026.pdf\"><b>CALEND\u00c1RIO ANUAL DAS BOLSAS DE GRADUA\u00c7\u00c3O 2026 <\/b><\/a>\u00a0(atualizado em 23\/03\/2026)<\/p>\n<p><b>NORMAS E PROCEDIMENTOS DE BOLSAS<\/b><\/p>\n<ul>\n<li><a href=\"https:\/\/www.ufmg.br\/prograd\/arquivos\/bolsas\/NormasProcGeraisBolsasFomento.pdf\" target=\"_blank\" rel=\"noopener\">Normas e Procedimentos Gerais para Bolsas &#8211; Sistema de Fomento<\/a> (atualizado em 14\/04\/2022)<\/li>\n<li><a href=\"https:\/\/www.ufmg.br\/prograd\/arquivos\/bolsas\/NormasProcAlunosFomento.pdf\">Normas e Procedimentos para Alunos &#8211; Sistema de Fomento<\/a> (atualizado em 14\/04\/2022)<\/li>\n<li><a href=\"http:\/\/www.ufmg.br\/prograd\/arquivos\/bolsas\/NormasProcCoordFomento.pdf\" target=\"_self\" rel=\"noopener\">Normas e Procedimentos para Coordenadores, Orientadores e Tutores &#8211; Sistema de Fomento<\/a> (atualizado em 28\/03\/2022)<\/li>\n<\/ul>\n<p><strong>FORMUL\u00c1RIO DE AUTORIZA\u00c7\u00c3O PELA P\u00d3S-GRADUA\u00c7\u00c3O &#8211; PROGRAMAS PMG, PDEG, PIME<\/strong><\/p>\n<ul>\n<li>Formul\u00e1rio de Autoriza\u00e7\u00e3o pela P\u00f3s-Gradua\u00e7\u00e3o &#8211; Bolsistas e Volunt\u00e1rios (vers\u00e3o em <a href=\"https:\/\/www.ufmg.br\/prograd\/arquivos\/docs\/DecAutPosGrad.doc\">word<\/a>\/vers\u00e3o em <a href=\"https:\/\/www.ufmg.br\/prograd\/arquivos\/docs\/DecAutPosGrad.odt\">open office<\/a>)<\/li>\n<\/ul>\n<\/div>\n<div><strong>\u00a0SISTEMA DE FOMENTO<\/strong><\/div>\n<ul>\n<li><a href=\"https:\/\/www.ufmg.br\/prograd\/arquivos\/bolsas\/GuiaSisFom\">Guia para usu\u00e1rios do Sistema de Fomento &#8211; Prograd<\/a><\/li>\n<li><a href=\"http:\/\/www.ufmg.br\/prograd\/arquivos\/bolsas\/MinutaListaUnicaAA.pdf\">Lista \u00fanica A\u00e7\u00f5es Afirmativas (AA) e Ampla Concorr\u00eancia (AC)<\/a><\/li>\n<\/ul>\n<h5>DOCUMENTOS GERAIS<\/h5>\n<ul>\n<li>Modelo de Declara\u00e7\u00e3o do Bolsista (vers\u00e3o em\u00a0<a href=\"https:\/\/www.ufmg.br\/prograd\/wp-content\/uploads\/2022\/01\/Declaracaobols.docx\">word<\/a>\u00a0\/ vers\u00e3o em\u00a0<a href=\"https:\/\/www.ufmg.br\/prograd\/wp-content\/uploads\/2022\/01\/Declaracaobols.odt\">open office<\/a>)<\/li>\n<\/ul>\n<p><b>TELEFONES PARA CONTATO<\/b><\/p>\n<p>(31) 3409-3850, 3409-4058, 3409-6449 e 3409-6453<\/p>\n<\/div>\n<\/div>\n<\/div>\n<\/div>\n<\/div>\n<\/div>\n<div class=\"border-bl\">\n<div class=\"border-br\">\n<div class=\"border-bc\"><\/div>\n<\/div>\n<\/div>\n<\/div>\n<\/div>\n<\/div>\n<\/div>\n<\/div>\n<div id=\"footer\">\n<div class=\"border-box border-box-style2\">\n<div class=\"border-tl\">\n<div class=\"border-tr\">\n<div class=\"border-tc\"><\/div>\n<\/div>\n<\/div>\n<div class=\"border-ml\">\n<div class=\"border-mr\">\n<div class=\"border-mc\">\n<div class=\"border-content\">\n<address>\u00a0<\/address>\n<\/div>\n<\/div>\n<\/div>\n<\/div>\n<div class=\"border-bl\">\n<div class=\"border-br\"><\/div>\n<\/div>\n<\/div>\n<\/div>\n","protected":false},"excerpt":{"rendered":"<p>CALEND\u00c1RIO ANUAL DAS BOLSAS DE GRADUA\u00c7\u00c3O 2026 \u00a0(atualizado em 23\/03\/2026) [&hellip;]<\/p>\n","protected":false},"author":1,"featured_media":0,"parent":0,"menu_order":0,"comment_status":"closed","ping_status":"closed","template":"","meta":{"_acf_changed":false,"footnotes":""},"tags":[],"class_list":["post-850","page","type-page","status-publish","hentry"],"acf":[],"_links":{"self":[{"href":"https:\/\/www.ufmg.br\/prograd\/wp-json\/wp\/v2\/pages\/850","targetHints":{"allow":["GET"]}}],"collection":[{"href":"https:\/\/www.ufmg.br\/prograd\/wp-json\/wp\/v2\/pages"}],"about":[{"href":"https:\/\/www.ufmg.br\/prograd\/wp-json\/wp\/v2\/types\/page"}],"author":[{"embeddable":true,"href":"https:\/\/www.ufmg.br\/prograd\/wp-json\/wp\/v2\/users\/1"}],"replies":[{"embeddable":true,"href":"https:\/\/www.ufmg.br\/prograd\/wp-json\/wp\/v2\/comments?post=850"}],"version-history":[{"count":77,"href":"https:\/\/www.ufmg.br\/prograd\/wp-json\/wp\/v2\/pages\/850\/revisions"}],"predecessor-version":[{"id":5484,"href":"https:\/\/www.ufmg.br\/prograd\/wp-json\/wp\/v2\/pages\/850\/revisions\/5484"}],"wp:attachment":[{"href":"https:\/\/www.ufmg.br\/prograd\/wp-json\/wp\/v2\/media?parent=850"}],"wp:term":[{"taxonomy":"post_tag","embeddable":true,"href":"https:\/\/www.ufmg.br\/prograd\/wp-json\/wp\/v2\/tags?post=850"}],"curies":[{"name":"wp","href":"https:\/\/api.w.org\/{rel}","templated":true}]}}