{"id":855,"date":"2021-09-09T15:27:09","date_gmt":"2021-09-09T18:27:09","guid":{"rendered":"https:\/\/www.ufmg.br\/prograd\/?page_id=855"},"modified":"2021-09-09T15:27:09","modified_gmt":"2021-09-09T18:27:09","slug":"academicos","status":"publish","type":"page","link":"https:\/\/www.ufmg.br\/prograd\/academicos\/","title":{"rendered":"Acad\u00eamicos"},"content":{"rendered":"<style>#sp-ea-856 .spcollapsing { height: 0; overflow: hidden; transition-property: height;transition-duration: 500ms;}#sp-ea-856.sp-easy-accordion>.sp-ea-single {margin-bottom: 10px; border: 1px solid #e2e2e2; }#sp-ea-856.sp-easy-accordion>.sp-ea-single>.ea-header a {color: #444;}#sp-ea-856.sp-easy-accordion>.sp-ea-single>.sp-collapse>.ea-body {background: #fff; color: #444;}#sp-ea-856.sp-easy-accordion>.sp-ea-single {background: #eee;}#sp-ea-856.sp-easy-accordion>.sp-ea-single>.ea-header a .ea-expand-icon { float: left; color: #444;font-size: 16px;}<\/style><div id=\"sp_easy_accordion-1747051267\"><div id=\"sp-ea-856\" class=\"sp-ea-one sp-easy-accordion\" data-ea-active=\"ea-click\" data-ea-mode=\"vertical\" data-preloader=\"\" data-scroll-active-item=\"\" data-offset-to-scroll=\"0\"><div class=\"ea-card ea-expand sp-ea-single\"><h3 class=\"ea-header\"><a class=\"collapsed\" id=\"ea-header-8560\" role=\"button\" data-sptoggle=\"spcollapse\" data-sptarget=\"#collapse8560\" aria-controls=\"collapse8560\" href=\"#\" aria-expanded=\"true\" tabindex=\"0\"><i aria-hidden=\"true\" role=\"presentation\" class=\"ea-expand-icon eap-icon-ea-expand-minus\"><\/i> Formul\u00e1rios para altera\u00e7\u00f5es curriculares<\/a><\/h3><div class=\"sp-collapse spcollapse collapsed show\" id=\"collapse8560\" data-parent=\"#sp-ea-856\" role=\"region\" aria-labelledby=\"ea-header-8560\"> <div class=\"ea-body\"><p><a href=\"https:\/\/www.ufmg.br\/prograd\/arquivos\/docs\/Formago.xls\">Formul\u00e1rios para reforma e cria\u00e7\u00e3o de cursos de gradua\u00e7\u00e3o<\/a><\/p><p><a href=\"http:\/\/www.ufmg.br\/prograd\/arquivos\/docs\/acad\/ModeloPPCAtualizado_Outubro%202025.docx\">Modelo para elabora\u00e7\u00e3o do Projeto Pedag\u00f3gico de curso de gradua\u00e7\u00e3o<\/a><\/p><p><a href=\"http:\/\/www.ufmg.br\/prograd\/arquivos\/docs\/acad\/ModeloRegulamentoOut2025.docx\">Modelo de Regulamento de curso de gradua\u00e7\u00e3o<\/a><\/p><p><a href=\"https:\/\/www.ufmg.br\/prograd\/arquivos\/docs\/simulacaoLicenciaturas.xlsx\">Planilha de Simula\u00e7\u00e3o de Distribui\u00e7\u00e3o de Carga Hor\u00e1ria entre os N\u00facleos Formativos dos cursos de Licenciatura<\/a><\/p><\/div><\/div><\/div><div class=\"ea-card sp-ea-single\"><h3 class=\"ea-header\"><a class=\"collapsed\" id=\"ea-header-8561\" role=\"button\" data-sptoggle=\"spcollapse\" data-sptarget=\"#collapse8561\" aria-controls=\"collapse8561\" href=\"#\" aria-expanded=\"false\" tabindex=\"0\"><i aria-hidden=\"true\" role=\"presentation\" class=\"ea-expand-icon eap-icon-ea-expand-plus\"><\/i> Formul\u00e1rios para revis\u00e3o de desligamento de estudantes<\/a><\/h3><div class=\"sp-collapse spcollapse \" id=\"collapse8561\" data-parent=\"#sp-ea-856\" role=\"region\" aria-labelledby=\"ea-header-8561\"> <div class=\"ea-body\"><p><a href=\"https:\/\/www.ufmg.br\/prograd\/arquivos\/docs\/acad\/ReqDeslAluno.docx\"><strong>Estudante<\/strong> \u2013 Formul\u00e1rio de requerimento de revis\u00e3o de desligamento e proposta de plano de estudos<\/a><\/p><p><a href=\"https:\/\/www.ufmg.br\/prograd\/wp-content\/uploads\/2022\/01\/RevDesl.docx\"><strong>Colegiados de curso<\/strong> \u2013 Formul\u00e1rio para an\u00e1lise dos pedidos de revis\u00e3o de desligamento de estudantes<\/a><\/p><\/div><\/div><\/div><div class=\"ea-card sp-ea-single\"><h3 class=\"ea-header\"><a class=\"collapsed\" id=\"ea-header-8562\" role=\"button\" data-sptoggle=\"spcollapse\" data-sptarget=\"#collapse8562\" aria-controls=\"collapse8562\" href=\"#\" aria-expanded=\"false\" tabindex=\"0\"><i aria-hidden=\"true\" role=\"presentation\" class=\"ea-expand-icon eap-icon-ea-expand-plus\"><\/i> Orienta\u00e7\u00f5es para auxiliar na elabora\u00e7\u00e3o da estrutura curricular dos cursos de gradua\u00e7\u00e3o da UFMG<\/a><\/h3><div class=\"sp-collapse spcollapse \" id=\"collapse8562\" data-parent=\"#sp-ea-856\" role=\"region\" aria-labelledby=\"ea-header-8562\"> <div class=\"ea-body\"><p><a href=\"https:\/\/www.ufmg.br\/prograd\/wp-content\/uploads\/2022\/10\/orientacoescurriculo.pdf\">Orienta\u00e7\u00f5es para auxiliar na elabora\u00e7\u00e3o da estrutura curricular dos cursos de gradua\u00e7\u00e3o da UFMG<\/a><\/p><p>\u00a0<\/p><p>\u00a0<\/p><\/div><\/div><\/div><div class=\"ea-card sp-ea-single\"><h3 class=\"ea-header\"><a class=\"collapsed\" id=\"ea-header-8563\" role=\"button\" data-sptoggle=\"spcollapse\" data-sptarget=\"#collapse8563\" aria-controls=\"collapse8563\" href=\"#\" aria-expanded=\"false\" tabindex=\"0\"><i aria-hidden=\"true\" role=\"presentation\" class=\"ea-expand-icon eap-icon-ea-expand-plus\"><\/i> Ensino H\u00edbrido Emergencial - adendo ao PPC e plano de ensino<\/a><\/h3><div class=\"sp-collapse spcollapse \" id=\"collapse8563\" data-parent=\"#sp-ea-856\" role=\"region\" aria-labelledby=\"ea-header-8563\"> <div class=\"ea-body\"><p class=\" text-left\"><a href=\"https:\/\/www.ufmg.br\/prograd\/wp-content\/uploads\/2022\/01\/PlanoDeEnsinoEHE.doc\">Plano de Ensino - Ensino H\u00edbrido Emergencial<\/a><\/p><p class=\" text-left\"><a href=\"https:\/\/www.ufmg.br\/prograd\/wp-content\/uploads\/2022\/01\/adendoEhe.doc\">Modelo - Adendo ao projeto pedag\u00f3gico de curso (PPC) - Ensino H\u00edbrido Emergencial\u00a0<\/a><\/p><\/div><\/div><\/div><\/div><\/div>\n","protected":false},"excerpt":{"rendered":"","protected":false},"author":1,"featured_media":0,"parent":0,"menu_order":0,"comment_status":"closed","ping_status":"closed","template":"","meta":{"_acf_changed":false,"footnotes":""},"tags":[],"class_list":["post-855","page","type-page","status-publish","hentry"],"acf":[],"_links":{"self":[{"href":"https:\/\/www.ufmg.br\/prograd\/wp-json\/wp\/v2\/pages\/855","targetHints":{"allow":["GET"]}}],"collection":[{"href":"https:\/\/www.ufmg.br\/prograd\/wp-json\/wp\/v2\/pages"}],"about":[{"href":"https:\/\/www.ufmg.br\/prograd\/wp-json\/wp\/v2\/types\/page"}],"author":[{"embeddable":true,"href":"https:\/\/www.ufmg.br\/prograd\/wp-json\/wp\/v2\/users\/1"}],"replies":[{"embeddable":true,"href":"https:\/\/www.ufmg.br\/prograd\/wp-json\/wp\/v2\/comments?post=855"}],"version-history":[{"count":1,"href":"https:\/\/www.ufmg.br\/prograd\/wp-json\/wp\/v2\/pages\/855\/revisions"}],"predecessor-version":[{"id":857,"href":"https:\/\/www.ufmg.br\/prograd\/wp-json\/wp\/v2\/pages\/855\/revisions\/857"}],"wp:attachment":[{"href":"https:\/\/www.ufmg.br\/prograd\/wp-json\/wp\/v2\/media?parent=855"}],"wp:term":[{"taxonomy":"post_tag","embeddable":true,"href":"https:\/\/www.ufmg.br\/prograd\/wp-json\/wp\/v2\/tags?post=855"}],"curies":[{"name":"wp","href":"https:\/\/api.w.org\/{rel}","templated":true}]}}