{"id":879,"date":"2021-09-16T15:39:33","date_gmt":"2021-09-16T18:39:33","guid":{"rendered":"https:\/\/www.ufmg.br\/prograd\/?page_id=879"},"modified":"2022-01-20T12:18:23","modified_gmt":"2022-01-20T15:18:23","slug":"ensino-remoto-emergencial","status":"publish","type":"page","link":"https:\/\/www.ufmg.br\/prograd\/ensino-remoto-emergencial\/","title":{"rendered":"Ensino Remoto Emergencial"},"content":{"rendered":"<div class=\"attribute-header\">\n<p><b>Guias<\/b><\/p>\n<\/div>\n<div class=\"attribute-long\">\n<p><a href=\"https:\/\/www.ufmg.br\/prograd\/wp-content\/uploads\/2022\/01\/AcessibilidadeERE.pdf\">Acessibilidade no Ensino Remoto Emergencial<\/a><\/p>\n<p><a href=\"https:\/\/www.ufmg.br\/prograd\/wp-content\/uploads\/2022\/01\/DiretrizesERE.pdf\">Diretrizes para o Ensino Remoto Emergencial<\/a><\/p>\n<p><b>Direitos Autorais e de Imagem<\/b><\/p>\n<p><a href=\"https:\/\/www.ufmg.br\/prograd\/wp-content\/uploads\/2022\/01\/Of67.pdf\">Of\u00edcio N\u00ba 67\/2020\/PRPG-GAB-UFMG &#8211;\u00a0Direitos autorais e prote\u00e7\u00e3o da imagem dos docentes da UFMG em virtude da instui\u00e7\u00e3o do ensino remoto emergencial (ERE) em decorr\u00eancia da pandemia do COVID-19<\/a><\/p>\n<p><a href=\"https:\/\/www.ufmg.br\/prograd\/wp-content\/uploads\/2022\/01\/Adv.pdf\">Advert\u00eancia Legal<\/a><\/p>\n<p><b>Medidas relacionadas ao ERE<\/b><\/p>\n<p><a href=\"https:\/\/www.ufmg.br\/prograd\/medidas-da-pro-reitoria-de-graduacao-relacionadas-a-implantacao-do-ensino-remoto-emergencial-ere\/\">Medidas tomadas pela Prograd na implanta\u00e7\u00e3o do Ensino Remoto Emergencial (ERE) <\/a><\/p>\n<\/div>\n","protected":false},"excerpt":{"rendered":"<p>Guias Acessibilidade no Ensino Remoto Emergencial Diretrizes para o Ensino [&hellip;]<\/p>\n","protected":false},"author":1,"featured_media":0,"parent":0,"menu_order":0,"comment_status":"closed","ping_status":"closed","template":"","meta":{"_acf_changed":false,"footnotes":""},"tags":[],"class_list":["post-879","page","type-page","status-publish","hentry"],"acf":[],"_links":{"self":[{"href":"https:\/\/www.ufmg.br\/prograd\/wp-json\/wp\/v2\/pages\/879","targetHints":{"allow":["GET"]}}],"collection":[{"href":"https:\/\/www.ufmg.br\/prograd\/wp-json\/wp\/v2\/pages"}],"about":[{"href":"https:\/\/www.ufmg.br\/prograd\/wp-json\/wp\/v2\/types\/page"}],"author":[{"embeddable":true,"href":"https:\/\/www.ufmg.br\/prograd\/wp-json\/wp\/v2\/users\/1"}],"replies":[{"embeddable":true,"href":"https:\/\/www.ufmg.br\/prograd\/wp-json\/wp\/v2\/comments?post=879"}],"version-history":[{"count":11,"href":"https:\/\/www.ufmg.br\/prograd\/wp-json\/wp\/v2\/pages\/879\/revisions"}],"predecessor-version":[{"id":1831,"href":"https:\/\/www.ufmg.br\/prograd\/wp-json\/wp\/v2\/pages\/879\/revisions\/1831"}],"wp:attachment":[{"href":"https:\/\/www.ufmg.br\/prograd\/wp-json\/wp\/v2\/media?parent=879"}],"wp:term":[{"taxonomy":"post_tag","embeddable":true,"href":"https:\/\/www.ufmg.br\/prograd\/wp-json\/wp\/v2\/tags?post=879"}],"curies":[{"name":"wp","href":"https:\/\/api.w.org\/{rel}","templated":true}]}}