{"id":913,"date":"2021-09-22T14:07:04","date_gmt":"2021-09-22T17:07:04","guid":{"rendered":"https:\/\/www.ufmg.br\/prograd\/?page_id=913"},"modified":"2021-09-22T14:27:04","modified_gmt":"2021-09-22T17:27:04","slug":"relatorios-2020","status":"publish","type":"page","link":"https:\/\/www.ufmg.br\/prograd\/relatorios-2020\/","title":{"rendered":"Relat\u00f3rios 2020"},"content":{"rendered":"<style>#sp-ea-936 .spcollapsing { height: 0; overflow: hidden; transition-property: height;transition-duration: 500ms;}#sp-ea-936.sp-easy-accordion>.sp-ea-single {margin-bottom: 10px; border: 1px solid #e2e2e2; }#sp-ea-936.sp-easy-accordion>.sp-ea-single>.ea-header a {color: #444;}#sp-ea-936.sp-easy-accordion>.sp-ea-single>.sp-collapse>.ea-body {background: #fff; color: #444;}#sp-ea-936.sp-easy-accordion>.sp-ea-single {background: #eee;}#sp-ea-936.sp-easy-accordion>.sp-ea-single>.ea-header a .ea-expand-icon { float: left; color: #444;font-size: 16px;}<\/style><div id=\"sp_easy_accordion-1777647690\"><div id=\"sp-ea-936\" class=\"sp-ea-one sp-easy-accordion\" data-ea-active=\"ea-click\" data-ea-mode=\"vertical\" data-preloader=\"\" data-scroll-active-item=\"\" data-offset-to-scroll=\"0\"><div class=\"ea-card ea-expand sp-ea-single\"><h3 class=\"ea-header\"><a class=\"collapsed\" id=\"ea-header-9360\" role=\"button\" data-sptoggle=\"spcollapse\" data-sptarget=\"#collapse9360\" aria-controls=\"collapse9360\" href=\"#\" aria-expanded=\"true\" tabindex=\"0\"><i aria-hidden=\"true\" role=\"presentation\" class=\"ea-expand-icon eap-icon-ea-expand-minus\"><\/i> An\u00e1lise das Disciplinas e Cursos Ofertados por Unidade Acad\u00eamica<\/a><\/h3><div class=\"sp-collapse spcollapse collapsed show\" id=\"collapse9360\" data-parent=\"#sp-ea-936\" role=\"region\" aria-labelledby=\"ea-header-9360\"> <div class=\"ea-body\"><p><a href=\"https:\/\/www.ufmg.br\/prograd\/arquivos\/relatorios\/2020\/EA2020.pdf\">Escola de Arquitetura<\/a><\/p><p><a href=\"https:\/\/www.ufmg.br\/prograd\/arquivos\/relatorios\/2020\/EBA2020.pdf\">Escola de Belas Artes<\/a><\/p><p><a href=\"https:\/\/www.ufmg.br\/prograd\/arquivos\/relatorios\/2020\/ECI2020.pdf\">Escola de Ci\u00eancia da Informa\u00e7\u00e3o<\/a><\/p><p><a href=\"https:\/\/www.ufmg.br\/prograd\/arquivos\/relatorios\/2020\/EE2020.pdf\" target=\"_blank\" rel=\"noopener\">Escola de Engenharia<\/a><\/p><p><a href=\"https:\/\/www.ufmg.br\/prograd\/arquivos\/relatorios\/2020\/EEFFTO2020.pdf\" target=\"_blank\" rel=\"noopener\">Escola de Educa\u00e7\u00e3o F\u00edsica, Fisioterapia e Terapia Ocupacional<\/a><\/p><p><a href=\"https:\/\/www.ufmg.br\/prograd\/arquivos\/relatorios\/2020\/ENF2020\" target=\"_blank\" rel=\"noopener\">Escola de Enfermagem<\/a><\/p><p><a href=\"https:\/\/www.ufmg.br\/prograd\/arquivos\/relatorios\/2020\/EMUS2020.pdf\" target=\"_blank\" rel=\"noopener\">Escola de M\u00fasica<\/a><\/p><p><a href=\"https:\/\/www.ufmg.br\/prograd\/arquivos\/relatorios\/2020\/EVET2020.pdf\" target=\"_blank\" rel=\"noopener\">Escola de Veterin\u00e1ria<\/a><\/p><p><a href=\"https:\/\/www.ufmg.br\/prograd\/arquivos\/relatorios\/2020\/FACE2020.pdf\" target=\"_blank\" rel=\"noopener\">Faculdade de Ci\u00eancias Econ\u00f4micas<\/a><\/p><p><a href=\"https:\/\/www2.ufmg.br\/prograd\/content\/download\/29637\/198333\/file\/FAE2020.pdf\" target=\"_blank\" rel=\"noopener\">Faculdade de Educa\u00e7\u00e3o<\/a><\/p><p><a href=\"https:\/\/www2.ufmg.br\/prograd\/content\/download\/29636\/198329\/file\/FAFI2020.pdf\" target=\"_blank\" rel=\"noopener\">Faculdade de Filosofia e Ci\u00eancias Humanas<\/a><\/p><p><a href=\"https:\/\/www2.ufmg.br\/prograd\/content\/download\/29635\/198325\/file\/FALE2020.pdf\" target=\"_blank\" rel=\"noopener\">Faculdade de Letras<\/a><\/p><p><a href=\"https:\/\/www2.ufmg.br\/prograd\/content\/download\/29630\/198284\/file\/DIR2020.pdf\" target=\"_blank\" rel=\"noopener\">Faculdade de Direito<\/a><\/p><p><a href=\"https:\/\/www2.ufmg.br\/prograd\/content\/download\/29629\/198280\/file\/FF2020.pdf\" target=\"_blank\" rel=\"noopener\">Faculdade de Farm\u00e1cia<\/a><\/p><p><a href=\"https:\/\/www2.ufmg.br\/prograd\/content\/download\/29628\/198276\/file\/MED2020.pdf\" target=\"_blank\" rel=\"noopener\">Faculdade de Medicina<\/a><\/p><p><a href=\"https:\/\/www2.ufmg.br\/prograd\/content\/download\/29627\/198272\/file\/FO2020.pdf\" target=\"_blank\" rel=\"noopener\">Faculdade de Odontologia<\/a><\/p><p><a href=\"https:\/\/www2.ufmg.br\/prograd\/content\/download\/29626\/198268\/file\/ICA2020.pdf\" target=\"_blank\" rel=\"noopener\">Instituto de Ci\u00eancias Agr\u00e1rias<\/a><\/p><p><a href=\"https:\/\/www2.ufmg.br\/prograd\/content\/download\/29625\/198264\/file\/ICB2020.pdf\" target=\"_blank\" rel=\"noopener\">Instituto de Ci\u00eancias Biol\u00f3gicas<\/a><\/p><p><a href=\"https:\/\/www2.ufmg.br\/prograd\/content\/download\/29624\/198260\/file\/ICEX2020.pdf\" target=\"_blank\" rel=\"noopener\">Instituto de Ci\u00eancias Exatas<\/a><\/p><p><a href=\"https:\/\/www2.ufmg.br\/prograd\/content\/download\/29623\/198256\/file\/IGC2020.pdf\" target=\"_blank\" rel=\"noopener\">Instituto de Geoci\u00eancias<\/a><\/p><\/div><\/div><\/div><div class=\"ea-card sp-ea-single\"><h3 class=\"ea-header\"><a class=\"collapsed\" id=\"ea-header-9361\" role=\"button\" data-sptoggle=\"spcollapse\" data-sptarget=\"#collapse9361\" aria-controls=\"collapse9361\" href=\"#\" aria-expanded=\"false\" tabindex=\"0\"><i aria-hidden=\"true\" role=\"presentation\" class=\"ea-expand-icon eap-icon-ea-expand-plus\"><\/i> Avalia\u00e7\u00e3o do Desempenho dos Estudantes de Gradua\u00e7\u00e3o - Curso Presencial<\/a><\/h3><div class=\"sp-collapse spcollapse \" id=\"collapse9361\" data-parent=\"#sp-ea-936\" role=\"region\" aria-labelledby=\"ea-header-9361\"> <div class=\"ea-body\"><p><a href=\"https:\/\/www2.ufmg.br\/prograd\/content\/download\/29648\/198380\/file\/ADMMC2020.pdf\" target=\"_blank\" rel=\"noopener\">Administra\u00e7\u00e3o (Montes Claros) - Bacharelado<\/a><\/p><p><a href=\"https:\/\/www2.ufmg.br\/prograd\/content\/download\/29649\/198384\/file\/ADMD2020.pdf\" target=\"_blank\" rel=\"noopener\">Administra\u00e7\u00e3o Diurno - Bacharelado<\/a><\/p><p><a href=\"https:\/\/www2.ufmg.br\/prograd\/content\/download\/29650\/198388\/file\/ADMN2020.pdf\" target=\"_blank\" rel=\"noopener\">Administra\u00e7\u00e3o Noturno - Bacharelado<\/a><\/p><p><a href=\"https:\/\/www2.ufmg.br\/prograd\/content\/download\/29651\/198392\/file\/AGRON2020.pdf\" target=\"_blank\" rel=\"noopener\">Agronomia - Bacharelado<\/a><\/p><p><a href=\"https:\/\/www2.ufmg.br\/prograd\/content\/download\/29652\/198396\/file\/ANT2020.pdf\" target=\"_blank\" rel=\"noopener\">Antropologia - Bacharelado\u00a0<\/a><\/p><p><a href=\"https:\/\/www2.ufmg.br\/prograd\/content\/download\/29653\/198400\/file\/AQUAC2020.pdf\" target=\"_blank\" rel=\"noopener\">Aquacultura - Bacharelado<\/a><\/p><p><a href=\"https:\/\/www2.ufmg.br\/prograd\/content\/download\/29655\/198408\/file\/ARQURBD.pdf\" target=\"_blank\" rel=\"noopener\">Arquitetura e Urbanismo Diurno - Bacharelado<\/a><\/p><p><a href=\"https:\/\/www2.ufmg.br\/prograd\/content\/download\/29655\/198408\/file\/ARQURBD.pdf\" target=\"_blank\" rel=\"noopener\">Arquitetura e Urbanismo Noturno - Bacharelado<\/a><\/p><p><a href=\"https:\/\/www2.ufmg.br\/prograd\/content\/download\/29657\/198416\/file\/ARQV2020.pdf\" target=\"_blank\" rel=\"noopener\">Arquivologia - Bacharelado<\/a><\/p><p><a href=\"https:\/\/www2.ufmg.br\/prograd\/content\/download\/29658\/198420\/file\/ARTVB2020.pdf\" target=\"_self\">Artes Visuais - Bacharelado<\/a><\/p><p><a href=\"https:\/\/www2.ufmg.br\/prograd\/content\/download\/29659\/198424\/file\/ARTVL2020.pdf\" target=\"_blank\" rel=\"noopener\">Artes Visuais - Licenciatura<\/a><\/p><p><a href=\"https:\/\/www2.ufmg.br\/prograd\/content\/download\/29660\/198428\/file\/BIBLD2020.pdf\" target=\"_blank\" rel=\"noopener\">Biblioteconomia Diurno - Bacharelado<\/a><\/p><p><a href=\"https:\/\/www2.ufmg.br\/prograd\/content\/download\/29661\/198432\/file\/BIBLN2020.pdf\" target=\"_blank\" rel=\"noopener\">Biblioteconomia Noturno - Bacharelado<\/a><\/p><p><a href=\"https:\/\/www2.ufmg.br\/prograd\/content\/download\/29662\/198436\/file\/BIOMB2020.pdf\" target=\"_blank\" rel=\"noopener\">Biomedicina - Bacharelado<\/a><\/p><p><a href=\"https:\/\/www2.ufmg.br\/prograd\/content\/download\/29663\/198440\/file\/CCOMPB2020.pdf\" target=\"_blank\" rel=\"noopener\">Ci\u00eancia da Computa\u00e7\u00e3o - Bacharelado<\/a><\/p><p><a href=\"https:\/\/www2.ufmg.br\/prograd\/content\/download\/29664\/198444\/file\/CATU2020.pdf\" target=\"_blank\" rel=\"noopener\">Ci\u00eancias Atuariais - Bacharelado<\/a><\/p><p><a href=\"https:\/\/www2.ufmg.br\/prograd\/content\/download\/29665\/198448\/file\/CBIOD2020.pdf\" target=\"_blank\" rel=\"noopener\">Ci\u00eancias Biol\u00f3gicas Diurno - Bacharelado<\/a><\/p><p><a href=\"https:\/\/www2.ufmg.br\/prograd\/content\/download\/29666\/198452\/file\/CBIOLD2020.pdf\" target=\"_blank\" rel=\"noopener\">Ci\u00eancias Biol\u00f3gicas Diurno - Licenciatura<\/a><\/p><p><a href=\"https:\/\/www2.ufmg.br\/prograd\/content\/download\/29667\/198456\/file\/CBION2020.pdf\" target=\"_blank\" rel=\"noopener\">Ci\u00eancias Biol\u00f3gicas Noturno - Licenciatura<\/a><\/p><p><a href=\"https:\/\/www2.ufmg.br\/prograd\/content\/download\/29668\/198460\/file\/CCONTB2020.pdf\" target=\"_blank\" rel=\"noopener\">Ci\u00eancias Cont\u00e1beis - Bacharelado<\/a><\/p><p><a href=\"https:\/\/www2.ufmg.br\/prograd\/content\/download\/29669\/198464\/file\/CESTB2020.pdf\" target=\"_blank\" rel=\"noopener\">Ci\u00eancias do Estado - Bacharelado<\/a><\/p><p><a href=\"https:\/\/www2.ufmg.br\/prograd\/content\/download\/29670\/198468\/file\/CECONB2020.pdf\" target=\"_blank\" rel=\"noopener\">Ci\u00eancias Econ\u00f4micas - Bacharelado<\/a><\/p><p><a href=\"https:\/\/www2.ufmg.br\/prograd\/content\/download\/29671\/198472\/file\/CSOCB2020.pdf\" target=\"_blank\" rel=\"noopener\">Ci\u00eancias Sociais - Bacharelado<\/a><\/p><p><a href=\"https:\/\/www2.ufmg.br\/prograd\/content\/download\/29672\/198476\/file\/CSOCL2020.pdf\" target=\"_blank\" rel=\"noopener\">Ci\u00eancias Sociais - Licenciatura<\/a><\/p><p><a href=\"https:\/\/www2.ufmg.br\/prograd\/content\/download\/29673\/198480\/file\/CSOCAMBB2020.pdf\" target=\"_blank\" rel=\"noopener\">Ci\u00eancias Socioambientais - Bacharelado<\/a><\/p><p><a href=\"https:\/\/www2.ufmg.br\/prograd\/content\/download\/29674\/198484\/file\/CANADIG2020.pdf\" target=\"_blank\" rel=\"noopener\">Cinema de Anima\u00e7\u00e3o e Artes Digitais - Bacharelado<\/a><\/p><p><a href=\"https:\/\/www2.ufmg.br\/prograd\/content\/download\/29675\/198488\/file\/COMSOCD2020.pdf\" target=\"_blank\" rel=\"noopener\">Comunica\u00e7\u00e3o Social Diurno - Bacharelado<\/a><\/p><p><a href=\"https:\/\/www2.ufmg.br\/prograd\/content\/download\/29676\/198492\/file\/COMSOCN2020.pdf\" target=\"_blank\" rel=\"noopener\">Comunica\u00e7\u00e3o Social Noturno - Bacharelado<\/a><\/p><p><a href=\"https:\/\/www2.ufmg.br\/prograd\/content\/download\/29677\/198496\/file\/CONSREST2020.pdf\" target=\"_blank\" rel=\"noopener\">Conserva\u00e7\u00e3o e Restaura\u00e7\u00e3o de Bens Culturais M\u00f3veis - Bacharelado<\/a><\/p><p><a href=\"https:\/\/www2.ufmg.br\/prograd\/content\/download\/29678\/198500\/file\/CONTFINANC2020.pdf\" target=\"_blank\" rel=\"noopener\">Controladoria e Finan\u00e7as - Bacharelado<\/a><\/p><p><a href=\"https:\/\/www2.ufmg.br\/prograd\/content\/download\/29679\/198504\/file\/CSUPRAD2020.pdf\" target=\"_blank\" rel=\"noopener\">Curso Superior de Tecnologia em Radiologia - Tecn\u00f3logo<\/a><\/p><p><a href=\"https:\/\/www2.ufmg.br\/prograd\/content\/download\/29680\/198508\/file\/DANCA2020.pdf\" target=\"_blank\" rel=\"noopener\">Dan\u00e7a - Licenciatura<\/a><\/p><p><a href=\"https:\/\/www2.ufmg.br\/prograd\/content\/download\/29681\/198512\/file\/DESIGNB2020.pdf\" target=\"_blank\" rel=\"noopener\">Design - Bacharelado<\/a><\/p><p><a href=\"https:\/\/www2.ufmg.br\/prograd\/content\/download\/29682\/198516\/file\/DESIGNMB2020.pdf\" target=\"_blank\" rel=\"noopener\">Design de Moda - Bacharelado<\/a><\/p><p><a href=\"https:\/\/www2.ufmg.br\/prograd\/content\/download\/29683\/198520\/file\/DIRD2020.pdf\" target=\"_blank\" rel=\"noopener\">Direito Diurno - Bacharelado<\/a><\/p><p><a href=\"https:\/\/www2.ufmg.br\/prograd\/content\/download\/29684\/198524\/file\/DIRNB2020.pdf\" target=\"_blank\" rel=\"noopener\">Direito Noturno - Bacharelado<\/a><\/p><p><a href=\"https:\/\/www2.ufmg.br\/prograd\/content\/download\/29685\/198528\/file\/EFDB2020.pdf\" target=\"_blank\" rel=\"noopener\">Educa\u00e7\u00e3o F\u00edsica Diurno - Bacharelado<\/a><\/p><p><a href=\"https:\/\/www2.ufmg.br\/prograd\/content\/download\/29686\/198532\/file\/EFDL2020.pdf\" target=\"_blank\" rel=\"noopener\">Educa\u00e7\u00e3o F\u00edsica Diurno - Licenciatura<\/a><\/p><p><a href=\"https:\/\/www2.ufmg.br\/prograd\/content\/download\/29687\/198536\/file\/EFNB2020.pdf\" target=\"_blank\" rel=\"noopener\">Educa\u00e7\u00e3o F\u00edsica Noturno - Bacharelado<\/a><\/p><p><a href=\"https:\/\/www2.ufmg.br\/prograd\/content\/download\/29688\/198540\/file\/ENFB2020.pdf\" target=\"_blank\" rel=\"noopener\">Enfermagem - Bacharelado<\/a><\/p><p><a href=\"https:\/\/www2.ufmg.br\/prograd\/content\/download\/29689\/198544\/file\/ENGAERO2020.pdf\" target=\"_self\">Engenharia Aeroespacial - Bacharelado<\/a><\/p><p><a href=\"https:\/\/www2.ufmg.br\/prograd\/content\/download\/29690\/198548\/file\/ENGAGR2020.pdf\" target=\"_blank\" rel=\"noopener\">Engenharia Agr\u00edcola e Ambiental - Bacharelado<\/a><\/p><p><a href=\"https:\/\/www2.ufmg.br\/prograd\/content\/download\/29691\/198552\/file\/ENGAMB2020.pdf\" target=\"_blank\" rel=\"noopener\">Engenharia Ambiental - Bacharelado<\/a><\/p><p><a href=\"https:\/\/www2.ufmg.br\/prograd\/content\/download\/29692\/198556\/file\/ENGCIV2020.pdf\" target=\"_blank\" rel=\"noopener\">Engenharia Civil - Bacharelado<\/a><\/p><p><a href=\"https:\/\/www2.ufmg.br\/prograd\/content\/download\/29693\/198560\/file\/ENGALIM2020.pdf\" target=\"_blank\" rel=\"noopener\">Engenharia de Alimentos - Bacharelado<\/a><\/p><p><a href=\"https:\/\/www2.ufmg.br\/prograd\/content\/download\/29694\/198564\/file\/ENGCONTAUTD.pdf\" target=\"_blank\" rel=\"noopener\">Engenharia de Controle e Automa\u00e7\u00e3o Diurno - Bacharelado<\/a><\/p><p><a href=\"https:\/\/www2.ufmg.br\/prograd\/content\/download\/29695\/198568\/file\/ENGCONTAUTN.pdf\" target=\"_blank\" rel=\"noopener\">Engenharia de Controle e Automa\u00e7\u00e3o Noturno - Bacharelado<\/a><\/p><p><a href=\"https:\/\/www2.ufmg.br\/prograd\/content\/download\/29696\/198572\/file\/ENGMINAS2020.pdf\" target=\"_blank\" rel=\"noopener\">Engenharia de Minas - Bacharelado<\/a><\/p><p><a href=\"https:\/\/www2.ufmg.br\/prograd\/content\/download\/29697\/198576\/file\/ENGPROD.pdf\" target=\"_blank\" rel=\"noopener\">Engenharia de Produ\u00e7\u00e3o - Bacharelado<\/a><\/p><p><a href=\"https:\/\/www2.ufmg.br\/prograd\/content\/download\/29698\/198580\/file\/ENGSIST.pdf\" target=\"_blank\" rel=\"noopener\">Engenharia de Sistemas - Bacharelado<\/a><\/p><p><a href=\"https:\/\/www2.ufmg.br\/prograd\/content\/download\/29699\/198584\/file\/ENGELET2020.pdf\" target=\"_blank\" rel=\"noopener\">Engenharia El\u00e9trica - Bacharelado<\/a><\/p><p><a href=\"https:\/\/www2.ufmg.br\/prograd\/content\/download\/29700\/198588\/file\/ENGFL2020.pdf\" target=\"_blank\" rel=\"noopener\">Engenharia Florestal - Bacharelado<\/a><\/p><p><a href=\"https:\/\/www2.ufmg.br\/prograd\/content\/download\/29701\/198592\/file\/ENGMECD.pdf\" target=\"_blank\" rel=\"noopener\">Engenharia Mec\u00e2nica Diurno - Bacharelado<\/a><\/p><p><a href=\"https:\/\/www2.ufmg.br\/prograd\/content\/download\/29702\/198596\/file\/ENGMECN2020.pdf\" target=\"_blank\" rel=\"noopener\">Engenharia Mec\u00e2nica Noturno - Bacharelado<\/a><\/p><p><a href=\"https:\/\/www2.ufmg.br\/prograd\/content\/download\/29703\/198600\/file\/ENGMET2020.pdf\" target=\"_blank\" rel=\"noopener\">Engenharia Metal\u00fargica - Bacharelado<\/a><\/p><p><a href=\"https:\/\/www2.ufmg.br\/prograd\/content\/download\/29704\/198604\/file\/ENGQUI2020.pdf\" target=\"_blank\" rel=\"noopener\">Engenharia Qu\u00edmica - Bacharelado<\/a><\/p><p><a href=\"https:\/\/www2.ufmg.br\/prograd\/content\/download\/29705\/198608\/file\/EST2020.pdf\" target=\"_blank\" rel=\"noopener\">Estat\u00edstica - Bacharelado<\/a><\/p><p><a href=\"https:\/\/www2.ufmg.br\/prograd\/content\/download\/29706\/198612\/file\/FARD2020.pdf\" target=\"_blank\" rel=\"noopener\">Farm\u00e1cia Diurno - Bacharelado<\/a><\/p><p><a href=\"https:\/\/www2.ufmg.br\/prograd\/content\/download\/29707\/198616\/file\/FARN2020.pdf\" target=\"_blank\" rel=\"noopener\">Farm\u00e1cia Noturno - Bacharelado<\/a><\/p><p><a href=\"https:\/\/www2.ufmg.br\/prograd\/content\/download\/29708\/198620\/file\/FILDB2020.pdf\" target=\"_blank\" rel=\"noopener\">Filosofia Diurno - Bacharelado<\/a><\/p><p><a href=\"https:\/\/www2.ufmg.br\/prograd\/content\/download\/29709\/198624\/file\/FILDL2020.pdf\" target=\"_blank\" rel=\"noopener\">Filosofia Diurno - Licenciatura<\/a><\/p><p><a href=\"https:\/\/www2.ufmg.br\/prograd\/content\/download\/29710\/198628\/file\/FILNB2020.pdf\" target=\"_blank\" rel=\"noopener\">Filosofia Noturno - Bacharelado<\/a><\/p><p><a href=\"https:\/\/www2.ufmg.br\/prograd\/content\/download\/29717\/198656\/file\/FISDB2020.pdf\" target=\"_blank\" rel=\"noopener\">F\u00edsica Diurno - Bacharelado<\/a><\/p><p><a href=\"https:\/\/www2.ufmg.br\/prograd\/content\/download\/29713\/198640\/file\/FISDL.pdf\" target=\"_blank\" rel=\"noopener\">F\u00edsica Diurno - Licenciatura<\/a><\/p><p><a href=\"https:\/\/www2.ufmg.br\/prograd\/content\/download\/29714\/198644\/file\/FISNL.pdf\" target=\"_blank\" rel=\"noopener\">F\u00edsica Noturno - Licenciatura<\/a><\/p><p><a href=\"https:\/\/www2.ufmg.br\/prograd\/content\/download\/29715\/198648\/file\/FISIO2020.pdf\" target=\"_blank\" rel=\"noopener\">Fisioterapia - Bacharelado<\/a><\/p><p><a href=\"https:\/\/www2.ufmg.br\/prograd\/content\/download\/29716\/198652\/file\/FONO2020.pdf\" target=\"_blank\" rel=\"noopener\">Fonoaudiologia - Bacharelado<\/a><\/p><p><a href=\"https:\/\/www2.ufmg.br\/prograd\/content\/download\/29718\/198660\/file\/FIEI2020.pdf\" target=\"_blank\" rel=\"noopener\">Forma\u00e7\u00e3o Intercultural Para Educadores Ind\u00edgenas - Licenciatura<\/a><\/p><p><a href=\"https:\/\/www2.ufmg.br\/prograd\/content\/download\/29719\/198664\/file\/GEOD2020.pdf\" target=\"_blank\" rel=\"noopener\">Geografia Diurno - Bacharelado<\/a><\/p><p><a href=\"https:\/\/www2.ufmg.br\/prograd\/content\/download\/29720\/198668\/file\/GEODL2020.pdf\" target=\"_blank\" rel=\"noopener\">Geografia Diurno - Licenciatura<\/a><\/p><p><a href=\"https:\/\/www2.ufmg.br\/prograd\/content\/download\/29722\/198676\/file\/GEOGNL2020.pdf\" target=\"_blank\" rel=\"noopener\">Geografia Noturno - Licenciatura<\/a><\/p><p><a href=\"https:\/\/www2.ufmg.br\/prograd\/content\/download\/29723\/198680\/file\/GEOLB.pdf\" target=\"_blank\" rel=\"noopener\">Geologia - Bacharelado<\/a><\/p><p><a href=\"https:\/\/www2.ufmg.br\/prograd\/content\/download\/29724\/198684\/file\/GESSERVSAU2020.pdf\" target=\"_self\">Gest\u00e3o de Servi\u00e7os de Sa\u00fade - Bacharelado<\/a><\/p><p><a href=\"https:\/\/www2.ufmg.br\/prograd\/content\/download\/29725\/198688\/file\/GESPUBL2020.pdf\" target=\"_self\">Gest\u00e3o P\u00fablica - Bacharelado<\/a><\/p><p><a href=\"https:\/\/www2.ufmg.br\/prograd\/content\/download\/29726\/198692\/file\/HISTDB.pdf\" target=\"_blank\" rel=\"noopener\">Hist\u00f3ria Diurno - Bacharelado<\/a><\/p><p><a href=\"https:\/\/www2.ufmg.br\/prograd\/content\/download\/29727\/198696\/file\/HISTDL.pdf\" target=\"_blank\" rel=\"noopener\">Hist\u00f3ria Diurno - Licenciatura<\/a><\/p><p><a href=\"https:\/\/www2.ufmg.br\/prograd\/content\/download\/29728\/198700\/file\/HISTNL2020.pdf\" target=\"_blank\" rel=\"noopener\">Hist\u00f3ria Noturno - Licenciatura<\/a><\/p><p><a href=\"https:\/\/www2.ufmg.br\/prograd\/content\/download\/29729\/198704\/file\/JORDB.pdf\" target=\"_blank\" rel=\"noopener\">Jornalismo Diurno - Bacharelado<\/a><\/p><p><a href=\"https:\/\/www2.ufmg.br\/prograd\/content\/download\/29730\/198708\/file\/JORNB2020.pdf\" target=\"_blank\" rel=\"noopener\">Jornalismo Noturno - Bacharelado<\/a><\/p><p><a href=\"https:\/\/www2.ufmg.br\/prograd\/content\/download\/29731\/198712\/file\/LETDB2020.pdf\" target=\"_blank\" rel=\"noopener\">Letras Diurno - Bacharelado<\/a><\/p><p><a href=\"https:\/\/www2.ufmg.br\/prograd\/content\/download\/29732\/198716\/file\/LETDL2020.pdf\" target=\"_blank\" rel=\"noopener\">Letras Diurno - Licenciatura<\/a><\/p><p><a href=\"https:\/\/www2.ufmg.br\/prograd\/content\/download\/29733\/198720\/file\/LETNB2020.pdf\" target=\"_blank\" rel=\"noopener\">Letras Noturno - Bacharelado<\/a><\/p><p><a href=\"https:\/\/www2.ufmg.br\/prograd\/content\/download\/29734\/198724\/file\/LETNL.pdf\" target=\"_blank\" rel=\"noopener\">Letras Noturno - Licenciatura<\/a><\/p><p><a href=\"https:\/\/www2.ufmg.br\/prograd\/content\/download\/29735\/198728\/file\/LECAMPO2020.pdf\" target=\"_blank\" rel=\"noopener\">Licenciatura em Educa\u00e7\u00e3o do Campo - Licenciatura<\/a><\/p><p><a href=\"https:\/\/www2.ufmg.br\/prograd\/content\/download\/29736\/198732\/file\/MATCOMPB.pdf\" target=\"_blank\" rel=\"noopener\">Matem\u00e1tica Computacional - Bacharelado<\/a><\/p><p><a href=\"https:\/\/www2.ufmg.br\/prograd\/content\/download\/29737\/198736\/file\/MATDB2020.pdf\" target=\"_blank\" rel=\"noopener\">Matem\u00e1tica Diurno - Bacharelado<\/a><\/p><p><a href=\"https:\/\/www2.ufmg.br\/prograd\/content\/download\/29738\/198740\/file\/MATDL2020.pdf\" target=\"_blank\" rel=\"noopener\">Matem\u00e1tica Diurno - Licenciatura<\/a><\/p><p><a href=\"https:\/\/www2.ufmg.br\/prograd\/content\/download\/29739\/198744\/file\/MATNL.pdf\" target=\"_blank\" rel=\"noopener\">Matem\u00e1tica Noturno - Licenciatura<\/a><\/p><p><a href=\"https:\/\/www2.ufmg.br\/prograd\/content\/download\/29740\/198748\/file\/MED2020.pdf\" target=\"_blank\" rel=\"noopener\">Medicina - Bacharelado<\/a><\/p><p><a href=\"https:\/\/www2.ufmg.br\/prograd\/content\/download\/29741\/198752\/file\/MEDVB2020.pdf\" target=\"_blank\" rel=\"noopener\">Medicina Veterin\u00e1ria - Bacharelado<\/a><\/p><p><a href=\"https:\/\/www2.ufmg.br\/prograd\/content\/download\/29742\/198756\/file\/MUSEOLB2020.pdf\" target=\"_blank\" rel=\"noopener\">Museologia - Bacharelado<\/a><\/p><p><a href=\"https:\/\/www2.ufmg.br\/prograd\/content\/download\/29743\/198760\/file\/MUSD2020.pdf\" target=\"_blank\" rel=\"noopener\">M\u00fasica Diurno - Bacharelado<\/a><\/p><p><a href=\"https:\/\/www2.ufmg.br\/prograd\/content\/download\/29744\/198764\/file\/MUSNB2020.pdf\" target=\"_blank\" rel=\"noopener\">M\u00fasica Noturno - Bacharelado<\/a><\/p><p><a href=\"https:\/\/www2.ufmg.br\/prograd\/content\/download\/29745\/198768\/file\/MUSNL2020.pdf\" target=\"_blank\" rel=\"noopener\">M\u00fasica Noturno - Licenciatura<\/a><\/p><p><a href=\"https:\/\/www2.ufmg.br\/prograd\/content\/download\/29746\/198772\/file\/NUTRI2020.pdf\" target=\"_blank\" rel=\"noopener\">Nutri\u00e7\u00e3o - Bacharelado<\/a><\/p><p><a href=\"https:\/\/www2.ufmg.br\/prograd\/content\/download\/29747\/198776\/file\/ODONO2020.pdf\" target=\"_blank\" rel=\"noopener\">Odontologia - Bacharelado<\/a><\/p><p><a href=\"https:\/\/www2.ufmg.br\/prograd\/content\/download\/29748\/198780\/file\/PEDD2020.pdf\" target=\"_blank\" rel=\"noopener\">Pedagogia Diurno - Licenciatura<\/a><\/p><p><a href=\"https:\/\/www2.ufmg.br\/prograd\/content\/download\/29749\/198784\/file\/PEDN2020.pdf\" target=\"_blank\" rel=\"noopener\">Pedagogia Noturno - Licenciatura<\/a><\/p><p><a href=\"https:\/\/www2.ufmg.br\/prograd\/content\/download\/29750\/198788\/file\/PSICO2020.pdf\" target=\"_blank\" rel=\"noopener\">Psicologia - Psic\u00f3logo<\/a><\/p><p><a href=\"https:\/\/www2.ufmg.br\/prograd\/content\/download\/29751\/198792\/file\/PUBLI2020.pdf\" target=\"_blank\" rel=\"noopener\">Publicidade e Propaganda - Bacharelado<\/a><\/p><p><a href=\"https:\/\/www2.ufmg.br\/prograd\/content\/download\/29752\/198796\/file\/QUID2020.pdf\" target=\"_blank\" rel=\"noopener\">Qu\u00edmica Diurno - Bacharelado<\/a><\/p><p><a href=\"https:\/\/www2.ufmg.br\/prograd\/content\/download\/29753\/198800\/file\/QUINL2020.pdf\" target=\"_blank\" rel=\"noopener\">Qu\u00edmica Noturno - Licenciatura<\/a><\/p><p><a href=\"https:\/\/www2.ufmg.br\/prograd\/content\/download\/29754\/198804\/file\/QUITEC2020.pdf\" target=\"_blank\" rel=\"noopener\">Qu\u00edmica Tecnol\u00f3gica - Bacharelado\u00a0<\/a><\/p><p><a href=\"https:\/\/www2.ufmg.br\/prograd\/content\/download\/29755\/198808\/file\/RELECON2020.pdf\" target=\"_blank\" rel=\"noopener\">Rela\u00e7\u00f5es Econ\u00f4micas Internacionais - Bacharelado\u00a0<\/a><\/p><p><a href=\"https:\/\/www2.ufmg.br\/prograd\/content\/download\/29756\/198812\/file\/RP2020.pdf\" target=\"_blank\" rel=\"noopener\">Rela\u00e7\u00f5es P\u00fablicas - Bacharelado<\/a><\/p><p><a href=\"https:\/\/www2.ufmg.br\/prograd\/content\/download\/29757\/198816\/file\/SINFO2020.pdf\" target=\"_blank\" rel=\"noopener\">Sistemas de Informa\u00e7\u00e3o - Bacharelado\u00a0<\/a><\/p><p><a href=\"https:\/\/www2.ufmg.br\/prograd\/content\/download\/29758\/198820\/file\/TEAB2020.pdf\" target=\"_blank\" rel=\"noopener\">Teatro - Bacharelado\u00a0<\/a><\/p><p><a href=\"https:\/\/www2.ufmg.br\/prograd\/content\/download\/29759\/198824\/file\/TEAL2020.pdf\" target=\"_blank\" rel=\"noopener\">Teatro - Licenciatura\u00a0<\/a><\/p><p><a href=\"https:\/\/www2.ufmg.br\/prograd\/content\/download\/29760\/198828\/file\/TO2020.pdf\" target=\"_blank\" rel=\"noopener\">Terapia Ocupacional - Bacharelado\u00a0<\/a><\/p><p><a href=\"https:\/\/www2.ufmg.br\/prograd\/content\/download\/29761\/198832\/file\/TUR2020.pdf\" target=\"_blank\" rel=\"noopener\">Turismo - Bacharelado<\/a><\/p><p><a href=\"https:\/\/www2.ufmg.br\/prograd\/content\/download\/29762\/198836\/file\/ZOOT2020.pdf\" target=\"_blank\" rel=\"noopener\">Zootecnia - Bacharelado\u00a0<\/a><\/p><\/div><\/div><\/div><\/div><\/div>\n","protected":false},"excerpt":{"rendered":"","protected":false},"author":1,"featured_media":0,"parent":0,"menu_order":0,"comment_status":"closed","ping_status":"closed","template":"","meta":{"_acf_changed":false,"footnotes":""},"tags":[],"class_list":["post-913","page","type-page","status-publish","hentry"],"acf":[],"_links":{"self":[{"href":"https:\/\/www.ufmg.br\/prograd\/wp-json\/wp\/v2\/pages\/913","targetHints":{"allow":["GET"]}}],"collection":[{"href":"https:\/\/www.ufmg.br\/prograd\/wp-json\/wp\/v2\/pages"}],"about":[{"href":"https:\/\/www.ufmg.br\/prograd\/wp-json\/wp\/v2\/types\/page"}],"author":[{"embeddable":true,"href":"https:\/\/www.ufmg.br\/prograd\/wp-json\/wp\/v2\/users\/1"}],"replies":[{"embeddable":true,"href":"https:\/\/www.ufmg.br\/prograd\/wp-json\/wp\/v2\/comments?post=913"}],"version-history":[{"count":2,"href":"https:\/\/www.ufmg.br\/prograd\/wp-json\/wp\/v2\/pages\/913\/revisions"}],"predecessor-version":[{"id":937,"href":"https:\/\/www.ufmg.br\/prograd\/wp-json\/wp\/v2\/pages\/913\/revisions\/937"}],"wp:attachment":[{"href":"https:\/\/www.ufmg.br\/prograd\/wp-json\/wp\/v2\/media?parent=913"}],"wp:term":[{"taxonomy":"post_tag","embeddable":true,"href":"https:\/\/www.ufmg.br\/prograd\/wp-json\/wp\/v2\/tags?post=913"}],"curies":[{"name":"wp","href":"https:\/\/api.w.org\/{rel}","templated":true}]}}