{"id":953,"date":"2021-09-22T15:06:25","date_gmt":"2021-09-22T18:06:25","guid":{"rendered":"https:\/\/www.ufmg.br\/prograd\/?page_id=953"},"modified":"2025-12-15T12:31:47","modified_gmt":"2025-12-15T15:31:47","slug":"processos-seletivos-2","status":"publish","type":"page","link":"https:\/\/www.ufmg.br\/prograd\/processos-seletivos-2\/","title":{"rendered":"Processos seletivos"},"content":{"rendered":"<p>Existem diferentes processos seletivos para ingressar em um dos cursos de gradua\u00e7\u00e3o da UFMG, sendo que o principal deles \u00e9 o Sistema de Sele\u00e7\u00e3o Unificado (SiSU).<\/p>\n<p><strong>VAGAS INICIAIS<\/strong><\/p>\n<p><strong>1 &#8211; SiSU<\/strong><\/p>\n<div>\n<p>As informa\u00e7\u00f5es sobre esse processo como normas, datas, cursos e vagas podem ser acessadas na <a href=\"https:\/\/www.ufmg.br\/sisu\" target=\"_blank\" rel=\"noopener\"><span style=\"color: #0d6efd;\">p\u00e1gina do SiSU na UFMG<\/span><\/a>.<\/p>\n<p><strong>2 &#8211; Seriado UFMG<\/strong><\/p>\n<p>As informa\u00e7\u00f5es podem ser encontradas na p\u00e1gina do <a href=\"https:\/\/www.ufmg.br\/seriadoufmg\/\">Seriado UFMG<\/a><\/p>\n<p><strong>3 &#8211; Habilidades<\/strong><\/p>\n<\/div>\n<div>\n<p>O Concurso Vestibular \u2013 Habilidades\u00a0 \u00e9 para ingresso em 9 cursos de Gradua\u00e7\u00e3o na \u00e1rea de Artes: Artes Visuais &#8211; Bacharelado e Licenciatura, Cinema de Anima\u00e7\u00e3o e Artes Digitais, Dan\u00e7a \u2013 Licenciatura, Design de Moda, M\u00fasica \u2013 Bacharelado e Licenciatura e Teatro &#8211; Bacharelado e Licenciatura.<\/p>\n<p>Informa\u00e7\u00f5es: <a href=\"https:\/\/www.ufmg.br\/copeve\">site da Diretoria de Processos Seletivos e de Concursos P\u00fablicos (Copeve)<\/a><\/p>\n<div>\n<p><strong>4 &#8211; Forma\u00e7\u00e3o Intercultural para Educadores Ind\u00edgenas (Fiei)<\/strong><\/p>\n<\/div>\n<div>\n<p><span style=\"color: #212529;\">Esse processo seleciona candidatos para o curso de Forma\u00e7\u00e3o Intercultural para Educadores Ind\u00edgenas (FIEI). Esse curso atende \u00e0 normativa legal que d\u00e1 prioridade aos ind\u00edgenas aldeados\u00a0para atuarem nas escolas de seus respectivos povos, habilita professores para lecionar nas s\u00e9ries finais do Ensino Fundamental e no Ensino M\u00e9dio, na \u00c1rea de Ci\u00eancias Sociais e Humanidades, prioritariamente nas escolas ind\u00edgenas.<\/span><\/p>\n<p>Informa\u00e7\u00f5es: <a href=\"https:\/\/www.ufmg.br\/copeve\">site da Diretoria de Processos Seletivos e de Concursos P\u00fablicos (Copeve)<\/a><\/p>\n<p><strong>5 &#8211; Licenciatura em Educa\u00e7\u00e3o do Campo (Lecampo)<\/strong><\/p>\n<p>O curso de Licenciatura em Educa\u00e7\u00e3o do Campo habilita professores para atuar nos \u00faltimos quatro anos do Ensino Fundamental e no Ensino M\u00e9dio, na \u00c1rea de\u00a0Ci\u00eancias da Vida e da Natureza\u00a0ou L\u00edngua, Arte e Literatura ou Matem\u00e1tica ou Ci\u00eancias Sociais e Humanidades\u00a0em escolas que atendem as popula\u00e7\u00f5es do campo. Podem concorrer candidatos que atendam os crit\u00e9rios definidos em edital.<\/p>\n<p>Informa\u00e7\u00f5es: <a href=\"https:\/\/www.ufmg.br\/copeve\">site da Diretoria de Processos Seletivos e de Concursos P\u00fablicos (Copeve)<\/a><\/p>\n<div>\n<div>\n<div>\n<p><strong>6 &#8211; Letras &#8211; Libras<\/strong><\/p>\n<\/div>\n<\/div>\n<\/div>\n<div>\n<p>O curso de Licenciatura em Letras &#8211; Libras habilita professores a atuarem na forma\u00e7\u00e3o de professores para o ensino da L\u00edngua Brasileira de Sinais. O dom\u00ednio da l\u00edngua de sinais \u00e9 requisito no processo de sele\u00e7\u00e3o e tamb\u00e9m durante toda a trajet\u00f3ria formativa dos alunos. Para concorrer as vagas \u00e9 preciso atender as condi\u00e7\u00f5es listadas no edital.<\/p>\n<p>Informa\u00e7\u00f5es: <a href=\"https:\/\/www.ufmg.br\/copeve\">site da Diretoria de Processos Seletivos e de Concursos P\u00fablicos (Copeve)<\/a><\/p>\n<p><strong>VAGAS ADICIONAIS<\/strong><\/p>\n<div>\n<p><strong>1 &#8211; Vagas suplementares para estudantes ind\u00edgenas<\/strong><\/p>\n<\/div>\n<div>\n<p>Esse processo seletivo \u00e9 restrito a candidatos ind\u00edgenas brasileiros aldeados.<\/p>\n<p>Informa\u00e7\u00f5es: <a href=\"https:\/\/www.ufmg.br\/copeve\">site da Diretoria de Processos Seletivos e de Concursos P\u00fablicos (Copeve)<\/a><\/p>\n<p><strong>2 &#8211; Acolhida humanit\u00e1ria<\/strong><\/p>\n<p>Esse processo seletivo \u00e9 destinado a refugiados, asilados pol\u00edticos, ap\u00e1tridas, portadores de visto tempor\u00e1rio de acolhida humanit\u00e1ria, portadores de autoriza\u00e7\u00e3o de resid\u00eancia para fins de acolhida humanit\u00e1ria. Para concorrer \u00e0s vagas oferecidas \u00e9 preciso atender as condi\u00e7\u00f5es listadas no edital.<\/p>\n<p>Informa\u00e7\u00f5es: <a href=\"https:\/\/www.ufmg.br\/copeve\">site da Diretoria de Processos Seletivos e de Concursos P\u00fablicos (Copeve)<\/a><\/p>\n<p><strong>VAGAS REMANESCENTES<\/strong><\/p>\n<\/div>\n<\/div>\n<\/div>\n<\/div>\n<div>\n<p><strong>1 &#8211; Transfer\u00eancia (comum) e obten\u00e7\u00e3o de novo t\u00edtulo<\/strong><\/p>\n<\/div>\n<div>\n<p>A Transfer\u00eancia \u00e9 destinada ao candidato que, oriundo de outra Institui\u00e7\u00e3o de Ensino Superior, nacional ou estrangeira, deseja ingressar em curso de Gradua\u00e7\u00e3o da UFMG que seja correspondente ou afim a seu curso de origem, conforme crit\u00e9rios dispon\u00edveis no <a href=\"https:\/\/www.ufmg.br\/prograd\/arquivos\/docs\/CorrespondenciaProcSel.pdf\">Of\u00edcio Circular N\u00b0 16\/2021\/PROGRAD-GAB-UFMG<\/a>, de 15\/11\/2021.<\/p>\n<\/div>\n<div>\n<p>A Obten\u00e7\u00e3o de Novo T\u00edtulo \u00e9 destinada a candidato que, j\u00e1 tendo conclu\u00eddo um Curso de Gradua\u00e7\u00e3o, deseja iniciar, na UFMG, um novo curso de Gradua\u00e7\u00e3o diferente daquele em que \u00e9 diplomado ou iniciar uma nova habilita\u00e7\u00e3o ou novo diploma referente a grau acad\u00eamico com denomina\u00e7\u00e3o distinta da anterior. Para tanto, esta Universidade s\u00f3 aceitar\u00e1 pedidos de portadores de diploma de curso de gradua\u00e7\u00e3o reconhecido pelo Minist\u00e9rio da Educa\u00e7\u00e3o.<\/p>\n<p>Informa\u00e7\u00f5es: <a href=\"https:\/\/www.ufmg.br\/copeve\">site da Diretoria de Processos Seletivos e de Concursos P\u00fablicos (Copeve)<\/a><\/p>\n<p>&nbsp;<\/p>\n<\/div>\n<div><\/div>\n<div>\n<p>&nbsp;<\/p>\n<\/div>\n<div>\n<p>&nbsp;<\/p>\n<p>&nbsp;<\/p>\n<\/div>\n<div>\n<div>\n<div>\n<p>&nbsp;<\/p>\n<\/div>\n<\/div>\n<\/div>\n","protected":false},"excerpt":{"rendered":"<p>Existem diferentes processos seletivos para ingressar em um dos cursos [&hellip;]<\/p>\n","protected":false},"author":1,"featured_media":0,"parent":0,"menu_order":0,"comment_status":"closed","ping_status":"closed","template":"","meta":{"_acf_changed":false,"footnotes":""},"tags":[],"class_list":["post-953","page","type-page","status-publish","hentry"],"acf":[],"_links":{"self":[{"href":"https:\/\/www.ufmg.br\/prograd\/wp-json\/wp\/v2\/pages\/953","targetHints":{"allow":["GET"]}}],"collection":[{"href":"https:\/\/www.ufmg.br\/prograd\/wp-json\/wp\/v2\/pages"}],"about":[{"href":"https:\/\/www.ufmg.br\/prograd\/wp-json\/wp\/v2\/types\/page"}],"author":[{"embeddable":true,"href":"https:\/\/www.ufmg.br\/prograd\/wp-json\/wp\/v2\/users\/1"}],"replies":[{"embeddable":true,"href":"https:\/\/www.ufmg.br\/prograd\/wp-json\/wp\/v2\/comments?post=953"}],"version-history":[{"count":36,"href":"https:\/\/www.ufmg.br\/prograd\/wp-json\/wp\/v2\/pages\/953\/revisions"}],"predecessor-version":[{"id":5439,"href":"https:\/\/www.ufmg.br\/prograd\/wp-json\/wp\/v2\/pages\/953\/revisions\/5439"}],"wp:attachment":[{"href":"https:\/\/www.ufmg.br\/prograd\/wp-json\/wp\/v2\/media?parent=953"}],"wp:term":[{"taxonomy":"post_tag","embeddable":true,"href":"https:\/\/www.ufmg.br\/prograd\/wp-json\/wp\/v2\/tags?post=953"}],"curies":[{"name":"wp","href":"https:\/\/api.w.org\/{rel}","templated":true}]}}