{"id":10667,"date":"2025-08-21T14:37:39","date_gmt":"2025-08-21T17:37:39","guid":{"rendered":"https:\/\/www.ufmg.br\/proplan\/?page_id=10667"},"modified":"2025-08-21T14:40:13","modified_gmt":"2025-08-21T17:40:13","slug":"teds-2025","status":"publish","type":"page","link":"https:\/\/www.ufmg.br\/proplan\/teds-2025\/","title":{"rendered":"TED\u00b4s 2025"},"content":{"rendered":"<div id=\"sp-ea-10645\" class=\"sp-ea-one sp-easy-accordion\" data-ex-icon=\"fa-minus\" data-col-icon=\"fa-plus\"  data-ea-active=\"ea-click\"  data-ea-mode=\"vertical\" data-preloader=\"\"><div class=\"ea-card  sp-ea-single\"><h3 class=\"ea-header\"><a class=\"collapsed\" data-sptoggle=\"spcollapse\" data-sptarget=#collapse106450 href=\"javascript:void(0)\" aria-expanded=\"false\"><i class=\"ea-expand-icon fa fa-plus\"><\/i> TED 15549 - SPO\/MEC<\/a><\/h3><div class=\"sp-collapse spcollapse spcollapse\" id=\"collapse106450\" data-parent=#sp-ea-10645><div class=\"ea-body\"><p>Objeto: \"Saberes Ind\u00edgenas na Escola\"<\/p>\n<p>Valor: R$ 799.999,80<\/p>\n<p>Vig\u00eancia: 10 (dez) meses<\/p>\n<p><a href=\"https:\/\/www.ufmg.br\/proplan\/wp-content\/uploads\/2025\/08\/15549_TED-1.pdf\">15549_TED<\/a><\/p>\n<p><a href=\"https:\/\/www.ufmg.br\/proplan\/wp-content\/uploads\/2025\/08\/15549_Plano-de-Trabalho-1.pdf\">15549_Plano de Trabalho<\/a><\/p>\n<\/div><\/div><\/div><div class=\"ea-card  sp-ea-single\"><h3 class=\"ea-header\"><a class=\"collapsed\" data-sptoggle=\"spcollapse\" data-sptarget=#collapse106451 href=\"javascript:void(0)\" aria-expanded=\"false\"><i class=\"ea-expand-icon fa fa-plus\"><\/i> TED 15382 - SPO\/MEC<\/a><\/h3><div class=\"sp-collapse spcollapse spcollapse\" id=\"collapse106451\" data-parent=#sp-ea-10645><div class=\"ea-body\"><p>Objeto: \"Forma\u00e7\u00e3o de professores para a educa\u00e7\u00e3o de surdos: fundamentos e pr\u00e1ticas bil\u00edngues na educa\u00e7\u00e3o de surdos\"<\/p>\n<p>Valor: R$ 155.217,30<\/p>\n<p>Vig\u00eancia: 9 (nove) meses<\/p>\n<p><a href=\"https:\/\/www.ufmg.br\/proplan\/wp-content\/uploads\/2025\/08\/15382_TED.pdf\">15382_TED<\/a><\/p>\n<p><a href=\"https:\/\/www.ufmg.br\/proplan\/wp-content\/uploads\/2025\/08\/15382_Plano-de-Trabalho-1.pdf\">15382_Plano de Trabalho<\/a><\/p>\n<\/div><\/div><\/div><div class=\"ea-card  sp-ea-single\"><h3 class=\"ea-header\"><a class=\"collapsed\" data-sptoggle=\"spcollapse\" data-sptarget=#collapse106452 href=\"javascript:void(0)\" aria-expanded=\"false\"><i class=\"ea-expand-icon fa fa-plus\"><\/i> TED 005\/2025 - INEP<\/a><\/h3><div class=\"sp-collapse spcollapse spcollapse\" id=\"collapse106452\" data-parent=#sp-ea-10645><div class=\"ea-body\"><p>Objeto: \"Realiza\u00e7\u00e3o de uma pesquisa quantitativa para elaborar um diagn\u00f3stico e desenvolver indicadores sobre a conviv\u00eancia em escolas p\u00fablicas brasileiras\"<\/p>\n<p>Valor: R$ 672.948,75<\/p>\n<p>Vig\u00eancia: 13 (treze) meses<\/p>\n<p><a href=\"https:\/\/www.ufmg.br\/proplan\/wp-content\/uploads\/2025\/08\/005.2025_TED.pdf\">005.2025_TED<\/a><\/p>\n<p><a href=\"https:\/\/www.ufmg.br\/proplan\/wp-content\/uploads\/2025\/08\/005.2025_Plano-de-Trabalho.pdf\">005.2025_Plano de Trabalho<\/a><\/p>\n<\/div><\/div><\/div><\/div>\n","protected":false},"excerpt":{"rendered":"","protected":false},"author":9,"featured_media":0,"parent":0,"menu_order":0,"comment_status":"closed","ping_status":"closed","template":"","meta":{"footnotes":""},"tags":[],"class_list":["post-10667","page","type-page","status-publish","hentry"],"_links":{"self":[{"href":"https:\/\/www.ufmg.br\/proplan\/wp-json\/wp\/v2\/pages\/10667","targetHints":{"allow":["GET"]}}],"collection":[{"href":"https:\/\/www.ufmg.br\/proplan\/wp-json\/wp\/v2\/pages"}],"about":[{"href":"https:\/\/www.ufmg.br\/proplan\/wp-json\/wp\/v2\/types\/page"}],"author":[{"embeddable":true,"href":"https:\/\/www.ufmg.br\/proplan\/wp-json\/wp\/v2\/users\/9"}],"replies":[{"embeddable":true,"href":"https:\/\/www.ufmg.br\/proplan\/wp-json\/wp\/v2\/comments?post=10667"}],"version-history":[{"count":2,"href":"https:\/\/www.ufmg.br\/proplan\/wp-json\/wp\/v2\/pages\/10667\/revisions"}],"predecessor-version":[{"id":10673,"href":"https:\/\/www.ufmg.br\/proplan\/wp-json\/wp\/v2\/pages\/10667\/revisions\/10673"}],"wp:attachment":[{"href":"https:\/\/www.ufmg.br\/proplan\/wp-json\/wp\/v2\/media?parent=10667"}],"wp:term":[{"taxonomy":"post_tag","embeddable":true,"href":"https:\/\/www.ufmg.br\/proplan\/wp-json\/wp\/v2\/tags?post=10667"}],"curies":[{"name":"wp","href":"https:\/\/api.w.org\/{rel}","templated":true}]}}