{"id":10679,"date":"2025-08-22T14:48:14","date_gmt":"2025-08-22T17:48:14","guid":{"rendered":"https:\/\/www.ufmg.br\/proplan\/?page_id=10679"},"modified":"2025-08-22T14:48:14","modified_gmt":"2025-08-22T17:48:14","slug":"teds-2024","status":"publish","type":"page","link":"https:\/\/www.ufmg.br\/proplan\/teds-2024\/","title":{"rendered":"TED&#8217;s 2024"},"content":{"rendered":"<div id=\"sp-ea-5235\" class=\"sp-ea-one sp-easy-accordion\" data-ex-icon=\"fa-minus\" data-col-icon=\"fa-plus\"  data-ea-active=\"ea-click\"  data-ea-mode=\"vertical\" data-preloader=\"\"><div class=\"ea-card  sp-ea-single\"><h3 class=\"ea-header\"><a class=\"collapsed\" data-sptoggle=\"spcollapse\" data-sptarget=#collapse52350 href=\"javascript:void(0)\" aria-expanded=\"false\"><i class=\"ea-expand-icon fa fa-plus\"><\/i> TED 14389 - SPO\/MEC<\/a><\/h3><div class=\"sp-collapse spcollapse spcollapse\" id=\"collapse52350\" data-parent=#sp-ea-5235><div class=\"ea-body\"><p>Objeto: \"Projeto - Espa\u00e7os comunit\u00e1rios de saberes, cultura e bem viver Yanomami: constru\u00e7\u00e3o de quatro casas da escola e um centro de forma\u00e7\u00e3o\"<\/p>\n<p>Valor: R$ 15.497.831,28<\/p>\n<p>Vig\u00eancia: 61 (sessenta e um) meses<\/p>\n<p><a href=\"https:\/\/www.ufmg.br\/proplan\/wp-content\/uploads\/2025\/08\/14389_TED-1.pdf\">14389_TED<\/a><\/p>\n<p><a href=\"https:\/\/www.ufmg.br\/proplan\/wp-content\/uploads\/2025\/08\/14389_Plano-de-Trabalho-2.pdf\">14389_Plano de Trabalho<\/a><\/p>\n<\/div><\/div><\/div><div class=\"ea-card  sp-ea-single\"><h3 class=\"ea-header\"><a class=\"collapsed\" data-sptoggle=\"spcollapse\" data-sptarget=#collapse52351 href=\"javascript:void(0)\" aria-expanded=\"false\"><i class=\"ea-expand-icon fa fa-plus\"><\/i> TED 005\/2024 - FUNAI<\/a><\/h3><div class=\"sp-collapse spcollapse spcollapse\" id=\"collapse52351\" data-parent=#sp-ea-5235><div class=\"ea-body\"><p>Objeto: \"Produ\u00e7\u00e3o de interfaces-embri\u00e3o de espa\u00e7os comunit\u00e1rios de saberes, cultura e bem-viver, com envolvimento dos Yanomami.\"<\/p>\n<p>Valor: R$ 3.929.811,18<\/p>\n<p>Vig\u00eancia: 60 (sessenta) meses<\/p>\n<p><a href=\"https:\/\/www.ufmg.br\/proplan\/wp-content\/uploads\/2025\/08\/005.2024_TED.pdf\">005.2024_TED<\/a><\/p>\n<p><a href=\"https:\/\/www.ufmg.br\/proplan\/wp-content\/uploads\/2025\/08\/005.2024_Plano-de-Trabalho.pdf\">005.2024_Plano de Trabalho<\/a><\/p>\n<\/div><\/div><\/div><div class=\"ea-card  sp-ea-single\"><h3 class=\"ea-header\"><a class=\"collapsed\" data-sptoggle=\"spcollapse\" data-sptarget=#collapse52352 href=\"javascript:void(0)\" aria-expanded=\"false\"><i class=\"ea-expand-icon fa fa-plus\"><\/i> TED 009\/2024 - FUNAI<\/a><\/h3><div class=\"sp-collapse spcollapse spcollapse\" id=\"collapse52352\" data-parent=#sp-ea-5235><div class=\"ea-body\"><p>Objeto: \"Desenvolvimento de a\u00e7\u00f5es colaborativas para o fortalecimento de a\u00e7\u00f5es de cuidado no pr\u00e9-natal e em sa\u00fade sexual e reprodutiva das mulheres na Terra Ind\u00edgena Yanomami.\"<\/p>\n<p>Valor: R$ 889.940,38<\/p>\n<p>Vig\u00eancia: 21 (vinte e um) meses<\/p>\n<p><a href=\"https:\/\/www.ufmg.br\/proplan\/wp-content\/uploads\/2025\/08\/009.2024_TED.pdf\">009.2024_TED<\/a><\/p>\n<p><a href=\"https:\/\/www.ufmg.br\/proplan\/wp-content\/uploads\/2025\/08\/009.2024_Plano-de-Trabalho.pdf\">009.2024_Plano de Trabalho<\/a><\/p>\n<\/div><\/div><\/div><\/div>\n","protected":false},"excerpt":{"rendered":"","protected":false},"author":4,"featured_media":0,"parent":0,"menu_order":0,"comment_status":"closed","ping_status":"closed","template":"","meta":{"footnotes":""},"tags":[],"class_list":["post-10679","page","type-page","status-publish","hentry"],"_links":{"self":[{"href":"https:\/\/www.ufmg.br\/proplan\/wp-json\/wp\/v2\/pages\/10679","targetHints":{"allow":["GET"]}}],"collection":[{"href":"https:\/\/www.ufmg.br\/proplan\/wp-json\/wp\/v2\/pages"}],"about":[{"href":"https:\/\/www.ufmg.br\/proplan\/wp-json\/wp\/v2\/types\/page"}],"author":[{"embeddable":true,"href":"https:\/\/www.ufmg.br\/proplan\/wp-json\/wp\/v2\/users\/4"}],"replies":[{"embeddable":true,"href":"https:\/\/www.ufmg.br\/proplan\/wp-json\/wp\/v2\/comments?post=10679"}],"version-history":[{"count":2,"href":"https:\/\/www.ufmg.br\/proplan\/wp-json\/wp\/v2\/pages\/10679\/revisions"}],"predecessor-version":[{"id":10725,"href":"https:\/\/www.ufmg.br\/proplan\/wp-json\/wp\/v2\/pages\/10679\/revisions\/10725"}],"wp:attachment":[{"href":"https:\/\/www.ufmg.br\/proplan\/wp-json\/wp\/v2\/media?parent=10679"}],"wp:term":[{"taxonomy":"post_tag","embeddable":true,"href":"https:\/\/www.ufmg.br\/proplan\/wp-json\/wp\/v2\/tags?post=10679"}],"curies":[{"name":"wp","href":"https:\/\/api.w.org\/{rel}","templated":true}]}}