{"id":10796,"date":"2025-08-26T09:34:26","date_gmt":"2025-08-26T12:34:26","guid":{"rendered":"https:\/\/www.ufmg.br\/proplan\/?page_id=10796"},"modified":"2025-08-26T09:35:18","modified_gmt":"2025-08-26T12:35:18","slug":"teds-2023","status":"publish","type":"page","link":"https:\/\/www.ufmg.br\/proplan\/teds-2023\/","title":{"rendered":"TED&#8217;s 2023"},"content":{"rendered":"<div id=\"sp-ea-10722\" class=\"sp-ea-one sp-easy-accordion\" data-ex-icon=\"fa-minus\" data-col-icon=\"fa-plus\"  data-ea-active=\"ea-click\"  data-ea-mode=\"vertical\" data-preloader=\"\"><div class=\"ea-card  sp-ea-single\"><h3 class=\"ea-header\"><a class=\"collapsed\" data-sptoggle=\"spcollapse\" data-sptarget=#collapse107220 href=\"javascript:void(0)\" aria-expanded=\"false\"><i class=\"ea-expand-icon fa fa-plus\"><\/i> TED 124\/2023 - FNS<\/a><\/h3><div class=\"sp-collapse spcollapse spcollapse\" id=\"collapse107220\" data-parent=#sp-ea-10722><div class=\"ea-body\"><p>Objeto: \"Projeto - Estrutura e din\u00e2mica sociodemogr\u00e1fica multiprofissional do mercado de trabalho em sa\u00fade.\"<\/p>\n<p>Valor: R$ 2.997.000,00<\/p>\n<p>Vig\u00eancia: 24 (vinte e quatro) meses<\/p>\n<p><a href=\"https:\/\/www.ufmg.br\/proplan\/wp-content\/uploads\/2025\/08\/124.2023_TED.pdf\">124.2023_TED<\/a><\/p>\n<p><a href=\"https:\/\/www.ufmg.br\/proplan\/wp-content\/uploads\/2025\/08\/124.2023_Plano-de-Trabalho.pdf\">124.2023_Plano de Trabalho<\/a><\/p>\n<\/div><\/div><\/div><div class=\"ea-card  sp-ea-single\"><h3 class=\"ea-header\"><a class=\"collapsed\" data-sptoggle=\"spcollapse\" data-sptarget=#collapse107221 href=\"javascript:void(0)\" aria-expanded=\"false\"><i class=\"ea-expand-icon fa fa-plus\"><\/i> TED 007\/2023 - SENASP<\/a><\/h3><div class=\"sp-collapse spcollapse spcollapse\" id=\"collapse107221\" data-parent=#sp-ea-10722><div class=\"ea-body\"><p>Objeto: \"Projeto: Estudos para desenvolvimento de interven\u00e7\u00e3o psicol\u00f3gicas on-line para tratamento e promo\u00e7\u00e3o da sa\u00fade mental em profissionais de seguran\u00e7a p\u00fablica. \u201d<\/p>\n<p>Valor: R$ 6.482.552,50<\/p>\n<p>Vig\u00eancia: 37 (trinta e sete) meses<\/p>\n<p><a href=\"https:\/\/www.ufmg.br\/proplan\/wp-content\/uploads\/2025\/08\/007.2023_TED-e-Plano-de-Trabalho.pdf\">007.2023_TED e Plano de Trabalho<\/a><\/p>\n<\/div><\/div><\/div><div class=\"ea-card  sp-ea-single\"><h3 class=\"ea-header\"><a class=\"collapsed\" data-sptoggle=\"spcollapse\" data-sptarget=#collapse107222 href=\"javascript:void(0)\" aria-expanded=\"false\"><i class=\"ea-expand-icon fa fa-plus\"><\/i> TED 12184 - CAPES<\/a><\/h3><div class=\"sp-collapse spcollapse spcollapse\" id=\"collapse107222\" data-parent=#sp-ea-10722><div class=\"ea-body\"><p>Objeto: \"Projeto - Implanta\u00e7\u00e3o e Desenvolvimento de Cursos no \u00c2mbito do PROAP.\"<\/p>\n<p>Valor: R$ 2.021.338,00<\/p>\n<p>Vig\u00eancia: 37 (trinta e sete) meses<\/p>\n<p><a href=\"https:\/\/www.ufmg.br\/proplan\/wp-content\/uploads\/2025\/08\/12184_TED.pdf\">12184_TED<\/a><\/p>\n<p><a href=\"https:\/\/www.ufmg.br\/proplan\/wp-content\/uploads\/2025\/08\/12184_Plano-de-Trabalho-1.pdf\">12184_Plano de Trabalho<\/a><\/p>\n<\/div><\/div><\/div><\/div>\n","protected":false},"excerpt":{"rendered":"","protected":false},"author":4,"featured_media":0,"parent":0,"menu_order":0,"comment_status":"closed","ping_status":"closed","template":"","meta":{"footnotes":""},"tags":[],"class_list":["post-10796","page","type-page","status-publish","hentry"],"_links":{"self":[{"href":"https:\/\/www.ufmg.br\/proplan\/wp-json\/wp\/v2\/pages\/10796","targetHints":{"allow":["GET"]}}],"collection":[{"href":"https:\/\/www.ufmg.br\/proplan\/wp-json\/wp\/v2\/pages"}],"about":[{"href":"https:\/\/www.ufmg.br\/proplan\/wp-json\/wp\/v2\/types\/page"}],"author":[{"embeddable":true,"href":"https:\/\/www.ufmg.br\/proplan\/wp-json\/wp\/v2\/users\/4"}],"replies":[{"embeddable":true,"href":"https:\/\/www.ufmg.br\/proplan\/wp-json\/wp\/v2\/comments?post=10796"}],"version-history":[{"count":2,"href":"https:\/\/www.ufmg.br\/proplan\/wp-json\/wp\/v2\/pages\/10796\/revisions"}],"predecessor-version":[{"id":10800,"href":"https:\/\/www.ufmg.br\/proplan\/wp-json\/wp\/v2\/pages\/10796\/revisions\/10800"}],"wp:attachment":[{"href":"https:\/\/www.ufmg.br\/proplan\/wp-json\/wp\/v2\/media?parent=10796"}],"wp:term":[{"taxonomy":"post_tag","embeddable":true,"href":"https:\/\/www.ufmg.br\/proplan\/wp-json\/wp\/v2\/tags?post=10796"}],"curies":[{"name":"wp","href":"https:\/\/api.w.org\/{rel}","templated":true}]}}