{"id":10814,"date":"2025-08-26T13:50:49","date_gmt":"2025-08-26T16:50:49","guid":{"rendered":"https:\/\/www.ufmg.br\/proplan\/?page_id=10814"},"modified":"2025-08-26T13:50:49","modified_gmt":"2025-08-26T16:50:49","slug":"teds-2022","status":"publish","type":"page","link":"https:\/\/www.ufmg.br\/proplan\/teds-2022\/","title":{"rendered":"TED&#8217;s 2022"},"content":{"rendered":"<div id=\"sp-ea-10808\" class=\"sp-ea-one sp-easy-accordion\" data-ex-icon=\"fa-minus\" data-col-icon=\"fa-plus\"  data-ea-active=\"ea-click\"  data-ea-mode=\"vertical\" data-preloader=\"\"><div class=\"ea-card  sp-ea-single\"><h3 class=\"ea-header\"><a class=\"collapsed\" data-sptoggle=\"spcollapse\" data-sptarget=#collapse108080 href=\"javascript:void(0)\" aria-expanded=\"false\"><i class=\"ea-expand-icon fa fa-plus\"><\/i> TED 032\/2022 - FNS<\/a><\/h3><div class=\"sp-collapse spcollapse spcollapse\" id=\"collapse108080\" data-parent=#sp-ea-10808><div class=\"ea-body\"><p>Objeto: \"Estudo e Pesquisa sobre Sa\u00fade da Pessoa Idosa.\"<\/p>\n<p>Valor: R$ 1.000.000,00<\/p>\n<p>Vig\u00eancia: 61 (sessenta e um) meses<\/p>\n<p><a href=\"https:\/\/www.ufmg.br\/proplan\/wp-content\/uploads\/2025\/08\/032.2022_TED-1.pdf\">032.2022_TED<\/a><\/p>\n<p><a href=\"https:\/\/www.ufmg.br\/proplan\/wp-content\/uploads\/2025\/08\/032.2022_Plano-de-Acao-1.pdf\">032.2022_Plano de Acao<\/a><\/p>\n<p><a href=\"https:\/\/www.ufmg.br\/proplan\/wp-content\/uploads\/2025\/08\/032.2022_Termo-Aditivo-4-1.pdf\">032.2022_Termo Aditivo 4<\/a><\/p>\n<\/div><\/div><\/div><div class=\"ea-card  sp-ea-single\"><h3 class=\"ea-header\"><a class=\"collapsed\" data-sptoggle=\"spcollapse\" data-sptarget=#collapse108081 href=\"javascript:void(0)\" aria-expanded=\"false\"><i class=\"ea-expand-icon fa fa-plus\"><\/i> TED 11511 - SEMESP\/MEC<\/a><\/h3><div class=\"sp-collapse spcollapse spcollapse\" id=\"collapse108081\" data-parent=#sp-ea-10808><div class=\"ea-body\"><p>Objeto: \"PROLIND - Destinado a 20 estudantes em 2022 - Forma\u00e7\u00e3o Intercultural para educadores ind\u00edgenas\"<\/p>\n<p>Valor: R$ 716.178,00<\/p>\n<p>Vig\u00eancia: 48 (quarenta e oito) meses<\/p>\n<p><a href=\"https:\/\/www.ufmg.br\/proplan\/wp-content\/uploads\/2025\/08\/11511_TED.pdf\">11511_TED<\/a><\/p>\n<p><a href=\"https:\/\/www.ufmg.br\/proplan\/wp-content\/uploads\/2025\/08\/11511_Plano-de-Trabalho.pdf\">11511_Plano de Trabalho<\/a><\/p>\n<\/div><\/div><\/div><div class=\"ea-card  sp-ea-single\"><h3 class=\"ea-header\"><a class=\"collapsed\" data-sptoggle=\"spcollapse\" data-sptarget=#collapse108082 href=\"javascript:void(0)\" aria-expanded=\"false\"><i class=\"ea-expand-icon fa fa-plus\"><\/i> TED 031\/2022 - FNS<\/a><\/h3><div class=\"sp-collapse spcollapse spcollapse\" id=\"collapse108082\" data-parent=#sp-ea-10808><div class=\"ea-body\"><p>Objeto: Oferta Nacional de Educa\u00e7\u00e3o \u00e0 Dist\u00e2ncia aos Usu\u00e1rios do e-SUS.<\/p>\n<p>Valor: R$ 2.734.352,94<\/p>\n<p>Vig\u00eancia: 49 (quarenta e nove) meses<\/p>\n<p><a href=\"https:\/\/www.ufmg.br\/proplan\/wp-content\/uploads\/2025\/08\/031.2022_TED.pdf\">031.2022_TED<\/a><\/p>\n<p><a href=\"https:\/\/www.ufmg.br\/proplan\/wp-content\/uploads\/2025\/08\/031.2022_Plano-de-Acao.pdf\">031.2022_Plano de Acao<\/a><\/p>\n<p><a href=\"https:\/\/www.ufmg.br\/proplan\/wp-content\/uploads\/2025\/08\/031.2022_Termo-Aditivo.pdf\">031.2022_Termo Aditivo<\/a><\/p>\n<\/div><\/div><\/div><\/div>\n","protected":false},"excerpt":{"rendered":"","protected":false},"author":4,"featured_media":0,"parent":0,"menu_order":0,"comment_status":"closed","ping_status":"closed","template":"","meta":{"footnotes":""},"tags":[],"class_list":["post-10814","page","type-page","status-publish","hentry"],"_links":{"self":[{"href":"https:\/\/www.ufmg.br\/proplan\/wp-json\/wp\/v2\/pages\/10814","targetHints":{"allow":["GET"]}}],"collection":[{"href":"https:\/\/www.ufmg.br\/proplan\/wp-json\/wp\/v2\/pages"}],"about":[{"href":"https:\/\/www.ufmg.br\/proplan\/wp-json\/wp\/v2\/types\/page"}],"author":[{"embeddable":true,"href":"https:\/\/www.ufmg.br\/proplan\/wp-json\/wp\/v2\/users\/4"}],"replies":[{"embeddable":true,"href":"https:\/\/www.ufmg.br\/proplan\/wp-json\/wp\/v2\/comments?post=10814"}],"version-history":[{"count":2,"href":"https:\/\/www.ufmg.br\/proplan\/wp-json\/wp\/v2\/pages\/10814\/revisions"}],"predecessor-version":[{"id":10822,"href":"https:\/\/www.ufmg.br\/proplan\/wp-json\/wp\/v2\/pages\/10814\/revisions\/10822"}],"wp:attachment":[{"href":"https:\/\/www.ufmg.br\/proplan\/wp-json\/wp\/v2\/media?parent=10814"}],"wp:term":[{"taxonomy":"post_tag","embeddable":true,"href":"https:\/\/www.ufmg.br\/proplan\/wp-json\/wp\/v2\/tags?post=10814"}],"curies":[{"name":"wp","href":"https:\/\/api.w.org\/{rel}","templated":true}]}}