{"id":10817,"date":"2025-08-26T13:51:55","date_gmt":"2025-08-26T16:51:55","guid":{"rendered":"https:\/\/www.ufmg.br\/proplan\/?page_id=10817"},"modified":"2025-08-26T13:51:55","modified_gmt":"2025-08-26T16:51:55","slug":"teds-2021","status":"publish","type":"page","link":"https:\/\/www.ufmg.br\/proplan\/teds-2021\/","title":{"rendered":"TED&#8217;s 2021"},"content":{"rendered":"<div id=\"sp-ea-10809\" class=\"sp-ea-one sp-easy-accordion\" data-ex-icon=\"fa-minus\" data-col-icon=\"fa-plus\"  data-ea-active=\"ea-click\"  data-ea-mode=\"vertical\" data-preloader=\"\"><div class=\"ea-card  sp-ea-single\"><h3 class=\"ea-header\"><a class=\"collapsed\" data-sptoggle=\"spcollapse\" data-sptarget=#collapse108090 href=\"javascript:void(0)\" aria-expanded=\"false\"><i class=\"ea-expand-icon fa fa-plus\"><\/i> TED 079\/2021 - FNS<\/a><\/h3><div class=\"sp-collapse spcollapse spcollapse\" id=\"collapse108090\" data-parent=#sp-ea-10809><div class=\"ea-body\"><p>Objeto: \"Manuten\u00e7\u00e3o do N\u00facleo de Telessa\u00fade da Faculdade de Medicina da UFMG.\"<\/p>\n<p>Valor: R$ 998.088,00<\/p>\n<p>Vig\u00eancia: 42 (quarenta e dois) meses<\/p>\n<p><a href=\"https:\/\/www.ufmg.br\/proplan\/wp-content\/uploads\/2025\/08\/079.2021_TED-e-Plano-de-Trabalho.pdf\">079.2021_TED e Plano de Trabalho<\/a><\/p>\n<p><a href=\"https:\/\/www.ufmg.br\/proplan\/wp-content\/uploads\/2025\/08\/079.2021_Termo-Aditivo.pdf\">079.2021_Termo Aditivo<\/a><\/p>\n<\/div><\/div><\/div><div class=\"ea-card  sp-ea-single\"><h3 class=\"ea-header\"><a class=\"collapsed\" data-sptoggle=\"spcollapse\" data-sptarget=#collapse108091 href=\"javascript:void(0)\" aria-expanded=\"false\"><i class=\"ea-expand-icon fa fa-plus\"><\/i> TED 026\/2021 - EMBRAPA CAF\u00c9<\/a><\/h3><div class=\"sp-collapse spcollapse spcollapse\" id=\"collapse108091\" data-parent=#sp-ea-10809><div class=\"ea-body\"><p>Objeto: \"Efeito do extrato prot\u00e9ico da semente do coffea arabica (caf\u00e9 ar\u00e1bica) sobre os par\u00e2metros fisiol\u00f3gicos, metab\u00f3licos e som\u00e1ticos em modelo animal de desnutri\u00e7\u00e3o em camundongos.\"<\/p>\n<p>Valor: R$ 48.335,36<\/p>\n<p>Vig\u00eancia: 37 (trinta e sete) meses<\/p>\n<p><a href=\"https:\/\/www.ufmg.br\/proplan\/wp-content\/uploads\/2025\/08\/026.2021_TED.pdf\">026.2021_TED<\/a><\/p>\n<\/div><\/div><\/div><div class=\"ea-card  sp-ea-single\"><h3 class=\"ea-header\"><a class=\"collapsed\" data-sptoggle=\"spcollapse\" data-sptarget=#collapse108092 href=\"javascript:void(0)\" aria-expanded=\"false\"><i class=\"ea-expand-icon fa fa-plus\"><\/i> TED 10648 - SEMESP\/MEC<\/a><\/h3><div class=\"sp-collapse spcollapse spcollapse\" id=\"collapse108092\" data-parent=#sp-ea-10809><div class=\"ea-body\"><p>Objeto: \"Especializa\u00e7\u00e3o Programa Escola da Terra.\"<\/p>\n<p>Valor: R$ 72.000,00<\/p>\n<p>Vig\u00eancia: 21 (vinte e um) meses<\/p>\n<p><a href=\"https:\/\/www.ufmg.br\/proplan\/wp-content\/uploads\/2025\/08\/10648_TED.pdf\">10648_TED<\/a><\/p>\n<p><a href=\"https:\/\/www.ufmg.br\/proplan\/wp-content\/uploads\/2025\/08\/10648_Plano-de-Trabalho.pdf\">10648_Plano de Trabalho<\/a><\/p>\n<\/div><\/div><\/div><\/div>\n","protected":false},"excerpt":{"rendered":"","protected":false},"author":4,"featured_media":0,"parent":0,"menu_order":0,"comment_status":"closed","ping_status":"closed","template":"","meta":{"footnotes":""},"tags":[],"class_list":["post-10817","page","type-page","status-publish","hentry"],"_links":{"self":[{"href":"https:\/\/www.ufmg.br\/proplan\/wp-json\/wp\/v2\/pages\/10817","targetHints":{"allow":["GET"]}}],"collection":[{"href":"https:\/\/www.ufmg.br\/proplan\/wp-json\/wp\/v2\/pages"}],"about":[{"href":"https:\/\/www.ufmg.br\/proplan\/wp-json\/wp\/v2\/types\/page"}],"author":[{"embeddable":true,"href":"https:\/\/www.ufmg.br\/proplan\/wp-json\/wp\/v2\/users\/4"}],"replies":[{"embeddable":true,"href":"https:\/\/www.ufmg.br\/proplan\/wp-json\/wp\/v2\/comments?post=10817"}],"version-history":[{"count":2,"href":"https:\/\/www.ufmg.br\/proplan\/wp-json\/wp\/v2\/pages\/10817\/revisions"}],"predecessor-version":[{"id":10823,"href":"https:\/\/www.ufmg.br\/proplan\/wp-json\/wp\/v2\/pages\/10817\/revisions\/10823"}],"wp:attachment":[{"href":"https:\/\/www.ufmg.br\/proplan\/wp-json\/wp\/v2\/media?parent=10817"}],"wp:term":[{"taxonomy":"post_tag","embeddable":true,"href":"https:\/\/www.ufmg.br\/proplan\/wp-json\/wp\/v2\/tags?post=10817"}],"curies":[{"name":"wp","href":"https:\/\/api.w.org\/{rel}","templated":true}]}}