{"id":10820,"date":"2025-08-26T13:53:12","date_gmt":"2025-08-26T16:53:12","guid":{"rendered":"https:\/\/www.ufmg.br\/proplan\/?page_id=10820"},"modified":"2025-08-26T13:53:12","modified_gmt":"2025-08-26T16:53:12","slug":"teds-2020","status":"publish","type":"page","link":"https:\/\/www.ufmg.br\/proplan\/teds-2020\/","title":{"rendered":"TED&#8217;s 2020"},"content":{"rendered":"<div id=\"sp-ea-10812\" class=\"sp-ea-one sp-easy-accordion\" data-ex-icon=\"fa-minus\" data-col-icon=\"fa-plus\"  data-ea-active=\"ea-click\"  data-ea-mode=\"vertical\" data-preloader=\"\"><div class=\"ea-card  sp-ea-single\"><h3 class=\"ea-header\"><a class=\"collapsed\" data-sptoggle=\"spcollapse\" data-sptarget=#collapse108120 href=\"javascript:void(0)\" aria-expanded=\"false\"><i class=\"ea-expand-icon fa fa-plus\"><\/i> TED 180\/2020 - FNS<\/a><\/h3><div class=\"sp-collapse spcollapse spcollapse\" id=\"collapse108120\" data-parent=#sp-ea-10812><div class=\"ea-body\"><p>Objeto: \"Estrat\u00e9gias para aprimoramento do atendimento de condi\u00e7\u00f5es cr\u00f4nicas na APS no contexto da Covid-19.\"<\/p>\n<p>Valor: R$ 5.018.334,00<\/p>\n<p>Vig\u00eancia: 48 (quarenta e oito) meses<\/p>\n<p><a href=\"https:\/\/www.ufmg.br\/proplan\/wp-content\/uploads\/2025\/08\/180.2020_TED-e-Plano-de-Trabalho.pdf\">180.2020_TED e Plano de Trabalho<\/a><\/p>\n<\/div><\/div><\/div><div class=\"ea-card  sp-ea-single\"><h3 class=\"ea-header\"><a class=\"collapsed\" data-sptoggle=\"spcollapse\" data-sptarget=#collapse108121 href=\"javascript:void(0)\" aria-expanded=\"false\"><i class=\"ea-expand-icon fa fa-plus\"><\/i> TED 138\/2020 - FNS<\/a><\/h3><div class=\"sp-collapse spcollapse spcollapse\" id=\"collapse108121\" data-parent=#sp-ea-10812><div class=\"ea-body\"><p>Objeto: \"Fomentar Pesquisas Cient\u00edficas e Tecnol\u00f3gicas em Sa\u00fade Estrat\u00e9gicas para o SUS.\"<\/p>\n<p>Valor: R$ 11.341.975,00<\/p>\n<p>Vig\u00eancia: 67 (sessenta e sete) meses<\/p>\n<p><a href=\"https:\/\/www.ufmg.br\/proplan\/wp-content\/uploads\/2025\/08\/138.2020_TED-e-Plano-de-Trabalho.pdf\">138.2020_TED e Plano de Trabalho<\/a><\/p>\n<\/div><\/div><\/div><div class=\"ea-card  sp-ea-single\"><h3 class=\"ea-header\"><a class=\"collapsed\" data-sptoggle=\"spcollapse\" data-sptarget=#collapse108122 href=\"javascript:void(0)\" aria-expanded=\"false\"><i class=\"ea-expand-icon fa fa-plus\"><\/i> TED 10033 - SPO\/MEC<\/a><\/h3><div class=\"sp-collapse spcollapse spcollapse\" id=\"collapse108122\" data-parent=#sp-ea-10812><div class=\"ea-body\"><p>Objeto: \"Apoio \u00e0 Efici\u00eancia Energ\u00e9tica.\"<\/p>\n<p>Valor: R$ 1.122.258,00<\/p>\n<p>Vig\u00eancia: 61 (sessenta e um) meses<\/p>\n<p><a href=\"https:\/\/www.ufmg.br\/proplan\/wp-content\/uploads\/2025\/08\/10033_TED.pdf\">10033_TED<\/a><\/p>\n<p><a href=\"https:\/\/www.ufmg.br\/proplan\/wp-content\/uploads\/2025\/08\/10033_Plano-de-Trabalho.pdf\">10033_Plano de Trabalho<\/a><\/p>\n<\/div><\/div><\/div><\/div>\n","protected":false},"excerpt":{"rendered":"","protected":false},"author":4,"featured_media":0,"parent":0,"menu_order":0,"comment_status":"closed","ping_status":"closed","template":"","meta":{"footnotes":""},"tags":[],"class_list":["post-10820","page","type-page","status-publish","hentry"],"_links":{"self":[{"href":"https:\/\/www.ufmg.br\/proplan\/wp-json\/wp\/v2\/pages\/10820","targetHints":{"allow":["GET"]}}],"collection":[{"href":"https:\/\/www.ufmg.br\/proplan\/wp-json\/wp\/v2\/pages"}],"about":[{"href":"https:\/\/www.ufmg.br\/proplan\/wp-json\/wp\/v2\/types\/page"}],"author":[{"embeddable":true,"href":"https:\/\/www.ufmg.br\/proplan\/wp-json\/wp\/v2\/users\/4"}],"replies":[{"embeddable":true,"href":"https:\/\/www.ufmg.br\/proplan\/wp-json\/wp\/v2\/comments?post=10820"}],"version-history":[{"count":2,"href":"https:\/\/www.ufmg.br\/proplan\/wp-json\/wp\/v2\/pages\/10820\/revisions"}],"predecessor-version":[{"id":10824,"href":"https:\/\/www.ufmg.br\/proplan\/wp-json\/wp\/v2\/pages\/10820\/revisions\/10824"}],"wp:attachment":[{"href":"https:\/\/www.ufmg.br\/proplan\/wp-json\/wp\/v2\/media?parent=10820"}],"wp:term":[{"taxonomy":"post_tag","embeddable":true,"href":"https:\/\/www.ufmg.br\/proplan\/wp-json\/wp\/v2\/tags?post=10820"}],"curies":[{"name":"wp","href":"https:\/\/api.w.org\/{rel}","templated":true}]}}