{"id":12352,"date":"2025-12-03T10:10:17","date_gmt":"2025-12-03T13:10:17","guid":{"rendered":"https:\/\/www.ufmg.br\/proplan\/?page_id=12352"},"modified":"2026-04-09T09:56:42","modified_gmt":"2026-04-09T12:56:42","slug":"apoio-a-pdi","status":"publish","type":"page","link":"https:\/\/www.ufmg.br\/proplan\/apoio-a-pdi\/","title":{"rendered":"Modelos para contrata\u00e7\u00e3o de Funda\u00e7\u00e3o de Apoio"},"content":{"rendered":"<p><strong>PROJETOS DE DESENVOLVIMENTO INSTITUCIONAL<\/strong><\/p>\n<p><strong>Apresenta\u00e7\u00e3o Semin\u00e1rio: Projetos de Desenvolvimento Institucional: Perspectivas Acad\u00eamicas, Jur\u00eddicas e Administrativas<\/strong><\/p>\n<p><a href=\"https:\/\/www.ufmg.br\/proplan\/wp-content\/uploads\/2022\/07\/PDI-Apresentacao-do-Dr.-Henrique-Seminario-30-05-2022-1.pptx\">PDI Apresenta\u00e7\u00e3o da Procuradoria Federal \u2013 Semin\u00e1rio 30\/05\/2022<\/a><\/p>\n<p><a href=\"https:\/\/www.ufmg.br\/proplan\/wp-content\/uploads\/2022\/07\/APRESENTACAO-Seminario-PDI-30-de-maio-de-2022-final-1.pptx\">PDI Apresenta\u00e7\u00e3o da Proplan \u2013 Semin\u00e1rio 30\/05\/2022<\/a><\/p>\n<p><strong>Modelo de Projeto<\/strong><\/p>\n<p><a href=\"https:\/\/www.ufmg.br\/proplan\/wp-content\/uploads\/2022\/07\/Modelo-de-projeto-OCR_Contrato_01.2018___Pasta_001.pdf\">Projeto de Desenvolvimento Institucional intitulado \u201cAmplia\u00e7\u00e3o e consolida\u00e7\u00e3o da pesquisa no Departamento de Qu\u00edmica atrav\u00e9s da melhoria e adequa\u00e7\u00e3o da infraestrutura dos laborat\u00f3rios do Bloco I do Anexo II o Departamento de Qu\u00edmica\u201d<\/a><\/p>\n<p><strong>Rela\u00e7\u00e3o de PDI\u2019s<\/strong><\/p>\n<p><a href=\"https:\/\/www.ufmg.br\/proplan\/wp-content\/uploads\/2024\/10\/Relacao-de-PDIs-vigentes.xlsx\">Rela\u00e7\u00e3o de PDIs UFMG<\/a><\/p>\n<p>&nbsp;<\/p>\n<p><strong>MODELOS<\/strong><\/p>\n<p>Segue abaixo os modelos de documentos que comp\u00f5e o processo conforme checklist.<\/p>\n<p>Os modelos espec\u00edficos est\u00e3o tamb\u00e9m dispon\u00edveis no SEI e os modelos de declara\u00e7\u00f5es devem ser copiados e colados no sistema.<\/p>\n<ul>\n<li>Documento da unidade\/\u00f3rg\u00e3o solicitando o apoio \u00e0 Funda\u00e7\u00e3o\/ Formaliza\u00e7\u00e3o da demanda;<\/li>\n<\/ul>\n<p><strong>Modelo<\/strong>\u00a0\u2013\u00a0<a href=\"https:\/\/www.ufmg.br\/proplan\/wp-content\/uploads\/2023\/10\/Solicitacao-de-apoio-Formalizacao-de-Demanda-Atualizado-31.10.23.doc\">Of\u00edcio de Solicita\u00e7\u00e3o de apoio \u2013 Formaliza\u00e7\u00e3o de Demanda<\/a><\/p>\n<ul>\n<li><strong>Projeto<\/strong>\u00a0a que se refere o art.1\u00ba, da Lei n\u00ba 8.958\/94, com observ\u00e2ncia dos requisitos contidos no artigo 6\u00ba do Decreto 7.423\/2010 e\u00a0<strong>Anexo I \u2013 Adendo Plano de Formas e Condi\u00e7\u00f5es<\/strong>, atendendo ao\u00a0Plano de Provid\u00eancias OS: 201203449 da Controladoria Geral da Uni\u00e3o \u2013 CGU.<\/li>\n<\/ul>\n<p><strong>Modelo<\/strong>\u00a0\u2013\u00a0<a href=\"https:\/\/www.ufmg.br\/proplan\/wp-content\/uploads\/2025\/08\/Plano-de-Formas-e-Condicoes-Anexo-I-atualizado-dia-07-08-2025.xls\">Plano de Formas e Condi\u00e7\u00f5es \u2013 Anexo I<\/a><\/p>\n<ul>\n<li><strong>Aprova\u00e7\u00e3o\u00a0do Projeto<\/strong>\u00a0pela autoridade(s)\/inst\u00e2ncia(s) competente(s).<\/li>\n<\/ul>\n<p><strong>Modelo<\/strong>\u00a0\u2013\u00a0<a href=\"https:\/\/www.ufmg.br\/proplan\/wp-content\/uploads\/APROVA%C3%87%C3%83O-PELA-PROPLAN-DO-PROJETO-DE-PDI-20-05-2022.docx\">Aprova\u00e7\u00e3o pela PROPLAN \u2013 Somente Projetos PDI<\/a><\/p>\n<ul>\n<li>Comprova\u00e7\u00e3o de atendimento da Resolu\u00e7\u00e3o 01\/2020 do Conselho Universit\u00e1rio \/\u00a0<strong>Formul\u00e1rio de composi\u00e7\u00e3o de equipe<\/strong>.<\/li>\n<\/ul>\n<p><strong>Modelo<\/strong>\u00a0\u2013\u00a0<a href=\"https:\/\/www.ufmg.br\/proplan\/wp-content\/uploads\/2024\/05\/4-Formulario-para-composicao-da-equipe-do-projeto-Resolucao-01-2020-atualizada-dia-27-05-2024-1.xls\">Formul\u00e1rio para composi\u00e7\u00e3o da equipe do projeto \u2013 Resolu\u00e7\u00e3o 01\/2020<\/a><\/p>\n<ul>\n<li>Termo de responsabilidade, por parte do coordenador do projeto, atinente \u201cao somat\u00f3rio da remunera\u00e7\u00e3o, retribui\u00e7\u00f5es e bolsas percebidas de toda a equipe definida pelo plano de trabalho do projeto a ser aprovado, bem como das horas dedicadas\u201d, em atendimento ao \u00a7 3\u00ba do art. 6\u00ba da Resolu\u00e7\u00e3o n\u00ba 01\/2020.<\/li>\n<\/ul>\n<p><strong>Modelo<\/strong>\u00a0\u2013\u00a0<a href=\"https:\/\/www.ufmg.br\/proplan\/wp-content\/uploads\/2022\/07\/4-Modelo-Declaracao-Resolucao-01.2020.doc\">Termo de Responsabilidade Resolu\u00e7\u00e3o 01\/2020<\/a><\/p>\n<ul>\n<li>Declara\u00e7\u00e3o para participa\u00e7\u00e3o em projeto,\u00a0<strong>somente nos casos\u00a0<\/strong>em que o servidor esteja vinculado\u00a0a Departamento, Unidade ou \u00d3rg\u00e3o diferente daquele em que se refere o projeto, com a anu\u00eancia do \u00f3rg\u00e3o de seu exerc\u00edcio, em atendimento ao \u00a7 1\u00ba do art. 2\u00ba da Resolu\u00e7\u00e3o n\u00ba 01\/2020.<\/li>\n<\/ul>\n<p><strong>Modelo<\/strong>\u00a0\u2013\u00a0<a href=\"https:\/\/www.ufmg.br\/proplan\/wp-content\/uploads\/2023\/10\/MODELO-DE-DECLARACAO-E-SOLICITACAO-DA-PARTICIPACAO.docx\">Declara\u00e7\u00e3o e solicita\u00e7\u00e3o de participa\u00e7\u00e3o em projeto \u2013 Resolu\u00e7\u00e3o 01\/2020<\/a><\/p>\n<ul>\n<li>Ficha de Gest\u00e3o<\/li>\n<\/ul>\n<p><strong>Modelo<\/strong>\u00a0\u2013\u00a0<a href=\"https:\/\/www.ufmg.br\/proplan\/wp-content\/uploads\/2023\/10\/Ficha-de-gestao-atualizada-06.10.2023.pdf\">Ficha de Gest\u00e3o<\/a><\/p>\n<ul>\n<li><strong>Proposta\u00a0<\/strong>elaborada pela funda\u00e7\u00e3o a ser contratada, em resposta ao documento citado no item anterior,\u00a0<strong>incluindo planilha de custos<\/strong>\u00a0do valor a ser cobrado pela gest\u00e3o \/servi\u00e7o, c\u00f3pia do\u00a0<strong>estatuto<\/strong>, descri\u00e7\u00e3o detalhada das experi\u00eancias e qualifica\u00e7\u00f5es da Funda\u00e7\u00e3o, que comprova a capacita\u00e7\u00e3o da mesma na \u00e1rea especifica do objeto do contrato e C\u00f3pia do registro e\u00a0<strong>credenciamento da Funda\u00e7\u00e3o<\/strong>, junto ao Minist\u00e9rio da Educa\u00e7\u00e3o e ao Minist\u00e9rio da Ci\u00eancia e Tecnologia;<\/li>\n<li>Comprova\u00e7\u00e3o que a Funda\u00e7\u00e3o contratada preenche os requisitos de habilita\u00e7\u00e3o junto ao SICAF, CADIN, CEIS, TCU (Certid\u00f5es)<\/li>\n<li><strong>3 Propostas<\/strong>\u00a0da funda\u00e7\u00e3o referente a projetos anteriores com fins de compara\u00e7\u00e3o dos pre\u00e7os.<\/li>\n<li>Declara\u00e7\u00e3o que a planilha de custos operacionais foi analisada e comparada com as propostas de outras contrata\u00e7\u00f5es;<\/li>\n<\/ul>\n<p><strong>Modelo<\/strong>\u00a0\u2013\u00a0<a href=\"https:\/\/www.ufmg.br\/proplan\/wp-content\/uploads\/2023\/10\/Declaracao-planilha-de-custos-fundacao-31-10-2023.doc\">Declara\u00e7\u00e3o planilha de custos funda\u00e7\u00e3o<\/a><\/p>\n<ul>\n<li><strong>C\u00f3pia do Termo de Execu\u00e7\u00e3o Descentralizada<\/strong>, conv\u00eanio ou contrato celebrado entre a UFMG e terceiro, quando a Contrata\u00e7\u00e3o da Funda\u00e7\u00e3o de Apoio decorrer de tais instrumentos, contendo a previs\u00e3o contratual dos custos operacionais.<\/li>\n<li>Declara\u00e7\u00e3o que as previs\u00f5es constantes no plano de trabalho aprovado pelo \u00d3rg\u00e3o Concedente, no \u00e2mbito do TED, est\u00e3o em harmonia com o Plano de Formas e Condi\u00e7\u00f5es.<\/li>\n<\/ul>\n<p><strong>Modelo<\/strong>\u00a0\u2013\u00a0<a href=\"https:\/\/www.ufmg.br\/proplan\/wp-content\/uploads\/10-Modelo-Declara%C3%A7%C3%A3o-Plano-de-Trabalho-TED-e-Formas-e-Condi%C3%A7%C3%B5es-1-1-22-03-2021.doc\">Declara\u00e7\u00e3o Plano de Trabalho TED e Formas e Condi\u00e7\u00f5es<\/a><\/p>\n<ul>\n<li>Declara\u00e7\u00e3o, em caso de Emenda Parlamentar, de que o projeto e o formas e condi\u00e7\u00f5es est\u00e1 alinhado com o Plano de Trabalho Resumido<\/li>\n<\/ul>\n<p><strong>Modelo<\/strong>\u00a0\u2013\u00a0<a href=\"https:\/\/www.ufmg.br\/proplan\/wp-content\/uploads\/2025\/06\/Modelo-Declaracao-de-que-a-emenda-esta-alinhado-com-o-Plano-de-Trabalho-Resumido.doc\">Modelo \u2013 Declara\u00e7\u00e3o de que o formas e condi\u00e7\u00f5es est\u00e1 alinhado com o Plano de Trabalho Resumido.<\/a><\/p>\n<ul>\n<li>Declara\u00e7\u00e3o\u00a0assinado por autoridade competente, demonstrando\/atestando que n\u00e3o est\u00e3o inseridas no projeto atividades pass\u00edveis de enquadramento nas\u00a0<strong>veda\u00e7\u00f5es <\/strong>previstas no \u00a7 2\u00ba, do art. 2\u00ba, do Decreto n\u00ba 7.423\/2010, em se tratando de\u00a0<strong>projeto de desenvolvimento institucional.<\/strong><\/li>\n<\/ul>\n<p><strong>Modelo<\/strong>\u00a0\u2013\u00a0<a href=\"https:\/\/www.ufmg.br\/proplan\/wp-content\/uploads\/Item-7-Declara%C3%A7%C3%A3o-atualizado-dia-17-05-2019.doc\">Declara\u00e7\u00e3o Decreto 7423 \u2013 PDI<\/a><\/p>\n<ul>\n<li>Declara\u00e7\u00e3o\u00a0que o projeto leva a melhorias mensur\u00e1veis e que os materiais a serem adquiridos e os servi\u00e7os que ser\u00e3o contratados n\u00e3o s\u00e3o de uso corriqueiro da Administra\u00e7\u00e3o e contribuir\u00e3o\u00a0para o cumprimento eficiente e eficaz de sua miss\u00e3o, conforme descrito no\u00a0<strong>Plano de Desenvolvimento Institucional da UFMG<\/strong>.<\/li>\n<\/ul>\n<p><strong>Modelo<\/strong>\u00a0\u2013\u00a0<a href=\"https:\/\/www.ufmg.br\/proplan\/wp-content\/uploads\/2024\/11\/Declaracao-de-que-o-projeto-consta-no-PDI-UFMG-06.11.24.doc\">Declara\u00e7\u00e3o de que o projeto consta no PDI UFMG<\/a><\/p>\n<ul>\n<li>Declara\u00e7\u00e3o de\u00a0<strong>disponibilidade or\u00e7ament\u00e1ria\u00a0<\/strong>com a indica\u00e7\u00e3o das respectivas rubricas para a despesa e Declara\u00e7\u00e3o de Adequa\u00e7\u00e3o Or\u00e7ament\u00e1rio-Financeira, nos termos do inc. II, do art. 16, da Lei Complementar n\u00ba 101\/2000, nos termos do inc. II, do art. 16, da Lei Complementar n\u00ba 101\/2000.<\/li>\n<\/ul>\n<p><strong>Modelo<\/strong>\u00a0\u2013\u00a0<a href=\"https:\/\/www.ufmg.br\/proplan\/wp-content\/uploads\/Item-12-Declara%C3%A7%C3%A3o-Or%C3%A7ament%C3%A1ria-atualizado-dia-10-10-2018-2.doc\">Declara\u00e7\u00e3o Or\u00e7ament\u00e1ria<\/a><\/p>\n<ul>\n<li>Justificativa\u00a0<strong>para contrata\u00e7\u00e3o com dispensa de licita\u00e7\u00e3o<\/strong>, contendo dentre outros elementos, a classifica\u00e7\u00e3o do projeto nos termos do art. 1\u00ba da Lei 8958\/94, acompanhada de sua respectiva Ratifica\u00e7\u00e3o pelo ordenador de despesa. Para an\u00e1lise pr\u00e9via da procuradoria federal, dever\u00e1 ser inclu\u00edda a minuta da justificativa.<\/li>\n<\/ul>\n<p><strong>Modelo<\/strong>\u00a0\u2013\u00a0<a href=\"https:\/\/www.ufmg.br\/proplan\/wp-content\/uploads\/2025\/10\/Formulario-de-Justificativa-para-Contratacao-por-Dispensa-de-Licitacao-atualizado-dia-22.10.25.doc\">Formulario de Justificativa para Contrata\u00e7\u00e3o por Dispensa de Licita\u00e7\u00e3o<\/a><\/p>\n<ul>\n<li>Minuta\u00a0<strong>contratual,\u00a0<\/strong>conforme instrumento-par\u00e2metro elaborado pela PF\/UFMG.<\/li>\n<\/ul>\n<p><strong>Modelo<\/strong> \u2013 <a href=\"https:\/\/www.ufmg.br\/proplan\/wp-content\/uploads\/2026\/04\/Minuta-de-contrato-de-prestacao-de-servico-atualizado-dia-08-abril-2026.doc\">Minuta de contrato para presta\u00e7\u00e3o de servi\u00e7o<\/a><\/p>\n<ul>\n<li>Of\u00edcio\u00a0<strong>de encaminhamento\u00a0<\/strong>assinado pelo diretor da unidade encaminhando o\u00a0processo administrativo e solicitando a an\u00e1lise da Procuradoria Federal da UFMG.<\/li>\n<\/ul>\n","protected":false},"excerpt":{"rendered":"<p>PROJETOS DE DESENVOLVIMENTO INSTITUCIONAL Apresenta\u00e7\u00e3o Semin\u00e1rio: Projetos de Desenvolvimento Institucional: [&hellip;]<\/p>\n","protected":false},"author":9,"featured_media":0,"parent":0,"menu_order":0,"comment_status":"closed","ping_status":"closed","template":"","meta":{"footnotes":""},"tags":[],"class_list":["post-12352","page","type-page","status-publish","hentry"],"_links":{"self":[{"href":"https:\/\/www.ufmg.br\/proplan\/wp-json\/wp\/v2\/pages\/12352","targetHints":{"allow":["GET"]}}],"collection":[{"href":"https:\/\/www.ufmg.br\/proplan\/wp-json\/wp\/v2\/pages"}],"about":[{"href":"https:\/\/www.ufmg.br\/proplan\/wp-json\/wp\/v2\/types\/page"}],"author":[{"embeddable":true,"href":"https:\/\/www.ufmg.br\/proplan\/wp-json\/wp\/v2\/users\/9"}],"replies":[{"embeddable":true,"href":"https:\/\/www.ufmg.br\/proplan\/wp-json\/wp\/v2\/comments?post=12352"}],"version-history":[{"count":23,"href":"https:\/\/www.ufmg.br\/proplan\/wp-json\/wp\/v2\/pages\/12352\/revisions"}],"predecessor-version":[{"id":13368,"href":"https:\/\/www.ufmg.br\/proplan\/wp-json\/wp\/v2\/pages\/12352\/revisions\/13368"}],"wp:attachment":[{"href":"https:\/\/www.ufmg.br\/proplan\/wp-json\/wp\/v2\/media?parent=12352"}],"wp:term":[{"taxonomy":"post_tag","embeddable":true,"href":"https:\/\/www.ufmg.br\/proplan\/wp-json\/wp\/v2\/tags?post=12352"}],"curies":[{"name":"wp","href":"https:\/\/api.w.org\/{rel}","templated":true}]}}