{"id":1263,"date":"2022-04-20T15:54:55","date_gmt":"2022-04-20T18:54:55","guid":{"rendered":"https:\/\/www.ufmg.br\/proplan\/?page_id=1263"},"modified":"2025-09-03T17:04:25","modified_gmt":"2025-09-03T20:04:25","slug":"https-www-ufmg-br-proplan-wp-content-uploads-2025-08-lista-de-enderecos-html","status":"publish","type":"page","link":"https:\/\/www.ufmg.br\/proplan\/https-www-ufmg-br-proplan-wp-content-uploads-2025-08-lista-de-enderecos-html\/","title":{"rendered":"Contatos das Unidades Gestoras da UFMG"},"content":{"rendered":"\n<table id=\"tablepress-1\" class=\"tablepress tablepress-id-1\" aria-describedby=\"tablepress-1-description\">\n<thead>\n<tr class=\"row-1 odd\">\n\t<th class=\"column-1\">UG<\/th><th class=\"column-2\">NOME<\/th><th class=\"column-3\">TELEFONE<\/th><th class=\"column-4\">E-MAIL<\/th><th class=\"column-5\">RESPONS\u00c1VEL<\/th>\n<\/tr>\n<\/thead>\n<tbody class=\"row-hover\">\n<tr class=\"row-2 even\">\n\t<td class=\"column-1\">152370<\/td><td class=\"column-2\">DIRETORIA ED A DIST\u00c2NCIA E DIGITAL - DEDD <\/td><td class=\"column-3\">3409-3206 <br \/>\n3409-3917<\/td><td class=\"column-4\">financeiro@caed.ufmg.br<\/td><td class=\"column-5\">MARCELO<\/td>\n<\/tr>\n<tr class=\"row-3 odd\">\n\t<td class=\"column-1\">153062<\/td><td class=\"column-2\">UNIVERSIDADE FEDERAL DE MINAS GERAIS<\/td><td class=\"column-3\">3409-4102<br \/>\n3409-4094<\/td><td class=\"column-4\">dcf@dcf.ufmg.br<br \/>\norcamento@proplan.ufmg.br<\/td><td class=\"column-5\">EL\u00cdZIO<br \/>\nM\u00d4NICA (OR\u00c7AMENTO)<\/td>\n<\/tr>\n<tr class=\"row-4 even\">\n\t<td class=\"column-1\">153254<\/td><td class=\"column-2\">DEP. LOGISTICA DE SUP. E SERV.OPERACIONAIS - DLO<\/td><td class=\"column-3\">3409-4686<br \/>\n3409-4355<\/td><td class=\"column-4\">sfinanceiro@dsg.ufmg.br<br \/>\nednacosta@dsg.ufmg.br<\/td><td class=\"column-5\">EDNA \/ LUCAS <\/td>\n<\/tr>\n<tr class=\"row-5 odd\">\n\t<td class=\"column-1\">153255<\/td><td class=\"column-2\">BIBLIOTECA UNIVERSIT\u00c1RIA - BU<\/td><td class=\"column-3\">3409-4629<\/td><td class=\"column-4\">scontabil@bu.ufmg.br<\/td><td class=\"column-5\">FL\u00c1VIA<\/td>\n<\/tr>\n<tr class=\"row-6 even\">\n\t<td class=\"column-1\">153256<\/td><td class=\"column-2\">EDITORA DA UFMG<\/td><td class=\"column-3\">3409-4655<\/td><td class=\"column-4\">scontabil@editora.ufmg.br<\/td><td class=\"column-5\">TARC\u00cdSIO \/ SILV\u00c2NIA<\/td>\n<\/tr>\n<tr class=\"row-7 odd\">\n\t<td class=\"column-1\">153257<\/td><td class=\"column-2\">CENTRO DE COMUNICA\u00c7\u00c3O - CEDECOM<\/td><td class=\"column-3\">3409-4510<\/td><td class=\"column-4\">financ@cedecom.ufmg.br<\/td><td class=\"column-5\">JULIANE<\/td>\n<\/tr>\n<tr class=\"row-8 even\">\n\t<td class=\"column-1\">153258<\/td><td class=\"column-2\">DIRETORIA DE TECNOLOGIA DA INFORMA\u00c7\u00c3O - DTI<\/td><td class=\"column-3\">3409-4005\/3895<\/td><td class=\"column-4\">cintia@cecom.ufmg.br<br \/>\neliz@cecom.ufmg.br<\/td><td class=\"column-5\">C\u00cdNTIA \/ ELIZ<\/td>\n<\/tr>\n<tr class=\"row-9 odd\">\n\t<td class=\"column-1\">153260<\/td><td class=\"column-2\">CENTRO ESPORTIVO UNIVERSIT\u00c1RIO - CEU<\/td><td class=\"column-3\">3409-2375<\/td><td class=\"column-4\">contabilidade@ceu.ufmg.br<\/td><td class=\"column-5\">ROSILENE \/ IRLAINE<\/td>\n<\/tr>\n<tr class=\"row-10 even\">\n\t<td class=\"column-1\">153261<\/td><td class=\"column-2\">HOSPITAL CL\u00cdNICAS - HC<\/td><td class=\"column-3\">3307-9367\/71\/72<\/td><td class=\"column-4\">contab@hc.ufmg.br<br \/>\nrodrigo.freitas@hc.ufmg.br<\/td><td class=\"column-5\">RODRIGO<\/td>\n<\/tr>\n<tr class=\"row-11 odd\">\n\t<td class=\"column-1\">153262<\/td><td class=\"column-2\">IMPRENSA UNIVERSIT\u00c1RIA<\/td><td class=\"column-3\">3409-5157\/70<\/td><td class=\"column-4\">scontab@imprensa.ufmg.br<\/td><td class=\"column-5\">JOANA <\/td>\n<\/tr>\n<tr class=\"row-12 even\">\n\t<td class=\"column-1\">153263<\/td><td class=\"column-2\">LABORAT\u00d3RIO DE COMPUTA\u00c7\u00c3O CIENT\u00cdFICA -  LCC<\/td><td class=\"column-3\">3409-5393<\/td><td class=\"column-4\">felipemoreira@ufmg.br<\/td><td class=\"column-5\">FELIPE<\/td>\n<\/tr>\n<tr class=\"row-13 odd\">\n\t<td class=\"column-1\">153264<\/td><td class=\"column-2\">MUSEU HIST\u00d3RICO NATURAL<\/td><td class=\"column-3\">3409-7618<\/td><td class=\"column-4\">scontab@mhnjb.ufmg.br<\/td><td class=\"column-5\">ROSECL\u00c9IA<\/td>\n<\/tr>\n<tr class=\"row-14 even\">\n\t<td class=\"column-1\">153265<\/td><td class=\"column-2\">DEPARTAMENTO DE OBRAS<\/td><td class=\"column-3\">3409-4471\/5514<\/td><td class=\"column-4\">financeiro@sim.ufmg.br<\/td><td class=\"column-5\">MARIANA \/ WALTER<\/td>\n<\/tr>\n<tr class=\"row-15 odd\">\n\t<td class=\"column-1\">153267<\/td><td class=\"column-2\">DEPARTAMENTO MANUT. OPER.INFRA-ESTRUTURA<\/td><td class=\"column-3\">3409-4471\/5514<\/td><td class=\"column-4\">financeiro@sim.ufmg.br<\/td><td class=\"column-5\">WALTER \/ MARLENE<\/td>\n<\/tr>\n<tr class=\"row-16 even\">\n\t<td class=\"column-1\">153269<\/td><td class=\"column-2\">PR\u00d3-REITORIA DE ADMINISTRA\u00c7\u00c3O<\/td><td class=\"column-3\">3409-4078<\/td><td class=\"column-4\">elianosc@dlo.ufmg.br<br \/>\nneilianes@reitoria.ufmg.br<\/td><td class=\"column-5\">ELIANO \/ NEILIANE<\/td>\n<\/tr>\n<tr class=\"row-17 odd\">\n\t<td class=\"column-1\">153270<\/td><td class=\"column-2\">PR\u00d3-REITORIA DE PLANEJ.E DESENVOLVIMENTO<\/td><td class=\"column-3\">3409-4089<\/td><td class=\"column-4\">info@proplan.ufmg.br<\/td><td class=\"column-5\">CATIANE \/ THA\u00cdS<\/td>\n<\/tr>\n<tr class=\"row-18 even\">\n\t<td class=\"column-1\">153271<\/td><td class=\"column-2\">PR\u00d3-REITORIA DE GRADUA\u00c7\u00c3O<\/td><td class=\"column-3\">3409-4061\/6437<\/td><td class=\"column-4\">financ@prograd.ufmg.br<\/td><td class=\"column-5\">GLAYSSON \/ GEISA<\/td>\n<\/tr>\n<tr class=\"row-19 odd\">\n\t<td class=\"column-1\">153272<\/td><td class=\"column-2\">PR\u00d3-REITORIA DE EXTENS\u00c3O<\/td><td class=\"column-3\">3409-4075<\/td><td class=\"column-4\">financ@proex.ufmg.br<\/td><td class=\"column-5\">LUDMILA \/ DARLAN<\/td>\n<\/tr>\n<tr class=\"row-20 even\">\n\t<td class=\"column-1\">153273<\/td><td class=\"column-2\">PR\u00d3-REITORIA DE PESQUISA<\/td><td class=\"column-3\">3409-4035<\/td><td class=\"column-4\">daf@prpq.ufmg.br<\/td><td class=\"column-5\">DELIANE \/ FILIPPE<\/td>\n<\/tr>\n<tr class=\"row-21 odd\">\n\t<td class=\"column-1\">153274<\/td><td class=\"column-2\">PR\u00d3-REITORIA DE POS-GRADUA\u00c7\u00c3O<\/td><td class=\"column-3\">3409-4049<\/td><td class=\"column-4\">financeiro@prpg.ufmg.br<\/td><td class=\"column-5\">H\u00c9LDER \/ THIANE<\/td>\n<\/tr>\n<tr class=\"row-22 even\">\n\t<td class=\"column-1\">153275<\/td><td class=\"column-2\">ESCOLA DE ARQUITETURA<\/td><td class=\"column-3\">3409-8809<\/td><td class=\"column-4\">scontab@arq.ufmg.br<\/td><td class=\"column-5\">LUCIENE \/ MARCOS<\/td>\n<\/tr>\n<tr class=\"row-23 odd\">\n\t<td class=\"column-1\">153276<\/td><td class=\"column-2\">ESCOLA DE BELAS ARTES<\/td><td class=\"column-3\">3409-7465<\/td><td class=\"column-4\">scontab@eba.ufmg.br<\/td><td class=\"column-5\">\u00c1DILA \/ RICARDO<\/td>\n<\/tr>\n<tr class=\"row-24 even\">\n\t<td class=\"column-1\">153277<\/td><td class=\"column-2\">ESCOLA DE CI\u00caNCIA DA INFORMA\u00c7\u00c3O<\/td><td class=\"column-3\">3409-5222<\/td><td class=\"column-4\">scontab@eci.ufmg.br<\/td><td class=\"column-5\">EDGARD \/ VIVIANY<\/td>\n<\/tr>\n<tr class=\"row-25 odd\">\n\t<td class=\"column-1\">153278<\/td><td class=\"column-2\">ESCOLA ED. F\u00cdSICA FISIOT.TERAP.OCUPACIONAL<\/td><td class=\"column-3\">3409-2307<\/td><td class=\"column-4\">scontab@eeffto.ufmg.br<\/td><td class=\"column-5\">EDIR \/ M\u00aa ELIZABETE<\/td>\n<\/tr>\n<tr class=\"row-26 even\">\n\t<td class=\"column-1\">153279<\/td><td class=\"column-2\">ESCOLA DE ENFERMAGEM<\/td><td class=\"column-3\">3409-9840<\/td><td class=\"column-4\">contabil@enf.ufmg.br<\/td><td class=\"column-5\">ODAIR \/ H\u00c9LIO<\/td>\n<\/tr>\n<tr class=\"row-27 odd\">\n\t<td class=\"column-1\">153280<\/td><td class=\"column-2\">ESCOLA DE ENGENHARIA<\/td><td class=\"column-3\">3409-1705\/65<\/td><td class=\"column-4\">scontab@adm.eng.ufmg.br<\/td><td class=\"column-5\">M\u00aa GERALDA \/ BEATRIZ<\/td>\n<\/tr>\n<tr class=\"row-28 even\">\n\t<td class=\"column-1\">153281<\/td><td class=\"column-2\">ESCOLA DE M\u00daSICA<\/td><td class=\"column-3\">3409-4714<\/td><td class=\"column-4\">scontab@musica.ufmg.br<\/td><td class=\"column-5\">FERNANDO<\/td>\n<\/tr>\n<tr class=\"row-29 odd\">\n\t<td class=\"column-1\">153282<\/td><td class=\"column-2\">ESCOLA DE VETERIN\u00c1RIA<\/td><td class=\"column-3\">3409-2038<\/td><td class=\"column-4\">scontab@vet.ufmg.br<\/td><td class=\"column-5\">M\u00aa ELIZABETH \/ JAQUELINE \/ ANA CAROLINA<\/td>\n<\/tr>\n<tr class=\"row-30 even\">\n\t<td class=\"column-1\">153283<\/td><td class=\"column-2\">FACULDADE DE CI\u00caNCIAS ECON\u00d4MICAS<\/td><td class=\"column-3\">3409-7021<\/td><td class=\"column-4\">scontab@face.ufmg.br<\/td><td class=\"column-5\">DANIELA \/ SIRLANE<\/td>\n<\/tr>\n<tr class=\"row-31 odd\">\n\t<td class=\"column-1\">153284<\/td><td class=\"column-2\">FACULDADE DE DIREITO<\/td><td class=\"column-3\">3409-8615\/23\/85<\/td><td class=\"column-4\">scontab@direito.ufmg.br<\/td><td class=\"column-5\">CAMILA <\/td>\n<\/tr>\n<tr class=\"row-32 even\">\n\t<td class=\"column-1\">153285<\/td><td class=\"column-2\">FACULDADE DE EDUCA\u00c7\u00c3O<\/td><td class=\"column-3\">3409-5315<\/td><td class=\"column-4\">contabil@fae.ufmg.br<\/td><td class=\"column-5\">ALEXANDRE \/ ALDIMAR \/ ROBSON<\/td>\n<\/tr>\n<tr class=\"row-33 odd\">\n\t<td class=\"column-1\">153286<\/td><td class=\"column-2\">FACULDADE DE FARM\u00c1CIA<\/td><td class=\"column-3\">3409-6748<\/td><td class=\"column-4\">scontab@farmacia.ufmg.br<\/td><td class=\"column-5\">ANDERSON \/ CL\u00c1UDIA<\/td>\n<\/tr>\n<tr class=\"row-34 even\">\n\t<td class=\"column-1\">153287<\/td><td class=\"column-2\">FACULDADE DE FILOSOFIA E CI\u00caNC. HUMANAS<\/td><td class=\"column-3\">3409-5005<\/td><td class=\"column-4\">scontab@fafich.ufmg.br<\/td><td class=\"column-5\">FABIANE \/ CL\u00c1UDIA<\/td>\n<\/tr>\n<tr class=\"row-35 odd\">\n\t<td class=\"column-1\">153288<\/td><td class=\"column-2\">FACULDADE DE LETRAS<\/td><td class=\"column-3\">3409-5111<\/td><td class=\"column-4\">scontab@letras.ufmg.br<\/td><td class=\"column-5\">MARCUS \/ JACQUELINE \/ BEATRIZ<\/td>\n<\/tr>\n<tr class=\"row-36 even\">\n\t<td class=\"column-1\">153289<\/td><td class=\"column-2\">FACULDADE DE MEDICINA<\/td><td class=\"column-3\">3409-9658\/9935<\/td><td class=\"column-4\">scontab@medicina.ufmg.br<\/td><td class=\"column-5\">FL\u00c1VIO \/ JAQUELINE<\/td>\n<\/tr>\n<tr class=\"row-37 odd\">\n\t<td class=\"column-1\">153290<\/td><td class=\"column-2\">FACULDADE DE ODONTOLOGIA<\/td><td class=\"column-3\">3409-2491<\/td><td class=\"column-4\">scontab@odonto.ufmg.br<\/td><td class=\"column-5\">CRISTINA \/ RENATA<\/td>\n<\/tr>\n<tr class=\"row-38 even\">\n\t<td class=\"column-1\">153291<\/td><td class=\"column-2\">INSTITUTO DE CI\u00caNCIAS BIOL\u00d3GICAS<\/td><td class=\"column-3\">3409-2552<\/td><td class=\"column-4\">scontab@icb.ufmg.br<\/td><td class=\"column-5\">MARCO \/ PATR\u00cdCIA<\/td>\n<\/tr>\n<tr class=\"row-39 odd\">\n\t<td class=\"column-1\">153292<\/td><td class=\"column-2\">INSTITUTO DE CI\u00caNCIAS EXATAS<\/td><td class=\"column-3\">3409-5805<\/td><td class=\"column-4\">scontab@icex.ufmg.br<\/td><td class=\"column-5\">J\u00c9SSICA \/ SILVANA \/ SIDNEY<\/td>\n<\/tr>\n<tr class=\"row-40 even\">\n\t<td class=\"column-1\">153293<\/td><td class=\"column-2\">INSTITUTO DE GEO-CI\u00caNCIAS<\/td><td class=\"column-3\">3409-5405<\/td><td class=\"column-4\">scontab@igc.ufmg.br<\/td><td class=\"column-5\">DABIR<\/td>\n<\/tr>\n<tr class=\"row-41 odd\">\n\t<td class=\"column-1\">153294<\/td><td class=\"column-2\">CENTRO PEDAG\u00d3GICO<\/td><td class=\"column-3\">3409-5143<\/td><td class=\"column-4\">scontab@cp.ufmg.br<\/td><td class=\"column-5\">ISABELA \/ ELTON<\/td>\n<\/tr>\n<tr class=\"row-42 even\">\n\t<td class=\"column-1\">153295<\/td><td class=\"column-2\">COL\u00c9GIO T\u00c9CNICO<\/td><td class=\"column-3\">3409-4969<\/td><td class=\"column-4\">scontab@coltec.ufmg.br<\/td><td class=\"column-5\">VANESSA \/ SUELLEN<\/td>\n<\/tr>\n<tr class=\"row-43 odd\">\n\t<td class=\"column-1\">153296<\/td><td class=\"column-2\">INSTITUTO DE CI\u00caNCIAS AGR\u00c1RIAS<\/td><td class=\"column-3\">(38) 2101-7733<\/td><td class=\"column-4\">financeiro@ica.ufmg.br<\/td><td class=\"column-5\">J\u00daLIO C\u00c9SAR \/ ANA PAULA \/ VALDENIR<\/td>\n<\/tr>\n<tr class=\"row-44 even\">\n\t<td class=\"column-1\">154459<\/td><td class=\"column-2\">PR\u00d3-REITORIA DE CULTURA<\/td><td class=\"column-3\">3409-4063<\/td><td class=\"column-4\">scontab@procult.ufmg.br<\/td><td class=\"column-5\">VERA \/ MAR\u00cdLIA<\/td>\n<\/tr>\n<\/tbody>\n<tfoot>\n<tr class=\"row-45 odd\">\n\t<th class=\"column-1\"><\/th><th class=\"column-2\"><\/th><th class=\"column-3\"><\/th><th class=\"column-4\"><\/th><th class=\"column-5\"><\/th>\n<\/tr>\n<\/tfoot>\n<\/table>\n<span id=\"tablepress-1-description\" class=\"tablepress-table-description tablepress-table-description-id-1\">Contatos da Se\u00e7\u00e3o de Contabilidade\/Setor Financeiro das Unidades Gestoras da UFMG.<\/span>\n<!-- #tablepress-1 from cache -->\n<p>Clique aqui <a href=\"https:\/\/www.ufmg.br\/proplan\/wp-content\/uploads\/2025\/09\/CONTATOS_UG_01_09.pdf\" target=\"_blank\" rel=\"noopener\">baixar<\/a> a rela\u00e7\u00e3o de contatos.<\/p>\n","protected":false},"excerpt":{"rendered":"<p>Clique aqui baixar a rela\u00e7\u00e3o de contatos.<\/p>\n","protected":false},"author":1,"featured_media":0,"parent":0,"menu_order":0,"comment_status":"closed","ping_status":"closed","template":"page-contact.php","meta":{"footnotes":""},"tags":[],"class_list":["post-1263","page","type-page","status-publish","hentry"],"_links":{"self":[{"href":"https:\/\/www.ufmg.br\/proplan\/wp-json\/wp\/v2\/pages\/1263","targetHints":{"allow":["GET"]}}],"collection":[{"href":"https:\/\/www.ufmg.br\/proplan\/wp-json\/wp\/v2\/pages"}],"about":[{"href":"https:\/\/www.ufmg.br\/proplan\/wp-json\/wp\/v2\/types\/page"}],"author":[{"embeddable":true,"href":"https:\/\/www.ufmg.br\/proplan\/wp-json\/wp\/v2\/users\/1"}],"replies":[{"embeddable":true,"href":"https:\/\/www.ufmg.br\/proplan\/wp-json\/wp\/v2\/comments?post=1263"}],"version-history":[{"count":36,"href":"https:\/\/www.ufmg.br\/proplan\/wp-json\/wp\/v2\/pages\/1263\/revisions"}],"predecessor-version":[{"id":10988,"href":"https:\/\/www.ufmg.br\/proplan\/wp-json\/wp\/v2\/pages\/1263\/revisions\/10988"}],"wp:attachment":[{"href":"https:\/\/www.ufmg.br\/proplan\/wp-json\/wp\/v2\/media?parent=1263"}],"wp:term":[{"taxonomy":"post_tag","embeddable":true,"href":"https:\/\/www.ufmg.br\/proplan\/wp-json\/wp\/v2\/tags?post=1263"}],"curies":[{"name":"wp","href":"https:\/\/api.w.org\/{rel}","templated":true}]}}