{"id":12731,"date":"2026-01-02T13:26:25","date_gmt":"2026-01-02T16:26:25","guid":{"rendered":"https:\/\/www.ufmg.br\/proplan\/?page_id=12731"},"modified":"2026-04-30T08:45:59","modified_gmt":"2026-04-30T11:45:59","slug":"arrecadacao-de-recursos-proprios-2026","status":"publish","type":"page","link":"https:\/\/www.ufmg.br\/proplan\/arrecadacao-de-recursos-proprios-2026\/","title":{"rendered":"Arrecada\u00e7\u00e3o de Recursos Pr\u00f3prios 2026"},"content":{"rendered":"<p><a href=\"https:\/\/www.ufmg.br\/proplan\/wp-content\/uploads\/2026\/04\/01_Receita_Total_UFMG_2026.pdf\">01_Receita_Total_UFMG_2026<\/a><\/p>\n<p><a href=\"https:\/\/www.ufmg.br\/proplan\/wp-content\/uploads\/2026\/04\/02_Receita_Taxa_132022_unidades_2026.pdf\">02_Receita_Taxa_132022_unidades_2026<\/a><\/p>\n<p><a href=\"https:\/\/www.ufmg.br\/proplan\/wp-content\/uploads\/2026\/04\/03_Taxa_Resolucao_132022_ugs_por_contribuinte_2026.pdf\">03_Taxa_Resolucao_132022_ugs_por_contribuinte_2026<\/a><\/p>\n<p><a href=\"https:\/\/www.ufmg.br\/proplan\/wp-content\/uploads\/2026\/04\/04_Taxa_Resolucao_132022_contribuinte_por_ugs_2026.pdf\">04_Taxa_Resolucao_132022_contribuinte_por_ugs_2026<\/a><\/p>\n<p>&nbsp;<\/p>\n","protected":false},"excerpt":{"rendered":"<p>01_Receita_Total_UFMG_2026 02_Receita_Taxa_132022_unidades_2026 03_Taxa_Resolucao_132022_ugs_por_contribuinte_2026 04_Taxa_Resolucao_132022_contribuinte_por_ugs_2026 &nbsp;<\/p>\n","protected":false},"author":8,"featured_media":0,"parent":0,"menu_order":0,"comment_status":"closed","ping_status":"closed","template":"","meta":{"footnotes":""},"tags":[],"class_list":["post-12731","page","type-page","status-publish","hentry"],"_links":{"self":[{"href":"https:\/\/www.ufmg.br\/proplan\/wp-json\/wp\/v2\/pages\/12731","targetHints":{"allow":["GET"]}}],"collection":[{"href":"https:\/\/www.ufmg.br\/proplan\/wp-json\/wp\/v2\/pages"}],"about":[{"href":"https:\/\/www.ufmg.br\/proplan\/wp-json\/wp\/v2\/types\/page"}],"author":[{"embeddable":true,"href":"https:\/\/www.ufmg.br\/proplan\/wp-json\/wp\/v2\/users\/8"}],"replies":[{"embeddable":true,"href":"https:\/\/www.ufmg.br\/proplan\/wp-json\/wp\/v2\/comments?post=12731"}],"version-history":[{"count":15,"href":"https:\/\/www.ufmg.br\/proplan\/wp-json\/wp\/v2\/pages\/12731\/revisions"}],"predecessor-version":[{"id":13607,"href":"https:\/\/www.ufmg.br\/proplan\/wp-json\/wp\/v2\/pages\/12731\/revisions\/13607"}],"wp:attachment":[{"href":"https:\/\/www.ufmg.br\/proplan\/wp-json\/wp\/v2\/media?parent=12731"}],"wp:term":[{"taxonomy":"post_tag","embeddable":true,"href":"https:\/\/www.ufmg.br\/proplan\/wp-json\/wp\/v2\/tags?post=12731"}],"curies":[{"name":"wp","href":"https:\/\/api.w.org\/{rel}","templated":true}]}}