{"id":12734,"date":"2026-01-02T13:27:33","date_gmt":"2026-01-02T16:27:33","guid":{"rendered":"https:\/\/www.ufmg.br\/proplan\/?page_id=12734"},"modified":"2026-04-30T08:40:11","modified_gmt":"2026-04-30T11:40:11","slug":"execucao-orcamentaria-2026","status":"publish","type":"page","link":"https:\/\/www.ufmg.br\/proplan\/execucao-orcamentaria-2026\/","title":{"rendered":"Execu\u00e7\u00e3o Or\u00e7ament\u00e1ria 2026"},"content":{"rendered":"<p><a href=\"https:\/\/www.ufmg.br\/proplan\/wp-content\/uploads\/2026\/04\/01_Bgu_Academicas_2026.pdf\">01_Bgu_Academicas_2026<\/a><\/p>\n<p><a href=\"https:\/\/www.ufmg.br\/proplan\/wp-content\/uploads\/2026\/04\/02_Bgu_Administrativas_2026.pdf\">02_Bgu_Administrativas_2026<\/a><\/p>\n<p><a href=\"https:\/\/www.ufmg.br\/proplan\/wp-content\/uploads\/2026\/04\/03_Bgu_Academicas-Execucao-Orcamentaria-por-PI_2026.pdf\">03_Bgu_Academicas Execucao Orcamentaria por PI_2026<\/a><\/p>\n<p><a href=\"https:\/\/www.ufmg.br\/proplan\/wp-content\/uploads\/2026\/04\/04_Bgu_Academicas-Execucao-Orcamentaria-Total_2026.pdf\">04_Bgu_Academicas Execucao Orcamentaria Total_2026<\/a><\/p>\n<p><a href=\"https:\/\/www.ufmg.br\/proplan\/wp-content\/uploads\/2026\/04\/05_Bgu_Academicas_Total_por_Unidade_2026.pdf\">05_Bgu_Academicas_Total_por_Unidade_2026<\/a><\/p>\n<p><a href=\"https:\/\/www.ufmg.br\/proplan\/wp-content\/uploads\/2026\/04\/06_Bgu_Administrativas_Total_por_Unidade_2026.pdf\">06_Bgu_Administrativas_Total_por_Unidade_2026<\/a><\/p>\n<p><a href=\"https:\/\/www.ufmg.br\/proplan\/wp-content\/uploads\/2026\/04\/07_Bgu_PNAES_2026.pdf\">07_Bgu_PNAES_2026<\/a><\/p>\n<p><a href=\"https:\/\/www.ufmg.br\/proplan\/wp-content\/uploads\/2026\/04\/08_Bgu_Idiomas_Sem_Fronteiras_2026.pdf\">08_Bgu_Idiomas_Sem_Fronteiras_2026<\/a><\/p>\n<p><a href=\"https:\/\/www.ufmg.br\/proplan\/wp-content\/uploads\/2026\/04\/09_Bgu_Academicas-Execucao-Orcamentaria_Cemig_e_Copasa_2026.pdf\">09_Bgu_Academicas Execucao Orcamentaria_Cemig_e_Copasa_2026<\/a><\/p>\n<p><a href=\"https:\/\/www.ufmg.br\/proplan\/wp-content\/uploads\/2026\/04\/10_Bgu_Emendas_Parlamentares_2026.pdf\">10_Bgu_Emendas_Parlamentares_2026<\/a><\/p>\n<p><a href=\"https:\/\/www.ufmg.br\/proplan\/wp-content\/uploads\/2026\/04\/11_Bgu_Anuidades_2026.pdf\">11_Bgu_Anuidades_2026<\/a><\/p>\n<p>&nbsp;<\/p>\n<p>&nbsp;<\/p>\n","protected":false},"excerpt":{"rendered":"<p>01_Bgu_Academicas_2026 02_Bgu_Administrativas_2026 03_Bgu_Academicas Execucao Orcamentaria por PI_2026 04_Bgu_Academicas Execucao Orcamentaria [&hellip;]<\/p>\n","protected":false},"author":8,"featured_media":0,"parent":0,"menu_order":0,"comment_status":"closed","ping_status":"closed","template":"","meta":{"footnotes":""},"tags":[],"class_list":["post-12734","page","type-page","status-publish","hentry"],"_links":{"self":[{"href":"https:\/\/www.ufmg.br\/proplan\/wp-json\/wp\/v2\/pages\/12734","targetHints":{"allow":["GET"]}}],"collection":[{"href":"https:\/\/www.ufmg.br\/proplan\/wp-json\/wp\/v2\/pages"}],"about":[{"href":"https:\/\/www.ufmg.br\/proplan\/wp-json\/wp\/v2\/types\/page"}],"author":[{"embeddable":true,"href":"https:\/\/www.ufmg.br\/proplan\/wp-json\/wp\/v2\/users\/8"}],"replies":[{"embeddable":true,"href":"https:\/\/www.ufmg.br\/proplan\/wp-json\/wp\/v2\/comments?post=12734"}],"version-history":[{"count":4,"href":"https:\/\/www.ufmg.br\/proplan\/wp-json\/wp\/v2\/pages\/12734\/revisions"}],"predecessor-version":[{"id":13486,"href":"https:\/\/www.ufmg.br\/proplan\/wp-json\/wp\/v2\/pages\/12734\/revisions\/13486"}],"wp:attachment":[{"href":"https:\/\/www.ufmg.br\/proplan\/wp-json\/wp\/v2\/media?parent=12734"}],"wp:term":[{"taxonomy":"post_tag","embeddable":true,"href":"https:\/\/www.ufmg.br\/proplan\/wp-json\/wp\/v2\/tags?post=12734"}],"curies":[{"name":"wp","href":"https:\/\/api.w.org\/{rel}","templated":true}]}}