{"id":1280,"date":"2022-04-20T16:29:27","date_gmt":"2022-04-20T19:29:27","guid":{"rendered":"https:\/\/www.ufmg.br\/proplan\/?page_id=1280"},"modified":"2026-03-31T15:28:51","modified_gmt":"2026-03-31T18:28:51","slug":"orientacoes-tecnicas-siafi-web","status":"publish","type":"page","link":"https:\/\/www.ufmg.br\/proplan\/conformidade-no-siafi\/orientacoes-tecnicas-siafi-web\/","title":{"rendered":"Orienta\u00e7\u00f5es t\u00e9cnicas SIAFI WEB"},"content":{"rendered":"<p><a href=\"https:\/\/www.ufmg.br\/proplan\/wp-content\/uploads\/2022\/05\/Comodatos-Orientacoes-para-contabilizacao.pdf\">Comodatos &#8211; Orienta\u00e7\u00f5es para contabiliza\u00e7\u00e3o<\/a><\/p>\n<p><a href=\"https:\/\/www.ufmg.br\/proplan\/wp-content\/uploads\/2025\/10\/Compras-Centralizadas-Orientacoes.pdf\" target=\"_blank\" rel=\"noopener\">Compras Centralizadas &#8211; Orienta\u00e7\u00f5es\u00a0<\/a><\/p>\n<p><a href=\"https:\/\/www.ufmg.br\/proplan\/wp-content\/uploads\/2024\/02\/Manual-Conformidade-Contabil-SIAFI-WEB-2024.pdf\" target=\"_blank\" rel=\"noopener\">Conformidade Contabil no SIAFI Web<\/a><\/p>\n<p><a href=\"https:\/\/www.ufmg.br\/proplan\/wp-content\/uploads\/2022\/05\/Contabilizacao-de-Passivo-Anterior.pdf\">Contabiliza\u00e7\u00e3o de Passivo Anterior<\/a><\/p>\n<p><a href=\"https:\/\/www.ufmg.br\/proplan\/wp-content\/uploads\/2023\/05\/Contratacao-de-Fundacao-de-Apoio-Apropriacao.pdf\">Contrata\u00e7\u00e3o de Funda\u00e7\u00e3o de Apoio &#8211; Apropria\u00e7\u00e3o<\/a><\/p>\n<p><a href=\"https:\/\/www.ufmg.br\/proplan\/wp-content\/uploads\/2022\/05\/Despesas-Antecipadas.pdf\">Despesas Antecipadas<\/a><\/p>\n<p><a href=\"https:\/\/www.ufmg.br\/proplan\/wp-content\/uploads\/2023\/04\/Devolucao_de_Despesas_2023.pdf\" target=\"_blank\" rel=\"noopener\">Devolu\u00e7\u00e3o de Despesas &#8211;\u00a0 Recupera\u00e7\u00e3o de Despesas com Di\u00e1rias, Pessoal e outros<\/a><\/p>\n<p><a href=\"https:\/\/www.ufmg.br\/proplan\/wp-content\/uploads\/2022\/05\/Inscricao-Generica-Software.pdf\">Inscri\u00e7\u00e3o Gen\u00e9rica &#8211; Software<\/a><\/p>\n<p><a href=\"https:\/\/www.ufmg.br\/proplan\/wp-content\/uploads\/2026\/03\/tabela_inscricao_generica_siafi.html\" target=\"_blank\" rel=\"noopener\">Inscri\u00e7\u00e3o Gen\u00e9rica &#8211; C\u00f3digos<\/a><\/p>\n<p><a href=\"https:\/\/www.ufmg.br\/proplan\/wp-content\/uploads\/2022\/05\/Modelos-de-Documentos-Habeis-do-SIAFI-Web.pdf\">Modelos de Documentos H\u00e1beis do SIAFI Web<\/a><\/p>\n<p><a href=\"https:\/\/www.ufmg.br\/proplan\/wp-content\/uploads\/2023\/10\/Situacoes-\u2013-Almoxarifado-Acervo-Bibliografico-e-Bens-Moveis_Versao_10_2023.pdf\">Situa\u00e7\u00f5es \u2013 Almoxarifado, Acervo Bibliogr\u00e1fico e Bens M\u00f3veis<\/a><\/p>\n<p><a href=\"https:\/\/www.ufmg.br\/proplan\/wp-content\/uploads\/2022\/05\/Suprimento-de-Fundos-Parte-Pratica.pdf\">Suprimento de Fundos &#8211; Parte Pr\u00e1tica<\/a><\/p>\n<p><a href=\"https:\/\/www.ufmg.br\/proplan\/wp-content\/uploads\/2022\/05\/Tabela-de-Conversao-Novo-PCASP.pdf\">Tabela de Convers\u00e3o Novo PCASP<\/a><\/p>\n","protected":false},"excerpt":{"rendered":"<p>Comodatos &#8211; Orienta\u00e7\u00f5es para contabiliza\u00e7\u00e3o Compras Centralizadas &#8211; Orienta\u00e7\u00f5es\u00a0 Conformidade [&hellip;]<\/p>\n","protected":false},"author":1,"featured_media":0,"parent":417,"menu_order":0,"comment_status":"closed","ping_status":"closed","template":"","meta":{"footnotes":""},"tags":[],"class_list":["post-1280","page","type-page","status-publish","hentry"],"_links":{"self":[{"href":"https:\/\/www.ufmg.br\/proplan\/wp-json\/wp\/v2\/pages\/1280","targetHints":{"allow":["GET"]}}],"collection":[{"href":"https:\/\/www.ufmg.br\/proplan\/wp-json\/wp\/v2\/pages"}],"about":[{"href":"https:\/\/www.ufmg.br\/proplan\/wp-json\/wp\/v2\/types\/page"}],"author":[{"embeddable":true,"href":"https:\/\/www.ufmg.br\/proplan\/wp-json\/wp\/v2\/users\/1"}],"replies":[{"embeddable":true,"href":"https:\/\/www.ufmg.br\/proplan\/wp-json\/wp\/v2\/comments?post=1280"}],"version-history":[{"count":32,"href":"https:\/\/www.ufmg.br\/proplan\/wp-json\/wp\/v2\/pages\/1280\/revisions"}],"predecessor-version":[{"id":2402,"href":"https:\/\/www.ufmg.br\/proplan\/wp-json\/wp\/v2\/pages\/1280\/revisions\/2402"}],"up":[{"embeddable":true,"href":"https:\/\/www.ufmg.br\/proplan\/wp-json\/wp\/v2\/pages\/417"}],"wp:attachment":[{"href":"https:\/\/www.ufmg.br\/proplan\/wp-json\/wp\/v2\/media?parent=1280"}],"wp:term":[{"taxonomy":"post_tag","embeddable":true,"href":"https:\/\/www.ufmg.br\/proplan\/wp-json\/wp\/v2\/tags?post=1280"}],"curies":[{"name":"wp","href":"https:\/\/api.w.org\/{rel}","templated":true}]}}