{"id":2189,"date":"2022-08-26T17:47:22","date_gmt":"2022-08-26T20:47:22","guid":{"rendered":"https:\/\/www.ufmg.br\/proplan\/?page_id=2189"},"modified":"2025-02-18T19:36:28","modified_gmt":"2025-02-18T22:36:28","slug":"efd-reinf","status":"publish","type":"page","link":"https:\/\/www.ufmg.br\/proplan\/efd-reinf\/","title":{"rendered":"EFD-REINF: Escritura\u00e7\u00e3o Fiscal Digital de Reten\u00e7\u00f5es e Outras Informa\u00e7\u00f5es Fiscais"},"content":{"rendered":"<ul>\n<li><a href=\"https:\/\/www.ufmg.br\/proplan\/wp-content\/uploads\/2025\/02\/TUTORIAL-PARA-PREENCHIMENTO-E-ENVIO-DA-EFD-REINF-R-2010-final.pdf\">Tutorial para envio da EFD-Reinf &#8211; Contribui\u00e7\u00f5es Previdenci\u00e1rias (R-2010)<\/a><\/li>\n<li><a href=\"https:\/\/www.ufmg.br\/proplan\/wp-content\/uploads\/2024\/05\/TUTORIAL-PARA-PREENCHIMENTO-E-ENVIO-DA-EFD-REINF-serie-R-4000.pdf\">Tutorial para envio da EFD-Reinf &#8211; Impostos Federais (s\u00e9rie R-4000)<\/a><\/li>\n<li><a href=\"https:\/\/www.ufmg.br\/proplan\/wp-content\/uploads\/2024\/01\/Tabela-Natureza-de-Rendimento-x-Codigo-de-Receita-1.pdf\">Tabela Natureza de Rendimento x C\u00f3digo de Receita (R-4020) &#8211; Grupo 17<\/a> &#8211; Ver tabela completa no <a href=\"https:\/\/www.ufmg.br\/proplan\/wp-content\/uploads\/2024\/03\/Anexo-I-\u2013-Tabela-de-natureza-de-rendimentos-x-codigo-de-receita-Manual-da-EFD-Reinf.pdf\">Anexo I do Manual da EFD-Reinf<\/a>.<\/li>\n<li><a href=\"https:\/\/www.ufmg.br\/proplan\/wp-content\/uploads\/2022\/12\/Tabela-situacoes-e-codigos-DARFs-previdenciarios.pdf\">Tabela Situa\u00e7\u00f5es e C\u00f3digos DARF Previdenci\u00e1rios<\/a><\/li>\n<li><a href=\"https:\/\/www.ufmg.br\/proplan\/wp-content\/uploads\/2022\/08\/DARF-Numerado-2022.pdf\">DARF Numerado no SIAFI &#8211; Apresenta\u00e7\u00e3o da STN (Secretaria do Tesouro Nacional)<\/a><\/li>\n<li><a href=\"https:\/\/www.ufmg.br\/proplan\/wp-content\/uploads\/2024\/01\/ORIENTACOES-PARA-LIQUIDACAO-DE-NOTA-FISCAL-DE-SERVICOS-PJ-COM-RETENCOES-TRIBUTARIAS.pdf\">Orienta\u00e7\u00f5es para Liquida\u00e7\u00e3o de Nota Fiscal de Servi\u00e7os PJ com Reten\u00e7\u00f5es Tribut\u00e1rias<\/a><\/li>\n<li><a href=\"https:\/\/www.ufmg.br\/proplan\/wp-content\/uploads\/2024\/01\/ORIENTACOES-PARA-IMPRESSAO-DOS-DARFS-REF.-AS-RETENCOES-TRIBUTARIAS.pdf\">Orienta\u00e7\u00f5es para impress\u00e3o dos DARFs referentes \u00e0s reten\u00e7\u00f5es tribut\u00e1rias<\/a><\/li>\n<\/ul>\n<p>&nbsp;<\/p>\n<p>&nbsp;<\/p>\n<p>&nbsp;<\/p>\n<p>&nbsp;<\/p>\n<p>Divis\u00e3o de An\u00e1lise e Controle\/DCF \u2013 Atualizado em Mar\u00e7o\/2024<\/p>\n","protected":false},"excerpt":{"rendered":"<p>Tutorial para envio da EFD-Reinf &#8211; Contribui\u00e7\u00f5es Previdenci\u00e1rias (R-2010) Tutorial [&hellip;]<\/p>\n","protected":false},"author":6,"featured_media":0,"parent":0,"menu_order":0,"comment_status":"closed","ping_status":"closed","template":"","meta":{"footnotes":""},"tags":[],"class_list":["post-2189","page","type-page","status-publish","hentry"],"_links":{"self":[{"href":"https:\/\/www.ufmg.br\/proplan\/wp-json\/wp\/v2\/pages\/2189","targetHints":{"allow":["GET"]}}],"collection":[{"href":"https:\/\/www.ufmg.br\/proplan\/wp-json\/wp\/v2\/pages"}],"about":[{"href":"https:\/\/www.ufmg.br\/proplan\/wp-json\/wp\/v2\/types\/page"}],"author":[{"embeddable":true,"href":"https:\/\/www.ufmg.br\/proplan\/wp-json\/wp\/v2\/users\/6"}],"replies":[{"embeddable":true,"href":"https:\/\/www.ufmg.br\/proplan\/wp-json\/wp\/v2\/comments?post=2189"}],"version-history":[{"count":32,"href":"https:\/\/www.ufmg.br\/proplan\/wp-json\/wp\/v2\/pages\/2189\/revisions"}],"predecessor-version":[{"id":8975,"href":"https:\/\/www.ufmg.br\/proplan\/wp-json\/wp\/v2\/pages\/2189\/revisions\/8975"}],"wp:attachment":[{"href":"https:\/\/www.ufmg.br\/proplan\/wp-json\/wp\/v2\/media?parent=2189"}],"wp:term":[{"taxonomy":"post_tag","embeddable":true,"href":"https:\/\/www.ufmg.br\/proplan\/wp-json\/wp\/v2\/tags?post=2189"}],"curies":[{"name":"wp","href":"https:\/\/api.w.org\/{rel}","templated":true}]}}