{"id":2851,"date":"2023-01-25T10:45:48","date_gmt":"2023-01-25T13:45:48","guid":{"rendered":"https:\/\/www.ufmg.br\/proplan\/?page_id=2851"},"modified":"2024-01-23T15:08:26","modified_gmt":"2024-01-23T17:08:26","slug":"execucao-orcamentaria-2023","status":"publish","type":"page","link":"https:\/\/www.ufmg.br\/proplan\/execucao-orcamentaria-2023\/","title":{"rendered":"Execu\u00e7\u00e3o Or\u00e7ament\u00e1ria 2023"},"content":{"rendered":"<p><a href=\"https:\/\/www.ufmg.br\/proplan\/wp-content\/uploads\/2024\/01\/01_Bgu_Academicas_2023.pdf\">01_Bgu_Acad\u00eamicas_2023<\/a><br \/>\n<a href=\"https:\/\/www.ufmg.br\/proplan\/wp-content\/uploads\/2024\/01\/02_Bgu_Administrativas_2023.pdf\">02_Bgu_Administrativas_2023<\/a><br \/>\n<a href=\"https:\/\/www.ufmg.br\/proplan\/wp-content\/uploads\/2024\/01\/03_Bgu_Academicas-Execucao-Orcamentaria-por-PI_2023.pdf\">03_Bgu_Acad\u00eamicas Execu\u00e7\u00e3o Or\u00e7ament\u00e1ria por PI_2023<\/a><br \/>\n<a href=\"https:\/\/www.ufmg.br\/proplan\/wp-content\/uploads\/2024\/01\/04_Bgu_Academicas-Execucao-Orcamentaria-Total_2023.pdf\">04_Bgu_Acad\u00eamicas Execu\u00e7\u00e3o Or\u00e7ament\u00e1ria Total_2023<\/a><br \/>\n<a href=\"https:\/\/www.ufmg.br\/proplan\/wp-content\/uploads\/2024\/01\/05_Bgu_Academicas_Total_por_Unidade_2023.pdf\">05_Bgu_Acad\u00eamicas_Total_por_Unidade_2023<\/a><br \/>\n<a href=\"https:\/\/www.ufmg.br\/proplan\/wp-content\/uploads\/2024\/01\/06_Bgu_Administrativas_Total_por_Unidade_2023.pdf\">06_Bgu_Administrativas_Total_por_Unidade_2023<\/a><br \/>\n<a href=\"https:\/\/www.ufmg.br\/proplan\/wp-content\/uploads\/2024\/01\/07_Bgu_PNAES_2023.pdf\">07_Bgu_PNAES_2023<\/a><br \/>\n<a href=\"https:\/\/www.ufmg.br\/proplan\/wp-content\/uploads\/2024\/01\/08_Bgu_Idiomas_Sem_Fronteiras_2023.pdf\">08_Bgu_Idiomas_Sem_Fronteiras_2023<\/a><br \/>\n<a href=\"https:\/\/www.ufmg.br\/proplan\/wp-content\/uploads\/2024\/01\/09_Bgu_Academicas-Execucao-Orcamentaria_Cemig_e_Copasa_2023.pdf\">09_Bgu_Acad\u00eamicas Execu\u00e7\u00e3o Or\u00e7ament\u00e1ria_Cemig_e_Copasa_2023<\/a><br \/>\n<a href=\"https:\/\/www.ufmg.br\/proplan\/wp-content\/uploads\/2024\/01\/10_Bgu_Emendas_Parlamentares_2023.pdf\">10_Bgu_Emendas_Parlamentares_2023<\/a><br \/>\n<a href=\"https:\/\/www.ufmg.br\/proplan\/wp-content\/uploads\/2024\/01\/11_Bgu_Anuidades_00PW_00OQ_2023.pdf\">11_Bgu_Anuidades_00PW_00OQ_2023<\/a><\/p>\n","protected":false},"excerpt":{"rendered":"<p>01_Bgu_Acad\u00eamicas_2023 02_Bgu_Administrativas_2023 03_Bgu_Acad\u00eamicas Execu\u00e7\u00e3o Or\u00e7ament\u00e1ria por PI_2023 04_Bgu_Acad\u00eamicas Execu\u00e7\u00e3o Or\u00e7ament\u00e1ria [&hellip;]<\/p>\n","protected":false},"author":8,"featured_media":0,"parent":0,"menu_order":0,"comment_status":"closed","ping_status":"closed","template":"","meta":{"footnotes":""},"tags":[],"class_list":["post-2851","page","type-page","status-publish","hentry"],"_links":{"self":[{"href":"https:\/\/www.ufmg.br\/proplan\/wp-json\/wp\/v2\/pages\/2851","targetHints":{"allow":["GET"]}}],"collection":[{"href":"https:\/\/www.ufmg.br\/proplan\/wp-json\/wp\/v2\/pages"}],"about":[{"href":"https:\/\/www.ufmg.br\/proplan\/wp-json\/wp\/v2\/types\/page"}],"author":[{"embeddable":true,"href":"https:\/\/www.ufmg.br\/proplan\/wp-json\/wp\/v2\/users\/8"}],"replies":[{"embeddable":true,"href":"https:\/\/www.ufmg.br\/proplan\/wp-json\/wp\/v2\/comments?post=2851"}],"version-history":[{"count":16,"href":"https:\/\/www.ufmg.br\/proplan\/wp-json\/wp\/v2\/pages\/2851\/revisions"}],"predecessor-version":[{"id":5469,"href":"https:\/\/www.ufmg.br\/proplan\/wp-json\/wp\/v2\/pages\/2851\/revisions\/5469"}],"wp:attachment":[{"href":"https:\/\/www.ufmg.br\/proplan\/wp-json\/wp\/v2\/media?parent=2851"}],"wp:term":[{"taxonomy":"post_tag","embeddable":true,"href":"https:\/\/www.ufmg.br\/proplan\/wp-json\/wp\/v2\/tags?post=2851"}],"curies":[{"name":"wp","href":"https:\/\/api.w.org\/{rel}","templated":true}]}}