{"id":338,"date":"2021-08-10T10:31:45","date_gmt":"2021-08-10T13:31:45","guid":{"rendered":"https:\/\/www.ufmg.br\/proplan\/?page_id=338"},"modified":"2023-05-23T15:49:52","modified_gmt":"2023-05-23T18:49:52","slug":"sobre-a-proplan","status":"publish","type":"page","link":"https:\/\/www.ufmg.br\/proplan\/sobre-a-proplan\/","title":{"rendered":"Proplan\/UFMG"},"content":{"rendered":"<p style=\"text-align: justify;\">A\u00a0<strong>Pr\u00f3-Reitoria de Planejamento e Desenvolvimento (Proplan)<\/strong>\u00a0da UFMG \u00e9 o \u00f3rg\u00e3o vinculado \u00e0 Reitoria respons\u00e1vel pela condu\u00e7\u00e3o do planejamento institucional, elabora\u00e7\u00e3o da proposta or\u00e7ament\u00e1ria anual e acompanhamento da execu\u00e7\u00e3o or\u00e7ament\u00e1ria, financeira e patrimonial. Oferece suporte aos demais setores\u00a0da UFMG no que diz respeito \u00e0 elabora\u00e7\u00e3o de planos, projetos e propostas de conv\u00eanio, bem como, aux\u00edlio \u00e0s iniciativas de moderniza\u00e7\u00e3o administrativa e ao levantamento de informa\u00e7\u00f5es estrat\u00e9gicas. Coordena e organiza a\u00e7\u00f5es relacionadas ao Planejamento Estrat\u00e9gico e \u00e0 presta\u00e7\u00e3o de contas da universidade.<\/p>\n<p>Organograma:<\/p>\n<p><img loading=\"lazy\" decoding=\"async\" class=\"size-full wp-image-3482 aligncenter\" src=\"https:\/\/www.ufmg.br\/proplan\/wp-content\/uploads\/2023\/04\/Organograma-PROPLAN-2023.jpg\" alt=\"\" width=\"629\" height=\"894\" srcset=\"https:\/\/www.ufmg.br\/proplan\/wp-content\/uploads\/2023\/04\/Organograma-PROPLAN-2023.jpg 629w, https:\/\/www.ufmg.br\/proplan\/wp-content\/uploads\/2023\/04\/Organograma-PROPLAN-2023-211x300.jpg 211w\" sizes=\"auto, (max-width: 629px) 100vw, 629px\" \/><\/p>\n<p>&nbsp;<\/p>\n<p>&nbsp;<\/p>\n","protected":false},"excerpt":{"rendered":"<p>A\u00a0Pr\u00f3-Reitoria de Planejamento e Desenvolvimento (Proplan)\u00a0da UFMG \u00e9 o \u00f3rg\u00e3o [&hellip;]<\/p>\n","protected":false},"author":1,"featured_media":0,"parent":0,"menu_order":0,"comment_status":"closed","ping_status":"closed","template":"","meta":{"footnotes":""},"tags":[],"class_list":["post-338","page","type-page","status-publish","hentry"],"_links":{"self":[{"href":"https:\/\/www.ufmg.br\/proplan\/wp-json\/wp\/v2\/pages\/338","targetHints":{"allow":["GET"]}}],"collection":[{"href":"https:\/\/www.ufmg.br\/proplan\/wp-json\/wp\/v2\/pages"}],"about":[{"href":"https:\/\/www.ufmg.br\/proplan\/wp-json\/wp\/v2\/types\/page"}],"author":[{"embeddable":true,"href":"https:\/\/www.ufmg.br\/proplan\/wp-json\/wp\/v2\/users\/1"}],"replies":[{"embeddable":true,"href":"https:\/\/www.ufmg.br\/proplan\/wp-json\/wp\/v2\/comments?post=338"}],"version-history":[{"count":11,"href":"https:\/\/www.ufmg.br\/proplan\/wp-json\/wp\/v2\/pages\/338\/revisions"}],"predecessor-version":[{"id":3640,"href":"https:\/\/www.ufmg.br\/proplan\/wp-json\/wp\/v2\/pages\/338\/revisions\/3640"}],"wp:attachment":[{"href":"https:\/\/www.ufmg.br\/proplan\/wp-json\/wp\/v2\/media?parent=338"}],"wp:term":[{"taxonomy":"post_tag","embeddable":true,"href":"https:\/\/www.ufmg.br\/proplan\/wp-json\/wp\/v2\/tags?post=338"}],"curies":[{"name":"wp","href":"https:\/\/api.w.org\/{rel}","templated":true}]}}