{"id":342,"date":"2021-08-10T10:31:46","date_gmt":"2021-08-10T13:31:46","guid":{"rendered":"https:\/\/www.ufmg.br\/proplan\/?page_id=342"},"modified":"2026-02-27T15:23:30","modified_gmt":"2026-02-27T18:23:30","slug":"indicadores-de-gestao","status":"publish","type":"page","link":"https:\/\/www.ufmg.br\/proplan\/indicadores-de-gestao\/","title":{"rendered":"Indicadores de Gest\u00e3o"},"content":{"rendered":"<p style=\"text-align: justify;\">Os indicadores de Gest\u00e3o, tamb\u00e9m conhecidos como \u201cIndicadores do TCU&#8221;, visam retratar aspectos relevantes do desempenho das IFES e criar uma s\u00e9rie hist\u00f3rica para acompanhar a evolu\u00e7\u00e3o dessas institui\u00e7\u00f5es, sendo, assim, uma importante ferramenta de apoio \u00e0 auto avalia\u00e7\u00e3o institucional.<\/p>\n<p style=\"text-align: justify;\">No entanto, segundo o Manual para o C\u00e1lculo dos Indicadores de Gest\u00e3o, a utiliza\u00e7\u00e3o e interpreta\u00e7\u00e3o dos resultados devem considerar algumas limita\u00e7\u00f5es e cuidados. Devido \u00e0 grande heterogeneidade apresentada pelas IFES, o conjunto de indicadores, pela sua simplicidade, mostra-se incapaz de, isoladamente, permitir conclus\u00f5es sobre o desempenho das institui\u00e7\u00f5es. Levando isso em considera\u00e7\u00e3o, a Decis\u00e3o do TCU n\u00e3o teve por objetivo a obten\u00e7\u00e3o de dados para avalia\u00e7\u00e3o da condu\u00e7\u00e3o gerencial das IFES, assim como tamb\u00e9m n\u00e3o houve a inten\u00e7\u00e3o de estabelecer classifica\u00e7\u00e3o hier\u00e1rquica e alternativa de institui\u00e7\u00f5es.<\/p>\n<p style=\"text-align: justify;\">Diante disso, em atendimento \u00e0s orienta\u00e7\u00f5es do TCU sobre transpar\u00eancia e disponibiliza\u00e7\u00e3o de informa\u00e7\u00f5es de interesse p\u00fablico, apresenta-se abaixo a s\u00e9rie hist\u00f3rica dos componentes e indicadores de gest\u00e3o da UFMG (Indicadores do TCU):<\/p>\n<p><a href=\"https:\/\/www.ufmg.br\/proplan\/wp-content\/uploads\/2026\/02\/Serie-historica-dos-Indicadores-de-Gestao-TCU-2007-a-2025.xlsx\">S\u00e9rie-hist\u00f3rica-dos-Indicadores-de-Gestao-TCU-2007-a-2025<\/a><\/p>\n","protected":false},"excerpt":{"rendered":"<p>Os indicadores de Gest\u00e3o, tamb\u00e9m conhecidos como \u201cIndicadores do TCU&#8221;, [&hellip;]<\/p>\n","protected":false},"author":1,"featured_media":0,"parent":0,"menu_order":0,"comment_status":"closed","ping_status":"closed","template":"","meta":{"footnotes":""},"tags":[],"class_list":["post-342","page","type-page","status-publish","hentry"],"_links":{"self":[{"href":"https:\/\/www.ufmg.br\/proplan\/wp-json\/wp\/v2\/pages\/342","targetHints":{"allow":["GET"]}}],"collection":[{"href":"https:\/\/www.ufmg.br\/proplan\/wp-json\/wp\/v2\/pages"}],"about":[{"href":"https:\/\/www.ufmg.br\/proplan\/wp-json\/wp\/v2\/types\/page"}],"author":[{"embeddable":true,"href":"https:\/\/www.ufmg.br\/proplan\/wp-json\/wp\/v2\/users\/1"}],"replies":[{"embeddable":true,"href":"https:\/\/www.ufmg.br\/proplan\/wp-json\/wp\/v2\/comments?post=342"}],"version-history":[{"count":11,"href":"https:\/\/www.ufmg.br\/proplan\/wp-json\/wp\/v2\/pages\/342\/revisions"}],"predecessor-version":[{"id":12993,"href":"https:\/\/www.ufmg.br\/proplan\/wp-json\/wp\/v2\/pages\/342\/revisions\/12993"}],"wp:attachment":[{"href":"https:\/\/www.ufmg.br\/proplan\/wp-json\/wp\/v2\/media?parent=342"}],"wp:term":[{"taxonomy":"post_tag","embeddable":true,"href":"https:\/\/www.ufmg.br\/proplan\/wp-json\/wp\/v2\/tags?post=342"}],"curies":[{"name":"wp","href":"https:\/\/api.w.org\/{rel}","templated":true}]}}