{"id":343,"date":"2021-08-10T10:31:47","date_gmt":"2021-08-10T13:31:47","guid":{"rendered":"https:\/\/www.ufmg.br\/proplan\/?page_id=343"},"modified":"2026-04-07T14:54:17","modified_gmt":"2026-04-07T17:54:17","slug":"planos-institucionais","status":"publish","type":"page","link":"https:\/\/www.ufmg.br\/proplan\/planos-institucionais\/","title":{"rendered":"Planos Institucionais"},"content":{"rendered":"<p style=\"text-align: justify;\"><strong>PDI &#8211; PLANO DE DESENVOLVIMENTO INSTITUCIONAL<\/strong><\/p>\n<p style=\"text-align: justify;\">O Plano de Desenvolvimento Institucional \u00e9 um documento que re\u00fane\u00a0os fundamentos que orientam o planejamento e a gest\u00e3o interna da Universidade, aumentando a transpar\u00eancia em seu\u00a0relacionamento\u00a0com a comunidade interna, com outras institui\u00e7\u00f5es e com a sociedade em geral.<\/p>\n<p><a href=\"https:\/\/www.ufmg.br\/proplan\/wp-content\/uploads\/2024\/08\/PDI_2024-2029.pdf\">PDI_2024-2029<\/a><\/p>\n<p style=\"text-align: justify;\"><a href=\"https:\/\/www.ufmg.br\/proplan\/wp-content\/uploads\/2021\/08\/PDI_2018-2023.pdf\">PDI_2018-2023<\/a><\/p>\n<p>&nbsp;<\/p>\n<p style=\"text-align: justify;\"><strong>PEI &#8211; PLANO ESTRAT\u00c9GICO INSTITUCIONAL<\/strong><\/p>\n<p style=\"text-align: justify;\">O Plano Estrat\u00e9gico Institucional cont\u00e9m o detalhamento dos principais elementos que comp\u00f5em o Planejamento Estrat\u00e9gico da UFMG como a miss\u00e3o, a vis\u00e3o, o mapa estrat\u00e9gico, a cadeia de valor, os objetivos e as metas. O objetivo do PEI \u00e9 orientar a institui\u00e7\u00e3o na busca de melhores resultados, por meio da defini\u00e7\u00e3o de metas e prioridades anuais, atendendo \u00e0s orienta\u00e7\u00f5es da\u00a0IN\u00a0n\u00b0\u00a024\/2018.<\/p>\n<p><a href=\"https:\/\/www.ufmg.br\/proplan\/wp-content\/uploads\/2026\/01\/PEI-2025-VERSAO-FINAL-ATUALIZADA.pdf\">Plano Estrat\u00e9gico Institucional 2025<\/a><\/p>\n<p><img loading=\"lazy\" decoding=\"async\" class=\"alignnone size-full wp-image-13264\" src=\"https:\/\/www.ufmg.br\/proplan\/wp-content\/uploads\/2026\/04\/FLUXO-PEI-2026.jpg\" alt=\"\" width=\"1478\" height=\"832\" srcset=\"https:\/\/www.ufmg.br\/proplan\/wp-content\/uploads\/2026\/04\/FLUXO-PEI-2026.jpg 1478w, https:\/\/www.ufmg.br\/proplan\/wp-content\/uploads\/2026\/04\/FLUXO-PEI-2026-300x169.jpg 300w, https:\/\/www.ufmg.br\/proplan\/wp-content\/uploads\/2026\/04\/FLUXO-PEI-2026-1024x576.jpg 1024w, https:\/\/www.ufmg.br\/proplan\/wp-content\/uploads\/2026\/04\/FLUXO-PEI-2026-768x432.jpg 768w\" sizes=\"auto, (max-width: 1478px) 100vw, 1478px\" \/><\/p>\n","protected":false},"excerpt":{"rendered":"<p>PDI &#8211; PLANO DE DESENVOLVIMENTO INSTITUCIONAL O Plano de Desenvolvimento [&hellip;]<\/p>\n","protected":false},"author":1,"featured_media":0,"parent":0,"menu_order":0,"comment_status":"closed","ping_status":"closed","template":"","meta":{"footnotes":""},"tags":[],"class_list":["post-343","page","type-page","status-publish","hentry"],"_links":{"self":[{"href":"https:\/\/www.ufmg.br\/proplan\/wp-json\/wp\/v2\/pages\/343","targetHints":{"allow":["GET"]}}],"collection":[{"href":"https:\/\/www.ufmg.br\/proplan\/wp-json\/wp\/v2\/pages"}],"about":[{"href":"https:\/\/www.ufmg.br\/proplan\/wp-json\/wp\/v2\/types\/page"}],"author":[{"embeddable":true,"href":"https:\/\/www.ufmg.br\/proplan\/wp-json\/wp\/v2\/users\/1"}],"replies":[{"embeddable":true,"href":"https:\/\/www.ufmg.br\/proplan\/wp-json\/wp\/v2\/comments?post=343"}],"version-history":[{"count":25,"href":"https:\/\/www.ufmg.br\/proplan\/wp-json\/wp\/v2\/pages\/343\/revisions"}],"predecessor-version":[{"id":13265,"href":"https:\/\/www.ufmg.br\/proplan\/wp-json\/wp\/v2\/pages\/343\/revisions\/13265"}],"wp:attachment":[{"href":"https:\/\/www.ufmg.br\/proplan\/wp-json\/wp\/v2\/media?parent=343"}],"wp:term":[{"taxonomy":"post_tag","embeddable":true,"href":"https:\/\/www.ufmg.br\/proplan\/wp-json\/wp\/v2\/tags?post=343"}],"curies":[{"name":"wp","href":"https:\/\/api.w.org\/{rel}","templated":true}]}}