{"id":344,"date":"2021-08-10T10:31:47","date_gmt":"2021-08-10T13:31:47","guid":{"rendered":"https:\/\/www.ufmg.br\/proplan\/?page_id=344"},"modified":"2022-08-10T11:12:30","modified_gmt":"2022-08-10T14:12:30","slug":"prestacao-de-contas-da-ufmg","status":"publish","type":"page","link":"https:\/\/www.ufmg.br\/proplan\/prestacao-de-contas-da-ufmg\/","title":{"rendered":"Presta\u00e7\u00e3o de contas da UFMG"},"content":{"rendered":"<p><a href=\"https:\/\/www.ufmg.br\/proplan\/relatorios-de-gestao\/\">Relat\u00f3rio de Gest\u00e3o<\/a><\/p>\n<p><a href=\"https:\/\/www.ufmg.br\/proplan\/prestacao-de-contas-da-ufmg\/demonstracoes-contabeis\/\">Demonstra\u00e7\u00f5es cont\u00e1beis<\/a><\/p>\n<p><a href=\"https:\/\/www.ufmg.br\/proplan\/prestacao-de-contas-da-ufmg\/planilhas-de-fundacao-de-apoio\/\">Planilhas de Funda\u00e7\u00e3o de Apoio<\/a><\/p>\n","protected":false},"excerpt":{"rendered":"<p>Relat\u00f3rio de Gest\u00e3o Demonstra\u00e7\u00f5es cont\u00e1beis Planilhas de Funda\u00e7\u00e3o de Apoio<\/p>\n","protected":false},"author":1,"featured_media":0,"parent":0,"menu_order":0,"comment_status":"closed","ping_status":"closed","template":"","meta":{"footnotes":""},"tags":[],"class_list":["post-344","page","type-page","status-publish","hentry"],"_links":{"self":[{"href":"https:\/\/www.ufmg.br\/proplan\/wp-json\/wp\/v2\/pages\/344","targetHints":{"allow":["GET"]}}],"collection":[{"href":"https:\/\/www.ufmg.br\/proplan\/wp-json\/wp\/v2\/pages"}],"about":[{"href":"https:\/\/www.ufmg.br\/proplan\/wp-json\/wp\/v2\/types\/page"}],"author":[{"embeddable":true,"href":"https:\/\/www.ufmg.br\/proplan\/wp-json\/wp\/v2\/users\/1"}],"replies":[{"embeddable":true,"href":"https:\/\/www.ufmg.br\/proplan\/wp-json\/wp\/v2\/comments?post=344"}],"version-history":[{"count":3,"href":"https:\/\/www.ufmg.br\/proplan\/wp-json\/wp\/v2\/pages\/344\/revisions"}],"predecessor-version":[{"id":1991,"href":"https:\/\/www.ufmg.br\/proplan\/wp-json\/wp\/v2\/pages\/344\/revisions\/1991"}],"wp:attachment":[{"href":"https:\/\/www.ufmg.br\/proplan\/wp-json\/wp\/v2\/media?parent=344"}],"wp:term":[{"taxonomy":"post_tag","embeddable":true,"href":"https:\/\/www.ufmg.br\/proplan\/wp-json\/wp\/v2\/tags?post=344"}],"curies":[{"name":"wp","href":"https:\/\/api.w.org\/{rel}","templated":true}]}}