{"id":346,"date":"2021-08-10T10:31:48","date_gmt":"2021-08-10T13:31:48","guid":{"rendered":"https:\/\/www.ufmg.br\/proplan\/?page_id=346"},"modified":"2025-04-29T09:39:22","modified_gmt":"2025-04-29T12:39:22","slug":"demonstracoes-contabeis","status":"publish","type":"page","link":"https:\/\/www.ufmg.br\/proplan\/prestacao-de-contas-da-ufmg\/demonstracoes-contabeis\/","title":{"rendered":"Demonstra\u00e7\u00f5es cont\u00e1beis, Notas explicativas e Pareceres"},"content":{"rendered":"<div id=\"sp-ea-1390\" class=\"sp-ea-one sp-easy-accordion\" data-ex-icon=\"fa-minus\" data-col-icon=\"fa-plus\"  data-ea-active=\"ea-click\"  data-ea-mode=\"vertical\" data-preloader=\"\"><div class=\"ea-card  sp-ea-single\"><h3 class=\"ea-header\"><a class=\"collapsed\" data-sptoggle=\"spcollapse\" data-sptarget=#collapse13900 href=\"javascript:void(0)\" aria-expanded=\"false\"><i class=\"ea-expand-icon fa fa-plus\"><\/i> 2025<\/a><\/h3><div class=\"sp-collapse spcollapse spcollapse\" id=\"collapse13900\" data-parent=#sp-ea-1390><div class=\"ea-body\"><p><a href=\"https:\/\/www.ufmg.br\/proplan\/wp-content\/uploads\/2022\/04\/Balanco-Financeiro-2025.pdf\">Balan\u00e7o Financeiro 2025<\/a><\/p>\n<p><a href=\"https:\/\/www.ufmg.br\/proplan\/wp-content\/uploads\/2022\/04\/Balanco-Orcamentario-2025.pdf\">Balan\u00e7o Or\u00e7ament\u00e1rio 2025<\/a><\/p>\n<p><a href=\"https:\/\/www.ufmg.br\/proplan\/wp-content\/uploads\/2022\/04\/Balanco-Patrimonial-2025.pdf\">Balan\u00e7o Patrimonial 2025<\/a><\/p>\n<p><a href=\"https:\/\/www.ufmg.br\/proplan\/wp-content\/uploads\/2022\/04\/Demonstracao-das-Variacoes-Patrimoniais-2025.pdf\">Demonstra\u00e7\u00e3o das Varia\u00e7\u00f5es Patrimoniais 2025<\/a><\/p>\n<p><a href=\"https:\/\/www.ufmg.br\/proplan\/wp-content\/uploads\/2022\/04\/Demonstracao-dos-Fluxos-de-Caixa-2025.pdf\">Demonstra\u00e7\u00e3o dos Fluxos de Caixa 2025<\/a><\/p>\n<p><a href=\"https:\/\/www.ufmg.br\/proplan\/wp-content\/uploads\/2022\/04\/Nota-Explicativa-as-Demonstracoes-Contabeis-Exercicio-de-2025-Ajustada.pdf\">Nota Explicativa \u00e0s Demonstra\u00e7\u00f5es Cont\u00e1beis - Exerc\u00edcio de 2025<\/a><\/p>\n<p><a href=\"https:\/\/www.ufmg.br\/proplan\/wp-content\/uploads\/2022\/04\/Resolucao-do-Conselho-Universitario-Aprovacao-das-Contas-2025.pdf\">Resolu\u00e7\u00e3o do Conselho Universit\u00e1rio - Aprova\u00e7\u00e3o das Contas 2025<\/a><\/p>\n<p><a href=\"https:\/\/www.ufmg.br\/proplan\/wp-content\/uploads\/2022\/04\/Parecer-da-Comissao-de-Orcamento-e-Contas-2025.pdf\">Parecer da Comiss\u00e3o de Or\u00e7amento e Contas 2025<\/a><\/p>\n<p><a href=\"https:\/\/www.ufmg.br\/proplan\/wp-content\/uploads\/2022\/04\/Parecer-Conselho-de-Curadores-2025.pdf\">Parecer Conselho de Curadores 2025<\/a><\/p>\n<\/div><\/div><\/div><div class=\"ea-card  sp-ea-single\"><h3 class=\"ea-header\"><a class=\"collapsed\" data-sptoggle=\"spcollapse\" data-sptarget=#collapse13901 href=\"javascript:void(0)\" aria-expanded=\"false\"><i class=\"ea-expand-icon fa fa-plus\"><\/i> 2024<\/a><\/h3><div class=\"sp-collapse spcollapse spcollapse\" id=\"collapse13901\" data-parent=#sp-ea-1390><div class=\"ea-body\"><p><a href=\"https:\/\/www.ufmg.br\/proplan\/wp-content\/uploads\/2022\/04\/Balanco-Financeiro-2024.pdf\">Balan\u00e7o Financeiro 2024<\/a><\/p>\n<p><a href=\"https:\/\/www.ufmg.br\/proplan\/wp-content\/uploads\/2022\/04\/Balanco-Orcamentario-2024.pdf\">Balan\u00e7o Or\u00e7ament\u00e1rio 2024<\/a><\/p>\n<p><a href=\"https:\/\/www.ufmg.br\/proplan\/wp-content\/uploads\/2022\/04\/Balanco-Patrimonial-2024.pdf\">Balan\u00e7o Patrimonial 2024<\/a><\/p>\n<p><a href=\"https:\/\/www.ufmg.br\/proplan\/wp-content\/uploads\/2022\/04\/Demonstracao-das-Variacoes-Patrimoniais-2024.pdf\">Demonstra\u00e7\u00e3o das Varia\u00e7\u00f5es Patrimoniais 2024<\/a><\/p>\n<p><a href=\"https:\/\/www.ufmg.br\/proplan\/wp-content\/uploads\/2022\/04\/Demonstracao-dos-Fluxos-de-Caixa-2024.pdf\">Demonstra\u00e7\u00e3o dos Fluxos de Caixa 2024<\/a><\/p>\n<p><a href=\"https:\/\/www.ufmg.br\/proplan\/wp-content\/uploads\/2022\/04\/Nota-Explicativa-as-Demonstracoes-Contabeis-Exercicio-de-2024.pdf\">Nota Explicativa \u00e0s Demonstra\u00e7\u00f5es Cont\u00e1beis - Exerc\u00edcio de 2024<\/a><\/p>\n<p><a href=\"https:\/\/www.ufmg.br\/proplan\/wp-content\/uploads\/2022\/04\/Relatorio-Tecnico-da-Auditoria-sobre-a-prestacao-de-contas-da-UFMG-2024.pdf\">Relat\u00f3rio T\u00e9cnico da Auditoria sobre a Presta\u00e7\u00e3o de Contas da UFMG 2024<\/a><\/p>\n<p><a href=\"https:\/\/www.ufmg.br\/proplan\/wp-content\/uploads\/2022\/04\/Parecer-Conselho-de-Curadores-2024.pdf\">Parecer Conselho de Curadores 2024<\/a><\/p>\n<p><a href=\"https:\/\/www.ufmg.br\/proplan\/wp-content\/uploads\/2022\/04\/Parecer-do-Conselho-Universitario-2024-Comissao-de-Orcamento-e-Contas.pdf\">Parecer da Comiss\u00e3o de Or\u00e7amento e Contas - 2024<\/a><\/p>\n<p><a href=\"https:\/\/www.ufmg.br\/proplan\/wp-content\/uploads\/2022\/04\/Parecer-da-Auditoria-Geral-da-UFMG-sobre-a-Prestacao-de-Contas-da-Universidade-Federal-de-Minas-Geras-\u2013-UFMG-referente-ao-exercicio-de-2024.pdf\">Resolu\u00e7\u00e3o do Conselho Universit\u00e1rio - Aprova\u00e7\u00e3o das Contas 2024<\/a><\/p>\n<p><a href=\"https:\/\/www.ufmg.br\/proplan\/wp-content\/uploads\/2025\/04\/Parecer-da-Auditoria-Geral-sobre-a-Prestacao-de-Contas-da-UFMG.pdf\">Parecer da Auditoria-Geral sobre a Presta\u00e7\u00e3o de Contas da UFMG<\/a><\/p>\n<\/div><\/div><\/div><div class=\"ea-card  sp-ea-single\"><h3 class=\"ea-header\"><a class=\"collapsed\" data-sptoggle=\"spcollapse\" data-sptarget=#collapse13902 href=\"javascript:void(0)\" aria-expanded=\"false\"><i class=\"ea-expand-icon fa fa-plus\"><\/i> 2023<\/a><\/h3><div class=\"sp-collapse spcollapse spcollapse\" id=\"collapse13902\" data-parent=#sp-ea-1390><div class=\"ea-body\"><p><a href=\"https:\/\/www.ufmg.br\/proplan\/wp-content\/uploads\/2022\/04\/Balanco-Financeiro-2023.pdf\">Balan\u00e7o Financeiro 2023<\/a><\/p>\n<p><a href=\"https:\/\/www.ufmg.br\/proplan\/wp-content\/uploads\/2022\/04\/Balanco-Orcamentario-2023.pdf\">Balan\u00e7o Or\u00e7ament\u00e1rio 2023<\/a><\/p>\n<p><a href=\"https:\/\/www.ufmg.br\/proplan\/wp-content\/uploads\/2022\/04\/Balanco-Patrimonial-2023.pdf\">Balan\u00e7o Patrimonial 2023<\/a><\/p>\n<p><a href=\"https:\/\/www.ufmg.br\/proplan\/wp-content\/uploads\/2022\/04\/Demonstracao-das-Variacoes-Patrimoniais-2023.pdf\">Demonstra\u00e7\u00e3o das Varia\u00e7\u00f5es Patrimoniais 2023<\/a><\/p>\n<p><a href=\"https:\/\/www.ufmg.br\/proplan\/wp-content\/uploads\/2022\/04\/Demonstracao-de-Fluxo-de-Caixa-2023.pdf\">Demonstra\u00e7\u00e3o de Fluxo de Caixa 2023<\/a><\/p>\n<p><a href=\"https:\/\/www.ufmg.br\/proplan\/wp-content\/uploads\/2022\/04\/Nota-Explicativa-as-Demonstracoes-Contabeis-Exercicio-de-2023.pdf\">Nota Explicativa \u00e0s Demonstra\u00e7\u00f5es Cont\u00e1beis - Exerc\u00edcio de 2023<\/a><\/p>\n<p><a href=\"https:\/\/www.ufmg.br\/proplan\/wp-content\/uploads\/2022\/04\/Parecer-Conselho-de-Curadores-2023.pdf\">Parecer Conselho de Curadores 2023<\/a><\/p>\n<p><a href=\"https:\/\/www.ufmg.br\/proplan\/wp-content\/uploads\/2022\/04\/Parecer-do-Conselho-Universitario-2023-Comissao-de-Orcamento-e-Contas.pdf\">Parecer do Conselho Universit\u00e1rio 2023 - Comiss\u00e3o de Or\u00e7amento e Contas<\/a><\/p>\n<p><a href=\"https:\/\/www.ufmg.br\/proplan\/wp-content\/uploads\/2022\/04\/Resolucao-do-Conselho-Aprovacao-de-Contas-2023.pdf\">Resolu\u00e7\u00e3o do Conselho - Aprova\u00e7\u00e3o das Contas 2023<\/a><\/p>\n<\/div><\/div><\/div><div class=\"ea-card  sp-ea-single\"><h3 class=\"ea-header\"><a class=\"collapsed\" data-sptoggle=\"spcollapse\" data-sptarget=#collapse13903 href=\"javascript:void(0)\" aria-expanded=\"false\"><i class=\"ea-expand-icon fa fa-plus\"><\/i> 2022<\/a><\/h3><div class=\"sp-collapse spcollapse spcollapse\" id=\"collapse13903\" data-parent=#sp-ea-1390><div class=\"ea-body\"><p><a href=\"https:\/\/www.ufmg.br\/proplan\/wp-content\/uploads\/2022\/04\/Balanco-Financeiro-2022.pdf\">Balan\u00e7o Financeiro 2022<\/a><\/p>\n<p><a href=\"https:\/\/www.ufmg.br\/proplan\/wp-content\/uploads\/2022\/04\/Balanco-Orcamentario-2022.pdf\">Balan\u00e7o Or\u00e7ament\u00e1rio 2022<\/a><\/p>\n<p><a href=\"https:\/\/www.ufmg.br\/proplan\/wp-content\/uploads\/2022\/04\/Balanco-Patrimonial-2022.pdf\">Balan\u00e7o Patrimonial 2022<\/a><\/p>\n<p><a href=\"https:\/\/www.ufmg.br\/proplan\/wp-content\/uploads\/2022\/04\/Demonstracao-das-Variacoes-Patrimoniais-2022.pdf\">Demonstra\u00e7\u00e3o das Varia\u00e7\u00f5es Patrimoniais 2022<\/a><\/p>\n<p><a href=\"https:\/\/www.ufmg.br\/proplan\/wp-content\/uploads\/2022\/04\/Demonstracao-dos-Fluxos-de-Caixa-2022.pdf\">Demonstra\u00e7\u00e3o dos Fluxos de Caixa 2022<\/a><\/p>\n<p><a href=\"https:\/\/www.ufmg.br\/proplan\/wp-content\/uploads\/2022\/04\/Nota-Explicativa-as-Demonstracoes-Contabeis-Exercicio-2022.pdf\">Nota Explicativa das Demonstra\u00e7\u00f5es Cont\u00e1beis Exerc\u00edcio 2022<\/a><\/p>\n<p><a href=\"https:\/\/www.ufmg.br\/proplan\/wp-content\/uploads\/2022\/04\/Parecer-do-Conselho-de-Curadores-2022.pdf\">Parecer do Conselho de Curadores 2022<\/a><\/p>\n<p><a href=\"https:\/\/www.ufmg.br\/proplan\/wp-content\/uploads\/2022\/04\/Parecer-do-Conselho-Universitario-2022.pdf\">Parecer do Conselho Universit\u00e1rio 2022 - Comiss\u00e3o de Or\u00e7amento e Contas<\/a><\/p>\n<p><a href=\"https:\/\/www.ufmg.br\/proplan\/wp-content\/uploads\/2022\/04\/Resolucao-do-Conselho-Aprovacao-das-contas-de-2022.pdf\">Resolu\u00e7\u00e3o do Conselho - Aprova\u00e7\u00e3o das contas de 2022<\/a><\/p>\n<p><a href=\"https:\/\/www.ufmg.br\/proplan\/wp-content\/uploads\/2022\/04\/Parecer-de-Auditoria-Interna-UFMG-2022.pdf\">Parecer de Auditoria Interna UFMG 2022<\/a><\/p>\n<\/div><\/div><\/div><div class=\"ea-card  sp-ea-single\"><h3 class=\"ea-header\"><a class=\"collapsed\" data-sptoggle=\"spcollapse\" data-sptarget=#collapse13904 href=\"javascript:void(0)\" aria-expanded=\"false\"><i class=\"ea-expand-icon fa fa-plus\"><\/i> 2021<\/a><\/h3><div class=\"sp-collapse spcollapse spcollapse\" id=\"collapse13904\" data-parent=#sp-ea-1390><div class=\"ea-body\"><p><a href=\"https:\/\/www.ufmg.br\/proplan\/wp-content\/uploads\/2022\/04\/Balanco-Financeiro-2021.pdf\">Balan\u00e7o Financeiro 2021<\/a><\/p>\n<p><a href=\"https:\/\/www.ufmg.br\/proplan\/wp-content\/uploads\/2022\/04\/Balanco-Orcamentario-2021.pdf\">Balan\u00e7o Or\u00e7ament\u00e1rio 2021<\/a><\/p>\n<p><a href=\"https:\/\/www.ufmg.br\/proplan\/wp-content\/uploads\/2022\/04\/Balanco-Patrimonial-2021.pdf\">Balan\u00e7o Patrimonial 2021<\/a><\/p>\n<p><a href=\"https:\/\/www.ufmg.br\/proplan\/wp-content\/uploads\/2022\/04\/Demonstracao-das-Variacoes-Patrimoniais-2021.pdf\">Demonstra\u00e7\u00e3o das Varia\u00e7\u00f5es Patrimoniais 2021<\/a><\/p>\n<p><a href=\"https:\/\/www.ufmg.br\/proplan\/wp-content\/uploads\/2022\/04\/Demonstracao-dos-Fluxos-de-Caixa-2021.pdf\">Demonstra\u00e7\u00e3o dos Fluxos de Caixa 2021<\/a><\/p>\n<p><a href=\"https:\/\/www.ufmg.br\/proplan\/wp-content\/uploads\/2022\/04\/Nota-Explicativa-das-Demonstracoes-Contabeis-2021-Alterada.pdf\">Nota Explicativa das Demonstra\u00e7\u00f5es Cont\u00e1beis 2021 <\/a><\/p>\n<p><a href=\"https:\/\/www.ufmg.br\/proplan\/wp-content\/uploads\/2022\/04\/Parecer-do-Conselho-de-Curadores.pdf\">Parecer do Conselho de Curadores 2021<\/a><\/p>\n<p><a href=\"https:\/\/www.ufmg.br\/proplan\/wp-content\/uploads\/2022\/04\/Parecer-do-Conselho-Universitario.pdf\">Parecer do Conselho Universit\u00e1rio 2021 - Comiss\u00e3o de Or\u00e7amento e Contas<\/a><\/p>\n<p><a href=\"https:\/\/www.ufmg.br\/proplan\/wp-content\/uploads\/2022\/04\/Resolucao-do-Conselho-Aprovacao-das-contas-de-2021.pdf\">Resolu\u00e7\u00e3o do Conselho - Aprova\u00e7\u00e3o das contas de 2021<\/a><\/p>\n<\/div><\/div><\/div><div class=\"ea-card  sp-ea-single\"><h3 class=\"ea-header\"><a class=\"collapsed\" data-sptoggle=\"spcollapse\" data-sptarget=#collapse13905 href=\"javascript:void(0)\" aria-expanded=\"false\"><i class=\"ea-expand-icon fa fa-plus\"><\/i> 2020<\/a><\/h3><div class=\"sp-collapse spcollapse spcollapse\" id=\"collapse13905\" data-parent=#sp-ea-1390><div class=\"ea-body\"><p><a href=\"https:\/\/www.ufmg.br\/proplan\/wp-content\/uploads\/2022\/04\/Balanco-Financeiro-2020.pdf\">Balan\u00e7o Financeiro 2020<\/a><\/p>\n<p><a href=\"https:\/\/www.ufmg.br\/proplan\/wp-content\/uploads\/2022\/04\/Balanco-Orcamentario-2020.pdf\">Balan\u00e7o Or\u00e7ament\u00e1rio 2020<\/a><\/p>\n<p><a href=\"https:\/\/www.ufmg.br\/proplan\/wp-content\/uploads\/2022\/04\/Balanco-Patrimonial-2020.pdf\">Balan\u00e7o Patrimonial 2020<\/a><\/p>\n<p><a href=\"https:\/\/www.ufmg.br\/proplan\/wp-content\/uploads\/2022\/04\/Demonstracao-das-Variacoes-Patrimoniais-2020.pdf\">Demonstra\u00e7\u00e3o das Varia\u00e7\u00f5es Patrimoniais 2020<\/a><\/p>\n<p><a href=\"https:\/\/www.ufmg.br\/proplan\/wp-content\/uploads\/2022\/04\/Demonstracao-do-Fluxo-de-Caixa-2020.pdf\">Demonstra\u00e7\u00e3o do Fluxo de Caixa 2020<\/a><\/p>\n<p><a href=\"https:\/\/www.ufmg.br\/proplan\/wp-content\/uploads\/2022\/04\/Nota-Explicativa-das-Demonstracoes-Contabeis-de-2020-1.pdf\">Nota Explicativa das Demonstra\u00e7\u00f5es Cont\u00e1beis de 2020<\/a><\/p>\n<p><a href=\"https:\/\/www.ufmg.br\/proplan\/wp-content\/uploads\/2022\/04\/Parecer-do-Conselho-de-Curadores-Prestacao-de-contas.pdf\">Parecer do Conselho de Curadores - Presta\u00e7\u00e3o de contas 2020<\/a><\/p>\n<p><a href=\"https:\/\/www.ufmg.br\/proplan\/wp-content\/uploads\/2022\/04\/Resolucao-do-Conselho-Aprovacao-das-contas-de-2020.pdf\">Resolu\u00e7\u00e3o do Conselho - Aprova\u00e7\u00e3o das contas de 2020<\/a><\/p>\n<\/div><\/div><\/div><div class=\"ea-card  sp-ea-single\"><h3 class=\"ea-header\"><a class=\"collapsed\" data-sptoggle=\"spcollapse\" data-sptarget=#collapse13906 href=\"javascript:void(0)\" aria-expanded=\"false\"><i class=\"ea-expand-icon fa fa-plus\"><\/i> 2019<\/a><\/h3><div class=\"sp-collapse spcollapse spcollapse\" id=\"collapse13906\" data-parent=#sp-ea-1390><div class=\"ea-body\"><p><a href=\"https:\/\/www.ufmg.br\/proplan\/wp-content\/uploads\/2022\/04\/Balanco-Financeiro.pdf\">Balan\u00e7o Financeiro 2019<\/a><\/p>\n<p><a href=\"https:\/\/www.ufmg.br\/proplan\/wp-content\/uploads\/2022\/04\/Balanco-Orcamentario.pdf\">Balan\u00e7o Or\u00e7ament\u00e1rio 2019<\/a><\/p>\n<p><a href=\"https:\/\/www.ufmg.br\/proplan\/wp-content\/uploads\/2022\/04\/Balanco-Patrimonial.pdf\">Balan\u00e7o Patrimonial 2019<\/a><\/p>\n<p><a href=\"https:\/\/www.ufmg.br\/proplan\/wp-content\/uploads\/2022\/04\/Demonstracao-das-Variacoes-Patrimoniais.pdf\">Demonstra\u00e7\u00e3o das Varia\u00e7\u00f5es Patrimoniais 2019<\/a><\/p>\n<p><a href=\"https:\/\/www.ufmg.br\/proplan\/wp-content\/uploads\/2022\/04\/Demonstracao-de-Fluxo-de-Caixa.pdf\">Demonstra\u00e7\u00e3o de Fluxo de Caixa 2019<\/a><\/p>\n<p><a href=\"https:\/\/www.ufmg.br\/proplan\/wp-content\/uploads\/2022\/04\/Nota-Explicativa-das-Demonstracoes-Contabeis.pdf\">Nota Explicativa das Demonstra\u00e7\u00f5es Cont\u00e1beis 2019<\/a><\/p>\n<p><a href=\"https:\/\/www.ufmg.br\/proplan\/wp-content\/uploads\/2022\/04\/Parecer-do-Conselho-de-Curadores-Prestacao-de-Contas-2019.pdf\">Parecer do Conselho de Curadores - Presta\u00e7\u00e3o de Contas 2019<\/a><\/p>\n<p><a href=\"https:\/\/www.ufmg.br\/proplan\/wp-content\/uploads\/2022\/04\/Resolucao-do-Conselho-Aprovacao-das-contas-2019.pdf\">Resolu\u00e7\u00e3o do Conselho - Aprova\u00e7\u00e3o das contas 2019<\/a><\/p>\n<\/div><\/div><\/div><div class=\"ea-card  sp-ea-single\"><h3 class=\"ea-header\"><a class=\"collapsed\" data-sptoggle=\"spcollapse\" data-sptarget=#collapse13907 href=\"javascript:void(0)\" aria-expanded=\"false\"><i class=\"ea-expand-icon fa fa-plus\"><\/i> 2018<\/a><\/h3><div class=\"sp-collapse spcollapse spcollapse\" id=\"collapse13907\" data-parent=#sp-ea-1390><div class=\"ea-body\"><p><a href=\"https:\/\/www.ufmg.br\/proplan\/wp-content\/uploads\/2022\/04\/Balanco-Financeiro-1.pdf\">Balan\u00e7o Financeiro 2018<\/a><\/p>\n<p><a href=\"https:\/\/www.ufmg.br\/proplan\/wp-content\/uploads\/2022\/04\/Balanco-Orcamentario-1.pdf\">Balan\u00e7o Or\u00e7ament\u00e1rio 2018<\/a><\/p>\n<p><a href=\"https:\/\/www.ufmg.br\/proplan\/wp-content\/uploads\/2022\/04\/Balanco-Patrimonial-1.pdf\">Balan\u00e7o Patrimonial 2018<\/a><\/p>\n<p><a href=\"https:\/\/www.ufmg.br\/proplan\/wp-content\/uploads\/2022\/04\/Demonstracoes-das-variacoes-patrimoniais.pdf\">Demonstra\u00e7\u00f5es das varia\u00e7\u00f5es patrimoniais 2018<\/a><\/p>\n<p><a href=\"https:\/\/www.ufmg.br\/proplan\/wp-content\/uploads\/2022\/04\/Demonstracoes-de-fluxo-de-caixa.pdf\">Demonstra\u00e7\u00f5es de fluxo de caixa 2018<\/a><\/p>\n<p><a href=\"https:\/\/www.ufmg.br\/proplan\/wp-content\/uploads\/2022\/04\/Notas-Explicativas.pdf\">Notas Explicativas das Demonstra\u00e7\u00f5es cont\u00e1beis 2018<\/a><\/p>\n<p><a href=\"https:\/\/www.ufmg.br\/proplan\/wp-content\/uploads\/2022\/04\/Resolucao-do-Conselho-Aprovacao-das-contas-2018.pdf\">Resolu\u00e7\u00e3o do Conselho - Aprova\u00e7\u00e3o das contas 2018<\/a><\/p>\n<\/div><\/div><\/div><div class=\"ea-card  sp-ea-single\"><h3 class=\"ea-header\"><a class=\"collapsed\" data-sptoggle=\"spcollapse\" data-sptarget=#collapse13908 href=\"javascript:void(0)\" aria-expanded=\"false\"><i class=\"ea-expand-icon fa fa-plus\"><\/i> 2017<\/a><\/h3><div class=\"sp-collapse spcollapse spcollapse\" id=\"collapse13908\" data-parent=#sp-ea-1390><div class=\"ea-body\"><p><a href=\"https:\/\/www.ufmg.br\/proplan\/wp-content\/uploads\/2022\/04\/Balanco-financeiro.pdf\">Balan\u00e7o Financeiro 2017<\/a><\/p>\n<p><a href=\"https:\/\/www.ufmg.br\/proplan\/wp-content\/uploads\/2022\/04\/Balanco-patrimonial.pdf\">Balan\u00e7o Patrimonial 2017<\/a><\/p>\n<p><a href=\"https:\/\/www.ufmg.br\/proplan\/wp-content\/uploads\/2022\/04\/Balanco-orcamentario.pdf\">Balan\u00e7o Or\u00e7ament\u00e1rio 2017<\/a><\/p>\n<p><a href=\"https:\/\/www.ufmg.br\/proplan\/wp-content\/uploads\/2022\/04\/Demonstracao-das-Mutacoes-do-Patrimonio-Liquido-UFMG-2017.pdf\">Demonstra\u00e7\u00e3o das Muta\u00e7\u00f5es do Patrim\u00f4nio L\u00edquido 2017<\/a><\/p>\n<p><a href=\"https:\/\/www.ufmg.br\/proplan\/wp-content\/uploads\/2022\/04\/DFC.pdf\">Demonstra\u00e7\u00e3o de fluxo de caixa 2017<\/a><\/p>\n<p><a href=\"https:\/\/www.ufmg.br\/proplan\/wp-content\/uploads\/2022\/04\/DVP.pdf\">Demonstra\u00e7\u00f5es das Varia\u00e7\u00f5es Patrimoniais 2017<\/a><\/p>\n<\/div><\/div><\/div><div class=\"ea-card  sp-ea-single\"><h3 class=\"ea-header\"><a class=\"collapsed\" data-sptoggle=\"spcollapse\" data-sptarget=#collapse13909 href=\"javascript:void(0)\" aria-expanded=\"false\"><i class=\"ea-expand-icon fa fa-plus\"><\/i> 2016<\/a><\/h3><div class=\"sp-collapse spcollapse spcollapse\" id=\"collapse13909\" data-parent=#sp-ea-1390><div class=\"ea-body\"><p><a href=\"https:\/\/www.ufmg.br\/proplan\/wp-content\/uploads\/2022\/04\/Balanco-Financeiro-UFMG-2016.pdf\">Balan\u00e7o Financeiro 2016<\/a><\/p>\n<p><a href=\"https:\/\/www.ufmg.br\/proplan\/wp-content\/uploads\/2022\/04\/Balanco-Orcamentario-UFMG-2016.pdf\">Balan\u00e7o Or\u00e7ament\u00e1rio 2016<\/a><\/p>\n<p><a href=\"https:\/\/www.ufmg.br\/proplan\/wp-content\/uploads\/2022\/04\/Balanco-Patrimonial-UFMG-2016.pdf\">Balan\u00e7o Patrimonial 2016<\/a><\/p>\n<p><a href=\"https:\/\/www.ufmg.br\/proplan\/wp-content\/uploads\/2022\/04\/Demonstracoes-das-Variacoes-Patrimoniais-UFMG-2016.pdf\">Demonstra\u00e7\u00f5es das Varia\u00e7\u00f5es Patrimoniais 2016<\/a><\/p>\n<p><a href=\"https:\/\/www.ufmg.br\/proplan\/wp-content\/uploads\/2022\/04\/Demonstracoes-dos-Fluxos-de-Caixa-UFMG-2016.pdf\">Demonstra\u00e7\u00f5es dos Fluxos de Caixa 2016<\/a><\/p>\n<\/div><\/div><\/div><div class=\"ea-card  sp-ea-single\"><h3 class=\"ea-header\"><a class=\"collapsed\" data-sptoggle=\"spcollapse\" data-sptarget=#collapse139010 href=\"javascript:void(0)\" aria-expanded=\"false\"><i class=\"ea-expand-icon fa fa-plus\"><\/i> 2015<\/a><\/h3><div class=\"sp-collapse spcollapse spcollapse\" id=\"collapse139010\" data-parent=#sp-ea-1390><div class=\"ea-body\"><p><a href=\"https:\/\/www.ufmg.br\/proplan\/wp-content\/uploads\/2022\/04\/Balanco-Financeiro-2015.pdf\">Balan\u00e7o Financeiro 2015<\/a><\/p>\n<p><a href=\"https:\/\/www.ufmg.br\/proplan\/wp-content\/uploads\/2022\/04\/Balanco-Orcamentario-2015.pdf\">Balan\u00e7o Or\u00e7ament\u00e1rio 2015<\/a><\/p>\n<p><a href=\"https:\/\/www.ufmg.br\/proplan\/wp-content\/uploads\/2022\/04\/Balanco-Patrimonial-2015.pdf\">Balan\u00e7o Patrimonial 2015<\/a><\/p>\n<p><a href=\"https:\/\/www.ufmg.br\/proplan\/wp-content\/uploads\/2022\/04\/Demonstracao-das-Mutacoes-do-Patrimonio-Liquido-2015.pdf\">Demonstra\u00e7\u00e3o das Muta\u00e7\u00f5es do Patrim\u00f4nio L\u00edquido 2015<\/a><\/p>\n<p><a href=\"https:\/\/www.ufmg.br\/proplan\/wp-content\/uploads\/2022\/04\/Demonstracao-das-Variacoes-Patrimoniais-2015.pdf\">Demonstra\u00e7\u00e3o das Varia\u00e7\u00f5es Patrimoniais 2015<\/a> <a href=\"https:\/\/www.ufmg.br\/proplan\/wp-content\/uploads\/2022\/04\/Demonstracao-dos-fluxos-de-caixa-2015.pdf\">Demonstra\u00e7\u00e3o dos fluxos de caixa 2015<\/a><\/p>\n<p><a href=\"https:\/\/www.ufmg.br\/proplan\/wp-content\/uploads\/2022\/04\/Acordao-TCU-7.870-2017-Aprovacao-das-contas-de-2015.pdf\">Ac\u00f3rd\u00e3o TCU 7.870-2017 - Aprova\u00e7\u00e3o das contas de 2015<\/a><\/p>\n<\/div><\/div><\/div><div class=\"ea-card  sp-ea-single\"><h3 class=\"ea-header\"><a class=\"collapsed\" data-sptoggle=\"spcollapse\" data-sptarget=#collapse139011 href=\"javascript:void(0)\" aria-expanded=\"false\"><i class=\"ea-expand-icon fa fa-plus\"><\/i> 2014<\/a><\/h3><div class=\"sp-collapse spcollapse spcollapse\" id=\"collapse139011\" data-parent=#sp-ea-1390><div class=\"ea-body\"><p><a href=\"https:\/\/www.ufmg.br\/proplan\/wp-content\/uploads\/2022\/04\/Balanco-Financeiro-2014.pdf\">Balan\u00e7o Financeiro 2014<\/a><\/p>\n<p><a href=\"https:\/\/www.ufmg.br\/proplan\/wp-content\/uploads\/2022\/04\/Balanco-Orcamentario-2014.pdf\">Balan\u00e7o Or\u00e7ament\u00e1rio 2014<\/a><\/p>\n<p><a href=\"https:\/\/www.ufmg.br\/proplan\/wp-content\/uploads\/2022\/04\/Balanco-Patrimonial-2014.pdf\">Balan\u00e7o Patrimonial 2014<\/a><\/p>\n<p><a href=\"https:\/\/www.ufmg.br\/proplan\/wp-content\/uploads\/2022\/04\/Demonstracao-das-Variacoes-Patrimoniais-2014.pdf\">Demonstra\u00e7\u00e3o das Varia\u00e7\u00f5es Patrimoniais 2014<\/a><\/p>\n<p><a href=\"https:\/\/www.ufmg.br\/proplan\/wp-content\/uploads\/2022\/04\/Demonstracao-de-Mutacoes-do-Patrimonio-Liquido.pdf\">Demonstra\u00e7\u00e3o de Muta\u00e7\u00f5es do Patrim\u00f4nio L\u00edquido<\/a><\/p>\n<\/div><\/div><\/div><div class=\"ea-card  sp-ea-single\"><h3 class=\"ea-header\"><a class=\"collapsed\" data-sptoggle=\"spcollapse\" data-sptarget=#collapse139012 href=\"javascript:void(0)\" aria-expanded=\"false\"><i class=\"ea-expand-icon fa fa-plus\"><\/i> 2013<\/a><\/h3><div class=\"sp-collapse spcollapse spcollapse\" id=\"collapse139012\" data-parent=#sp-ea-1390><div class=\"ea-body\"><p><a href=\"https:\/\/www.ufmg.br\/proplan\/wp-content\/uploads\/2022\/04\/BALANCO-FINANCEIRO-UFMG-2013.pdf\">Balan\u00e7o Financeiro 2013<\/a><\/p>\n<p><a href=\"https:\/\/www.ufmg.br\/proplan\/wp-content\/uploads\/2022\/04\/BALANCO-ORCAMENTARIO-UFMG-2013.pdf\">Balan\u00e7o Or\u00e7ament\u00e1rio 2013<\/a><\/p>\n<p><a href=\"https:\/\/www.ufmg.br\/proplan\/wp-content\/uploads\/2022\/04\/BALANCO-PATRIMONIAL-UFMG-2013.pdf\">Balan\u00e7o Patrimonial 2013<\/a><\/p>\n<p><a href=\"https:\/\/www.ufmg.br\/proplan\/wp-content\/uploads\/2022\/04\/DEMONSTRACAO-DAS-VARIACOES-PATRIMONIAIS-UFMG-2013.pdf\">Demonstra\u00e7\u00e3o das Varia\u00e7\u00f5es Patrimoniais 2013<\/a><\/p>\n<p><a href=\"https:\/\/www.ufmg.br\/proplan\/wp-content\/uploads\/2022\/04\/DEMONSTRACAO-MUTACOES-PATRINONIO-LIQUIDO-UFMG-2013.pdf\">Demonstra\u00e7\u00f5es das Muta\u00e7\u00f5es do Patrim\u00f4nio L\u00edquido 2013<\/a><\/p>\n<p><a href=\"https:\/\/www.ufmg.br\/proplan\/wp-content\/uploads\/2022\/04\/Acordao-TCU-Julga-as-contas-regulares-com-ressalva.rtf\">Ac\u00f3rd\u00e3o TCU - Julga as contas regulares com ressalva<\/a><\/p>\n<\/div><\/div><\/div><div class=\"ea-card  sp-ea-single\"><h3 class=\"ea-header\"><a class=\"collapsed\" data-sptoggle=\"spcollapse\" data-sptarget=#collapse139013 href=\"javascript:void(0)\" aria-expanded=\"false\"><i class=\"ea-expand-icon fa fa-plus\"><\/i> 2012<\/a><\/h3><div class=\"sp-collapse spcollapse spcollapse\" id=\"collapse139013\" data-parent=#sp-ea-1390><div class=\"ea-body\"><p><a href=\"https:\/\/www.ufmg.br\/proplan\/wp-content\/uploads\/2022\/04\/Balanco-Financeiro-2012.pdf\">Balan\u00e7o Financeiro 2012<\/a><\/p>\n<p><a href=\"https:\/\/www.ufmg.br\/proplan\/wp-content\/uploads\/2022\/04\/Balanco-Orcamentario-2012.pdf\">Balan\u00e7o Or\u00e7ament\u00e1rio 2012<\/a><\/p>\n<p><a href=\"https:\/\/www.ufmg.br\/proplan\/wp-content\/uploads\/2022\/04\/Balanco-Patrimonial-2012.pdf\">Balan\u00e7o Patrimonial 2012<\/a><\/p>\n<p><a href=\"https:\/\/www.ufmg.br\/proplan\/wp-content\/uploads\/2022\/04\/Demonstracao-das-Variacoes-Patrimoniais-2012.pdf\">Demonstra\u00e7\u00e3o das Varia\u00e7\u00f5es Patrimoniais 2012<\/a><\/p>\n<p><a href=\"https:\/\/www.ufmg.br\/proplan\/wp-content\/uploads\/2022\/03\/Contas-de-2012_Acordao-12700-2016.rtf\">Ac\u00f3rd\u00e3o TCU \u2013 Julga as contas regulares c\/ ressalva<\/a><\/p>\n<\/div><\/div><\/div><\/div>\n<p>&nbsp;<\/p>\n<p>&nbsp;<\/p>\n<p>&nbsp;<\/p>\n<p>&nbsp;<\/p>\n<p>&nbsp;<\/p>\n","protected":false},"excerpt":{"rendered":"<p>&nbsp; &nbsp; &nbsp; &nbsp; &nbsp;<\/p>\n","protected":false},"author":1,"featured_media":0,"parent":344,"menu_order":0,"comment_status":"closed","ping_status":"closed","template":"","meta":{"footnotes":""},"tags":[],"class_list":["post-346","page","type-page","status-publish","hentry"],"_links":{"self":[{"href":"https:\/\/www.ufmg.br\/proplan\/wp-json\/wp\/v2\/pages\/346","targetHints":{"allow":["GET"]}}],"collection":[{"href":"https:\/\/www.ufmg.br\/proplan\/wp-json\/wp\/v2\/pages"}],"about":[{"href":"https:\/\/www.ufmg.br\/proplan\/wp-json\/wp\/v2\/types\/page"}],"author":[{"embeddable":true,"href":"https:\/\/www.ufmg.br\/proplan\/wp-json\/wp\/v2\/users\/1"}],"replies":[{"embeddable":true,"href":"https:\/\/www.ufmg.br\/proplan\/wp-json\/wp\/v2\/comments?post=346"}],"version-history":[{"count":12,"href":"https:\/\/www.ufmg.br\/proplan\/wp-json\/wp\/v2\/pages\/346\/revisions"}],"predecessor-version":[{"id":9550,"href":"https:\/\/www.ufmg.br\/proplan\/wp-json\/wp\/v2\/pages\/346\/revisions\/9550"}],"up":[{"embeddable":true,"href":"https:\/\/www.ufmg.br\/proplan\/wp-json\/wp\/v2\/pages\/344"}],"wp:attachment":[{"href":"https:\/\/www.ufmg.br\/proplan\/wp-json\/wp\/v2\/media?parent=346"}],"wp:term":[{"taxonomy":"post_tag","embeddable":true,"href":"https:\/\/www.ufmg.br\/proplan\/wp-json\/wp\/v2\/tags?post=346"}],"curies":[{"name":"wp","href":"https:\/\/api.w.org\/{rel}","templated":true}]}}