{"id":348,"date":"2021-08-10T10:31:49","date_gmt":"2021-08-10T13:31:49","guid":{"rendered":"https:\/\/www.ufmg.br\/proplan\/?page_id=348"},"modified":"2022-05-17T15:03:59","modified_gmt":"2022-05-17T18:03:59","slug":"convenios","status":"publish","type":"page","link":"https:\/\/www.ufmg.br\/proplan\/convenios\/","title":{"rendered":"Conv\u00eanios e contratos"},"content":{"rendered":"<p><a href=\"https:\/\/www.ufmg.br\/proplan\/convenios\/celebracao_ted\/\">TED &#8211; Termo de Execu\u00e7\u00e3o Descentralizada<\/a><\/p>\n<p><a href=\"https:\/\/www.ufmg.br\/proplan\/convenios\/convenios\/\">Conv\u00eanios e Instrumentos Cong\u00eaneres<\/a><\/p>\n<p><a href=\"https:\/\/www.ufmg.br\/proplan\/convenios\/contratacao_fundacao_de_apoio\/\">Contrata\u00e7\u00e3o de Funda\u00e7\u00e3o de Apoio<\/a><\/p>\n<p><a href=\"https:\/\/www.ufmg.br\/proplan\/convenios\/contratacao_curso_especializacao\/\">Contrata\u00e7\u00e3o para curso de especializa\u00e7\u00e3o<\/a><\/p>\n<p><a href=\"https:\/\/www.ufmg.br\/proplan\/convenios\/termos-de-colaboracao\/\">Termos de Colabora\u00e7\u00e3o<\/a><\/p>\n","protected":false},"excerpt":{"rendered":"<p>TED &#8211; Termo de Execu\u00e7\u00e3o Descentralizada Conv\u00eanios e Instrumentos Cong\u00eaneres [&hellip;]<\/p>\n","protected":false},"author":1,"featured_media":0,"parent":0,"menu_order":0,"comment_status":"closed","ping_status":"closed","template":"","meta":{"footnotes":""},"tags":[],"class_list":["post-348","page","type-page","status-publish","hentry"],"_links":{"self":[{"href":"https:\/\/www.ufmg.br\/proplan\/wp-json\/wp\/v2\/pages\/348","targetHints":{"allow":["GET"]}}],"collection":[{"href":"https:\/\/www.ufmg.br\/proplan\/wp-json\/wp\/v2\/pages"}],"about":[{"href":"https:\/\/www.ufmg.br\/proplan\/wp-json\/wp\/v2\/types\/page"}],"author":[{"embeddable":true,"href":"https:\/\/www.ufmg.br\/proplan\/wp-json\/wp\/v2\/users\/1"}],"replies":[{"embeddable":true,"href":"https:\/\/www.ufmg.br\/proplan\/wp-json\/wp\/v2\/comments?post=348"}],"version-history":[{"count":4,"href":"https:\/\/www.ufmg.br\/proplan\/wp-json\/wp\/v2\/pages\/348\/revisions"}],"predecessor-version":[{"id":1582,"href":"https:\/\/www.ufmg.br\/proplan\/wp-json\/wp\/v2\/pages\/348\/revisions\/1582"}],"wp:attachment":[{"href":"https:\/\/www.ufmg.br\/proplan\/wp-json\/wp\/v2\/media?parent=348"}],"wp:term":[{"taxonomy":"post_tag","embeddable":true,"href":"https:\/\/www.ufmg.br\/proplan\/wp-json\/wp\/v2\/tags?post=348"}],"curies":[{"name":"wp","href":"https:\/\/api.w.org\/{rel}","templated":true}]}}