{"id":374,"date":"2021-08-10T10:43:27","date_gmt":"2021-08-10T13:43:27","guid":{"rendered":"https:\/\/www.ufmg.br\/proplan\/?page_id=374"},"modified":"2026-04-14T08:23:07","modified_gmt":"2026-04-14T11:23:07","slug":"contratacao_curso_especializacao","status":"publish","type":"page","link":"https:\/\/www.ufmg.br\/proplan\/convenios\/contratacao_curso_especializacao\/","title":{"rendered":"Contrata\u00e7\u00e3o para curso de especializa\u00e7\u00e3o"},"content":{"rendered":"<p style=\"text-align: justify;\">Em conformidade com o art. 1<u><sup>o<\/sup><\/u>\u00a0, da\u00a0<a href=\"http:\/\/www.planalto.gov.br\/ccivil_03\/leis\/L8958compilado.htm\">Lei 8.958\/1994<\/a>,\u00a0as Institui\u00e7\u00f5es Federais de Ensino Superior (IFES) e as demais Institui\u00e7\u00f5es Cient\u00edficas e Tecnol\u00f3gicas (ICTs), de que trata a\u00a0<a href=\"http:\/\/www.planalto.gov.br\/ccivil_03\/_Ato2004-2006\/2004\/Lei\/L10.973.htm\">Lei n\u00ba 10.973\/2004<\/a>, podem celebrar conv\u00eanios e contratos, nos termos do\u00a0<a href=\"https:\/\/www.planalto.gov.br\/ccivil_03\/_ato2019-2022\/2021\/lei\/l14133.htm\">inciso XV do art. 75 da Lei 14.133, de 1\u00ba de Abril de 2021<\/a>,\u00a0por prazo determinado, com funda\u00e7\u00f5es institu\u00eddas com a finalidade de apoiar projetos de ensino, pesquisa, extens\u00e3o, desenvolvimento institucional, cient\u00edfico e tecnol\u00f3gico e est\u00edmulo \u00e0 inova\u00e7\u00e3o, inclusive na gest\u00e3o administrativa e financeira necess\u00e1ria \u00e0 execu\u00e7\u00e3o desses projetos.<\/p>\n<p>As seguintes Funda\u00e7\u00f5es de Apoio est\u00e3o credenciadas a contratar a gest\u00e3o administrativa e financeira de projetos no \u00e2mbito da UFMG:<br \/>\n1.\u00a0<a href=\"http:\/\/www.fundep.ufmg.br\/\">Funda\u00e7\u00e3o de Desenvolvimento da Pesquisa \u2013 FUNDEP<\/a>;<br \/>\n2.\u00a0<a href=\"https:\/\/www.fepe.com.br\/\">Funda\u00e7\u00e3o de Apoio ao Ensino Pesquisa e Extens\u00e3o \u2013 FEPE<\/a>;<br \/>\n3.\u00a0<a href=\"https:\/\/www.fco.org.br\/\">Funda\u00e7\u00e3o Christiano Ottoni \u2013 FCO<\/a>;<br \/>\n4.\u00a0<a href=\"https:\/\/www.ipead.face.ufmg.br\/\">Funda\u00e7\u00e3o IPEAD<\/a>;<br \/>\n5.\u00a0<a href=\"https:\/\/frmfa.com.br\/\">Funda\u00e7\u00e3o Rodrigo Mello Franco de Andrade \u2013 FRMFA<\/a>;<\/p>\n<p>&nbsp;<\/p>\n<p><strong>LEGISLA\u00c7\u00d5ES APLIC\u00c1VEIS<\/strong><\/p>\n<p><a href=\"http:\/\/www.planalto.gov.br\/ccivil_03\/_ato2007-2010\/2010\/decreto\/d7423.htm\"><strong>Decreto 7423 \u2013<\/strong>\u00a0<\/a>Regulamenta a Lei n\u00ba 8.958, de 20 de dezembro de 1994, que disp\u00f5e sobre as rela\u00e7\u00f5es entre as institui\u00e7\u00f5es federais de ensino superior e de pesquisa cient\u00edfica e tecnol\u00f3gica e as funda\u00e7\u00f5es de apoio, e revoga o Decreto n\u00ba 5.205, de 14 de setembro de 2004.<\/p>\n<p><strong><a href=\"https:\/\/www.ufmg.br\/proplan\/wp-content\/uploads\/2022\/08\/Resolucao-01_2020-Cons.-Univ.-de-05-de-marco-de-2020-Equipe.pdf\">Resolu\u00e7\u00e3o 01\/2020<\/a>\u00a0\u2013<\/strong>\u00a0Disciplina crit\u00e9rios para a participa\u00e7\u00e3o de servidores e para a concess\u00e3o de bolsas no \u00e2mbito dos projetos de ensino, pesquisa, extens\u00e3o, desenvolvimento institucional, cient\u00edfico, cultural, tecnol\u00f3gico e est\u00edmulo \u00e0 inova\u00e7\u00e3o, desenvolvidos com a colabora\u00e7\u00e3o das Funda\u00e7\u00f5es de Apoio da Universidade Federal de Minas Gerais (UFMG), e revoga a Resolu\u00e7\u00e3o n\u00ba 01\/2011, de 11 de mar\u00e7o de 2011.<\/p>\n<p><strong><a href=\"https:\/\/www.ufmg.br\/proplan\/wp-content\/uploads\/2023\/03\/Resoluc\u0327a\u0303o-SODs-13-2022.pdf\">Resoluc\u0327a\u0303o 13\/2022<\/a>\u00a0\u2013<\/strong> Regulamenta, no \u00e2mbito da UFMG, as Atividades Acad\u00eamicas realizadas com recursos externos dos setores p\u00fablico e privado e o ressarcimento \u00e0 Universidade, bem como revoga a Resolu\u00e7\u00e3o no 10\/95, de 30 de novembro de 1995 (a partir de junho\/2023).<\/p>\n<p><strong><a href=\"https:\/\/www.ufmg.br\/proplan\/wp-content\/uploads\/2023\/07\/Resolucao-no-16-2012-atualizado-dia-23-05-2016.pdf\">Resolu\u00e7\u00e3o 16\/2012<\/a>\u00a0\u2013<\/strong>\u00a0Estabelece diretrizes para celebra\u00e7\u00e3o de acordos, conv\u00eanios, ajustes pela Universidade Federal de Minas Gerais.<\/p>\n<p><strong><a href=\"https:\/\/www.ufmg.br\/proplan\/wp-content\/uploads\/2023\/03\/Resolucao-no-06-92-atualizado-dia-23-05-2016-1.docx\">Resolu\u00e7\u00e3o 06\/92<\/a><\/strong> &#8211; Regulamenta a oferta de cursos de Especializa\u00e7\u00e3o na UFMG.<\/p>\n<p><strong><a href=\"https:\/\/www.ufmg.br\/proplan\/wp-content\/uploads\/2025\/08\/Resolucao-03-2025-Aplicavel-a-Fundacao-de-Apoio.pdf\">Resolu\u00e7\u00e3o 03\/2025<\/a> &#8211;<\/strong> Estabelece as normas gerais para o relacionamento institucional entre a Universidade Federal de Minas Gerais (UFMG) e as Funda\u00e7\u00f5es de Apoio, bem como revoga a Resolu\u00e7\u00e3o n\u00ba 10\/2004, de 18 de novembro de 2004.<\/p>\n<p><strong><a href=\"https:\/\/www.ufmg.br\/proplan\/wp-content\/uploads\/2025\/10\/SEI_4614714_Resolucao_5.pdf\">Resolu\u00e7\u00e3o 5\/2025 <\/a><\/strong>&#8211; Regulamenta, no \u00e2mbito da Pr\u00f3-Reitoria de P\u00f3s-Gradua\u00e7\u00e3o, as Atividades Acad\u00eamicas realizadas com recursos externos provenientes dos setores p\u00fablico e privado, bem como o ressarcimento \u00e0 Universidade.<\/p>\n<p>&nbsp;<\/p>\n<p style=\"text-align: justify;\"><strong>PROCEDIMENTOS PARA A CONTRATA\u00c7\u00c3O DE FUNDA\u00c7\u00c3O DE APOIO<\/strong><\/p>\n<p style=\"text-align: justify;\">Com vista a aplica\u00e7\u00e3o da\u00a0<a href=\"https:\/\/www.ufmg.br\/proplan\/wp-content\/uploads\/3-Portaria_088_CURSOS_DE_ESPECIALIZA%C3%87%C3%83O-atualizado-em-17-05-2019.pdf\">Portaria n\u00ba 088, de 12 de dezembro de 2011 \u2013 Curso de Especializa\u00e7\u00e3o<\/a>, as Pr\u00f3-Reitorias de\u00a0Planejamento e Desenvolvimento e de P\u00f3s-Gradua\u00e7\u00e3o, solicitam dos proponentes dos cursos de\u00a0especializa\u00e7\u00e3o, diretores de unidades e coordenadores dos respectivos cursos que, em\u00a0atendimento ao disposto do artigo 6\u00ba da Portaria em ep\u00edgrafe, instruam o processo\u00a0administrativo, conforme orienta\u00e7\u00f5es abaixo:<\/p>\n<p style=\"text-align: justify;\">A coordena\u00e7\u00e3o dever\u00e1 abrir o processo no SEI como\u00a0<strong>Administra\u00e7\u00e3o: Contrata\u00e7\u00e3o de Funda\u00e7\u00e3o de Apoio\u00a0<\/strong>e incluir a documenta\u00e7\u00e3o conforme o checklist abaixo e tamb\u00e9m constante na base de conhecimento do SEI\/UFMG. Os documentos internos dever\u00e3o ser gerados no Sistema e a documenta\u00e7\u00e3o externa dever\u00e1 ser solicitada de forma eletr\u00f4nica, com assinatura digital. \u00a0Vide: <a href=\"https:\/\/www.ufmg.br\/proplan\/wp-content\/uploads\/014-2020-INCLUS%C3%83O-DE-DOCUMENTOS-NOS-PROCESSOS-ADMINISTRATIVOS-PRODUZIDOS-NO-SEI.pdf\">Of\u00edcio Circular 14\/2020 DCF<\/a>\u00a0e respectiva\u00a0<a href=\"https:\/\/www.ufmg.br\/proplan\/wp-content\/uploads\/014-2020-ANEXO-INSTRU%C3%87%C3%83O-DCF-01-2020.pdf\">Instru\u00e7\u00e3o n\u00b0 1\/2020<\/a>;<\/p>\n<p>&nbsp;<\/p>\n<p style=\"text-align: justify;\"><a href=\"https:\/\/www.ufmg.br\/proplan\/wp-content\/uploads\/2025\/01\/Checklist-Contratacao-Fundacao-de-Apoio-demais-projetos-atualizado-dia-07-01-2025.doc\">Checklist Contrata\u00e7\u00e3o de Funda\u00e7\u00e3o de Apoio \u2013 Demais projetos<\/a><\/p>\n<p class=\"yiv7136993892msonormal\" style=\"text-align: justify;\"><a href=\"https:\/\/www.ufmg.br\/proplan\/wp-content\/uploads\/2-Orienta%C3%A7%C3%B5es-para-Coordenadores-atualizado-em-17-05-2019.pdf\">Obriga\u00e7\u00e3o dos Coordenadores<\/a><\/p>\n<p>&nbsp;<\/p>\n<p class=\"yiv7136993892msonormal\" style=\"text-align: justify;\">Segue abaixo a rela\u00e7\u00e3o de documentos que comp\u00f5e o processo administrativo de contrata\u00e7\u00e3o da funda\u00e7\u00e3o de apoio:<\/p>\n<ul>\n<li class=\"yiv7136993892MsoNormal\"><span id=\"yui_3_16_0_1_1409587926439_48021\">Documento da unidade\/\u00f3rg\u00e3o solicitando o apoio \u00e0 Funda\u00e7\u00e3o\/ Formaliza\u00e7\u00e3o da demanda;<\/span><\/li>\n<\/ul>\n<p class=\"yiv7136993892MsoNormal\" style=\"text-align: justify;\">Modelo \u2013\u00a0<a href=\"https:\/\/www.ufmg.br\/proplan\/wp-content\/uploads\/2023\/10\/Solicitacao-de-apoio-Formalizacao-de-Demanda-Atualizado-31.10.23.doc\">Solicita\u00e7\u00e3o de apoio &#8211; Formaliza\u00e7\u00e3o de Demanda<\/a><\/p>\n<ul>\n<li class=\"yiv7136993892MsoNormal\" style=\"text-align: justify;\"><span id=\"yui_3_16_0_1_1409587926439_47983\"><span id=\"yui_3_16_0_1_1409587926439_47982\">Projeto aprovado na Unidade, elaborado nos termos da Lei 8.958\/94 e <\/span><\/span><span id=\"yui_3_16_0_1_1409587926439_47976\">Or\u00e7amento completo, cronograma, forma de financiamento e gerenciamento do projeto (plano de formas e condi\u00e7\u00f5es).<\/span><\/li>\n<\/ul>\n<p class=\"yiv7136993892MsoNormal\" style=\"text-align: justify;\">Modelo \u2013 <a href=\"https:\/\/www.ufmg.br\/proplan\/wp-content\/uploads\/2025\/10\/Fluxo-de-Caixa-Especializacao-Plano-de-Formas-e-Condicoes-atualizado-dia-13-10-2025.xlsx\">Fluxo de Caixa \u2013 Plano de Formas e Condi\u00e7\u00f5es para Curso de Especializa\u00e7\u00e3o<\/a><\/p>\n<ul>\n<li style=\"text-align: justify;\">Aprova\u00e7\u00e3o do Projeto pela autoridade(s)\/inst\u00e2ncia(s) competente(s).<\/li>\n<li id=\"yui_3_16_0_1_1409587926439_48032\" class=\"yiv7136993892MsoNormal\"><span id=\"yui_3_16_0_1_1409587926439_48031\">Comprova\u00e7\u00e3o de atendimento da Resolu\u00e7\u00e3o 01\/2020 do Conselho Universit\u00e1rio \/ Formul\u00e1rio de composi\u00e7\u00e3o de equipe.<\/span><\/li>\n<\/ul>\n<p class=\"yiv7136993892MsoNormal\" style=\"text-align: justify;\">Modelo \u2013 <a href=\"https:\/\/www.ufmg.br\/proplan\/wp-content\/uploads\/2024\/05\/4-Formulario-para-composicao-da-equipe-do-projeto-Resolucao-01-2020-atualizada-dia-27-05-2024.xls\">Formul\u00e1rio para composi\u00e7\u00e3o da equipe do projeto &#8211; Resolu\u00e7\u00e3o 01\/2020<\/a><\/p>\n<ul>\n<li>Termo de responsabilidade, por parte do coordenador do projeto, atinente \u201cao somat\u00f3rio da remunera\u00e7\u00e3o, retribui\u00e7\u00f5es e bolsas percebidas de toda a equipe definida pelo plano de trabalho do projeto a ser aprovado, bem como das horas dedicadas\u201d, em atendimento ao \u00a7 3\u00ba do art. 6\u00ba da Resolu\u00e7\u00e3o n\u00ba 01\/2020.<\/li>\n<\/ul>\n<p>Modelo\u00a0\u2013\u00a0<a href=\"https:\/\/www.ufmg.br\/proplan\/wp-content\/uploads\/2022\/07\/4-Modelo-Declaracao-Resolucao-01.2020.doc\">Termo de Responsabilidade Resolu\u00e7\u00e3o 01\/2020<\/a><\/p>\n<ul>\n<li>Declara\u00e7\u00e3o para participa\u00e7\u00e3o em projeto,\u00a0<strong>somente nos casos<\/strong>\u00a0em que o servidor esteja vinculado\u00a0a Departamento, Unidade ou \u00d3rg\u00e3o diferente daquele em que se refere o projeto, com a anu\u00eancia do \u00f3rg\u00e3o de seu exerc\u00edcio, em atendimento ao \u00a7 1\u00ba do art. 2\u00ba da Resolu\u00e7\u00e3o n\u00ba 01\/2020.<\/li>\n<\/ul>\n<p>Modelo\u00a0\u2013\u00a0<a href=\"https:\/\/www.ufmg.br\/proplan\/wp-content\/uploads\/2023\/10\/MODELO-DE-DECLARACAO-E-SOLICITACAO-DA-PARTICIPACAO.docx\">Declara\u00e7\u00e3o e solicita\u00e7\u00e3o de participa\u00e7\u00e3o em projeto \u2013 Resolu\u00e7\u00e3o 01\/2020<\/a><\/p>\n<ul>\n<li id=\"yui_3_16_0_1_1409587926439_47925\" class=\"yiv7136993892MsoNormal\" style=\"text-align: justify;\"><span id=\"yui_3_16_0_1_1409587926439_47970\">Ficha de gest\u00e3o<\/span><\/li>\n<\/ul>\n<p class=\"yiv7136993892MsoNormal\" style=\"text-align: justify;\">Modelo \u2013 <a href=\"https:\/\/www.ufmg.br\/proplan\/wp-content\/uploads\/2023\/10\/Ficha-de-gestao-atualizada-06.10.2023.pdf\">Ficha de Gest\u00e3o<\/a><\/p>\n<ul>\n<li style=\"text-align: justify;\">Proposta da funda\u00e7\u00e3o a ser contratada assinada digitalmente, contendo, inclusive, a planilha de custos relativa \u00e0 sua remunera\u00e7\u00e3o, bem como o Estatuto da Funda\u00e7\u00e3o e comprovante de credenciamento junto aos Minist\u00e9rios competentes.<\/li>\n<li>Comprova\u00e7\u00e3o que a Funda\u00e7\u00e3o contratada preenche os requisitos de habilita\u00e7\u00e3o junto ao SICAF, CADIN, CEIS, TCU (Certid\u00f5es)<\/li>\n<li>3 Propostas da funda\u00e7\u00e3o referente a projetos anteriores com fins de compara\u00e7\u00e3o dos pre\u00e7os.<\/li>\n<li>Declara\u00e7\u00e3o que a planilha de custos operacionais foi analisada e comparada com as propostas de outras contrata\u00e7\u00f5es.<\/li>\n<\/ul>\n<p>Modelo \u2013 <a href=\"https:\/\/www.ufmg.br\/proplan\/wp-content\/uploads\/2023\/10\/Declaracao-planilha-de-custos-fundacao-31-10-2023.doc\">Declara\u00e7\u00e3o planilha de custos funda\u00e7\u00e3o<\/a><\/p>\n<ul>\n<li id=\"yui_3_16_0_1_1409587926439_47921\" class=\"yiv7136993892MsoNormal\" style=\"text-align: justify;\"><span id=\"yui_3_16_0_1_1409587926439_47920\">Declara\u00e7\u00e3o de carga hor\u00e1ria anual de cada servidor dedicada ao projeto n\u00e3o ultrapassando, em m\u00e9dia, 8 (oito) horas semanais.<\/span><\/li>\n<\/ul>\n<p style=\"text-align: justify;\">Modelo \u2013\u00a0<a href=\"https:\/\/www.ufmg.br\/proplan\/wp-content\/uploads\/7-Declara%C3%A7%C3%A3o-Carga-hor%C3%A1ria-atualizado-em-17-05-2019.doc\">Declara\u00e7\u00e3o Carga hor\u00e1ria<\/a><\/p>\n<ul>\n<li id=\"yui_3_16_0_1_1409587926439_47918\" class=\"yiv7136993892MsoNormal\" style=\"text-align: justify;\"><span id=\"yui_3_16_0_1_1409587926439_47917\">Declara\u00e7\u00e3o de quantitativo de pessoal da UFMG que atua no processo \u00e9 no m\u00ednimo igual a 2\/3 do total.<\/span><\/li>\n<\/ul>\n<p class=\"yiv7136993892MsoNormal\" style=\"text-align: justify;\">Modelo \u2013\u00a0<a href=\"https:\/\/www.ufmg.br\/proplan\/wp-content\/uploads\/8-Declara%C3%A7%C3%A3o-Quantitativo-de-pessoal-atualizado-em-14-12-2020.doc\">Declara\u00e7\u00e3o Quantitativo de Pessoal<\/a><\/p>\n<ul>\n<li id=\"yui_3_16_0_1_1409587926439_47915\" class=\"yiv7136993892MsoNormal\" style=\"text-align: justify;\"><span id=\"yui_3_16_0_1_1409587926439_47974\">Declara\u00e7\u00e3o de gratuidade prevista no art. 6\u00ba da Res 06\/92.<\/span><\/li>\n<li id=\"yui_3_16_0_1_1409587926439_47914\" class=\"yiv7136993892MsoNormal\" style=\"text-align: justify;\"><span id=\"yui_3_16_0_1_1409587926439_47972\">Declara\u00e7\u00e3o de vagas previstas no art. 8\u00ba da Res 06\/92.<\/span><\/li>\n<\/ul>\n<p style=\"text-align: justify;\">Modelo \u2013\u00a0<a href=\"https:\/\/www.ufmg.br\/proplan\/wp-content\/uploads\/9-Declara%C3%A7%C3%A3o-Gratuidade-previstas-art.-6%C2%BA-e-8%C2%BA-atualizado-em-17-05-2019.doc\">Declara\u00e7\u00e3o Gratuidade previstas art. 6\u00ba e 8\u00ba<\/a><\/p>\n<ul>\n<li id=\"yui_3_16_0_1_1409587926439_47911\" class=\"yiv7136993892MsoNormal\" style=\"text-align: justify;\"><span id=\"yui_3_16_0_1_1409587926439_47913\">Declara\u00e7\u00e3o de que a soma da remunera\u00e7\u00e3o mensal a cada servidor n\u00e3o ultrapassa o limite estabelecido na Resolu\u00e7\u00e3o n\u00ba 01\/2020.<\/span><\/li>\n<\/ul>\n<p style=\"text-align: justify;\">Modelo \u2013\u00a0<a href=\"https:\/\/www.ufmg.br\/proplan\/wp-content\/uploads\/10-Declara%C3%A7%C3%A3o-Remunera%C3%A7%C3%A3o-mensal-atualizado-em-14-12-2020.doc\">Declara\u00e7\u00e3o Remunera\u00e7\u00e3o Mensal<\/a><\/p>\n<ul>\n<li id=\"yui_3_16_0_1_1409587926439_47910\" class=\"yiv7136993892MsoNormal\" style=\"text-align: justify;\">Declara\u00e7\u00e3o de que a contrata\u00e7\u00e3o de pessoal \u00e9 espec\u00edfica para o Projeto.<\/li>\n<\/ul>\n<p style=\"text-align: justify;\">Modelo \u2013\u00a0<a href=\"https:\/\/www.ufmg.br\/proplan\/wp-content\/uploads\/11-Declara%C3%A7%C3%A3o-Contrata%C3%A7%C3%A3o-de-pessoal-atualizado-em-17-05-2019.doc\">Declara\u00e7\u00e3o Contrata\u00e7\u00e3o de pessoal<\/a><\/p>\n<ul>\n<li class=\"yiv7136993892MsoNormal\" style=\"text-align: justify;\">\u00a0Aprova\u00e7\u00e3o das Vagas pela Pr\u00f3 Reitoria de P\u00f3s Gradua\u00e7\u00e3o, bem como voto de oferecimento do curso\/cria\u00e7\u00e3o do curso<\/li>\n<\/ul>\n<ul>\n<li class=\"yiv7136993892MsoNormal\" style=\"text-align: justify;\">Justificativa da Dispensa de Licita\u00e7\u00e3o conforme Anexo 3 da Portaria n\u00ba 088\/11.\u00a0\u00a0Para an\u00e1lise pr\u00e9via do processo, dever\u00e1 ser inclu\u00edda a minuta da justificativa.<\/li>\n<\/ul>\n<p style=\"text-align: justify;\">Modelo \u2013 <a href=\"https:\/\/www.ufmg.br\/proplan\/wp-content\/uploads\/2025\/01\/Formulario-de-Justificativa-para-Contratacao-por-Dispensa-de-Licitacao-atualizado-dia-07-01-2025.doc\">Formul\u00e1rio de Justificativa para Contrata\u00e7\u00e3o por Dispensa de Licita\u00e7\u00e3o <\/a><\/p>\n<ul>\n<li class=\"yiv7136993892MsoNormal\" style=\"text-align: justify;\">Minuta de Contrato com Funda\u00e7\u00e3o de Apoio de acordo com o Anexo 4 da Portaria n\u00ba 088\/11<\/li>\n<\/ul>\n<p class=\"yiv7136993892MsoNormal\" style=\"text-align: justify;\">Modelo \u2013 <a href=\"https:\/\/www.ufmg.br\/proplan\/wp-content\/uploads\/2026\/04\/Minuta-de-contrato-de-Prestacao-de-Servico-para-Curso-de-Especializacao-atualizad-17-09-2025.doc\">Minuta de Contrato para Presta\u00e7\u00e3o de Servi\u00e7o para Especializa\u00e7\u00e3o<\/a><\/p>\n<ul>\n<li style=\"text-align: justify;\">Of\u00edcio de encaminhamento assinado pelo diretor da unidade encaminhando o processo administrativo.<\/li>\n<\/ul>\n<p>&nbsp;<\/p>\n<p style=\"text-align: justify;\">Assinatura do instrumento:\u00a0\u00c9 condi\u00e7\u00e3o para assinatura do contrato a consulta das certid\u00f5es abaixo relacionadas:<\/p>\n<ul style=\"text-align: justify;\">\n<li>SICAF;<\/li>\n<li>Cadastro Nacional de Empresas Inid\u00f4neas e Suspensas &#8211; CEIS;<\/li>\n<li>Certid\u00e3o Negativa de Licitantes Inid\u00f4neos \u2013 TCU;<\/li>\n<li>Consultar a situa\u00e7\u00e3o da Funda\u00e7\u00e3o no CADIN.<\/li>\n<\/ul>\n<p>&nbsp;<\/p>\n<p class=\"yiv7136993892MsoNormal\" style=\"text-align: justify;\">Ap\u00f3s finaliza\u00e7\u00e3o da tramita\u00e7\u00e3o do processo de contrata\u00e7\u00e3o, o termo de responsabilidade, dever\u00e1 ser gerado no SEI e preenchido com os dados do projeto e contrato\u00a0e assinados pela coordena\u00e7\u00e3o respons\u00e1vel.<\/p>\n<div style=\"text-align: justify;\">\n<div>Modelo \u2013\u00a0<a href=\"https:\/\/www.ufmg.br\/proplan\/wp-content\/uploads\/16-Termo-de-Responsabilidade-Especializa%C3%A7%C3%A3o-atualizado-dia-17-05-2019.doc\">Termo de Responsabilidade Especializa\u00e7\u00e3o<\/a><\/div>\n<\/div>\n<div style=\"text-align: justify;\">\n<p>&nbsp;<\/p>\n<p><strong>TERMO ADITIVO<\/strong><\/p>\n<p>Para a celebra\u00e7\u00e3o de Termo Aditivo A coordena\u00e7\u00e3o e\/ou suporte Administrativo indicado dever\u00e1 incluir a documenta\u00e7\u00e3o constante no checklist no processo original do SEI e enviar o processo para a Divis\u00e3o de Conv\u00eanios \u2013 DCV com no m\u00ednimo 30 dias de anteced\u00eancia.<\/p>\n<p><strong>Modelo<\/strong>\u00a0\u2013\u00a0<a href=\"https:\/\/www.ufmg.br\/proplan\/wp-content\/uploads\/2025\/01\/Checklist-Termo-Aditivo-atualizado-dia-07-01-2025.doc\">Checklist Termo Aditivo para Contrato de Presta\u00e7\u00e3o de Servi\u00e7o<\/a><\/p>\n<p>Informamos que a partir do dia 02\/01\/2020, os processos j\u00e1 existentes de forma f\u00edsica ser\u00e3o transferidos para o SEI no momento da necessidade da celebra\u00e7\u00e3o de um Termo Aditivo. Assim A coordena\u00e7\u00e3o e\/ou suporte Administrativo indicado dever\u00e1 entrar em Contato com a Divis\u00e3o de Conv\u00eanios para maiores esclarecimentos. Estes processos se tornar\u00e3o h\u00edbridos e ap\u00f3s a transi\u00e7\u00e3o toda a tramita\u00e7\u00e3o acontecer\u00e1 exclusivamente no SEI\/UFMG.<\/p>\n<p>Segue abaixo modelo de Termo Aditivo.<\/p>\n<p><strong>Modelo<\/strong>\u00a0\u2013\u00a0<a href=\"https:\/\/www.ufmg.br\/proplan\/wp-content\/uploads\/2025\/01\/Minuta-de-Termo-Aditivo-para-Contrato-de-prestacao-de-Servico-atualizado-dia-07-01-2025.doc\">Minuta de Termo Aditivo para Contrato de Presta\u00e7\u00e3o de Servi\u00e7o<\/a><\/p>\n<p>&nbsp;<\/p>\n<p><strong>ALTERA\u00c7\u00c3O DE OR\u00c7AMENTO<\/strong><\/p>\n<p>Para altera\u00e7\u00e3o de or\u00e7amento a coordena\u00e7\u00e3o dever\u00e1 gerar o novo Plano de Formas e Condi\u00e7\u00f5es &#8211; Especializa\u00e7\u00e3o no processo original no SEI e o encaminhar \u00e0 Divis\u00e3o de Conv\u00eanio para aprova\u00e7\u00e3o junto a Pr\u00f3 Reitoria de Planejamento \u2013 PROPLAN.<\/p>\n<p>&nbsp;<\/p>\n<p><strong>PLANILH<\/strong><strong>A TCU<\/strong><\/p>\n<\/div>\n<p class=\"yiv7136993892MsoNormal\" style=\"text-align: justify;\">Esta planilha deve ser mantida atualizada em sua UG e enviada conforme orienta\u00e7\u00f5es repassadas pelo DCF.<\/p>\n<p class=\"yiv7136993892MsoNormal\" style=\"text-align: justify;\">Modelo \u2013\u00a0<a href=\"https:\/\/www.ufmg.br\/proplan\/wp-content\/uploads\/17-Planilha-TCU-atualizado-17-05-2019.xls\">Planilha TCU<\/a><\/p>\n<p>&nbsp;<\/p>\n<p style=\"text-align: justify;\"><strong>PRESTA\u00c7\u00c3O DE CONTAS<\/strong><\/p>\n<p style=\"text-align: justify;\"><em>Ao final da execu\u00e7\u00e3o do projeto, a Funda\u00e7\u00e3o de Apoio dever\u00e1 prestar contas da execu\u00e7\u00e3o, no prazo estabelecido no contrato assinado entre as partes, observando as orienta\u00e7\u00f5es contidas nos par\u00e1grafos 1\u00b0 e 2\u00b0 do artigo 11\u00b0 do Decreto 7423\/2010:<\/em><\/p>\n<ul style=\"text-align: justify;\">\n<li><em>1<u><sup>o<\/sup><\/u>A presta\u00e7\u00e3o de contas dever\u00e1 abranger os aspectos cont\u00e1beis, de legalidade, efetividade e economicidade de cada projeto, cabendo \u00e0 institui\u00e7\u00e3o apoiada zelar pelo acompanhamento em tempo real da execu\u00e7\u00e3o f\u00edsico-financeira da situa\u00e7\u00e3o de cada projeto e respeitar a segrega\u00e7\u00e3o de fun\u00e7\u00f5es e responsabilidades entre funda\u00e7\u00e3o de apoio e institui\u00e7\u00e3o apoiada.<\/em><\/li>\n<li><em>2<u><sup>o<\/sup><\/u>A presta\u00e7\u00e3o de contas dever\u00e1 ser instru\u00edda com os demonstrativos de receitas e despesas, c\u00f3pia dos documentos fiscais da funda\u00e7\u00e3o de apoio, rela\u00e7\u00e3o de pagamentos discriminando, no caso de pagamentos, as respectivas cargas hor\u00e1rias de seus benefici\u00e1rios, c\u00f3pias de guias de recolhimentos e atas de licita\u00e7\u00e3o.<\/em><\/li>\n<\/ul>\n<p style=\"text-align: justify;\">O(A) coordenador(a) do projeto dever\u00e1 receber e conferir a presta\u00e7\u00e3o de contas<em>\u00a0apresentada pela Funda\u00e7\u00e3o e, no prazo de 30 dias a contar de seu recebimento, manifestar-se formalmente a respeito de sua adequa\u00e7\u00e3o. Esta manifesta\u00e7\u00e3o ser\u00e1 feita por meio de Nota T\u00e9cnica elaborada pelo(a) coordenador(a) do projeto e ratificada pelo(a) diretor(a) da Unidade, e observar\u00e1 as orienta\u00e7\u00f5es contidas no par\u00e1grafo 3\u00b0 do artigo 11\u00b0 do Decreto 7423\/2010:<\/em><\/p>\n<ul style=\"text-align: justify;\">\n<li><em>3<u><sup>o<\/sup><\/u>A institui\u00e7\u00e3o apoiada dever\u00e1 elaborar relat\u00f3rio final de avalia\u00e7\u00e3o com base nos documentos referidos no \u00a7 2<u><sup>o<\/sup><\/u>\u00a0e demais informa\u00e7\u00f5es relevantes sobre o projeto, atestando a regularidade das despesas realizadas pela funda\u00e7\u00e3o de apoio, o atendimento dos resultados esperados no plano de trabalho e a rela\u00e7\u00e3o de bens adquiridos em seu \u00e2mbito.<\/em><\/li>\n<\/ul>\n<p style=\"text-align: justify;\">A Funda\u00e7\u00e3o de Apoio dever\u00e1 apresentar a presta\u00e7\u00e3o de contas de forma eletr\u00f4nica contendo assinatura digital. O coordenador deve incluir a documenta\u00e7\u00e3o no SEI e gerar no sistema a Nota T\u00e9cnica\u00a0<a href=\"https:\/\/www.ufmg.br\/proplan\/wp-content\/uploads\/Modelo-Nota-T%C3%A9cnica-de-presta%C3%A7%C3%A3o-de-contas-Funda%C3%A7%C3%A3o-de-Apoio.docx\">modelo dispon\u00edvel aqui<\/a>. Dever\u00e1 incluir tamb\u00e9m uma manifesta\u00e7\u00e3o sobre o cumprimento das obriga\u00e7\u00f5es da Funda\u00e7\u00e3o de Apoio contratada, que est\u00e3o listadas nos incisos do par\u00e1grafo 3\u00b0 da cl\u00e1usula 2\u00b0 do contrato assinado entre as partes.<\/p>\n<p style=\"text-align: justify;\">O dever de prestar contas do uso de recursos p\u00fablicos est\u00e1 previsto no par\u00e1grafo \u00fanico do artigo 70\u00b0 da Constitui\u00e7\u00e3o Federal<strong>:<\/strong><\/p>\n<p style=\"text-align: justify;\"><em>\u201cPrestar\u00e1 contas qualquer pessoa f\u00edsica ou jur\u00eddica, p\u00fablica ou privada, que utilize, arrecade, guarde, gerencie ou administre dinheiros, bens e valores p\u00fablicos ou pelos quais a Uni\u00e3o responda, ou que, em nome desta, assuma obriga\u00e7\u00f5es de natureza pecuni\u00e1ria.\u201d<\/em><\/p>\n","protected":false},"excerpt":{"rendered":"<p>Em conformidade com o art. 1o\u00a0, da\u00a0Lei 8.958\/1994,\u00a0as Institui\u00e7\u00f5es Federais [&hellip;]<\/p>\n","protected":false},"author":1,"featured_media":0,"parent":348,"menu_order":0,"comment_status":"closed","ping_status":"closed","template":"","meta":{"footnotes":""},"tags":[],"class_list":["post-374","page","type-page","status-publish","hentry"],"_links":{"self":[{"href":"https:\/\/www.ufmg.br\/proplan\/wp-json\/wp\/v2\/pages\/374","targetHints":{"allow":["GET"]}}],"collection":[{"href":"https:\/\/www.ufmg.br\/proplan\/wp-json\/wp\/v2\/pages"}],"about":[{"href":"https:\/\/www.ufmg.br\/proplan\/wp-json\/wp\/v2\/types\/page"}],"author":[{"embeddable":true,"href":"https:\/\/www.ufmg.br\/proplan\/wp-json\/wp\/v2\/users\/1"}],"replies":[{"embeddable":true,"href":"https:\/\/www.ufmg.br\/proplan\/wp-json\/wp\/v2\/comments?post=374"}],"version-history":[{"count":49,"href":"https:\/\/www.ufmg.br\/proplan\/wp-json\/wp\/v2\/pages\/374\/revisions"}],"predecessor-version":[{"id":13437,"href":"https:\/\/www.ufmg.br\/proplan\/wp-json\/wp\/v2\/pages\/374\/revisions\/13437"}],"up":[{"embeddable":true,"href":"https:\/\/www.ufmg.br\/proplan\/wp-json\/wp\/v2\/pages\/348"}],"wp:attachment":[{"href":"https:\/\/www.ufmg.br\/proplan\/wp-json\/wp\/v2\/media?parent=374"}],"wp:term":[{"taxonomy":"post_tag","embeddable":true,"href":"https:\/\/www.ufmg.br\/proplan\/wp-json\/wp\/v2\/tags?post=374"}],"curies":[{"name":"wp","href":"https:\/\/api.w.org\/{rel}","templated":true}]}}