{"id":386,"date":"2021-08-10T10:46:36","date_gmt":"2021-08-10T13:46:36","guid":{"rendered":"https:\/\/www.ufmg.br\/proplan\/?page_id=386"},"modified":"2026-02-03T14:33:33","modified_gmt":"2026-02-03T17:33:33","slug":"termos-de-colaboracao","status":"publish","type":"page","link":"https:\/\/www.ufmg.br\/proplan\/convenios\/termos-de-colaboracao\/","title":{"rendered":"Termos de Colabora\u00e7\u00e3o"},"content":{"rendered":"<h6 style=\"text-align: justify;\"><strong>PROCEDIMENTOS PARA CELEBRA\u00c7\u00c3O DE TERMO DE COLABORA\u00c7\u00c3O<\/strong><\/h6>\n<p>&nbsp;<\/p>\n<p style=\"text-align: justify;\">A Unidade dever\u00e1 abrir o processo no SEI como \u201c<strong>Administra\u00e7\u00e3o: Termo de Colabora\u00e7\u00e3o<\/strong>\u201d e incluir a documenta\u00e7\u00e3o, conforme o checklist abaixo, constante na base de conhecimento do SEI\/UFMG\u00a0(<a href=\"https:\/\/sei.ufmg.br\/index.php\/2019\/08\/28\/base-de-conhecimento\/?id_procedimento=100000269&amp;id_base=385\">clique aqui<\/a>) , lembrando que os documentos dever\u00e3o ser gerados no sistema e a documenta\u00e7\u00e3o externa dever\u00e1 ser elaborada de forma eletr\u00f4nica (PDF) com assinatura digital. \u00a0Vide:\u00a0<a href=\"https:\/\/www.ufmg.br\/proplan\/wp-content\/uploads\/014-2020-INCLUS%C3%83O-DE-DOCUMENTOS-NOS-PROCESSOS-ADMINISTRATIVOS-PRODUZIDOS-NO-SEI.pdf\">Of\u00edcio Circular 14\/2020 DCF<\/a>\u00a0e respectiva\u00a0<a href=\"https:\/\/www.ufmg.br\/proplan\/wp-content\/uploads\/014-2020-ANEXO-INSTRU%C3%87%C3%83O-DCF-01-2020.pdf\">Instru\u00e7\u00e3o n\u00b0 1\/2020<\/a>.<\/p>\n<p>Legisla\u00e7\u00f5es aplic\u00e1veis:<\/p>\n<p><a href=\"http:\/\/www.planalto.gov.br\/ccivil_03\/_ato2011-2014\/2014\/lei\/l13019.htm\">Lei 13019\/2014<\/a> &#8211;\u00a0Estabelece o regime jur\u00eddico das parcerias entre a administra\u00e7\u00e3o p\u00fablica e as organiza\u00e7\u00f5es da sociedade civil, em regime de m\u00fatua coopera\u00e7\u00e3o, para a consecu\u00e7\u00e3o de finalidades de interesse p\u00fablico e rec\u00edproco, mediante a execu\u00e7\u00e3o de atividades ou de projetos previamente estabelecidos em planos de trabalho inseridos em termos de colabora\u00e7\u00e3o, em termos de fomento ou em acordos de coopera\u00e7\u00e3o; define diretrizes para a pol\u00edtica de fomento, de colabora\u00e7\u00e3o e de coopera\u00e7\u00e3o com organiza\u00e7\u00f5es da sociedade civil; e altera as Leis n\u00bas 8.429, de 2 de junho de 1992, e 9.790, de 23 de mar\u00e7o de 1999.\u00a0<a href=\"http:\/\/www.planalto.gov.br\/ccivil_03\/_Ato2015-2018\/2015\/Lei\/L13204.htm#art1\">(Reda\u00e7\u00e3o dada pela Lei n\u00ba 13.204, de 2015)<\/a><\/p>\n<p><a href=\"http:\/\/www.planalto.gov.br\/ccivil_03\/_ato2015-2018\/2016\/decreto\/d8726.htm\">Decreto 8726\/2016<\/a> &#8211; Regulamenta a Lei n\u00ba 13.019, de 31 de julho de 2014, para dispor sobre regras e procedimentos do regime jur\u00eddico das parcerias celebradas entre a administra\u00e7\u00e3o p\u00fablica federal e as organiza\u00e7\u00f5es da sociedade civil.<\/p>\n<p><a href=\"http:\/\/www.planalto.gov.br\/ccivil_03\/_ato2007-2010\/2010\/decreto\/d7234.htm\">Decreto 7234\/2020<\/a> &#8211; Disp\u00f5e sobre o Programa Nacional de Assist\u00eancia Estudantil\u00a0&#8211;\u00a0PNAES.<\/p>\n<p><a href=\"https:\/\/www2.ufmg.br\/sods\/Sods\/Conselho-Universitario\/Documentos\/Resolucoes-Comuns\">Resolu\u00e7\u00e3o 14\/2016<\/a> &#8211; Moradia Universit\u00e1ria &#8211; Estabelece crit\u00e9rios para a ocupa\u00e7\u00e3o de vagas e os pre\u00e7os cobrados nas Moradias Universit\u00e1rias, revogando a Resolu\u00e7\u00e3o 06\/2012, de 22\/05\/2012.<\/p>\n<p><a href=\"https:\/\/www.ufmg.br\/proplan\/wp-content\/uploads\/2022\/08\/Portaria-63-Precos-MU.pdf\">Portaria 63\/2016<\/a> &#8211; Moradia Universit\u00e1ria &#8211; Estabelece os pre\u00e7os das Moradias Universit\u00e1rias.<\/p>\n<p><a href=\"https:\/\/www2.ufmg.br\/sods\/Sods\/Conselho-Universitario\/Documentos\/Resolucoes-Comuns\">Resolu\u00e7\u00e3o 02\/2019<\/a> &#8211; Restaurantes Universit\u00e1rios &#8211; Redefine crit\u00e9rios para o estabelecimento de pre\u00e7os das refei\u00e7\u00f5es praticados pelos Restaurantes Universit\u00e1rios e revoga a Resolu\u00e7\u00e3o 13\/2016, de 28\/06\/2016.<\/p>\n<p><a href=\"https:\/\/www.ufmg.br\/proplan\/wp-content\/uploads\/2022\/08\/Portaria-Gabinete-da-Reitora-no-235_2019-Restaurantes-Universitario-UFMG-Precos-RU.pdf\">Portaria 235\/2019<\/a> &#8211; Restaurantes Universit\u00e1rios &#8211; Pre\u00e7os dos restaurantes.<\/p>\n<p><a href=\"https:\/\/www.ufmg.br\/proplan\/wp-content\/uploads\/2022\/08\/Portaria-UFMG-64-2016-Precos-RU.pdf\">Portaria 64\/2016<\/a>\u00a0&#8211; Restaurantes Universit\u00e1rios &#8211; Estabelece os pre\u00e7os dos restaurantes.<\/p>\n<p>&nbsp;<\/p>\n<ul style=\"text-align: justify;\">\n<li>Passo a passo visando auxiliar na instaura\u00e7\u00e3o do processo do Termo de Colabora\u00e7\u00e3o:\u00a0<a href=\"https:\/\/www.ufmg.br\/proplan\/wp-content\/uploads\/Check-list-SEI-Termo-de-colabora%C3%A7%C3%A3o-UFMG-Lei-13.019-e-dec-8.726-atualizado-em-08-01-2020-1.xlsx\">Check-list SEI Termo de colabora\u00e7\u00e3o UFMG (Lei 13.019 e Decreto 8.726)<\/a><\/li>\n<\/ul>\n<p style=\"text-align: justify;\">Apresenta-se abaixo modelos de documentos que comp\u00f5em o processo administrativo de Termo de Colabora\u00e7\u00e3o:<\/p>\n<p style=\"text-align: justify;\">Modelo \u2013\u00a0<a href=\"https:\/\/www.ufmg.br\/proplan\/wp-content\/uploads\/Minuta-Pol%C3%ADtica-ou-Programa-Termo-de-Colabora%C3%A7%C3%A3o-atualizada-em-janeiro_2020.docx\">Minuta Pol\u00edtica ou Programa Termo de Colabora\u00e7\u00e3o<\/a><\/p>\n<p style=\"text-align: justify;\">Modelo \u2013\u00a0<a href=\"https:\/\/www.ufmg.br\/proplan\/wp-content\/uploads\/Minuta-AGU-Termo-de-Colabora%C3%A7%C3%A3o-atualizada-em-janeiro_2020.docx\">Minuta AGU Termo de Colabora\u00e7\u00e3o<\/a><\/p>\n<p style=\"text-align: justify;\">Modelo \u2013\u00a0<a href=\"https:\/\/www.ufmg.br\/proplan\/wp-content\/uploads\/Minuta-Plano-de-Trabalho-Detalhado-Termo-de-Colabora%C3%A7%C3%A3o-atualizada-em-janeiro_2020.docx\">Minuta Plano de Trabalho Detalhado Termo de Colabora\u00e7\u00e3o<\/a><\/p>\n<p style=\"text-align: justify;\">Modelo \u2013\u00a0<a href=\"https:\/\/www.ufmg.br\/proplan\/wp-content\/uploads\/Checklist-Envio-Termo-de-Colabor%C3%A7%C3%A3o-para-PF.doc\">Checklist PF \u2013 Termo de Colabora\u00e7\u00e3o<\/a><\/p>\n<p style=\"text-align: justify;\">Ap\u00f3s a inclus\u00e3o no sistema de todos os documentos que comp\u00f5e o processo, a unidade dever\u00e1 seguir o fluxo abaixo (o fluxo tamb\u00e9m est\u00e1 dispon\u00edvel na base de conhecimento do SEI\/UFMG \u2013\u00a0<a href=\"https:\/\/sei.ufmg.br\/index.php\/2019\/08\/28\/base-de-conhecimento\/?id_procedimento=100000269&amp;id_base=385\">clique aqui<\/a>):<\/p>\n<p style=\"text-align: justify;\"><img loading=\"lazy\" decoding=\"async\" class=\"alignnone wp-image-18028 \" src=\"https:\/\/www.ufmg.br\/proplan\/wp-content\/uploads\/Fluxo-Termo-de-Colabora%C3%A7%C3%A3o-SEI.png\" sizes=\"auto, (max-width: 930px) 100vw, 930px\" srcset=\"https:\/\/www.ufmg.br\/proplan\/wp-content\/uploads\/Fluxo-Termo-de-Colabora\u00e7\u00e3o-SEI.png 7331w, https:\/\/www.ufmg.br\/proplan\/wp-content\/uploads\/Fluxo-Termo-de-Colabora\u00e7\u00e3o-SEI-1024x160.png 1024w, https:\/\/www.ufmg.br\/proplan\/wp-content\/uploads\/Fluxo-Termo-de-Colabora\u00e7\u00e3o-SEI-1380x215.png 1380w\" alt=\"\" width=\"930\" height=\"145\" \/><\/p>\n<p style=\"text-align: justify;\">Ap\u00f3s a an\u00e1lise da Procuradoria Federal o processo ser\u00e1 enviado a Unidade para atendimento do parecer jur\u00eddico. O gestor dever\u00e1 incluir no SEI o Termo de Cumprimento do Parecer Jur\u00eddico e os documentos j\u00e1 corrigidos, assim como a vers\u00e3o final do instrumento e do plano de trabalho detalhado que dever\u00e3o ser inclu\u00eddas novamente no SEI como \u201cminuta\u201d. As vers\u00f5es finais (do instrumento e do plano de trabalho detalhado) dever\u00e3o tamb\u00e9m ser enviadas por e-mail \u00e0 Divis\u00e3o de Conv\u00eanios (que ser\u00e1 a respons\u00e1vel por disponibilizar a vers\u00e3o final, ap\u00f3s confer\u00eancia, para assinatura).<\/p>\n<p style=\"text-align: justify;\">Modelo \u2013\u00a0<a href=\"https:\/\/www.ufmg.br\/proplan\/wp-content\/uploads\/6-Termo-de-Cumprimento-do-Parecer.doc\">Termo de Cumprimento do Parecer Jur\u00eddico<\/a><\/p>\n<h6 style=\"text-align: justify;\">COMISS\u00c3O DE AVALIA\u00c7\u00c3O E MONITORAMENTO<\/h6>\n<p style=\"text-align: justify;\">Apresenta-se abaixo orienta\u00e7\u00f5es e procedimentos vinculados \u00e0 Comiss\u00e3o de Monitoramento e Avalia\u00e7\u00e3o de Termos de Colabora\u00e7\u00e3o:<\/p>\n<p style=\"text-align: justify;\"><a href=\"https:\/\/www.ufmg.br\/proplan\/wp-content\/uploads\/Comiss%C3%A3o-de-Monitoramento-e-Avalia%C3%A7%C3%A3o-24-09-2020.pdf\">Comiss\u00e3o de Monitoramento e Avalia\u00e7\u00e3o \u2013 24-09-2020<\/a><\/p>\n<h6 style=\"text-align: justify;\">PRESTA\u00c7\u00c3O DE CONTAS<\/h6>\n<p style=\"text-align: justify;\"><strong>Decreto Lei 200 de 1967<\/strong><\/p>\n<p style=\"text-align: justify;\">Art. 84. Quando se verificar que determinada conta n\u00e3o foi prestada, ou que ocorreu desfalque, desvio de bens ou outra irregularidade de que resulte preju\u00edzo para a Fazenda P\u00fablica, as autoridades administrativas, sob pena de co-responsabilidade e sem embargo dos procedimentos disciplinares, dever\u00e3o tomar imediatas provid\u00eancias para assegurar o respectivo ressarcimento e instaurar a tomada de contas, fazendo-se as comunica\u00e7\u00f5es a respeito ao Tribunal de Contas.<\/p>\n<p style=\"text-align: justify;\"><strong>Lei 13.019 de 2014<\/strong><\/p>\n<p>Art. 52. Por ocasi\u00e3o da conclus\u00e3o, den\u00fancia, rescis\u00e3o ou extin\u00e7\u00e3o da parceria, os saldos financeiros remanescentes, inclusive os provenientes das receitas obtidas das aplica\u00e7\u00f5es financeiras realizadas, ser\u00e3o devolvidos \u00e0 administra\u00e7\u00e3o p\u00fablica no prazo improrrog\u00e1vel de trinta dias, sob pena de imediata instaura\u00e7\u00e3o de tomada de contas especial do respons\u00e1vel, providenciada pela autoridade competente da administra\u00e7\u00e3o p\u00fablica. (Reda\u00e7\u00e3o dada pela Lei n\u00ba 13.204, de 2015)<br \/>\nArt. 69. A organiza\u00e7\u00e3o da sociedade civil prestar\u00e1 contas da boa e regular aplica\u00e7\u00e3o dos recursos recebidos no prazo de at\u00e9 noventa dias a partir do t\u00e9rmino da vig\u00eancia da parceria ou no final de cada exerc\u00edcio, se a dura\u00e7\u00e3o da parceria exceder um ano. (Reda\u00e7\u00e3o dada pela Lei n\u00ba 13.204, de 2015)<br \/>\n\u00a7 1\u00ba O prazo para a presta\u00e7\u00e3o final de contas ser\u00e1 estabelecido de acordo com a complexidade do objeto da parceria. (Reda\u00e7\u00e3o dada pela Lei n\u00ba 13.204, de 2015)<br \/>\n\u00a7 5\u00ba A manifesta\u00e7\u00e3o conclusiva sobre a presta\u00e7\u00e3o de contas pela administra\u00e7\u00e3o p\u00fablica observar\u00e1 os prazos previstos nesta Lei, devendo concluir, alternativamente, pela: (Reda\u00e7\u00e3o dada pela Lei n\u00ba 13.204, de 2015)<br \/>\nIII \u2013 rejei\u00e7\u00e3o da presta\u00e7\u00e3o de contas e determina\u00e7\u00e3o de imediata instaura\u00e7\u00e3o de tomada de contas especial. (Reda\u00e7\u00e3o dada pela Lei n\u00ba 13.204, de 2015).<\/p>\n<p>&nbsp;<\/p>\n<h6 style=\"text-align: justify;\">RELA\u00c7\u00c3O DE INSTRUMENTOS CELEBRADOS EM VIGOR<\/h6>\n<p>&nbsp;<\/p>\n<p style=\"text-align: justify;\"><a href=\"https:\/\/www.ufmg.br\/proplan\/wp-content\/uploads\/2026\/02\/Relacao-de-Termos-de-Colaboracao-2025.xlsx\">Relacao-de-Termos-de-Colaboracao-2025<\/a><\/p>\n<p>&nbsp;<\/p>\n<p>Em caso de\u00a0denuncias referente a aplica\u00e7\u00e3o irregular dos recursos entrar em contato com a Ouvidoria da UFMG.<\/p>\n<p><a href=\"https:\/\/sistemas.ufmg.br\/ouvidoria\/MainIntranet.do\">https:\/\/sistemas.ufmg.br\/ouvidoria\/MainIntranet.do<\/a><\/p>\n<p>&nbsp;<\/p>\n<p><a href=\"https:\/\/www.ufmg.br\/proplan\/convenios\/termos-de-colaboracao\/publicacao-de-justificativas-sem-chamamento-publico\/\">PUBLICA\u00c7\u00c3O JUSTIFICATIVAS PARA CELEBRA\u00c7\u00c3O DE TERMO DE COLABORA\u00c7\u00c3O\u00a0SEM CHAMAMENTO P\u00daBLICO<\/a><\/p>\n<p>&nbsp;<\/p>\n","protected":false},"excerpt":{"rendered":"<p>PROCEDIMENTOS PARA CELEBRA\u00c7\u00c3O DE TERMO DE COLABORA\u00c7\u00c3O &nbsp; A Unidade [&hellip;]<\/p>\n","protected":false},"author":1,"featured_media":0,"parent":348,"menu_order":0,"comment_status":"closed","ping_status":"closed","template":"","meta":{"footnotes":""},"tags":[],"class_list":["post-386","page","type-page","status-publish","hentry"],"_links":{"self":[{"href":"https:\/\/www.ufmg.br\/proplan\/wp-json\/wp\/v2\/pages\/386","targetHints":{"allow":["GET"]}}],"collection":[{"href":"https:\/\/www.ufmg.br\/proplan\/wp-json\/wp\/v2\/pages"}],"about":[{"href":"https:\/\/www.ufmg.br\/proplan\/wp-json\/wp\/v2\/types\/page"}],"author":[{"embeddable":true,"href":"https:\/\/www.ufmg.br\/proplan\/wp-json\/wp\/v2\/users\/1"}],"replies":[{"embeddable":true,"href":"https:\/\/www.ufmg.br\/proplan\/wp-json\/wp\/v2\/comments?post=386"}],"version-history":[{"count":39,"href":"https:\/\/www.ufmg.br\/proplan\/wp-json\/wp\/v2\/pages\/386\/revisions"}],"predecessor-version":[{"id":12867,"href":"https:\/\/www.ufmg.br\/proplan\/wp-json\/wp\/v2\/pages\/386\/revisions\/12867"}],"up":[{"embeddable":true,"href":"https:\/\/www.ufmg.br\/proplan\/wp-json\/wp\/v2\/pages\/348"}],"wp:attachment":[{"href":"https:\/\/www.ufmg.br\/proplan\/wp-json\/wp\/v2\/media?parent=386"}],"wp:term":[{"taxonomy":"post_tag","embeddable":true,"href":"https:\/\/www.ufmg.br\/proplan\/wp-json\/wp\/v2\/tags?post=386"}],"curies":[{"name":"wp","href":"https:\/\/api.w.org\/{rel}","templated":true}]}}