{"id":387,"date":"2021-08-10T10:46:37","date_gmt":"2021-08-10T13:46:37","guid":{"rendered":"https:\/\/www.ufmg.br\/proplan\/?page_id=387"},"modified":"2025-12-04T13:15:02","modified_gmt":"2025-12-04T16:15:02","slug":"contratacao_fundacao_de_apoio","status":"publish","type":"page","link":"https:\/\/www.ufmg.br\/proplan\/convenios\/contratacao_fundacao_de_apoio\/","title":{"rendered":"Contrata\u00e7\u00e3o de Funda\u00e7\u00e3o de Apoio"},"content":{"rendered":"<p style=\"text-align: justify;\">Em conformidade com o art. 1<u><sup>o<\/sup><\/u>\u00a0, da\u00a0<a href=\"http:\/\/www.planalto.gov.br\/ccivil_03\/leis\/L8958compilado.htm\">Lei 8.958\/1994<\/a>,\u00a0as Institui\u00e7\u00f5es Federais de Ensino Superior (IFES) e as demais Institui\u00e7\u00f5es Cient\u00edficas e Tecnol\u00f3gicas (ICTs), de que trata a\u00a0<a href=\"http:\/\/www.planalto.gov.br\/ccivil_03\/_Ato2004-2006\/2004\/Lei\/L10.973.htm\">Lei n\u00ba 10.973\/2004<\/a>, podem celebrar conv\u00eanios e contratos, nos termos do\u00a0<a href=\"https:\/\/www.planalto.gov.br\/ccivil_03\/_ato2019-2022\/2021\/lei\/l14133.htm\">inciso XV do art. 75 da Lei 14.133, de 1\u00ba de Abril de 2021<\/a>, por prazo determinado, com funda\u00e7\u00f5es institu\u00eddas com a finalidade de\u00a0<strong>apoiar projetos de ensino, pesquisa, extens\u00e3o, desenvolvimento institucional, cient\u00edfico e tecnol\u00f3gico e est\u00edmulo \u00e0 inova\u00e7\u00e3o<\/strong>, inclusive na gest\u00e3o administrativa e financeira necess\u00e1ria \u00e0 execu\u00e7\u00e3o desses projetos.<\/p>\n<div id=\"sp-ea-12326\" class=\"sp-ea-one sp-easy-accordion\" data-ex-icon=\"fa-minus\" data-col-icon=\"fa-plus\"  data-ea-active=\"ea-click\"  data-ea-mode=\"vertical\" data-preloader=\"\"><div class=\"ea-card  sp-ea-single\"><h3 class=\"ea-header\"><a class=\"collapsed\" data-sptoggle=\"spcollapse\" data-sptarget=#collapse123260 href=\"javascript:void(0)\" aria-expanded=\"false\"><i class=\"ea-expand-icon fa fa-plus\"><\/i> Funda\u00e7\u00f5es Credenciadas<\/a><\/h3><div class=\"sp-collapse spcollapse spcollapse\" id=\"collapse123260\" data-parent=#sp-ea-12326><div class=\"ea-body\"><p>As seguintes Funda\u00e7\u00f5es de Apoio est\u00e3o credenciadas a fazer a gest\u00e3o administrativa e financeira de projetos no \u00e2mbito da UFMG:<\/p>\n<ol>\n<li><span style=\"color: #3366ff\"><a style=\"color: #3366ff\" href=\"http:\/\/www.fundep.ufmg.br\/\">Funda\u00e7\u00e3o de Desenvolvimento da Pesquisa \u2013 FUNDEP<\/a><a href=\"https:\/\/www.ufmg.br\/proplan\/wp-content\/uploads\/2025\/12\/PORTARIA-CONJUNTA-No-230_2025-Credenciamento-FUNDEP.pdf\"><span style=\"color: #000000\">\u2192<\/span> <span style=\"color: #3366ff\">Credenciamento<\/span><\/a><\/span><\/li>\n<li><span style=\"color: #3366ff\"><a style=\"color: #3366ff\" href=\"https:\/\/www.fepe.com.br\/\">Funda\u00e7\u00e3o de Apoio ao Ensino Pesquisa e Extens\u00e3o \u2013 FEPE<\/a><\/span><a href=\"https:\/\/www.ufmg.br\/proplan\/wp-content\/uploads\/2025\/12\/Portaria_MEC_FEPE.pdf\"><span style=\"color: #3366ff\"><span style=\"color: #000000\">\u2192<\/span> Credenciamento<\/span><\/a><\/li>\n<li><span style=\"color: #3366ff\"><a style=\"color: #3366ff\" href=\"https:\/\/fco.org.br\/\">Funda\u00e7\u00e3o Christiano Ottoni \u2013 FCO<\/a> <a href=\"https:\/\/www.ufmg.br\/proplan\/wp-content\/uploads\/2026\/01\/Credenciamento-FCO-2025.pdf\"><span style=\"color: #000000\">\u2192<\/span> <span style=\"color: #3366ff\">Credenciamento<\/span><\/a><\/span><\/li>\n<li><span style=\"color: #3366ff\"><a style=\"color: #3366ff\" href=\"https:\/\/www.ipead.face.ufmg.br\/\">Funda\u00e7\u00e3o IPEAD <\/a><a href=\"https:\/\/www.ufmg.br\/proplan\/wp-content\/uploads\/2026\/01\/Credenciamento-IPEAD-2025.pdf\"><span style=\"color: #000000\">\u2192<\/span> <span style=\"color: #3366ff\">Credenciamento<\/span><\/a><\/span><\/li>\n<li><span style=\"color: #3366ff\"><a style=\"color: #3366ff\" href=\"https:\/\/frmfa.com.br\/\">Funda\u00e7\u00e3o Rodrigo Mello Franco de Andrade \u2013 FRMFA<\/a><\/span><a href=\"https:\/\/frmfa.com.br\/credenciamentos\/\"><span style=\"color: #3366ff\"><span style=\"color: #000000\">\u2192<\/span> Credenciamento<\/span><\/a><\/li>\n<\/ol>\n<\/div><\/div><\/div><div class=\"ea-card  sp-ea-single\"><h3 class=\"ea-header\"><a class=\"collapsed\" data-sptoggle=\"spcollapse\" data-sptarget=#collapse123261 href=\"javascript:void(0)\" aria-expanded=\"false\"><i class=\"ea-expand-icon fa fa-plus\"><\/i> Legisla\u00e7\u00f5es Aplic\u00e1veis<\/a><\/h3><div class=\"sp-collapse spcollapse spcollapse\" id=\"collapse123261\" data-parent=#sp-ea-12326><div class=\"ea-body\"><ul>\n<li><span style=\"color: #0000ff\"><a style=\"color: #0000ff\" href=\"http:\/\/www.planalto.gov.br\/ccivil_03\/_ato2007-2010\/2010\/decreto\/d7423.htm\"><span style=\"color: #3366ff\">Decreto 7423\/2010<\/span><\/a> <\/span>Regulamenta a Lei n\u00ba 8.958, de 20 de dezembro de 1994, que disp\u00f5e sobre as rela\u00e7\u00f5es entre as institui\u00e7\u00f5es federais de ensino superior e de pesquisa cient\u00edfica e tecnol\u00f3gica e as funda\u00e7\u00f5es de apoio, e revoga o Decreto n\u00ba 5.205, de 14 de setembro de 2004.<\/li>\n<li><span style=\"color: #0000ff\"><strong><a style=\"color: #0000ff\" href=\"https:\/\/www.ufmg.br\/proplan\/wp-content\/uploads\/2022\/08\/Resolucao-01_2020-Cons.-Univ.-de-05-de-marco-de-2020-Equipe.pdf\"><span style=\"color: #3366ff\">Resolu\u00e7\u00e3o 01\/2020<\/span><\/a> <\/strong><\/span>Disciplina crit\u00e9rios para a participa\u00e7\u00e3o de servidores e para a concess\u00e3o de bolsas no \u00e2mbito dos projetos de ensino, pesquisa, extens\u00e3o, desenvolvimento institucional, cient\u00edfico, cultural, tecnol\u00f3gico e est\u00edmulo \u00e0 inova\u00e7\u00e3o, desenvolvidos com a colabora\u00e7\u00e3o das Funda\u00e7\u00f5es de Apoio da Universidade Federal de Minas Gerais (UFMG), e revoga a Resolu\u00e7\u00e3o n\u00ba 01\/2011, de 11 de mar\u00e7o de 2011.<\/li>\n<li><span style=\"color: #0000ff\"><strong><a style=\"color: #0000ff\" href=\"https:\/\/www.ufmg.br\/proplan\/wp-content\/uploads\/2023\/03\/Resoluc%CC%A7a%CC%83o-SODs-13-2022.pdf\"><span style=\"color: #3366ff\">Resoluc\u0327a\u0303o 13\/2022<\/span><\/a> <\/strong><\/span>Regulamenta, no \u00e2mbito da UFMG, as Atividades Acad\u00eamicas realizadas com recursos externos dos setores p\u00fablico e privado e o ressarcimento \u00e0 Universidade, bem como revoga a Resolu\u00e7\u00e3o no 10\/95, de 30 de novembro de 1995 (a partir de junho\/2023).<\/li>\n<li><a href=\"https:\/\/www.ufmg.br\/proplan\/wp-content\/uploads\/2023\/07\/Resolucao-no-16-2012-atualizado-dia-23-05-2016.pdf\"><span style=\"color: #0000ff\"><span style=\"color: #3366ff\">Resolu\u00e7\u00e3o 16\/2012<\/span><\/span><\/a>Estabelece diretrizes para celebra\u00e7\u00e3o de acordos, conv\u00eanios, ajustes pela Universidade Federal de Minas Gerais.<\/li>\n<li><strong><a href=\"https:\/\/www.ufmg.br\/proplan\/wp-content\/uploads\/2024\/09\/Resolucao-03_2024-CEPE-Normas-Gerais-da-Extensao.pdf\"><span style=\"color: #0000ff\"><span style=\"color: #3366ff\">Resolu\u00e7\u00e3o 03\/2024<\/span><\/span><\/a> <\/strong>Aprova as Normas Gerais da Extens\u00e3o da Universidade Federal de Minas Gerais.<\/li>\n<li><span style=\"color: #0000ff\"><strong><a style=\"color: #0000ff\" href=\"https:\/\/www.ufmg.br\/proplan\/wp-content\/uploads\/2025\/08\/Resolucao-03-2025-Aplicavel-a-Fundacao-de-Apoio.pdf\"><span style=\"color: #3366ff\">Resolu\u00e7\u00e3o 03\/2025<\/span><\/a> <\/strong><\/span>Estabelece as normas gerais para o relacionamento institucional entre a Universidade Federal de Minas Gerais (UFMG) e as Funda\u00e7\u00f5es de Apoio, bem como revoga a Resolu\u00e7\u00e3o n\u00ba 10\/2004, de 18 de novembro de 2004.<\/li>\n<\/ul>\n<\/div><\/div><\/div><div class=\"ea-card  sp-ea-single\"><h3 class=\"ea-header\"><a class=\"collapsed\" data-sptoggle=\"spcollapse\" data-sptarget=#collapse123262 href=\"javascript:void(0)\" aria-expanded=\"false\"><i class=\"ea-expand-icon fa fa-plus\"><\/i> Procedimentos para a Contrata\u00e7\u00e3o de Funda\u00e7\u00e3o de Apoio<\/a><\/h3><div class=\"sp-collapse spcollapse spcollapse\" id=\"collapse123262\" data-parent=#sp-ea-12326><div class=\"ea-body\"><p>A coordena\u00e7\u00e3o e\/ou suporte Administrativo indicado dever\u00e1 abrir o processo no SEI como\u00a0<strong>Administra\u00e7\u00e3o: Contrata\u00e7\u00e3o de Funda\u00e7\u00e3o de Apoio\u00a0<\/strong>e incluir a documenta\u00e7\u00e3o conforme o checklist abaixo.<\/p>\n<ul>\n<li><span style=\"color: #3366ff\"><a style=\"color: #3366ff\" href=\"https:\/\/www.ufmg.br\/proplan\/wp-content\/uploads\/2025\/06\/1-Checklist-Contratacao-de-Fundacao-de-Apoio-atualizado-dia-27-07-2025-pdi.doc\">Checklist Contrata\u00e7\u00e3o Funda\u00e7\u00e3o de Apoio \u2013 PDI<\/a><\/span><\/li>\n<li><span style=\"color: #3366ff\"><a style=\"color: #3366ff\" href=\"https:\/\/www.ufmg.br\/proplan\/wp-content\/uploads\/2025\/06\/1-Checklist-Contratacao-de-Fundacao-de-Apoio-atualizado-dia-27-07-2025-demais-projetos.doc\">Checklist Contrata\u00e7\u00e3o de Funda\u00e7\u00e3o de Apoio \u2013 Demais Projetos<\/a><\/span><\/li>\n<\/ul>\n<p>Lembrando que os documentos internos dever\u00e3o ser gerados e assinados no SEI e a documenta\u00e7\u00e3o externa dever\u00e1 ser elaborada de forma eletr\u00f4nica (PDF) com assinatura digital. Em caso de documento f\u00edsico digitalizado, o mesmo dever\u00e1 ser autenticado no sistema conforme OF\u00cdCIO CIRCULAR N\u00ba 14\/2020\/DCF-SAD\/DCF\/PROPLAN-UFMG e INSTRU\u00c7\u00c3O N\u00ba1\/2020.<\/p>\n<ul>\n<li><span style=\"color: #3366ff\"><a style=\"color: #3366ff\" href=\"https:\/\/www.ufmg.br\/proplan\/wp-content\/uploads\/2025\/12\/014-2020-INCLUSAO-DE-DOCUMENTOS-NOS-PROCESSOS-ADMINISTRATIVOS-PRODUZIDOS-NO-SEI.pdf\">Of\u00edcio Circular n\u00ba 14\/2020<\/a><\/span><\/li>\n<li><span style=\"color: #3366ff\"><a style=\"color: #3366ff\" href=\"https:\/\/www.ufmg.br\/proplan\/wp-content\/uploads\/2025\/12\/ANEXO-INSTRUCAO-DCF-01-2020.pdf\">Instru\u00e7\u00e3o n\u00ba 01\/2020.<\/a><\/span><\/li>\n<\/ul>\n<p>Segue abaixo os <strong>modelos<\/strong> de documentos que comp\u00f5e o processo conforme checklist.<\/p>\n<ul>\n<li><span style=\"color: #3366ff\"><strong><a style=\"color: #3366ff\" href=\"https:\/\/www.ufmg.br\/proplan\/apoio-a-pdi\/\">Modelos<\/a><\/strong><\/span><\/li>\n<\/ul>\n<p>Ap\u00f3s a inclus\u00e3o no Sistema de todos os documentos que comp\u00f5e o processo, a coordena\u00e7\u00e3o e\/ou suporte Administrativo indicado dever\u00e1 enviar o processo no SEI para\u00a0<strong>DCF-DCV.<\/strong><\/p>\n<ul>\n<li><strong><span style=\"color: #3366ff\"><a style=\"color: #3366ff\" href=\"https:\/\/www.ufmg.br\/proplan\/fluxograma-contratacao-de-fundacao-de-apoio\/\">Fluxograma<\/a><\/span><\/strong><\/li>\n<\/ul>\n<p>Ap\u00f3s a an\u00e1lise da Procuradoria Federal o processo ser\u00e1 enviado a Unidade para atendimento do parecer jur\u00eddico. A coordena\u00e7\u00e3o e\/ou suporte administrativo indicado dever\u00e1 incluir no SEI o Termo de Atendimento ao Parecer Jur\u00eddico (modelo dispon\u00edvel no SEI), os documentos j\u00e1 corrigidos e a vers\u00e3o final do instrumento ainda no formato de minuta.<strong> A Divis\u00e3o de Conv\u00eanios ser\u00e1 a respons\u00e1vel por disponibilizar a vers\u00e3o final, ap\u00f3s confer\u00eancia, para assinatura<\/strong>.<\/p>\n<p>\u00a0<\/p>\n<p><strong>ALTERA\u00c7\u00c3O DO ANEXO I \u2013 FORMAS E CONDI\u00c7\u00d5ES<\/strong><\/p>\n<p>Para altera\u00e7\u00e3o do Anexo I \u2013 Formas e Condi\u00e7\u00f5es a coordena\u00e7\u00e3o dever\u00e1 gerar a Justificativa no SEI.\u00a0Ap\u00f3s assinatura, gerar PDF do documento e enviar por e-mail a Funda\u00e7\u00e3o para arquivo.<\/p>\n<ul>\n<li><span style=\"color: #3366ff\"><a style=\"color: #3366ff\" href=\"https:\/\/www.ufmg.br\/proplan\/wp-content\/uploads\/Justificativa-para-mudan%C3%A7a-de-Adendo-atualizado-dia-17-05-2019.doc\">Modelo Justificativa para mudan\u00e7a de Adendo<\/a><\/span><\/li>\n<\/ul>\n<p>Recomendamos que ao final de cada semestre a coordena\u00e7\u00e3o, com o suporte Administrativo indicado dever\u00e1 atualizar o formas e condi\u00e7\u00f5es, com todas as altera\u00e7\u00f5es justificadas \u00a0durante o per\u00edodo. O Novo Anexo I \u2013 Formas e Condi\u00e7\u00f5es dever\u00e1 ser inclu\u00eddo no SEI e disponibilizar para assinatura da Funda\u00e7\u00e3o. Ap\u00f3s assinatura das partes, gerar PDF do documento e enviar por e-mail a Funda\u00e7\u00e3o para arquivo.<\/p>\n<p>\u00a0<\/p>\n<p><strong>PLANILHA TCU<\/strong><\/p>\n<p>Esta planilha deve ser mantida atualizada em sua UG e enviada conforme orienta\u00e7\u00f5es repassadas pelo DCF.<\/p>\n<ul>\n<li><span style=\"color: #3366ff\"><a style=\"color: #3366ff\" href=\"https:\/\/www.ufmg.br\/proplan\/wp-content\/uploads\/PLANILHA-DE-CONTRATOS-COM-FUNDA%C3%87%C3%95ES-DE-APOIO-Atualizada-em-15-01-2021-1.xlsx\">MODELO PLANILHA DE CONTRATOS COM FUNDA\u00c7\u00d5ES DE APOIO\u00a0<\/a><\/span><\/li>\n<\/ul>\n<\/div><\/div><\/div><div class=\"ea-card  sp-ea-single\"><h3 class=\"ea-header\"><a class=\"collapsed\" data-sptoggle=\"spcollapse\" data-sptarget=#collapse123263 href=\"javascript:void(0)\" aria-expanded=\"false\"><i class=\"ea-expand-icon fa fa-plus\"><\/i> Apostilamento em Contratos - Emendas Parlamentares<\/a><\/h3><div class=\"sp-collapse spcollapse spcollapse\" id=\"collapse123263\" data-parent=#sp-ea-12326><div class=\"ea-body\">No Content<\/div><\/div><\/div><div class=\"ea-card  sp-ea-single\"><h3 class=\"ea-header\"><a class=\"collapsed\" data-sptoggle=\"spcollapse\" data-sptarget=#collapse123264 href=\"javascript:void(0)\" aria-expanded=\"false\"><i class=\"ea-expand-icon fa fa-plus\"><\/i> Passo a Passo para o Tr\u00e2mite de Faturas\u00a0<\/a><\/h3><div class=\"sp-collapse spcollapse spcollapse\" id=\"collapse123264\" data-parent=#sp-ea-12326><div class=\"ea-body\"><p><span style=\"color: #3366ff\"><a style=\"color: #3366ff\" href=\"https:\/\/www.ufmg.br\/proplan\/passo-a-passo-para-o-tramite-de-fatura-contratacao-de-fundacao-de-apoio\/\">Passo a Passo para o Tr\u00e2mite de Faturas\u00a0<\/a><\/span><\/p>\n<\/div><\/div><\/div><div class=\"ea-card  sp-ea-single\"><h3 class=\"ea-header\"><a class=\"collapsed\" data-sptoggle=\"spcollapse\" data-sptarget=#collapse123265 href=\"javascript:void(0)\" aria-expanded=\"false\"><i class=\"ea-expand-icon fa fa-plus\"><\/i> Termo Aditivo<\/a><\/h3><div class=\"sp-collapse spcollapse spcollapse\" id=\"collapse123265\" data-parent=#sp-ea-12326><div class=\"ea-body\"><p>Para a celebra\u00e7\u00e3o de Termo Aditivo a coordena\u00e7\u00e3o e\/ou suporte administrativo indicado dever\u00e1 incluir a documenta\u00e7\u00e3o constante no checklist abaixo no processo da contrata\u00e7\u00e3o original no SEI e enviar o processo para a DCF-DCV com no m\u00ednimo <strong>30 dias de anteced\u00eancia<\/strong>.<\/p>\n<p>Em caso de termo aditivo somente para acr\u00e9scimo de valores, o Processo ser\u00e1 enviado para an\u00e1lise pr\u00e9via da Procuradoria Federal.<\/p>\n<p><a href=\"https:\/\/www.ufmg.br\/proplan\/wp-content\/uploads\/2025\/01\/Checklist-Termo-Aditivo-atualizado-dia-07-01-2025.doc\">Modelo - <span style=\"color: #3366ff\">Checklist Termo Aditivo para Contrato de Presta\u00e7\u00e3o de Servi\u00e7o<\/span><\/a><\/p>\n<p><a href=\"https:\/\/www.ufmg.br\/proplan\/wp-content\/uploads\/2025\/01\/Minuta-de-Termo-Aditivo-para-Contrato-de-prestacao-de-Servico-atualizado-dia-07-01-2025.doc\">Modelo <span style=\"color: #3366ff\">- Minuta de Termo Aditivo para Contrato de Presta\u00e7\u00e3o de Servi\u00e7o<\/span><\/a><\/p>\n<p>Nos casos de prorroga\u00e7\u00e3o de vig\u00eancia, com ou sem acr\u00e9scimos, a Procuradoria emitiu <strong>pareceres referenciais<\/strong> que dispensam a an\u00e1lise jur\u00eddica, desde que se atenda todos os crit\u00e9rios do Parecer.<\/p>\n<\/div><\/div><\/div><div class=\"ea-card  sp-ea-single\"><h3 class=\"ea-header\"><a class=\"collapsed\" data-sptoggle=\"spcollapse\" data-sptarget=#collapse123266 href=\"javascript:void(0)\" aria-expanded=\"false\"><i class=\"ea-expand-icon fa fa-plus\"><\/i> Pareceres Referenciais PF<\/a><\/h3><div class=\"sp-collapse spcollapse spcollapse\" id=\"collapse123266\" data-parent=#sp-ea-12326><div class=\"ea-body\"><p>A Procuradoria Jur\u00eddica da UFMG emitiu \u00a0<strong>Pareceres referenciais <\/strong>referente a celebra\u00e7\u00e3o de termos aditivos para <strong>prorroga\u00e7\u00e3o<\/strong> de contratos firmados com funda\u00e7\u00e3o de apoio, com ou sem acr\u00e9scimo de valores.<\/p>\n<p><span style=\"color: #3366ff\"><a style=\"color: #3366ff\" href=\"https:\/\/www.ufmg.br\/proplan\/wp-content\/uploads\/2025\/11\/Oficio-Circular-No-036-2025-Pareceres-Referenciais.pdf\">Of\u00edcio Circular N\u00ba 036-2025 \u2013 Pareceres Referenciais<\/a><\/span><\/p>\n<p>A coordena\u00e7\u00e3o do projeto e\/ou suporte administrativo indicado dever\u00e1 ler o parecer referencial e incluir no processo toda a documenta\u00e7\u00e3o solicitada no mesmo, bem como os seus anexos I, II e III\u00a0e enviar o processo para a DCF-DCV com no m\u00ednimo <strong>30 dias de anteced\u00eancia<\/strong>.<\/p>\n<ul>\n<li><span style=\"color: #3366ff\"><a style=\"color: #3366ff\" href=\"https:\/\/www.ufmg.br\/proplan\/wp-content\/uploads\/2025\/11\/PARECER_REFERENCIAL_n._00006_2025_GAB.pdf\">PRORROGA\u00c7\u00c3O FUNDA\u00c7\u00c3O DE APOIO LEI VELHA \u2013 PARECER_REFERENCIAL_n._00006_2025<\/a><\/span><\/li>\n<\/ul>\n<p>Aplic\u00e1vel \u00e0s hip\u00f3teses de termos aditivos para prorroga\u00e7\u00e3o de contratos firmados com funda\u00e7\u00e3o de apoio, na forma da Lei n\u00ba 8.958, de 20 de dezembro de 1994, tendo como objeto a presta\u00e7\u00e3o de apoio a projeto institucional, inclusive na sua gest\u00e3o administrativa e financeira,\u00a0<strong>quando os contratos t\u00eam como fundamento na Lei n\u00ba 8.666\/1993<\/strong>, com ou sem acr\u00e9scimo de valores.<\/p>\n<ul>\n<li><span style=\"color: #3366ff\"><a style=\"color: #3366ff\" href=\"https:\/\/www.ufmg.br\/proplan\/wp-content\/uploads\/2025\/11\/PARECER_REFERENCIAL_n._00009_2025_GAB.pdf\">PRORROGA\u00c7\u00c3O FUNDA\u00c7\u00c3O DE APOIO LEI NOVA \u2013 PARECER_REFERENCIAL_n._00009_2025<\/a><\/span><\/li>\n<\/ul>\n<p>Aplic\u00e1vel \u00e0s hip\u00f3teses de termos aditivos para prorroga\u00e7\u00e3o de contratos firmados com funda\u00e7\u00e3o de apoio, na forma da Lei n\u00ba 8.958, de 20 de dezembro de 1994, tendo como objeto a presta\u00e7\u00e3o de apoio \u00e0 projeto institucional,\u00a0 inclusive na sua gest\u00e3o administrativa e financeira,\u00a0<strong>quando os contratos t\u00eam como fundamento na Lei n\u00ba 14.133\/21<\/strong>, com ou sem acr\u00e9scimo de valores.<\/p>\n<ul>\n<li><a href=\"https:\/\/www.ufmg.br\/proplan\/wp-content\/uploads\/2025\/12\/SEI_UFMG-4841888-Oficio-Circular-sobre-prazos-DCV-parecer-referencial.pdf\"><span style=\"color: #3366ff\">Of\u00edcio Circular DCF n\u00ba 10\/2025 - sobre prazos para tramita\u00e7\u00e3o<\/span><\/a><\/li>\n<\/ul>\n<\/div><\/div><\/div><div class=\"ea-card  sp-ea-single\"><h3 class=\"ea-header\"><a class=\"collapsed\" data-sptoggle=\"spcollapse\" data-sptarget=#collapse123267 href=\"javascript:void(0)\" aria-expanded=\"false\"><i class=\"ea-expand-icon fa fa-plus\"><\/i> Presta\u00e7\u00e3o de Contas <\/a><\/h3><div class=\"sp-collapse spcollapse spcollapse\" id=\"collapse123267\" data-parent=#sp-ea-12326><div class=\"ea-body\"><ul>\n<li><span style=\"color: #3366ff\"><a style=\"color: #3366ff\" href=\"https:\/\/www.ufmg.br\/proplan\/prestacao-de-contas-contratacao-de-fundacao-de-apoio\/\">Presta\u00e7\u00e3o de Contas\u00a0<\/a><\/span><\/li>\n<\/ul>\n<\/div><\/div><\/div><div class=\"ea-card  sp-ea-single\"><h3 class=\"ea-header\"><a class=\"collapsed\" data-sptoggle=\"spcollapse\" data-sptarget=#collapse123268 href=\"javascript:void(0)\" aria-expanded=\"false\"><i class=\"ea-expand-icon fa fa-plus\"><\/i> Portais da Transpar\u00eancia <\/a><\/h3><div class=\"sp-collapse spcollapse spcollapse\" id=\"collapse123268\" data-parent=#sp-ea-12326><div class=\"ea-body\"><ol>\n<li><span style=\"color: #3366ff\"><a style=\"color: #3366ff\" href=\"http:\/\/transparencia.fundep.ufmg.br\/\">Funda\u00e7\u00e3o de Desenvolvimento da Pesquisa - FUNDEP<\/a><\/span><\/li>\n<li><span style=\"color: #3366ff\"><a style=\"color: #3366ff\" href=\"http:\/\/ipead.conveniar.com.br\/portaltransparencia\/\">Funda\u00e7\u00e3o Instituto de Pesquisas Econ\u00f4micas, Administrativas e Cont\u00e1beis de Minas Gerais - IPEAD<\/a><\/span><\/li>\n<li><span style=\"color: #3366ff\"><a style=\"color: #3366ff\" href=\"https:\/\/fepe.conveniar.com.br\/portaltransparencia\/\">Funda\u00e7\u00e3o de Apoio ao Ensino, Pesquisa e Extens\u00e3o - FEPE<\/a><\/span><\/li>\n<li><span style=\"color: #3366ff\"><a style=\"color: #3366ff\" href=\"https:\/\/fco.conveniar.com.br\/portaltransparencia\/\">Funda\u00e7\u00e3o Christiano Ottoni - FCO<\/a><\/span><\/li>\n<li><span style=\"color: #3366ff\"><a style=\"color: #3366ff\" href=\"https:\/\/geminimanager.azurewebsites.net\/#\/transparencia\/\">Funda\u00e7\u00e3o Rodrigo Mello Franco de Andrade \u2013 FRMFA<\/a><\/span><\/li>\n<li><span style=\"color: #3366ff\"><a style=\"color: #3366ff\" href=\"https:\/\/www.ufmg.br\/proplan\/prestacao-de-contas-da-ufmg\/planilhas-de-fundacao-de-apoio\/\">Presta\u00e7\u00f5es de Contas anuais da UFMG<\/a><\/span><\/li>\n<\/ol>\n<\/div><\/div><\/div><div class=\"ea-card  sp-ea-single\"><h3 class=\"ea-header\"><a class=\"collapsed\" data-sptoggle=\"spcollapse\" data-sptarget=#collapse123269 href=\"javascript:void(0)\" aria-expanded=\"false\"><i class=\"ea-expand-icon fa fa-plus\"><\/i> Aliena\u00e7\u00e3o dos excedentes de projetos de ensino, pesquisa, extens\u00e3o na UFMG<\/a><\/h3><div class=\"sp-collapse spcollapse spcollapse\" id=\"collapse123269\" data-parent=#sp-ea-12326><div class=\"ea-body\"><p><a href=\"https:\/\/www.ufmg.br\/proplan\/wp-content\/uploads\/2025\/12\/SEI_4824091_Portaria_12618.pdf\"><strong><span style=\"color: #3366ff\">Portaria N\u00ba 12618, 15 de dezembro de 2025<\/span><\/strong><\/a><\/p>\n<p>Estabelece princ\u00edpios para a contrata\u00e7\u00e3o das funda\u00e7\u00f5es de apoio para a aliena\u00e7\u00e3o dos excedentes de projetos de ensino, pesquisa, extens\u00e3o na UFMG.<\/p>\n<\/div><\/div><\/div><\/div>\n<p>&nbsp;<\/p>\n<p>&nbsp;<\/p>\n<div class=\"entry-content\">\n<p style=\"text-align: justify;\">\n<\/div>\n","protected":false},"excerpt":{"rendered":"<p>Em conformidade com o art. 1o\u00a0, da\u00a0Lei 8.958\/1994,\u00a0as Institui\u00e7\u00f5es Federais [&hellip;]<\/p>\n","protected":false},"author":1,"featured_media":0,"parent":348,"menu_order":0,"comment_status":"closed","ping_status":"closed","template":"","meta":{"footnotes":""},"tags":[],"class_list":["post-387","page","type-page","status-publish","hentry"],"_links":{"self":[{"href":"https:\/\/www.ufmg.br\/proplan\/wp-json\/wp\/v2\/pages\/387","targetHints":{"allow":["GET"]}}],"collection":[{"href":"https:\/\/www.ufmg.br\/proplan\/wp-json\/wp\/v2\/pages"}],"about":[{"href":"https:\/\/www.ufmg.br\/proplan\/wp-json\/wp\/v2\/types\/page"}],"author":[{"embeddable":true,"href":"https:\/\/www.ufmg.br\/proplan\/wp-json\/wp\/v2\/users\/1"}],"replies":[{"embeddable":true,"href":"https:\/\/www.ufmg.br\/proplan\/wp-json\/wp\/v2\/comments?post=387"}],"version-history":[{"count":146,"href":"https:\/\/www.ufmg.br\/proplan\/wp-json\/wp\/v2\/pages\/387\/revisions"}],"predecessor-version":[{"id":12408,"href":"https:\/\/www.ufmg.br\/proplan\/wp-json\/wp\/v2\/pages\/387\/revisions\/12408"}],"up":[{"embeddable":true,"href":"https:\/\/www.ufmg.br\/proplan\/wp-json\/wp\/v2\/pages\/348"}],"wp:attachment":[{"href":"https:\/\/www.ufmg.br\/proplan\/wp-json\/wp\/v2\/media?parent=387"}],"wp:term":[{"taxonomy":"post_tag","embeddable":true,"href":"https:\/\/www.ufmg.br\/proplan\/wp-json\/wp\/v2\/tags?post=387"}],"curies":[{"name":"wp","href":"https:\/\/api.w.org\/{rel}","templated":true}]}}