{"id":388,"date":"2021-08-10T10:46:37","date_gmt":"2021-08-10T13:46:37","guid":{"rendered":"https:\/\/www.ufmg.br\/proplan\/?page_id=388"},"modified":"2022-08-11T11:52:36","modified_gmt":"2022-08-11T14:52:36","slug":"prestacao-de-contas-2","status":"publish","type":"page","link":"https:\/\/www.ufmg.br\/proplan\/prestacao-de-contas-2\/","title":{"rendered":"Aprova\u00e7\u00e3o das contas &#8211; ac\u00f3rd\u00e3os do TCU"},"content":{"rendered":"<p><a href=\"https:\/\/www.ufmg.br\/proplan\/wp-content\/uploads\/2022\/08\/Aprovacao-das-contas-de-2017.pdf\">Aprova\u00e7\u00e3o das contas de 2017<\/a><\/p>\n<p><a href=\"https:\/\/www.ufmg.br\/proplan\/wp-content\/uploads\/2022\/08\/Aprovacao-das-contas-de-2015.pdf\">Aprova\u00e7\u00e3o das contas de 2015<\/a><\/p>\n<p><a href=\"https:\/\/www.ufmg.br\/proplan\/wp-content\/uploads\/2022\/08\/Aprovacao-das-contas-de-2013.pdf\">Aprova\u00e7\u00e3o das contas de 2013<\/a><\/p>\n<p><a href=\"https:\/\/www.ufmg.br\/proplan\/wp-content\/uploads\/2022\/08\/Aprovacao-das-contas-de-2012.pdf\">Aprova\u00e7\u00e3o das contas de 2012<\/a><\/p>\n<p><a href=\"https:\/\/www.ufmg.br\/proplan\/wp-content\/uploads\/2022\/08\/Aprovacao-das-contas-de-2011.pdf\">Aprova\u00e7\u00e3o das contas de 2011<\/a><\/p>\n<p><a href=\"https:\/\/www.ufmg.br\/proplan\/wp-content\/uploads\/2022\/08\/Aprovacao-das-contas-de-2010.pdf\">Aprova\u00e7\u00e3o das contas de 2010<\/a><\/p>\n<p><a href=\"https:\/\/www.ufmg.br\/proplan\/wp-content\/uploads\/2022\/08\/Aprovacao-das-contas-de-2009.pdf\">Aprova\u00e7\u00e3o das contas de 2009<\/a><\/p>\n<p><a href=\"https:\/\/www.ufmg.br\/proplan\/wp-content\/uploads\/2022\/08\/Aprovacao-das-contas-de-2008.pdf\">Aprova\u00e7\u00e3o das contas de 2008<\/a><\/p>\n<p><a href=\"https:\/\/www.ufmg.br\/proplan\/wp-content\/uploads\/2022\/08\/Aprovacao-das-contas-de-2007.pdf\">Aprova\u00e7\u00e3o das contas de 2007<\/a><\/p>\n<p><a href=\"https:\/\/www.ufmg.br\/proplan\/wp-content\/uploads\/2022\/08\/Aprovacao-das-contas-de-2006.pdf\">Aprova\u00e7\u00e3o das contas de 2006<\/a><\/p>\n<p><a href=\"https:\/\/www.ufmg.br\/proplan\/wp-content\/uploads\/2022\/08\/Aprovacao-das-contas-de-2005.pdf\">Aprova\u00e7\u00e3o das contas de 2005<\/a><\/p>\n<p><a href=\"https:\/\/www.ufmg.br\/proplan\/wp-content\/uploads\/2022\/08\/Aprovacao-das-contas-de-2004.pdf\">Aprova\u00e7\u00e3o das contas de 2004<\/a><\/p>\n<p><a href=\"https:\/\/www.ufmg.br\/proplan\/wp-content\/uploads\/2022\/08\/Aprovacao-das-contas-de-2003.pdf\">Aprova\u00e7\u00e3o das contas de 2003<\/a><\/p>\n<p><a href=\"https:\/\/www.ufmg.br\/proplan\/wp-content\/uploads\/2022\/08\/Aprovacao-das-contas-de-2002.pdf\">Aprova\u00e7\u00e3o das contas de 2002<\/a><\/p>\n<p><a href=\"https:\/\/www.ufmg.br\/proplan\/wp-content\/uploads\/2022\/08\/Aprovacao-das-contas-de-2001.pdf\">Aprova\u00e7\u00e3o das contas de 2001<\/a><\/p>\n<p><a href=\"https:\/\/www.ufmg.br\/proplan\/wp-content\/uploads\/2022\/08\/Aprovacao-das-contas-de-2000.pdf\">Aprova\u00e7\u00e3o das contas de 2000<\/a><\/p>\n<p><a href=\"https:\/\/www.ufmg.br\/proplan\/wp-content\/uploads\/2022\/08\/Aprovacao-das-contas-de-1999.pdf\">Aprova\u00e7\u00e3o das contas de 1999<\/a><\/p>\n<p><a href=\"https:\/\/www.ufmg.br\/proplan\/wp-content\/uploads\/2022\/08\/Aprovacao-das-contas-de-1998.pdf\">Aprova\u00e7\u00e3o das contas de 1998<\/a><\/p>\n<p><a href=\"https:\/\/www.ufmg.br\/proplan\/wp-content\/uploads\/2022\/08\/Aprovacao-das-contas-de-1996.pdf\">Aprova\u00e7\u00e3o das contas de 1996<\/a><\/p>\n<p><a href=\"https:\/\/www.ufmg.br\/proplan\/wp-content\/uploads\/2022\/08\/Aprovacao-das-contas-de-1994-e-1995.pdf\">Aprova\u00e7\u00e3o das contas de 1994 e 1995<\/a><\/p>\n<p><a href=\"https:\/\/www.ufmg.br\/proplan\/wp-content\/uploads\/2022\/08\/Aprovacao-das-contas-de-1992-e-1993.pdf\">Aprova\u00e7\u00e3o das contas de 1992 e 1993<\/a><\/p>\n<p><a href=\"https:\/\/www.ufmg.br\/proplan\/wp-content\/uploads\/2022\/08\/aprova-as-contas-de-1990-e-1991.pdf\">Aprova\u00e7\u00e3o das contas de 1990 e 1991<\/a><\/p>\n<p>&nbsp;<\/p>\n","protected":false},"excerpt":{"rendered":"<p>Aprova\u00e7\u00e3o das contas de 2017 Aprova\u00e7\u00e3o das contas de 2015 [&hellip;]<\/p>\n","protected":false},"author":1,"featured_media":0,"parent":0,"menu_order":0,"comment_status":"closed","ping_status":"closed","template":"","meta":{"footnotes":""},"tags":[],"class_list":["post-388","page","type-page","status-publish","hentry"],"_links":{"self":[{"href":"https:\/\/www.ufmg.br\/proplan\/wp-json\/wp\/v2\/pages\/388","targetHints":{"allow":["GET"]}}],"collection":[{"href":"https:\/\/www.ufmg.br\/proplan\/wp-json\/wp\/v2\/pages"}],"about":[{"href":"https:\/\/www.ufmg.br\/proplan\/wp-json\/wp\/v2\/types\/page"}],"author":[{"embeddable":true,"href":"https:\/\/www.ufmg.br\/proplan\/wp-json\/wp\/v2\/users\/1"}],"replies":[{"embeddable":true,"href":"https:\/\/www.ufmg.br\/proplan\/wp-json\/wp\/v2\/comments?post=388"}],"version-history":[{"count":6,"href":"https:\/\/www.ufmg.br\/proplan\/wp-json\/wp\/v2\/pages\/388\/revisions"}],"predecessor-version":[{"id":2104,"href":"https:\/\/www.ufmg.br\/proplan\/wp-json\/wp\/v2\/pages\/388\/revisions\/2104"}],"wp:attachment":[{"href":"https:\/\/www.ufmg.br\/proplan\/wp-json\/wp\/v2\/media?parent=388"}],"wp:term":[{"taxonomy":"post_tag","embeddable":true,"href":"https:\/\/www.ufmg.br\/proplan\/wp-json\/wp\/v2\/tags?post=388"}],"curies":[{"name":"wp","href":"https:\/\/api.w.org\/{rel}","templated":true}]}}