{"id":4000,"date":"2023-08-30T16:01:32","date_gmt":"2023-08-30T19:01:32","guid":{"rendered":"https:\/\/www.ufmg.br\/proplan\/?page_id=4000"},"modified":"2023-09-01T10:12:18","modified_gmt":"2023-09-01T13:12:18","slug":"dcf","status":"publish","type":"page","link":"https:\/\/www.ufmg.br\/proplan\/quem-somos\/dcf\/","title":{"rendered":"Departamento de Contabilidade e Finan\u00e7as"},"content":{"rendered":"<h3><\/h3>\n<p><strong>Papel<\/strong><\/p>\n<p>Acompanhar, analisar e consolidar as Demonstra\u00e7\u00f5es Cont\u00e1beis da Institui\u00e7\u00e3o; gerenciar os recursos financeiros da UFMG; assistir, orientar e apoiar tecnicamente os ordenadores de despesas e respons\u00e1veis por bens, direitos e obriga\u00e7\u00f5es da Institui\u00e7\u00e3o, zelando pela aprova\u00e7\u00e3o das contas do Reitor pelos \u00f3rg\u00e3os de controle interno e externo, al\u00e9m de viabilizar a celebra\u00e7\u00e3o de conv\u00eanios entre a Universidade e seus parceiros.<\/p>\n<p>&nbsp;<\/p>\n<h4>Secretaria Administrativa<\/h4>\n<p>&nbsp;<\/p>\n<p><strong>Papel<\/strong><\/p>\n<p>Prestar assessoria administrativa \u00e0 Diretoria e demais divis\u00f5es do Departamento, fornecendo subs\u00eddios necess\u00e1rios \u00e0 manuten\u00e7\u00e3o da qualidade de seus servi\u00e7os, al\u00e9m de acompanhar a regularidade operacional, administrativa, fiscal, social e trabalhista da Institui\u00e7\u00e3o.<\/p>\n<p>&nbsp;<\/p>\n<h4><strong>Divis\u00e3o de An\u00e1lise e Controle<\/strong><\/h4>\n<p>&nbsp;<\/p>\n<p><strong>Papel<\/strong><\/p>\n<p>Desenvolver a\u00e7\u00f5es de an\u00e1lise, controle, suporte e assessoria \u00e0s Unidades Gestoras para que a execu\u00e7\u00e3o or\u00e7ament\u00e1ria, financeira, tribut\u00e1ria e patrimonial da Universidade ocorra conforme as disposi\u00e7\u00f5es legais.<\/p>\n<p>&nbsp;<\/p>\n<h4><strong>Divis\u00e3o de Administra\u00e7\u00e3o Financeira<\/strong><\/h4>\n<p>&nbsp;<\/p>\n<p><strong>Papel<\/strong><\/p>\n<p>Orientar e controlar a execu\u00e7\u00e3o financeira no \u00e2mbito da UFMG; executar o or\u00e7amento e o financeiro das despesas de pessoal e de assist\u00eancia estudantil da Institui\u00e7\u00e3o, contribuindo ainda para o encerramento dos balan\u00e7os financeiro, or\u00e7ament\u00e1rio e patrimonial da UFMG.<\/p>\n<p>&nbsp;<\/p>\n<h4><strong>Divis\u00e3o de Contabilidade<\/strong><\/h4>\n<p>&nbsp;<\/p>\n<p><strong>Papel<\/strong><\/p>\n<p>Zelar para que as Demonstra\u00e7\u00f5es Cont\u00e1beis da UFMG reflitam adequadamente a realidade patrimonial, or\u00e7ament\u00e1ria, financeira e de custos da Institui\u00e7\u00e3o, viabilizando o adequado encerramento do exerc\u00edcio financeiro em conformidade com a legisla\u00e7\u00e3o vigente.<\/p>\n<p>&nbsp;<\/p>\n<h4><strong>Divis\u00e3o de Conv\u00eanios<\/strong><\/h4>\n<p>&nbsp;<\/p>\n<p><strong>Papel<\/strong><\/p>\n<p>Prestar assessoria \u00e0 comunidade acad\u00eamica atuando e acompanhando a formaliza\u00e7\u00e3o e tramita\u00e7\u00e3o de acordos e ajustes firmados pela UFMG, de forma a zelar pelo cumprimento do objeto proposto e pela aplica\u00e7\u00e3o dos recursos alocados em conformidade com a legisla\u00e7\u00e3o vigente.<\/p>\n<p>&nbsp;<\/p>\n<h4><strong>Divis\u00e3o de Arquivos<\/strong><\/h4>\n<p>&nbsp;<\/p>\n<p><strong>Papel<\/strong><\/p>\n<p>Gerenciar o arquivo dos documentos produzidos e\/ou recebidos pelo Departamento de Contabilidade e Finan\u00e7as da UFMG, al\u00e9m de orientar a produ\u00e7\u00e3o e gest\u00e3o dos documentos produzidos internamente e pelos setores de contabilidade das unidades subordinadas tecnicamente ao DCF, independente do suporte.<\/p>\n<p>&nbsp;<\/p>\n<p>&nbsp;<\/p>\n<p>&nbsp;<\/p>\n<p>&nbsp;<\/p>\n<p>&nbsp;<\/p>\n","protected":false},"excerpt":{"rendered":"<p>Papel Acompanhar, analisar e consolidar as Demonstra\u00e7\u00f5es Cont\u00e1beis da Institui\u00e7\u00e3o; [&hellip;]<\/p>\n","protected":false},"author":3,"featured_media":0,"parent":1073,"menu_order":0,"comment_status":"closed","ping_status":"closed","template":"","meta":{"footnotes":""},"tags":[],"class_list":["post-4000","page","type-page","status-publish","hentry"],"_links":{"self":[{"href":"https:\/\/www.ufmg.br\/proplan\/wp-json\/wp\/v2\/pages\/4000","targetHints":{"allow":["GET"]}}],"collection":[{"href":"https:\/\/www.ufmg.br\/proplan\/wp-json\/wp\/v2\/pages"}],"about":[{"href":"https:\/\/www.ufmg.br\/proplan\/wp-json\/wp\/v2\/types\/page"}],"author":[{"embeddable":true,"href":"https:\/\/www.ufmg.br\/proplan\/wp-json\/wp\/v2\/users\/3"}],"replies":[{"embeddable":true,"href":"https:\/\/www.ufmg.br\/proplan\/wp-json\/wp\/v2\/comments?post=4000"}],"version-history":[{"count":10,"href":"https:\/\/www.ufmg.br\/proplan\/wp-json\/wp\/v2\/pages\/4000\/revisions"}],"predecessor-version":[{"id":4049,"href":"https:\/\/www.ufmg.br\/proplan\/wp-json\/wp\/v2\/pages\/4000\/revisions\/4049"}],"up":[{"embeddable":true,"href":"https:\/\/www.ufmg.br\/proplan\/wp-json\/wp\/v2\/pages\/1073"}],"wp:attachment":[{"href":"https:\/\/www.ufmg.br\/proplan\/wp-json\/wp\/v2\/media?parent=4000"}],"wp:term":[{"taxonomy":"post_tag","embeddable":true,"href":"https:\/\/www.ufmg.br\/proplan\/wp-json\/wp\/v2\/tags?post=4000"}],"curies":[{"name":"wp","href":"https:\/\/api.w.org\/{rel}","templated":true}]}}