{"id":410,"date":"2021-08-10T11:06:05","date_gmt":"2021-08-10T14:06:05","guid":{"rendered":"https:\/\/www.ufmg.br\/proplan\/?page_id=410"},"modified":"2025-01-13T18:38:21","modified_gmt":"2025-01-13T21:38:21","slug":"empenho-da-despesa","status":"publish","type":"page","link":"https:\/\/www.ufmg.br\/proplan\/execucao-da-despesa-publica\/empenho-da-despesa\/","title":{"rendered":"Empenho e Liquida\u00e7\u00e3o da despesa"},"content":{"rendered":"<div id=\"sp-ea-3405\" class=\"sp-ea-one sp-easy-accordion\" data-ex-icon=\"fa-minus\" data-col-icon=\"fa-plus\"  data-ea-active=\"ea-click\"  data-ea-mode=\"vertical\" data-preloader=\"\"><div class=\"ea-card  sp-ea-single\"><h3 class=\"ea-header\"><a class=\"collapsed\" data-sptoggle=\"spcollapse\" data-sptarget=#collapse34050 href=\"javascript:void(0)\" aria-expanded=\"false\"><i class=\"ea-expand-icon fa fa-plus\"><\/i> Orienta\u00e7\u00f5es sobre Processos SEI<\/a><\/h3><div class=\"sp-collapse spcollapse spcollapse\" id=\"collapse34050\" data-parent=#sp-ea-3405><div class=\"ea-body\"><header class=\"entry-header\"><\/header>\n<div class=\"entry-content\">\n<p style=\"text-align: justify\">Desde a implanta\u00e7\u00e3o do SEI na PROPLAN\/UFMG, todos os processos referentes a compras\/contrata\u00e7\u00f5es, contabilidade e finan\u00e7as, tramitam exclusivamente atrav\u00e9s do referido sistema. Desta forma, os processos devem ser abertos conforme orienta\u00e7\u00f5es expressas nas bases de conhecimento de cada tipo de processo, conforme consta na listagem abaixo.<\/p>\n<div class=\"elementor-element elementor-element-1a615ef8 elementor-widget elementor-widget-text-editor\" data-id=\"1a615ef8\" data-element_type=\"widget\" data-widget_type=\"text-editor.default\">\n<div class=\"elementor-widget-container\">\n<div class=\"elementor-text-editor elementor-clearfix\">\n<p><span style=\"text-decoration: underline\"><strong>RELA\u00c7\u00c3O DE PROCESSOS DISPON\u00cdVEIS NO SEI:<\/strong><\/span><\/p>\n<p style=\"padding-left: 40px\"><a href=\"https:\/\/sei.ufmg.br\/index.php\/processos-implantados\/\">Clique <strong><span style=\"text-decoration: underline\">AQUI<\/span><\/strong><\/a><\/p>\n<\/div>\n<\/div>\n<div class=\"elementor-widget-container\">\n<div><span style=\"text-decoration: underline\"><strong>MODELOS DE ATESTES, DESPACHOS E FORMUL\u00c1RIOS PARA PROCESSOS SEI:<\/strong><\/span><\/div>\n<\/div>\n<\/div>\n<ul>\n<li style=\"text-align: justify\"><a href=\"https:\/\/www.ufmg.br\/proplan\/wp-content\/uploads\/Ateste-Projeto-Funda%C3%A7%C3%A3o-de-Apoio.pdf\">Ateste Projeto Funda\u00e7\u00e3o de Apoio<\/a><\/li>\n<li style=\"text-align: justify\"><a href=\"https:\/\/www.ufmg.br\/proplan\/wp-content\/uploads\/Ateste-Custo-administrativo-Funda%C3%A7%C3%A3o-de-Apoio.pdf\">Ateste Custo Administrativo Funda\u00e7\u00e3o de Apoio<\/a><\/li>\n<li style=\"text-align: justify\"><a href=\"https:\/\/www.ufmg.br\/proplan\/wp-content\/uploads\/Despacho-da-Contabilidade.pdf\">Despacho da Contabilidade<\/a><\/li>\n<li style=\"text-align: justify\"><a href=\"https:\/\/www.ufmg.br\/proplan\/wp-content\/uploads\/2024\/01\/Despacho-Ordenador.pdf\">Despacho do Ordenador<\/a><\/li>\n<li style=\"text-align: justify\"><a href=\"https:\/\/www.ufmg.br\/proplan\/wp-content\/uploads\/Despacho-Conformidade-de-Gest%C3%A3o-1.pdf\">Despacho Conformidade de Gest\u00e3o<\/a><\/li>\n<li style=\"text-align: justify\"><a href=\"https:\/\/www.ufmg.br\/proplan\/wp-content\/uploads\/Autoriza%C3%A7%C3%A3o-do-Ordenador-para-Reembolso-Ressarcimento.pdf\">Autoriza\u00e7\u00e3o do Ordenador para Reembolso\/Ressarcimento<\/a><\/li>\n<li style=\"text-align: justify\"><a href=\"https:\/\/www.ufmg.br\/proplan\/wp-content\/uploads\/Formul%C3%A1rio-de-Solicita%C3%A7%C3%A3o-de-Aux%C3%ADlio-Financeiro-a-estudante.pdf\">Formul\u00e1rio de Solicita\u00e7\u00e3o de Aux\u00edlio Financeiro a estudante<\/a><\/li>\n<li style=\"text-align: justify\"><a href=\"https:\/\/www.ufmg.br\/proplan\/wp-content\/uploads\/Parecer-de-M%C3%A9rito-Acad%C3%AAmico-para-Aux%C3%ADlio-Financeiro-a-estudante.pdf\">Parecer de M\u00e9rito Acad\u00eamico para Aux\u00edlio Financeiro a estudante<\/a><\/li>\n<li style=\"text-align: justify\"><a href=\"https:\/\/www.ufmg.br\/proplan\/wp-content\/uploads\/Formul%C3%A1rio-de-Presta%C3%A7%C3%A3o-de-Contas-de-Aux%C3%ADlio-Financeiro-a-estudante.pdf\">Formul\u00e1rio de Presta\u00e7\u00e3o de Contas de Aux\u00edlio Financeiro a estudante<\/a><\/li>\n<li style=\"text-align: justify\"><a href=\"https:\/\/www.ufmg.br\/proplan\/wp-content\/uploads\/Checklist-documentos-Aux%C3%ADlio-Financeiro-a-estudante.pdf\">Checklist Documentos Aux\u00edlio Financeiro a estudante<\/a><\/li>\n<li style=\"text-align: justify\"><a href=\"https:\/\/www.ufmg.br\/proplan\/wp-content\/uploads\/Modelo-de-Notifica%C3%A7%C3%A3o-SICAF-3.pdf\">Modelo Notifica\u00e7\u00e3o SICAF<\/a><\/li>\n<li style=\"text-align: justify\"><a href=\"https:\/\/www.ufmg.br\/proplan\/wp-content\/uploads\/Modelo-Solicita%C3%A7%C3%A3o-Of%C3%ADcio-de-Di%C3%A1rias.pdf\">Modelo Solicita\u00e7\u00e3o Of\u00edcio de Di\u00e1rias<\/a><\/li>\n<\/ul>\n<p><span style=\"text-decoration: underline\"><strong>RELA\u00c7\u00c3O DE FORMUL\u00c1RIOS DISPON\u00cdVEIS NO SEI:<\/strong><\/span><\/p>\n<ul>\n<li>Proposta de Concess\u00e3o de Suprimento de Fundos;<\/li>\n<li>Formul\u00e1rio de Presta\u00e7\u00e3o de Contas de Suprimento de Fundos;<\/li>\n<li>Formul\u00e1rio de Solicita\u00e7\u00e3o de Reembolso;<\/li>\n<li>Formul\u00e1rio de Ateste de Material e\/ou Servi\u00e7o<\/li>\n<li>Solicita\u00e7\u00e3o de Pagamento (Copasa).<\/li>\n<\/ul>\n<p><span style=\"text-decoration: underline\"><strong>LEGISLA\u00c7\u00d5ES:<\/strong><\/span><\/p>\n<ul>\n<li><a href=\"https:\/\/www.ufmg.br\/proplan\/wp-content\/uploads\/Instru%C3%A7%C3%A3o-Normativa-n%C2%BA-03-2018-SICAF.pdf\">SICAF - Instru\u00e7\u00e3o Normativa N\u00ba 03\/2018<\/a> Art. 30 e 31 da IN 03\/2018: obrigatoriedade de consulta ao SICAF previamente \u00e0 emiss\u00e3o de nota de empenho, \u00e0 contrata\u00e7\u00e3o e a cada pagamento;<\/li>\n<li><a href=\"https:\/\/www.ufmg.br\/proplan\/wp-content\/uploads\/Lei-N%C2%BA10.522-2002.pdf\">CADIN - Lei N\u00ba 10.522\/2002\u00a0<\/a> Art. 6\u00ba da Lei 10.522\/2002: obrigatoriedade de consulta ao CADIN previamente \u00e0 celebra\u00e7\u00e3o de conv\u00eanios, acordos, ajustes ou contratos que envolvam desembolso, a qualquer t\u00edtulo, de recursos p\u00fablicos, e respectivos aditamentos.<\/li>\n<\/ul>\n<\/div>\n<\/div><\/div><\/div><div class=\"ea-card  sp-ea-single\"><h3 class=\"ea-header\"><a class=\"collapsed\" data-sptoggle=\"spcollapse\" data-sptarget=#collapse34051 href=\"javascript:void(0)\" aria-expanded=\"false\"><i class=\"ea-expand-icon fa fa-plus\"><\/i> Empenho<\/a><\/h3><div class=\"sp-collapse spcollapse spcollapse\" id=\"collapse34051\" data-parent=#sp-ea-3405><div class=\"ea-body\"><p><span style=\"text-decoration: underline\"><strong>MACROFUN\u00c7\u00c3O 021213 \u2013 ROTINA PARA EMISS\u00c3O DE NOTA DE EMPENHO:<\/strong><\/span><u><\/u><\/p>\n<p style=\"padding-left: 40px\"><a href=\"https:\/\/sisweb.tesouro.gov.br\/apex\/cosis\/manuais\/siafi\/021213\">Clique <strong><span style=\"text-decoration: underline\">AQUI<\/span><\/strong><\/a><\/p>\n<p><span style=\"text-decoration: underline\"><strong>EMISS\u00c3O DE EMPENHOS EM NOME DA PR\u00d3PRIA UNIDADE GESTORA:<\/strong><\/span><\/p>\n<p style=\"text-align: justify\">Conforme a Macrofun\u00e7\u00e3o 02.12.13 \u2013 Rotina para Emiss\u00e3o de Nota de Empenho, no SIAFI, cada Nota de Empenho est\u00e1 associada a um \u00fanico Favorecido, a um \u00fanico Programa de Trabalho Resumido (PTRES), a uma \u00fanica Fonte de Recurso e a uma \u00fanica Natureza de Despesa, de maneira que a quantidade de empenhos a serem emitidos por cada UG estar\u00e1 diretamente relacionada \u00e0 combina\u00e7\u00e3o desses e de outros detalhamentos do empenho.<\/p>\n<p style=\"text-align: justify\">A partir de janeiro de 2021, a emiss\u00e3o de empenhos realizados diretamente no SIAFI (empenho original, seus refor\u00e7os e respectivas anula\u00e7\u00f5es) passar\u00e1 a ser feita\u00a0<u>exclusivamente<\/u>\u00a0por meio do \u201cSubsistema Or\u00e7ament\u00e1rio\u201d atrav\u00e9s do \u201cM\u00f3dulo Nota de Empenho\u201d desenvolvido no SIAFI-Web, e n\u00e3o mais atrav\u00e9s do SIAFI Operacional (tela preta).<\/p>\n<p style=\"text-align: justify\">O campo \u201cFavorecido\u201d da Nota de empenho \u00e9 um campo que deve ser preenchido obrigatoriamente, sendo necess\u00e1rio informar um CNPJ ou CPF ou Unidade Gestora ou Inscri\u00e7\u00e3o Gen\u00e9rica, extra\u00eddos da tabela de credores ou da tabela de UG. A Lei n\u00ba 4.320\/64, em seu artigo 61, indica que \u201cpara cada empenho ser\u00e1 extra\u00eddo um documento denominado \u2018nota de empenho\u2019 que indicar\u00e1 o nome do credor, a representa\u00e7\u00e3o e a import\u00e2ncia da despesa, bem como a dedu\u00e7\u00e3o desta do saldo da dota\u00e7\u00e3o pr\u00f3pria\u201d, refor\u00e7ando que \u00e9 necess\u00e1rio identificar o favorecido da despesa na Nota de Empenho.<\/p>\n<p style=\"text-align: justify\">No entanto, h\u00e1 casos em que individualizar o credor na Nota de empenho \u00e9 operacionalmente invi\u00e1vel, como por exemplo na Folha de Pagamento, em virtude do n\u00famero excessivo de credores. De forma\u00a0<strong>excepcional<\/strong>, \u00e9 aceit\u00e1vel a emiss\u00e3o de empenhos em nome da pr\u00f3pria Unidade Gestora, desde que haja viabilidade operacional, que seja devidamente justificado e que a informa\u00e7\u00e3o esteja detalhada individualmente em sistema estruturante ou corporativo, de maneira que permita o controle, a transpar\u00eancia e presta\u00e7\u00e3o de contas. \u00a0Esse procedimento poder\u00e1 ser realizado somente quando n\u00e3o se tratar de processos de licita\u00e7\u00f5es e contrata\u00e7\u00f5es. ( Itens 3.2.2.7.2 e 3.2.2.7.3 da referida Macrofun\u00e7\u00e3o)<\/p>\n<p style=\"text-align: justify\">Os empenhos emitidos em nome da pr\u00f3pria Unidade Gestora devem referir-se a despesas cujos valores, quando individualizados, sejam considerados de pequeno vulto. Abaixo t\u00f3picos, de forma a exemplificar as situa\u00e7\u00f5es em que \u00e9 aceit\u00e1vel emitir empenhos em nome da pr\u00f3pria Unidade Gestora:<\/p>\n<ul style=\"text-align: justify\">\n<li><strong>Folha de pagamento<\/strong><\/li>\n<\/ul>\n<p style=\"text-align: justify\">O pagamento da folha do Governo Federal encontra-se amparado pelo SIAPE (Sistema Integrado de Administra\u00e7\u00e3o de Recursos Humanos) que \u00e9 um sistema estruturante.<\/p>\n<ul style=\"text-align: justify\">\n<li><strong>Di\u00e1rias<\/strong><\/li>\n<\/ul>\n<p style=\"text-align: justify\">O pagamento de di\u00e1rias \u00e9 controlado e registrado, de forma individualizada, no SCDP (Sistema de Concess\u00e3o de Di\u00e1rias e Passagens) que \u00e9 um sistema estruturante.<\/p>\n<ul style=\"text-align: justify\">\n<li><strong>Bolsas<\/strong><\/li>\n<\/ul>\n<p style=\"text-align: justify\">Para pagamento de bolsas, \u00e9 permitido o empenho em nome da pr\u00f3pria UG apenas para as Unidades que possuem sistema pr\u00f3prio de controle individualizado e dever\u00e1 ser emitido um empenho para cada Edital. Ex: Sistema de fomento. As Unidades que n\u00e3o utilizem sistema corporativo, em que seja poss\u00edvel o controle individualizado, dever\u00e3o emitir um empenho para cada favorecido (bolsista).<\/p>\n<\/div><\/div><\/div><div class=\"ea-card  sp-ea-single\"><h3 class=\"ea-header\"><a class=\"collapsed\" data-sptoggle=\"spcollapse\" data-sptarget=#collapse34052 href=\"javascript:void(0)\" aria-expanded=\"false\"><i class=\"ea-expand-icon fa fa-plus\"><\/i> Liquida\u00e7\u00e3o<\/a><\/h3><div class=\"sp-collapse spcollapse spcollapse\" id=\"collapse34052\" data-parent=#sp-ea-3405><div class=\"ea-body\"><p><strong><span style=\"text-decoration: underline\">APROPRIA\u00c7\u00c3O DE INSTRUMENTOS DE COBRAN\u00c7A NO SISTEMA CONTRATOS.GOV.BR:<\/span><\/strong><\/p>\n<ul>\n<li><strong><a href=\"https:\/\/www.gov.br\/compras\/pt-br\/acesso-a-informacao\/manuais\/comprasgovbr-contratos\/manual-comprasgovbr-contratos.pdf\">Manual Contratos.gov.br<\/a><\/strong><\/li>\n<\/ul>\n<p class=\"Texto_Justificado_Recuo_Primeira_Linha_Esp_Simples\">Principais t\u00f3picos do Manual que devem ser observados para operacionaliza\u00e7\u00e3o da inclus\u00e3o\/apropria\u00e7\u00e3o dos instrumentos de cobran\u00e7a:<\/p>\n<ul>\n<li class=\"Texto_Alinhado_Esquerda\">Defini\u00e7\u00e3o do empenho como substitutivo de contrato (p\u00e1ginas 112 e 113);<\/li>\n<li class=\"Texto_Alinhado_Esquerda\">Cadastro de contratos do tipo empenho (p\u00e1ginas 22 a 25);<\/li>\n<li class=\"Texto_Alinhado_Esquerda\">Cadastro de instrumento de cobran\u00e7a (p\u00e1ginas 48 a 51);<\/li>\n<li class=\"Texto_Alinhado_Esquerda\">Apropria\u00e7\u00e3o de instrumento de cobran\u00e7a (p\u00e1ginas 160 a 167).<\/li>\n<\/ul>\n<p><strong><span style=\"text-decoration: underline\">ORIENTA\u00c7\u00d5ES SOBRE APROPRIA\u00c7\u00c3O DAS RETEN\u00c7\u00d5ES TRIBUT\u00c1RIAS:<\/span><\/strong><\/p>\n<ul>\n<li><a href=\"https:\/\/www.ufmg.br\/proplan\/wp-content\/uploads\/2024\/01\/ORIENTACOES-PARA-LIQUIDACAO-DE-NOTA-FISCAL-DE-SERVICOS-PJ-COM-RETENCOES-TRIBUTARIAS.pdf\">Pagamento a pessoa jur\u00eddica - com reten\u00e7\u00f5es tribut\u00e1rias<\/a><\/li>\n<li><a href=\"https:\/\/www.ufmg.br\/proplan\/wp-content\/uploads\/2023\/05\/Orientacoes-gerais-e-liquidacao-autonomos.pdf\">Pagamento a pessoa f\u00edsica (aut\u00f4nomo)<\/a><\/li>\n<\/ul>\n<\/div><\/div><\/div><\/div>\n<p>&nbsp;<\/p>\n<p><i class=\"wp-svg-location-2 location-2\"><\/i> Divis\u00e3o de An\u00e1lise e Controle\/DCF \u2013 Atualizado em Janeiro\/2025<\/p>\n","protected":false},"excerpt":{"rendered":"<p>&nbsp; Divis\u00e3o de An\u00e1lise e Controle\/DCF \u2013 Atualizado em Janeiro\/2025<\/p>\n","protected":false},"author":1,"featured_media":0,"parent":402,"menu_order":0,"comment_status":"closed","ping_status":"closed","template":"","meta":{"footnotes":""},"tags":[],"class_list":["post-410","page","type-page","status-publish","hentry"],"_links":{"self":[{"href":"https:\/\/www.ufmg.br\/proplan\/wp-json\/wp\/v2\/pages\/410","targetHints":{"allow":["GET"]}}],"collection":[{"href":"https:\/\/www.ufmg.br\/proplan\/wp-json\/wp\/v2\/pages"}],"about":[{"href":"https:\/\/www.ufmg.br\/proplan\/wp-json\/wp\/v2\/types\/page"}],"author":[{"embeddable":true,"href":"https:\/\/www.ufmg.br\/proplan\/wp-json\/wp\/v2\/users\/1"}],"replies":[{"embeddable":true,"href":"https:\/\/www.ufmg.br\/proplan\/wp-json\/wp\/v2\/comments?post=410"}],"version-history":[{"count":19,"href":"https:\/\/www.ufmg.br\/proplan\/wp-json\/wp\/v2\/pages\/410\/revisions"}],"predecessor-version":[{"id":8764,"href":"https:\/\/www.ufmg.br\/proplan\/wp-json\/wp\/v2\/pages\/410\/revisions\/8764"}],"up":[{"embeddable":true,"href":"https:\/\/www.ufmg.br\/proplan\/wp-json\/wp\/v2\/pages\/402"}],"wp:attachment":[{"href":"https:\/\/www.ufmg.br\/proplan\/wp-json\/wp\/v2\/media?parent=410"}],"wp:term":[{"taxonomy":"post_tag","embeddable":true,"href":"https:\/\/www.ufmg.br\/proplan\/wp-json\/wp\/v2\/tags?post=410"}],"curies":[{"name":"wp","href":"https:\/\/api.w.org\/{rel}","templated":true}]}}