{"id":412,"date":"2021-08-10T11:06:06","date_gmt":"2021-08-10T14:06:06","guid":{"rendered":"https:\/\/www.ufmg.br\/proplan\/?page_id=412"},"modified":"2023-07-11T10:15:33","modified_gmt":"2023-07-11T13:15:33","slug":"pagamento-da-despesa","status":"publish","type":"page","link":"https:\/\/www.ufmg.br\/proplan\/execucao-da-despesa-publica\/pagamento-da-despesa\/","title":{"rendered":"Pagamento da Despesa"},"content":{"rendered":"<p style=\"text-align: justify;\"><a href=\"https:\/\/www.ufmg.br\/proplan\/execucao-da-despesa-publica\/pagamento-da-despesa\/processos-de-pagamento\/\">Processos de Pagamento<\/a><\/p>\n<p style=\"text-align: justify;\"><a href=\"https:\/\/sisweb.tesouro.gov.br\/apex\/cosis\/manuais\/siafi\/020324\">Dep\u00f3sito direto na conta \u00fanica &#8211; Macrofun\u00e7\u00e3o 020324<\/a><\/p>\n<p style=\"text-align: justify;\"><a href=\"https:\/\/sisweb.tesouro.gov.br\/apex\/cosis\/manuais\/siafi\/020331\">Guia de Recolhimento da Uni\u00e3o &#8211; GRU<\/a><\/p>\n<p style=\"text-align: justify;\"><a href=\"https:\/\/www.ufmg.br\/proplan\/execucao-da-despesa-publica\/pagamento-da-despesa\/manuais-e-orientacoes-diversas\/\">Manuais e Orienta\u00e7\u00f5es Diversas<\/a><\/p>\n<p style=\"text-align: justify;\"><a href=\"https:\/\/www.ufmg.br\/proplan\/execucao-da-despesa-publica\/pagamento-da-despesa\/relatorios-bimestrais-despesas-discricionarias\/\">Relat\u00f3rios Bimestrais de Despesas Discricion\u00e1rias<\/a><\/p>\n<p>&nbsp;<\/p>\n","protected":false},"excerpt":{"rendered":"<p>Processos de Pagamento Dep\u00f3sito direto na conta \u00fanica &#8211; Macrofun\u00e7\u00e3o [&hellip;]<\/p>\n","protected":false},"author":1,"featured_media":0,"parent":402,"menu_order":0,"comment_status":"closed","ping_status":"closed","template":"","meta":{"footnotes":""},"tags":[],"class_list":["post-412","page","type-page","status-publish","hentry"],"_links":{"self":[{"href":"https:\/\/www.ufmg.br\/proplan\/wp-json\/wp\/v2\/pages\/412","targetHints":{"allow":["GET"]}}],"collection":[{"href":"https:\/\/www.ufmg.br\/proplan\/wp-json\/wp\/v2\/pages"}],"about":[{"href":"https:\/\/www.ufmg.br\/proplan\/wp-json\/wp\/v2\/types\/page"}],"author":[{"embeddable":true,"href":"https:\/\/www.ufmg.br\/proplan\/wp-json\/wp\/v2\/users\/1"}],"replies":[{"embeddable":true,"href":"https:\/\/www.ufmg.br\/proplan\/wp-json\/wp\/v2\/comments?post=412"}],"version-history":[{"count":13,"href":"https:\/\/www.ufmg.br\/proplan\/wp-json\/wp\/v2\/pages\/412\/revisions"}],"predecessor-version":[{"id":3827,"href":"https:\/\/www.ufmg.br\/proplan\/wp-json\/wp\/v2\/pages\/412\/revisions\/3827"}],"up":[{"embeddable":true,"href":"https:\/\/www.ufmg.br\/proplan\/wp-json\/wp\/v2\/pages\/402"}],"wp:attachment":[{"href":"https:\/\/www.ufmg.br\/proplan\/wp-json\/wp\/v2\/media?parent=412"}],"wp:term":[{"taxonomy":"post_tag","embeddable":true,"href":"https:\/\/www.ufmg.br\/proplan\/wp-json\/wp\/v2\/tags?post=412"}],"curies":[{"name":"wp","href":"https:\/\/api.w.org\/{rel}","templated":true}]}}